{"id":10051,"date":"2017-10-31T12:33:55","date_gmt":"2017-10-31T10:33:55","guid":{"rendered":"http:\/\/www.mourioche.de\/?page_id=10051"},"modified":"2017-10-31T12:33:55","modified_gmt":"2017-10-31T10:33:55","slug":"das-da-m-wurf-1-woche","status":"publish","type":"page","link":"https:\/\/www.mourioche.de\/?page_id=10051","title":{"rendered":"Das Da M-Wurf 1. Woche"},"content":{"rendered":"<p style=\"text-align: center;\">31.10.2017<\/p>\n<p style=\"text-align: center;\"><a href=\"https:\/\/www.mourioche.de\/wpmourio\/wp-content\/uploads\/2017\/10\/mairen4.jpg\"><img loading=\"lazy\" decoding=\"async\" class=\"alignnone size-medium wp-image-10055\" src=\"https:\/\/www.mourioche.de\/wpmourio\/wp-content\/uploads\/2017\/10\/mairen4-300x225.jpg\" alt=\"\" width=\"300\" height=\"225\" srcset=\"https:\/\/www.mourioche.de\/wpmourio\/wp-content\/uploads\/2017\/10\/mairen4-300x225.jpg 300w, https:\/\/www.mourioche.de\/wpmourio\/wp-content\/uploads\/2017\/10\/mairen4-768x576.jpg 768w, https:\/\/www.mourioche.de\/wpmourio\/wp-content\/uploads\/2017\/10\/mairen4-150x113.jpg 150w, https:\/\/www.mourioche.de\/wpmourio\/wp-content\/uploads\/2017\/10\/mairen4-400x300.jpg 400w, https:\/\/www.mourioche.de\/wpmourio\/wp-content\/uploads\/2017\/10\/mairen4.jpg 800w\" sizes=\"auto, (max-width: 300px) 100vw, 300px\" \/><\/a><\/p>\n<p style=\"text-align: center;\">willkommen im Leben: Mairen du Mourioche (Mon Gentil Ami Pierrot x Brandagambar du Mourioche &#8222;Das Da&#8220;)<\/p>\n<p style=\"text-align: center;\">auch wenn es hier so aussieht, als w\u00fcrde sie gerade gegrillt &#8211; als Einzelkind braucht und genie\u00dft sie die zus\u00e4tzliche W\u00e4rme durch die Rotlichtlampe sehr \ud83d\ude09<\/p>\n<p style=\"text-align: center;\"><a href=\"https:\/\/www.mourioche.de\/wpmourio\/wp-content\/uploads\/2017\/10\/mairen3.jpg\"><img loading=\"lazy\" decoding=\"async\" class=\"alignnone size-medium wp-image-10054\" src=\"https:\/\/www.mourioche.de\/wpmourio\/wp-content\/uploads\/2017\/10\/mairen3-300x225.jpg\" alt=\"\" width=\"300\" height=\"225\" srcset=\"https:\/\/www.mourioche.de\/wpmourio\/wp-content\/uploads\/2017\/10\/mairen3-300x225.jpg 300w, https:\/\/www.mourioche.de\/wpmourio\/wp-content\/uploads\/2017\/10\/mairen3-768x576.jpg 768w, https:\/\/www.mourioche.de\/wpmourio\/wp-content\/uploads\/2017\/10\/mairen3-150x113.jpg 150w, https:\/\/www.mourioche.de\/wpmourio\/wp-content\/uploads\/2017\/10\/mairen3-400x300.jpg 400w, https:\/\/www.mourioche.de\/wpmourio\/wp-content\/uploads\/2017\/10\/mairen3.jpg 800w\" sizes=\"auto, (max-width: 300px) 100vw, 300px\" \/><\/a><\/p>\n<p style=\"text-align: center;\">ok, auf dem Snuggle Safe l\u00e4sst es sich auch aushalten<\/p>\n<p style=\"text-align: center;\"><a href=\"https:\/\/www.mourioche.de\/wpmourio\/wp-content\/uploads\/2017\/10\/mairen2.jpg\"><img loading=\"lazy\" decoding=\"async\" class=\"alignnone size-medium wp-image-10053\" src=\"https:\/\/www.mourioche.de\/wpmourio\/wp-content\/uploads\/2017\/10\/mairen2-225x300.jpg\" alt=\"\" width=\"225\" height=\"300\" srcset=\"https:\/\/www.mourioche.de\/wpmourio\/wp-content\/uploads\/2017\/10\/mairen2-225x300.jpg 225w, https:\/\/www.mourioche.de\/wpmourio\/wp-content\/uploads\/2017\/10\/mairen2-768x1024.jpg 768w, https:\/\/www.mourioche.de\/wpmourio\/wp-content\/uploads\/2017\/10\/mairen2-112x150.jpg 112w, https:\/\/www.mourioche.de\/wpmourio\/wp-content\/uploads\/2017\/10\/mairen2-400x534.jpg 400w, https:\/\/www.mourioche.de\/wpmourio\/wp-content\/uploads\/2017\/10\/mairen2.jpg 800w\" sizes=\"auto, (max-width: 225px) 100vw, 225px\" \/><\/a><\/p>\n<p style=\"text-align: center;\">Mutter und Tochter haben den Kaiserschnitt gut \u00fcberstanden und sind wieder fit<\/p>\n<p style=\"text-align: center;\"><a href=\"https:\/\/www.mourioche.de\/wpmourio\/wp-content\/uploads\/2017\/10\/mairen1.jpg\"><img loading=\"lazy\" decoding=\"async\" class=\"alignnone size-medium wp-image-10052\" src=\"https:\/\/www.mourioche.de\/wpmourio\/wp-content\/uploads\/2017\/10\/mairen1-300x225.jpg\" alt=\"\" width=\"300\" height=\"225\" srcset=\"https:\/\/www.mourioche.de\/wpmourio\/wp-content\/uploads\/2017\/10\/mairen1-300x225.jpg 300w, https:\/\/www.mourioche.de\/wpmourio\/wp-content\/uploads\/2017\/10\/mairen1-768x576.jpg 768w, https:\/\/www.mourioche.de\/wpmourio\/wp-content\/uploads\/2017\/10\/mairen1-150x113.jpg 150w, https:\/\/www.mourioche.de\/wpmourio\/wp-content\/uploads\/2017\/10\/mairen1-400x300.jpg 400w, https:\/\/www.mourioche.de\/wpmourio\/wp-content\/uploads\/2017\/10\/mairen1.jpg 800w\" sizes=\"auto, (max-width: 300px) 100vw, 300px\" \/><\/a><\/p>\n<p style=\"text-align: center;\">schlafen geht immer<\/p>\n","protected":false},"excerpt":{"rendered":"<p>31.10.2017 willkommen im Leben: Mairen du Mourioche (Mon Gentil Ami Pierrot x Brandagambar du Mourioche &#8222;Das Da&#8220;) auch wenn es hier so aussieht, als w\u00fcrde sie gerade gegrillt &#8211; als Einzelkind braucht und genie\u00dft sie die zus\u00e4tzliche W\u00e4rme durch die Rotlichtlampe sehr \ud83d\ude09 ok, auf dem Snuggle Safe l\u00e4sst es sich auch aushalten Mutter und &hellip; <a href=\"https:\/\/www.mourioche.de\/?page_id=10051\" class=\"more-link\"><span class=\"screen-reader-text\">Das Da M-Wurf 1. Woche<\/span> weiterlesen <span class=\"meta-nav\">&rarr;<\/span><\/a><\/p>\n","protected":false},"author":2,"featured_media":0,"parent":10048,"menu_order":2141,"comment_status":"closed","ping_status":"closed","template":"","meta":{"footnotes":""},"class_list":["post-10051","page","type-page","status-publish","hentry"],"_links":{"self":[{"href":"https:\/\/www.mourioche.de\/index.php?rest_route=\/wp\/v2\/pages\/10051","targetHints":{"allow":["GET"]}}],"collection":[{"href":"https:\/\/www.mourioche.de\/index.php?rest_route=\/wp\/v2\/pages"}],"about":[{"href":"https:\/\/www.mourioche.de\/index.php?rest_route=\/wp\/v2\/types\/page"}],"author":[{"embeddable":true,"href":"https:\/\/www.mourioche.de\/index.php?rest_route=\/wp\/v2\/users\/2"}],"replies":[{"embeddable":true,"href":"https:\/\/www.mourioche.de\/index.php?rest_route=%2Fwp%2Fv2%2Fcomments&post=10051"}],"version-history":[{"count":1,"href":"https:\/\/www.mourioche.de\/index.php?rest_route=\/wp\/v2\/pages\/10051\/revisions"}],"predecessor-version":[{"id":10056,"href":"https:\/\/www.mourioche.de\/index.php?rest_route=\/wp\/v2\/pages\/10051\/revisions\/10056"}],"up":[{"embeddable":true,"href":"https:\/\/www.mourioche.de\/index.php?rest_route=\/wp\/v2\/pages\/10048"}],"wp:attachment":[{"href":"https:\/\/www.mourioche.de\/index.php?rest_route=%2Fwp%2Fv2%2Fmedia&parent=10051"}],"curies":[{"name":"wp","href":"https:\/\/api.w.org\/{rel}","templated":true}]}}