{"id":10091,"date":"2017-11-11T18:34:20","date_gmt":"2017-11-11T16:34:20","guid":{"rendered":"http:\/\/www.mourioche.de\/?page_id=10091"},"modified":"2017-11-11T18:34:38","modified_gmt":"2017-11-11T16:34:38","slug":"das-da-m-wurf-2-woche","status":"publish","type":"page","link":"https:\/\/www.mourioche.de\/?page_id=10091","title":{"rendered":"Das Da M-Wurf 2. Woche"},"content":{"rendered":"<p style=\"text-align: center;\"><strong>11.11.2017<\/strong><\/p>\n<p style=\"text-align: center;\">Mairen &#8211; das erste &#8222;Einzelkind&#8220;, das wir in unserer Zucht aufziehen &#8211; entwickelt sich pr\u00e4chtig. Sie genie\u00dft das volle Rund-Um-Die-Uhr-Verw\u00f6hn-Programm und hat keinerlei Einw\u00e4nde gegen die Tatsache, dass es eine komplette Milchbar nur f\u00fcr sie alleine gibt. Dementsprechend gut gen\u00e4hrt ist sie auch, \u00c4hnlichkeiten mit gewissen gro\u00dfen grauen in Fl\u00fcssen (Nil) lebenden Tieren sind allerdings rein zuf\u00e4llig&#8230;&#8230; \ud83d\ude09 Das Da k\u00fcmmert sich hingebungsvoll um ihren Nachwuchs, allerdings brauchte sie erst einige Zeit um zu begreifen, dass es wirklich nicht mehr als einen Welpen gibt.<\/p>\n<p style=\"text-align: center;\"><a href=\"https:\/\/www.mourioche.de\/wpmourio\/wp-content\/uploads\/2017\/11\/20171102_202354.jpg\"><img loading=\"lazy\" decoding=\"async\" class=\"alignnone size-medium wp-image-10092\" src=\"https:\/\/www.mourioche.de\/wpmourio\/wp-content\/uploads\/2017\/11\/20171102_202354-300x225.jpg\" alt=\"\" width=\"300\" height=\"225\" srcset=\"https:\/\/www.mourioche.de\/wpmourio\/wp-content\/uploads\/2017\/11\/20171102_202354-300x225.jpg 300w, https:\/\/www.mourioche.de\/wpmourio\/wp-content\/uploads\/2017\/11\/20171102_202354-768x576.jpg 768w, https:\/\/www.mourioche.de\/wpmourio\/wp-content\/uploads\/2017\/11\/20171102_202354-1024x768.jpg 1024w, https:\/\/www.mourioche.de\/wpmourio\/wp-content\/uploads\/2017\/11\/20171102_202354-150x113.jpg 150w, https:\/\/www.mourioche.de\/wpmourio\/wp-content\/uploads\/2017\/11\/20171102_202354-400x300.jpg 400w\" sizes=\"auto, (max-width: 300px) 100vw, 300px\" \/><\/a> <a href=\"https:\/\/www.mourioche.de\/wpmourio\/wp-content\/uploads\/2017\/11\/20171102_203607.jpg\"><img loading=\"lazy\" decoding=\"async\" class=\"alignnone size-medium wp-image-10093\" src=\"https:\/\/www.mourioche.de\/wpmourio\/wp-content\/uploads\/2017\/11\/20171102_203607-300x225.jpg\" alt=\"\" width=\"300\" height=\"225\" srcset=\"https:\/\/www.mourioche.de\/wpmourio\/wp-content\/uploads\/2017\/11\/20171102_203607-300x225.jpg 300w, https:\/\/www.mourioche.de\/wpmourio\/wp-content\/uploads\/2017\/11\/20171102_203607-768x576.jpg 768w, https:\/\/www.mourioche.de\/wpmourio\/wp-content\/uploads\/2017\/11\/20171102_203607-1024x768.jpg 1024w, https:\/\/www.mourioche.de\/wpmourio\/wp-content\/uploads\/2017\/11\/20171102_203607-150x113.jpg 150w, https:\/\/www.mourioche.de\/wpmourio\/wp-content\/uploads\/2017\/11\/20171102_203607-400x300.jpg 400w\" sizes=\"auto, (max-width: 300px) 100vw, 300px\" \/><\/a> <a href=\"https:\/\/www.mourioche.de\/wpmourio\/wp-content\/uploads\/2017\/11\/20171106_195802.jpg\"><img loading=\"lazy\" decoding=\"async\" class=\"alignnone size-medium wp-image-10094\" src=\"https:\/\/www.mourioche.de\/wpmourio\/wp-content\/uploads\/2017\/11\/20171106_195802-300x225.jpg\" alt=\"\" width=\"300\" height=\"225\" srcset=\"https:\/\/www.mourioche.de\/wpmourio\/wp-content\/uploads\/2017\/11\/20171106_195802-300x225.jpg 300w, https:\/\/www.mourioche.de\/wpmourio\/wp-content\/uploads\/2017\/11\/20171106_195802-768x576.jpg 768w, https:\/\/www.mourioche.de\/wpmourio\/wp-content\/uploads\/2017\/11\/20171106_195802-1024x768.jpg 1024w, https:\/\/www.mourioche.de\/wpmourio\/wp-content\/uploads\/2017\/11\/20171106_195802-150x113.jpg 150w, https:\/\/www.mourioche.de\/wpmourio\/wp-content\/uploads\/2017\/11\/20171106_195802-400x300.jpg 400w\" sizes=\"auto, (max-width: 300px) 100vw, 300px\" \/><\/a> <a href=\"https:\/\/www.mourioche.de\/wpmourio\/wp-content\/uploads\/2017\/11\/20171106_195810.jpg\"><img loading=\"lazy\" decoding=\"async\" class=\"alignnone size-medium wp-image-10095\" src=\"https:\/\/www.mourioche.de\/wpmourio\/wp-content\/uploads\/2017\/11\/20171106_195810-300x225.jpg\" alt=\"\" width=\"300\" height=\"225\" srcset=\"https:\/\/www.mourioche.de\/wpmourio\/wp-content\/uploads\/2017\/11\/20171106_195810-300x225.jpg 300w, https:\/\/www.mourioche.de\/wpmourio\/wp-content\/uploads\/2017\/11\/20171106_195810-768x576.jpg 768w, https:\/\/www.mourioche.de\/wpmourio\/wp-content\/uploads\/2017\/11\/20171106_195810-1024x768.jpg 1024w, https:\/\/www.mourioche.de\/wpmourio\/wp-content\/uploads\/2017\/11\/20171106_195810-150x113.jpg 150w, https:\/\/www.mourioche.de\/wpmourio\/wp-content\/uploads\/2017\/11\/20171106_195810-400x300.jpg 400w\" sizes=\"auto, (max-width: 300px) 100vw, 300px\" \/><\/a> <a href=\"https:\/\/www.mourioche.de\/wpmourio\/wp-content\/uploads\/2017\/11\/20171108_114037.jpg\"><img loading=\"lazy\" decoding=\"async\" class=\"alignnone size-medium wp-image-10096\" src=\"https:\/\/www.mourioche.de\/wpmourio\/wp-content\/uploads\/2017\/11\/20171108_114037-300x225.jpg\" alt=\"\" width=\"300\" height=\"225\" srcset=\"https:\/\/www.mourioche.de\/wpmourio\/wp-content\/uploads\/2017\/11\/20171108_114037-300x225.jpg 300w, https:\/\/www.mourioche.de\/wpmourio\/wp-content\/uploads\/2017\/11\/20171108_114037-768x576.jpg 768w, https:\/\/www.mourioche.de\/wpmourio\/wp-content\/uploads\/2017\/11\/20171108_114037-1024x768.jpg 1024w, https:\/\/www.mourioche.de\/wpmourio\/wp-content\/uploads\/2017\/11\/20171108_114037-150x113.jpg 150w, https:\/\/www.mourioche.de\/wpmourio\/wp-content\/uploads\/2017\/11\/20171108_114037-400x300.jpg 400w\" sizes=\"auto, (max-width: 300px) 100vw, 300px\" \/><\/a> <a href=\"https:\/\/www.mourioche.de\/wpmourio\/wp-content\/uploads\/2017\/11\/20171108_151333.jpg\"><img loading=\"lazy\" decoding=\"async\" class=\"alignnone size-medium wp-image-10097\" src=\"https:\/\/www.mourioche.de\/wpmourio\/wp-content\/uploads\/2017\/11\/20171108_151333-300x225.jpg\" alt=\"\" width=\"300\" height=\"225\" srcset=\"https:\/\/www.mourioche.de\/wpmourio\/wp-content\/uploads\/2017\/11\/20171108_151333-300x225.jpg 300w, https:\/\/www.mourioche.de\/wpmourio\/wp-content\/uploads\/2017\/11\/20171108_151333-768x576.jpg 768w, https:\/\/www.mourioche.de\/wpmourio\/wp-content\/uploads\/2017\/11\/20171108_151333-1024x768.jpg 1024w, https:\/\/www.mourioche.de\/wpmourio\/wp-content\/uploads\/2017\/11\/20171108_151333-150x113.jpg 150w, https:\/\/www.mourioche.de\/wpmourio\/wp-content\/uploads\/2017\/11\/20171108_151333-400x300.jpg 400w\" sizes=\"auto, (max-width: 300px) 100vw, 300px\" \/><\/a><\/p>\n","protected":false},"excerpt":{"rendered":"<p>11.11.2017 Mairen &#8211; das erste &#8222;Einzelkind&#8220;, das wir in unserer Zucht aufziehen &#8211; entwickelt sich pr\u00e4chtig. Sie genie\u00dft das volle Rund-Um-Die-Uhr-Verw\u00f6hn-Programm und hat keinerlei Einw\u00e4nde gegen die Tatsache, dass es eine komplette Milchbar nur f\u00fcr sie alleine gibt. Dementsprechend gut gen\u00e4hrt ist sie auch, \u00c4hnlichkeiten mit gewissen gro\u00dfen grauen in Fl\u00fcssen (Nil) lebenden Tieren sind &hellip; <a href=\"https:\/\/www.mourioche.de\/?page_id=10091\" class=\"more-link\"><span class=\"screen-reader-text\">Das Da M-Wurf 2. Woche<\/span> weiterlesen <span class=\"meta-nav\">&rarr;<\/span><\/a><\/p>\n","protected":false},"author":2,"featured_media":0,"parent":10048,"menu_order":2142,"comment_status":"closed","ping_status":"closed","template":"","meta":{"footnotes":""},"class_list":["post-10091","page","type-page","status-publish","hentry"],"_links":{"self":[{"href":"https:\/\/www.mourioche.de\/index.php?rest_route=\/wp\/v2\/pages\/10091","targetHints":{"allow":["GET"]}}],"collection":[{"href":"https:\/\/www.mourioche.de\/index.php?rest_route=\/wp\/v2\/pages"}],"about":[{"href":"https:\/\/www.mourioche.de\/index.php?rest_route=\/wp\/v2\/types\/page"}],"author":[{"embeddable":true,"href":"https:\/\/www.mourioche.de\/index.php?rest_route=\/wp\/v2\/users\/2"}],"replies":[{"embeddable":true,"href":"https:\/\/www.mourioche.de\/index.php?rest_route=%2Fwp%2Fv2%2Fcomments&post=10091"}],"version-history":[{"count":1,"href":"https:\/\/www.mourioche.de\/index.php?rest_route=\/wp\/v2\/pages\/10091\/revisions"}],"predecessor-version":[{"id":10098,"href":"https:\/\/www.mourioche.de\/index.php?rest_route=\/wp\/v2\/pages\/10091\/revisions\/10098"}],"up":[{"embeddable":true,"href":"https:\/\/www.mourioche.de\/index.php?rest_route=\/wp\/v2\/pages\/10048"}],"wp:attachment":[{"href":"https:\/\/www.mourioche.de\/index.php?rest_route=%2Fwp%2Fv2%2Fmedia&parent=10091"}],"curies":[{"name":"wp","href":"https:\/\/api.w.org\/{rel}","templated":true}]}}