{"id":10104,"date":"2017-11-16T17:48:24","date_gmt":"2017-11-16T15:48:24","guid":{"rendered":"http:\/\/www.mourioche.de\/?page_id=10104"},"modified":"2017-11-16T17:48:24","modified_gmt":"2017-11-16T15:48:24","slug":"das-da-m-wurf-3-woche","status":"publish","type":"page","link":"https:\/\/www.mourioche.de\/?page_id=10104","title":{"rendered":"Das Da M-Wurf 3. Woche"},"content":{"rendered":"<p style=\"text-align: center;\"><strong>16.11.2017<\/strong><\/p>\n<p style=\"text-align: center;\">Die Aufzucht eines &#8222;Einzelkindes&#8220; stellt uns vor besondere Herausforderungen. Da Mairen von Das Da das Rundum Sorglos Paket genie\u00dft, m\u00fcssen wir versuchen, soweit wie m\u00f6glich die nicht vorhandenen Geschwister zu ersetzen. So &#8222;st\u00f6ren&#8220; wir \u00f6fter mal beim trinken (wichtig zur Entwicklung der Frustrationstoleranz), ich lege Mairen mehrmals t\u00e4glich ein St\u00fcck von Das Da entfernt in die Wurfkiste (die dieses Mal nur ein normales &#8222;Hundek\u00f6rbchen&#8220; ist, unsere Wurfkiste w\u00e4re zu gro\u00df), damit sie sich bewegen muss, wir kuscheln ausgiebig mit ihr, setzen sie taktilen Reizen aus (das Lammfell f\u00fchlt sich ganz anders an als das Ziegenfell etc) und so weiter. Auch Besucher sind nat\u00fcrlich schon willkommen und sorgen f\u00fcr weitere Eindr\u00fccke. Mairen genie\u00dft die zus\u00e4tzliche Aufmerksamkeit sehr. Sie durfte bereits unsere anderen Hunde und die Katzen kennen lernen, die Neugier war auf beiden Seiten gro\u00df.<\/p>\n<p style=\"text-align: center;\"><a href=\"https:\/\/www.mourioche.de\/wpmourio\/wp-content\/uploads\/2017\/11\/20171115_130504-1.jpg\"><img loading=\"lazy\" decoding=\"async\" class=\"alignnone size-medium wp-image-10110\" src=\"https:\/\/www.mourioche.de\/wpmourio\/wp-content\/uploads\/2017\/11\/20171115_130504-1-225x300.jpg\" alt=\"\" width=\"225\" height=\"300\" srcset=\"https:\/\/www.mourioche.de\/wpmourio\/wp-content\/uploads\/2017\/11\/20171115_130504-1-225x300.jpg 225w, https:\/\/www.mourioche.de\/wpmourio\/wp-content\/uploads\/2017\/11\/20171115_130504-1-768x1024.jpg 768w, https:\/\/www.mourioche.de\/wpmourio\/wp-content\/uploads\/2017\/11\/20171115_130504-1-113x150.jpg 113w, https:\/\/www.mourioche.de\/wpmourio\/wp-content\/uploads\/2017\/11\/20171115_130504-1-400x533.jpg 400w\" sizes=\"auto, (max-width: 225px) 100vw, 225px\" \/><\/a> <a href=\"https:\/\/www.mourioche.de\/wpmourio\/wp-content\/uploads\/2017\/11\/20171114_194117-1.jpg\"><img loading=\"lazy\" decoding=\"async\" class=\"alignnone size-medium wp-image-10111\" src=\"https:\/\/www.mourioche.de\/wpmourio\/wp-content\/uploads\/2017\/11\/20171114_194117-1-225x300.jpg\" alt=\"\" width=\"225\" height=\"300\" srcset=\"https:\/\/www.mourioche.de\/wpmourio\/wp-content\/uploads\/2017\/11\/20171114_194117-1-225x300.jpg 225w, https:\/\/www.mourioche.de\/wpmourio\/wp-content\/uploads\/2017\/11\/20171114_194117-1-768x1024.jpg 768w, https:\/\/www.mourioche.de\/wpmourio\/wp-content\/uploads\/2017\/11\/20171114_194117-1-113x150.jpg 113w, https:\/\/www.mourioche.de\/wpmourio\/wp-content\/uploads\/2017\/11\/20171114_194117-1-400x533.jpg 400w\" sizes=\"auto, (max-width: 225px) 100vw, 225px\" \/><\/a> <a href=\"https:\/\/www.mourioche.de\/wpmourio\/wp-content\/uploads\/2017\/11\/20171114_193212.jpg\"><img loading=\"lazy\" decoding=\"async\" class=\"alignnone size-medium wp-image-10107\" src=\"https:\/\/www.mourioche.de\/wpmourio\/wp-content\/uploads\/2017\/11\/20171114_193212-300x225.jpg\" alt=\"\" width=\"300\" height=\"225\" srcset=\"https:\/\/www.mourioche.de\/wpmourio\/wp-content\/uploads\/2017\/11\/20171114_193212-300x225.jpg 300w, https:\/\/www.mourioche.de\/wpmourio\/wp-content\/uploads\/2017\/11\/20171114_193212-768x576.jpg 768w, https:\/\/www.mourioche.de\/wpmourio\/wp-content\/uploads\/2017\/11\/20171114_193212-1024x768.jpg 1024w, https:\/\/www.mourioche.de\/wpmourio\/wp-content\/uploads\/2017\/11\/20171114_193212-150x113.jpg 150w, https:\/\/www.mourioche.de\/wpmourio\/wp-content\/uploads\/2017\/11\/20171114_193212-400x300.jpg 400w\" sizes=\"auto, (max-width: 300px) 100vw, 300px\" \/><\/a> <a href=\"https:\/\/www.mourioche.de\/wpmourio\/wp-content\/uploads\/2017\/11\/20171112_195238.jpg\"><img loading=\"lazy\" decoding=\"async\" class=\"alignnone size-medium wp-image-10106\" src=\"https:\/\/www.mourioche.de\/wpmourio\/wp-content\/uploads\/2017\/11\/20171112_195238-300x225.jpg\" alt=\"\" width=\"300\" height=\"225\" srcset=\"https:\/\/www.mourioche.de\/wpmourio\/wp-content\/uploads\/2017\/11\/20171112_195238-300x225.jpg 300w, https:\/\/www.mourioche.de\/wpmourio\/wp-content\/uploads\/2017\/11\/20171112_195238-768x576.jpg 768w, https:\/\/www.mourioche.de\/wpmourio\/wp-content\/uploads\/2017\/11\/20171112_195238-1024x768.jpg 1024w, https:\/\/www.mourioche.de\/wpmourio\/wp-content\/uploads\/2017\/11\/20171112_195238-150x113.jpg 150w, https:\/\/www.mourioche.de\/wpmourio\/wp-content\/uploads\/2017\/11\/20171112_195238-400x300.jpg 400w\" sizes=\"auto, (max-width: 300px) 100vw, 300px\" \/><\/a> <a href=\"https:\/\/www.mourioche.de\/wpmourio\/wp-content\/uploads\/2017\/11\/20171111_190000.jpg\"><img loading=\"lazy\" decoding=\"async\" class=\"alignnone size-medium wp-image-10105\" src=\"https:\/\/www.mourioche.de\/wpmourio\/wp-content\/uploads\/2017\/11\/20171111_190000-300x225.jpg\" alt=\"\" width=\"300\" height=\"225\" srcset=\"https:\/\/www.mourioche.de\/wpmourio\/wp-content\/uploads\/2017\/11\/20171111_190000-300x225.jpg 300w, https:\/\/www.mourioche.de\/wpmourio\/wp-content\/uploads\/2017\/11\/20171111_190000-768x576.jpg 768w, https:\/\/www.mourioche.de\/wpmourio\/wp-content\/uploads\/2017\/11\/20171111_190000-1024x768.jpg 1024w, https:\/\/www.mourioche.de\/wpmourio\/wp-content\/uploads\/2017\/11\/20171111_190000-150x113.jpg 150w, https:\/\/www.mourioche.de\/wpmourio\/wp-content\/uploads\/2017\/11\/20171111_190000-400x300.jpg 400w\" sizes=\"auto, (max-width: 300px) 100vw, 300px\" \/><\/a><\/p>\n","protected":false},"excerpt":{"rendered":"<p>16.11.2017 Die Aufzucht eines &#8222;Einzelkindes&#8220; stellt uns vor besondere Herausforderungen. Da Mairen von Das Da das Rundum Sorglos Paket genie\u00dft, m\u00fcssen wir versuchen, soweit wie m\u00f6glich die nicht vorhandenen Geschwister zu ersetzen. So &#8222;st\u00f6ren&#8220; wir \u00f6fter mal beim trinken (wichtig zur Entwicklung der Frustrationstoleranz), ich lege Mairen mehrmals t\u00e4glich ein St\u00fcck von Das Da entfernt &hellip; <a href=\"https:\/\/www.mourioche.de\/?page_id=10104\" class=\"more-link\"><span class=\"screen-reader-text\">Das Da M-Wurf 3. Woche<\/span> weiterlesen <span class=\"meta-nav\">&rarr;<\/span><\/a><\/p>\n","protected":false},"author":2,"featured_media":0,"parent":10048,"menu_order":2143,"comment_status":"closed","ping_status":"closed","template":"","meta":{"footnotes":""},"class_list":["post-10104","page","type-page","status-publish","hentry"],"_links":{"self":[{"href":"https:\/\/www.mourioche.de\/index.php?rest_route=\/wp\/v2\/pages\/10104","targetHints":{"allow":["GET"]}}],"collection":[{"href":"https:\/\/www.mourioche.de\/index.php?rest_route=\/wp\/v2\/pages"}],"about":[{"href":"https:\/\/www.mourioche.de\/index.php?rest_route=\/wp\/v2\/types\/page"}],"author":[{"embeddable":true,"href":"https:\/\/www.mourioche.de\/index.php?rest_route=\/wp\/v2\/users\/2"}],"replies":[{"embeddable":true,"href":"https:\/\/www.mourioche.de\/index.php?rest_route=%2Fwp%2Fv2%2Fcomments&post=10104"}],"version-history":[{"count":1,"href":"https:\/\/www.mourioche.de\/index.php?rest_route=\/wp\/v2\/pages\/10104\/revisions"}],"predecessor-version":[{"id":10112,"href":"https:\/\/www.mourioche.de\/index.php?rest_route=\/wp\/v2\/pages\/10104\/revisions\/10112"}],"up":[{"embeddable":true,"href":"https:\/\/www.mourioche.de\/index.php?rest_route=\/wp\/v2\/pages\/10048"}],"wp:attachment":[{"href":"https:\/\/www.mourioche.de\/index.php?rest_route=%2Fwp%2Fv2%2Fmedia&parent=10104"}],"curies":[{"name":"wp","href":"https:\/\/api.w.org\/{rel}","templated":true}]}}