{"id":10115,"date":"2017-11-21T18:07:32","date_gmt":"2017-11-21T16:07:32","guid":{"rendered":"http:\/\/www.mourioche.de\/?page_id=10115"},"modified":"2017-11-21T18:07:32","modified_gmt":"2017-11-21T16:07:32","slug":"das-da-m-wurf-4-woche","status":"publish","type":"page","link":"https:\/\/www.mourioche.de\/?page_id=10115","title":{"rendered":"Das Da M-Wurf 4. Woche"},"content":{"rendered":"<p style=\"text-align: center;\"><strong>21.11.2017<\/strong><\/p>\n<p style=\"text-align: center;\">Unser M\u00b4chen erkundet die Welt zunehmend selbst\u00e4ndiger, immer unter den Augen der Frau Mama&#8230; Neues Spielzeug wird erkundet und Philine meinte, es muss unbedingt noch ein Hund zur Gesellschaft her &#8211; daf\u00fcr hat sie sich von ihrem Lieblings-Kuschel-Hund getrennt! B\u00f6se Zungen w\u00fcrden behaupten, die Kleine wird verw\u00f6hnt, aber man kann ja nie genug auf dem Sofa kuscheln, oder???<\/p>\n<p style=\"text-align: center;\"><a href=\"https:\/\/www.mourioche.de\/wpmourio\/wp-content\/uploads\/2017\/11\/IMG-20171118-WA0011.jpg\"><img loading=\"lazy\" decoding=\"async\" class=\"alignnone size-medium wp-image-10121\" src=\"https:\/\/www.mourioche.de\/wpmourio\/wp-content\/uploads\/2017\/11\/IMG-20171118-WA0011-169x300.jpg\" alt=\"\" width=\"169\" height=\"300\" srcset=\"https:\/\/www.mourioche.de\/wpmourio\/wp-content\/uploads\/2017\/11\/IMG-20171118-WA0011-169x300.jpg 169w, https:\/\/www.mourioche.de\/wpmourio\/wp-content\/uploads\/2017\/11\/IMG-20171118-WA0011-768x1365.jpg 768w, https:\/\/www.mourioche.de\/wpmourio\/wp-content\/uploads\/2017\/11\/IMG-20171118-WA0011-576x1024.jpg 576w, https:\/\/www.mourioche.de\/wpmourio\/wp-content\/uploads\/2017\/11\/IMG-20171118-WA0011-84x150.jpg 84w, https:\/\/www.mourioche.de\/wpmourio\/wp-content\/uploads\/2017\/11\/IMG-20171118-WA0011-400x711.jpg 400w\" sizes=\"auto, (max-width: 169px) 100vw, 169px\" \/><\/a> <a href=\"https:\/\/www.mourioche.de\/wpmourio\/wp-content\/uploads\/2017\/11\/IMG-20171120-WA0004.jpg\"><img loading=\"lazy\" decoding=\"async\" class=\"alignnone size-medium wp-image-10119\" src=\"https:\/\/www.mourioche.de\/wpmourio\/wp-content\/uploads\/2017\/11\/IMG-20171120-WA0004-300x169.jpg\" alt=\"\" width=\"300\" height=\"169\" srcset=\"https:\/\/www.mourioche.de\/wpmourio\/wp-content\/uploads\/2017\/11\/IMG-20171120-WA0004-300x169.jpg 300w, https:\/\/www.mourioche.de\/wpmourio\/wp-content\/uploads\/2017\/11\/IMG-20171120-WA0004-768x432.jpg 768w, https:\/\/www.mourioche.de\/wpmourio\/wp-content\/uploads\/2017\/11\/IMG-20171120-WA0004-1024x576.jpg 1024w, https:\/\/www.mourioche.de\/wpmourio\/wp-content\/uploads\/2017\/11\/IMG-20171120-WA0004-150x84.jpg 150w, https:\/\/www.mourioche.de\/wpmourio\/wp-content\/uploads\/2017\/11\/IMG-20171120-WA0004-400x225.jpg 400w, https:\/\/www.mourioche.de\/wpmourio\/wp-content\/uploads\/2017\/11\/IMG-20171120-WA0004.jpg 1032w\" sizes=\"auto, (max-width: 300px) 100vw, 300px\" \/><\/a> <a href=\"https:\/\/www.mourioche.de\/wpmourio\/wp-content\/uploads\/2017\/11\/20171119_210156.jpg\"><img loading=\"lazy\" decoding=\"async\" class=\"alignnone size-medium wp-image-10117\" src=\"https:\/\/www.mourioche.de\/wpmourio\/wp-content\/uploads\/2017\/11\/20171119_210156-300x225.jpg\" alt=\"\" width=\"300\" height=\"225\" srcset=\"https:\/\/www.mourioche.de\/wpmourio\/wp-content\/uploads\/2017\/11\/20171119_210156-300x225.jpg 300w, https:\/\/www.mourioche.de\/wpmourio\/wp-content\/uploads\/2017\/11\/20171119_210156-768x576.jpg 768w, https:\/\/www.mourioche.de\/wpmourio\/wp-content\/uploads\/2017\/11\/20171119_210156-1024x768.jpg 1024w, https:\/\/www.mourioche.de\/wpmourio\/wp-content\/uploads\/2017\/11\/20171119_210156-150x113.jpg 150w, https:\/\/www.mourioche.de\/wpmourio\/wp-content\/uploads\/2017\/11\/20171119_210156-400x300.jpg 400w\" sizes=\"auto, (max-width: 300px) 100vw, 300px\" \/><\/a> <a href=\"https:\/\/www.mourioche.de\/wpmourio\/wp-content\/uploads\/2017\/11\/20171118_203422-1.jpg\"><img loading=\"lazy\" decoding=\"async\" class=\"alignnone size-medium wp-image-10120\" src=\"https:\/\/www.mourioche.de\/wpmourio\/wp-content\/uploads\/2017\/11\/20171118_203422-1-225x300.jpg\" alt=\"\" width=\"225\" height=\"300\" srcset=\"https:\/\/www.mourioche.de\/wpmourio\/wp-content\/uploads\/2017\/11\/20171118_203422-1-225x300.jpg 225w, https:\/\/www.mourioche.de\/wpmourio\/wp-content\/uploads\/2017\/11\/20171118_203422-1-768x1024.jpg 768w, https:\/\/www.mourioche.de\/wpmourio\/wp-content\/uploads\/2017\/11\/20171118_203422-1-113x150.jpg 113w, https:\/\/www.mourioche.de\/wpmourio\/wp-content\/uploads\/2017\/11\/20171118_203422-1-400x533.jpg 400w\" sizes=\"auto, (max-width: 225px) 100vw, 225px\" \/><\/a><\/p>\n","protected":false},"excerpt":{"rendered":"<p>21.11.2017 Unser M\u00b4chen erkundet die Welt zunehmend selbst\u00e4ndiger, immer unter den Augen der Frau Mama&#8230; Neues Spielzeug wird erkundet und Philine meinte, es muss unbedingt noch ein Hund zur Gesellschaft her &#8211; daf\u00fcr hat sie sich von ihrem Lieblings-Kuschel-Hund getrennt! B\u00f6se Zungen w\u00fcrden behaupten, die Kleine wird verw\u00f6hnt, aber man kann ja nie genug auf &hellip; <a href=\"https:\/\/www.mourioche.de\/?page_id=10115\" class=\"more-link\"><span class=\"screen-reader-text\">Das Da M-Wurf 4. Woche<\/span> weiterlesen <span class=\"meta-nav\">&rarr;<\/span><\/a><\/p>\n","protected":false},"author":2,"featured_media":0,"parent":10048,"menu_order":2144,"comment_status":"closed","ping_status":"closed","template":"","meta":{"footnotes":""},"class_list":["post-10115","page","type-page","status-publish","hentry"],"_links":{"self":[{"href":"https:\/\/www.mourioche.de\/index.php?rest_route=\/wp\/v2\/pages\/10115","targetHints":{"allow":["GET"]}}],"collection":[{"href":"https:\/\/www.mourioche.de\/index.php?rest_route=\/wp\/v2\/pages"}],"about":[{"href":"https:\/\/www.mourioche.de\/index.php?rest_route=\/wp\/v2\/types\/page"}],"author":[{"embeddable":true,"href":"https:\/\/www.mourioche.de\/index.php?rest_route=\/wp\/v2\/users\/2"}],"replies":[{"embeddable":true,"href":"https:\/\/www.mourioche.de\/index.php?rest_route=%2Fwp%2Fv2%2Fcomments&post=10115"}],"version-history":[{"count":1,"href":"https:\/\/www.mourioche.de\/index.php?rest_route=\/wp\/v2\/pages\/10115\/revisions"}],"predecessor-version":[{"id":10122,"href":"https:\/\/www.mourioche.de\/index.php?rest_route=\/wp\/v2\/pages\/10115\/revisions\/10122"}],"up":[{"embeddable":true,"href":"https:\/\/www.mourioche.de\/index.php?rest_route=\/wp\/v2\/pages\/10048"}],"wp:attachment":[{"href":"https:\/\/www.mourioche.de\/index.php?rest_route=%2Fwp%2Fv2%2Fmedia&parent=10115"}],"curies":[{"name":"wp","href":"https:\/\/api.w.org\/{rel}","templated":true}]}}