{"id":10126,"date":"2017-11-29T13:46:58","date_gmt":"2017-11-29T11:46:58","guid":{"rendered":"http:\/\/www.mourioche.de\/?page_id=10126"},"modified":"2017-11-29T13:46:58","modified_gmt":"2017-11-29T11:46:58","slug":"das-da-m-wurf-5-woche","status":"publish","type":"page","link":"https:\/\/www.mourioche.de\/?page_id=10126","title":{"rendered":"Das Da M-Wurf 5. Woche"},"content":{"rendered":"<p style=\"text-align: center;\"><strong>29.11.2017<\/strong><\/p>\n<p style=\"text-align: center;\">Nachdem es tagelang nur geregnet hat, mussten wir die Chance f\u00fcr den ersten Ausflug nach drau\u00dfen nutzen! Mit Mama an seiner Seite kann man anfangen, die gro\u00dfe weite Welt zu erkunden&#8230;<\/p>\n<p style=\"text-align: center;\"><a href=\"https:\/\/www.mourioche.de\/wpmourio\/wp-content\/uploads\/2017\/11\/20171129_120900.jpg\"><img loading=\"lazy\" decoding=\"async\" class=\"alignnone size-medium wp-image-10127\" src=\"https:\/\/www.mourioche.de\/wpmourio\/wp-content\/uploads\/2017\/11\/20171129_120900-300x225.jpg\" alt=\"\" width=\"300\" height=\"225\" srcset=\"https:\/\/www.mourioche.de\/wpmourio\/wp-content\/uploads\/2017\/11\/20171129_120900-300x225.jpg 300w, https:\/\/www.mourioche.de\/wpmourio\/wp-content\/uploads\/2017\/11\/20171129_120900-768x576.jpg 768w, https:\/\/www.mourioche.de\/wpmourio\/wp-content\/uploads\/2017\/11\/20171129_120900-1024x768.jpg 1024w, https:\/\/www.mourioche.de\/wpmourio\/wp-content\/uploads\/2017\/11\/20171129_120900-150x113.jpg 150w, https:\/\/www.mourioche.de\/wpmourio\/wp-content\/uploads\/2017\/11\/20171129_120900-400x300.jpg 400w\" sizes=\"auto, (max-width: 300px) 100vw, 300px\" \/><\/a> <a href=\"https:\/\/www.mourioche.de\/wpmourio\/wp-content\/uploads\/2017\/11\/20171129_121020.jpg\"><img loading=\"lazy\" decoding=\"async\" class=\"alignnone size-medium wp-image-10128\" src=\"https:\/\/www.mourioche.de\/wpmourio\/wp-content\/uploads\/2017\/11\/20171129_121020-300x225.jpg\" alt=\"\" width=\"300\" height=\"225\" srcset=\"https:\/\/www.mourioche.de\/wpmourio\/wp-content\/uploads\/2017\/11\/20171129_121020-300x225.jpg 300w, https:\/\/www.mourioche.de\/wpmourio\/wp-content\/uploads\/2017\/11\/20171129_121020-768x576.jpg 768w, https:\/\/www.mourioche.de\/wpmourio\/wp-content\/uploads\/2017\/11\/20171129_121020-1024x768.jpg 1024w, https:\/\/www.mourioche.de\/wpmourio\/wp-content\/uploads\/2017\/11\/20171129_121020-150x113.jpg 150w, https:\/\/www.mourioche.de\/wpmourio\/wp-content\/uploads\/2017\/11\/20171129_121020-400x300.jpg 400w\" sizes=\"auto, (max-width: 300px) 100vw, 300px\" \/><\/a> <a href=\"https:\/\/www.mourioche.de\/wpmourio\/wp-content\/uploads\/2017\/11\/20171129_121333.jpg\"><img loading=\"lazy\" decoding=\"async\" class=\"alignnone size-medium wp-image-10129\" src=\"https:\/\/www.mourioche.de\/wpmourio\/wp-content\/uploads\/2017\/11\/20171129_121333-300x225.jpg\" alt=\"\" width=\"300\" height=\"225\" srcset=\"https:\/\/www.mourioche.de\/wpmourio\/wp-content\/uploads\/2017\/11\/20171129_121333-300x225.jpg 300w, https:\/\/www.mourioche.de\/wpmourio\/wp-content\/uploads\/2017\/11\/20171129_121333-768x576.jpg 768w, https:\/\/www.mourioche.de\/wpmourio\/wp-content\/uploads\/2017\/11\/20171129_121333-1024x768.jpg 1024w, https:\/\/www.mourioche.de\/wpmourio\/wp-content\/uploads\/2017\/11\/20171129_121333-150x113.jpg 150w, https:\/\/www.mourioche.de\/wpmourio\/wp-content\/uploads\/2017\/11\/20171129_121333-400x300.jpg 400w\" sizes=\"auto, (max-width: 300px) 100vw, 300px\" \/><\/a><a href=\"https:\/\/www.mourioche.de\/wpmourio\/wp-content\/uploads\/2017\/11\/20171129_121406-e1511955967497.jpg\"><img loading=\"lazy\" decoding=\"async\" class=\"alignnone size-medium wp-image-10130\" src=\"https:\/\/www.mourioche.de\/wpmourio\/wp-content\/uploads\/2017\/11\/20171129_121406-e1511955967497-225x300.jpg\" alt=\"\" width=\"225\" height=\"300\" srcset=\"https:\/\/www.mourioche.de\/wpmourio\/wp-content\/uploads\/2017\/11\/20171129_121406-e1511955967497-225x300.jpg 225w, https:\/\/www.mourioche.de\/wpmourio\/wp-content\/uploads\/2017\/11\/20171129_121406-e1511955967497-768x1024.jpg 768w, https:\/\/www.mourioche.de\/wpmourio\/wp-content\/uploads\/2017\/11\/20171129_121406-e1511955967497-113x150.jpg 113w, https:\/\/www.mourioche.de\/wpmourio\/wp-content\/uploads\/2017\/11\/20171129_121406-e1511955967497-400x533.jpg 400w\" sizes=\"auto, (max-width: 225px) 100vw, 225px\" \/><\/a><\/p>\n","protected":false},"excerpt":{"rendered":"<p>29.11.2017 Nachdem es tagelang nur geregnet hat, mussten wir die Chance f\u00fcr den ersten Ausflug nach drau\u00dfen nutzen! Mit Mama an seiner Seite kann man anfangen, die gro\u00dfe weite Welt zu erkunden&#8230;<\/p>\n","protected":false},"author":2,"featured_media":0,"parent":10048,"menu_order":2145,"comment_status":"closed","ping_status":"closed","template":"","meta":{"footnotes":""},"class_list":["post-10126","page","type-page","status-publish","hentry"],"_links":{"self":[{"href":"https:\/\/www.mourioche.de\/index.php?rest_route=\/wp\/v2\/pages\/10126","targetHints":{"allow":["GET"]}}],"collection":[{"href":"https:\/\/www.mourioche.de\/index.php?rest_route=\/wp\/v2\/pages"}],"about":[{"href":"https:\/\/www.mourioche.de\/index.php?rest_route=\/wp\/v2\/types\/page"}],"author":[{"embeddable":true,"href":"https:\/\/www.mourioche.de\/index.php?rest_route=\/wp\/v2\/users\/2"}],"replies":[{"embeddable":true,"href":"https:\/\/www.mourioche.de\/index.php?rest_route=%2Fwp%2Fv2%2Fcomments&post=10126"}],"version-history":[{"count":1,"href":"https:\/\/www.mourioche.de\/index.php?rest_route=\/wp\/v2\/pages\/10126\/revisions"}],"predecessor-version":[{"id":10131,"href":"https:\/\/www.mourioche.de\/index.php?rest_route=\/wp\/v2\/pages\/10126\/revisions\/10131"}],"up":[{"embeddable":true,"href":"https:\/\/www.mourioche.de\/index.php?rest_route=\/wp\/v2\/pages\/10048"}],"wp:attachment":[{"href":"https:\/\/www.mourioche.de\/index.php?rest_route=%2Fwp%2Fv2%2Fmedia&parent=10126"}],"curies":[{"name":"wp","href":"https:\/\/api.w.org\/{rel}","templated":true}]}}