{"id":10146,"date":"2017-12-06T15:52:02","date_gmt":"2017-12-06T13:52:02","guid":{"rendered":"http:\/\/www.mourioche.de\/?page_id=10146"},"modified":"2017-12-06T15:52:02","modified_gmt":"2017-12-06T13:52:02","slug":"das-da-m-wurf-6-woche","status":"publish","type":"page","link":"https:\/\/www.mourioche.de\/?page_id=10146","title":{"rendered":"Das Da M-Wurf 6. Woche"},"content":{"rendered":"<p style=\"text-align: center;\"><strong>06.12.2018<\/strong><\/p>\n<p style=\"text-align: center;\">Unser M\u00b4chen w\u00e4chst und gedeiht weiterhin prima. Keiner kommt an ihr vorbei, ohne sie wenigstens kurz zu streicheln \ud83d\ude09 Im Gegensatz zu unseren anderen Welpen h\u00e4lt sie sich nur sehr selten im Welpenauslauf auf, sondern sie l\u00e4uft einfach mit allen anderen Hunden frei im Haus umher. So ist gew\u00e4hrleistet, dass sie ausreichend soziale Kontakte hat und die &#8222;Hundesprache&#8220; erlernt. Auf dem Programm stehen zum Beispiel &#8222;respektieren, wenn ein anderer Hund den bevorzugten Liegeplatz besetzt&#8220;, &#8222;Spielen &#8211; aber richtig&#8220; und &#8222;Nein, einem erwachsenen Hund klaut man kein Essen&#8220;. Au\u00dferdem nutzen wir jede M\u00f6glichkeit, um mit ihr nach drau\u00dfen zu gehen und bald steht auch der erste Ausflug in den Wald an. Wir freuen uns schon darauf!<\/p>\n<p><a href=\"https:\/\/www.mourioche.de\/wpmourio\/wp-content\/uploads\/2017\/12\/20171204_194254-e1512568061305.jpg\"><img loading=\"lazy\" decoding=\"async\" class=\"alignnone size-medium wp-image-10147\" src=\"https:\/\/www.mourioche.de\/wpmourio\/wp-content\/uploads\/2017\/12\/20171204_194254-e1512568061305-225x300.jpg\" alt=\"\" width=\"225\" height=\"300\" srcset=\"https:\/\/www.mourioche.de\/wpmourio\/wp-content\/uploads\/2017\/12\/20171204_194254-e1512568061305-225x300.jpg 225w, https:\/\/www.mourioche.de\/wpmourio\/wp-content\/uploads\/2017\/12\/20171204_194254-e1512568061305-768x1024.jpg 768w, https:\/\/www.mourioche.de\/wpmourio\/wp-content\/uploads\/2017\/12\/20171204_194254-e1512568061305-113x150.jpg 113w, https:\/\/www.mourioche.de\/wpmourio\/wp-content\/uploads\/2017\/12\/20171204_194254-e1512568061305-400x533.jpg 400w\" sizes=\"auto, (max-width: 225px) 100vw, 225px\" \/><\/a> <a href=\"https:\/\/www.mourioche.de\/wpmourio\/wp-content\/uploads\/2017\/12\/20171206_143017.jpg\"><img loading=\"lazy\" decoding=\"async\" class=\"alignnone size-medium wp-image-10148\" src=\"https:\/\/www.mourioche.de\/wpmourio\/wp-content\/uploads\/2017\/12\/20171206_143017-300x225.jpg\" alt=\"\" width=\"300\" height=\"225\" srcset=\"https:\/\/www.mourioche.de\/wpmourio\/wp-content\/uploads\/2017\/12\/20171206_143017-300x225.jpg 300w, https:\/\/www.mourioche.de\/wpmourio\/wp-content\/uploads\/2017\/12\/20171206_143017-768x576.jpg 768w, https:\/\/www.mourioche.de\/wpmourio\/wp-content\/uploads\/2017\/12\/20171206_143017-1024x768.jpg 1024w, https:\/\/www.mourioche.de\/wpmourio\/wp-content\/uploads\/2017\/12\/20171206_143017-150x113.jpg 150w, https:\/\/www.mourioche.de\/wpmourio\/wp-content\/uploads\/2017\/12\/20171206_143017-400x300.jpg 400w\" sizes=\"auto, (max-width: 300px) 100vw, 300px\" \/><\/a> <a href=\"https:\/\/www.mourioche.de\/wpmourio\/wp-content\/uploads\/2017\/12\/20171206_143032.jpg\"><img loading=\"lazy\" decoding=\"async\" class=\"alignnone size-medium wp-image-10149\" src=\"https:\/\/www.mourioche.de\/wpmourio\/wp-content\/uploads\/2017\/12\/20171206_143032-300x225.jpg\" alt=\"\" width=\"300\" height=\"225\" srcset=\"https:\/\/www.mourioche.de\/wpmourio\/wp-content\/uploads\/2017\/12\/20171206_143032-300x225.jpg 300w, https:\/\/www.mourioche.de\/wpmourio\/wp-content\/uploads\/2017\/12\/20171206_143032-768x576.jpg 768w, https:\/\/www.mourioche.de\/wpmourio\/wp-content\/uploads\/2017\/12\/20171206_143032-1024x768.jpg 1024w, https:\/\/www.mourioche.de\/wpmourio\/wp-content\/uploads\/2017\/12\/20171206_143032-150x113.jpg 150w, https:\/\/www.mourioche.de\/wpmourio\/wp-content\/uploads\/2017\/12\/20171206_143032-400x300.jpg 400w\" sizes=\"auto, (max-width: 300px) 100vw, 300px\" \/><\/a> <a href=\"https:\/\/www.mourioche.de\/wpmourio\/wp-content\/uploads\/2017\/12\/20171206_143147-e1512568035297.jpg\"><img loading=\"lazy\" decoding=\"async\" class=\"alignnone size-medium wp-image-10150\" src=\"https:\/\/www.mourioche.de\/wpmourio\/wp-content\/uploads\/2017\/12\/20171206_143147-e1512568035297-225x300.jpg\" alt=\"\" width=\"225\" height=\"300\" srcset=\"https:\/\/www.mourioche.de\/wpmourio\/wp-content\/uploads\/2017\/12\/20171206_143147-e1512568035297-225x300.jpg 225w, https:\/\/www.mourioche.de\/wpmourio\/wp-content\/uploads\/2017\/12\/20171206_143147-e1512568035297-768x1024.jpg 768w, https:\/\/www.mourioche.de\/wpmourio\/wp-content\/uploads\/2017\/12\/20171206_143147-e1512568035297-113x150.jpg 113w, https:\/\/www.mourioche.de\/wpmourio\/wp-content\/uploads\/2017\/12\/20171206_143147-e1512568035297-400x533.jpg 400w\" sizes=\"auto, (max-width: 225px) 100vw, 225px\" \/><\/a><\/p>\n","protected":false},"excerpt":{"rendered":"<p>06.12.2018 Unser M\u00b4chen w\u00e4chst und gedeiht weiterhin prima. Keiner kommt an ihr vorbei, ohne sie wenigstens kurz zu streicheln \ud83d\ude09 Im Gegensatz zu unseren anderen Welpen h\u00e4lt sie sich nur sehr selten im Welpenauslauf auf, sondern sie l\u00e4uft einfach mit allen anderen Hunden frei im Haus umher. So ist gew\u00e4hrleistet, dass sie ausreichend soziale Kontakte &hellip; <a href=\"https:\/\/www.mourioche.de\/?page_id=10146\" class=\"more-link\"><span class=\"screen-reader-text\">Das Da M-Wurf 6. Woche<\/span> weiterlesen <span class=\"meta-nav\">&rarr;<\/span><\/a><\/p>\n","protected":false},"author":2,"featured_media":0,"parent":10048,"menu_order":2146,"comment_status":"closed","ping_status":"closed","template":"","meta":{"footnotes":""},"class_list":["post-10146","page","type-page","status-publish","hentry"],"_links":{"self":[{"href":"https:\/\/www.mourioche.de\/index.php?rest_route=\/wp\/v2\/pages\/10146","targetHints":{"allow":["GET"]}}],"collection":[{"href":"https:\/\/www.mourioche.de\/index.php?rest_route=\/wp\/v2\/pages"}],"about":[{"href":"https:\/\/www.mourioche.de\/index.php?rest_route=\/wp\/v2\/types\/page"}],"author":[{"embeddable":true,"href":"https:\/\/www.mourioche.de\/index.php?rest_route=\/wp\/v2\/users\/2"}],"replies":[{"embeddable":true,"href":"https:\/\/www.mourioche.de\/index.php?rest_route=%2Fwp%2Fv2%2Fcomments&post=10146"}],"version-history":[{"count":1,"href":"https:\/\/www.mourioche.de\/index.php?rest_route=\/wp\/v2\/pages\/10146\/revisions"}],"predecessor-version":[{"id":10151,"href":"https:\/\/www.mourioche.de\/index.php?rest_route=\/wp\/v2\/pages\/10146\/revisions\/10151"}],"up":[{"embeddable":true,"href":"https:\/\/www.mourioche.de\/index.php?rest_route=\/wp\/v2\/pages\/10048"}],"wp:attachment":[{"href":"https:\/\/www.mourioche.de\/index.php?rest_route=%2Fwp%2Fv2%2Fmedia&parent=10146"}],"curies":[{"name":"wp","href":"https:\/\/api.w.org\/{rel}","templated":true}]}}