{"id":10172,"date":"2017-12-31T18:03:06","date_gmt":"2017-12-31T16:03:06","guid":{"rendered":"http:\/\/www.mourioche.de\/?page_id=10172"},"modified":"2017-12-31T18:03:06","modified_gmt":"2017-12-31T16:03:06","slug":"das-da-m-wurf-9-woche","status":"publish","type":"page","link":"https:\/\/www.mourioche.de\/?page_id=10172","title":{"rendered":"Das Da M-Wurf 9. Woche"},"content":{"rendered":"<p style=\"text-align: center;\"><strong>31.12.2017<\/strong><\/p>\n<p style=\"text-align: center;\"><a href=\"https:\/\/www.mourioche.de\/wpmourio\/wp-content\/uploads\/2017\/12\/mairen.jpg\"><img loading=\"lazy\" decoding=\"async\" class=\"alignnone size-medium wp-image-10173\" src=\"https:\/\/www.mourioche.de\/wpmourio\/wp-content\/uploads\/2017\/12\/mairen-233x300.jpg\" alt=\"\" width=\"233\" height=\"300\" srcset=\"https:\/\/www.mourioche.de\/wpmourio\/wp-content\/uploads\/2017\/12\/mairen-233x300.jpg 233w, https:\/\/www.mourioche.de\/wpmourio\/wp-content\/uploads\/2017\/12\/mairen-768x988.jpg 768w, https:\/\/www.mourioche.de\/wpmourio\/wp-content\/uploads\/2017\/12\/mairen-796x1024.jpg 796w, https:\/\/www.mourioche.de\/wpmourio\/wp-content\/uploads\/2017\/12\/mairen-117x150.jpg 117w, https:\/\/www.mourioche.de\/wpmourio\/wp-content\/uploads\/2017\/12\/mairen-400x515.jpg 400w, https:\/\/www.mourioche.de\/wpmourio\/wp-content\/uploads\/2017\/12\/mairen.jpg 800w\" sizes=\"auto, (max-width: 233px) 100vw, 233px\" \/><\/a><\/p>\n<p style=\"text-align: center;\">Ein ganz &#8222;normales&#8220; Abschiedsfoto, so wie es auf dieser Homepage immer mal wieder auftaucht?<\/p>\n<p style=\"text-align: center;\">Nein.<\/p>\n<p style=\"text-align: center;\">Nicht nur, dass es ein ganz besonderer Welpe war. Mairen, unser erstes &#8222;Einzelkind&#8220;.<\/p>\n<p style=\"text-align: center;\">Nicht nur, dass es der letzte Welpe von Das Da ist und somit der letzte Welpe der ersten H\u00fcndin, die wir aus unserer eigenen Zucht behalten hatten.<\/p>\n<p style=\"text-align: center;\">Nicht nur, dass heute Silvester ist und morgen ein neues Jahr voller neuer Tr\u00e4ume, Hoffnungen und Pl\u00e4ne beginnt.<\/p>\n<p style=\"text-align: center;\">Nein, nicht nur das alles. Sondern hier schlie\u00dft sich ein ganz besonderer Kreis. Mairen zieht zu Blettas Z\u00fcchtern, also dahin, wo f\u00fcr uns alles begann. Vor knapp 13 Jahren gab es ein ganz \u00e4hnliches Bild von mir mit Bletta auf dem Arm. Niemals h\u00e4tte ich mir damals tr\u00e4umen lassen, was f\u00fcr eine wunderbare und oft auch turbulente Zeit damit seinen Anfang nahm. Wie viele Leute auf der ganzen Welt wir kennen lernen w\u00fcrden, wie viele neue Freunde wir finden und auch, das Leben wie vieler Menschen wir ver\u00e4ndern werden.<\/p>\n<p style=\"text-align: center;\">Und nun stehe ich auf der anderen Seite der T\u00fcr, heute bin ich es, die einen Welpen gehen lassen muss.<\/p>\n<p style=\"text-align: center;\">F\u00fcr mich ist es ein ganz besonderer Moment, die M\u00f6glichkeit, einen kleinen Teil dessen zur\u00fcck geben zu k\u00f6nnen, was ihr uns damals anvertraut habt. Bletta ist ein ganz besonderer Hund und ich bin sicher, ihr werdet sie und damit auch Sare (Blettas Mutter) in Mairen finden.<\/p>\n<p style=\"text-align: center;\">Danke.<\/p>\n<p style=\"text-align: center;\">Mairen hei\u00dft jetzt Mairi und wird mit ihrem Onkel Blesi (ein Bruder von Bletta) und ihrer Tante Atorka (eine Halbschwester von Bletta) in der N\u00e4he von Bremen wohnen.<\/p>\n<p><iframe loading=\"lazy\" src=\"https:\/\/www.youtube.com\/embed\/5ipidrggN2Y\" width=\"560\" height=\"315\" frameborder=\"0\" allowfullscreen=\"allowfullscreen\"><\/iframe><\/p>\n","protected":false},"excerpt":{"rendered":"<p>31.12.2017 Ein ganz &#8222;normales&#8220; Abschiedsfoto, so wie es auf dieser Homepage immer mal wieder auftaucht? Nein. Nicht nur, dass es ein ganz besonderer Welpe war. Mairen, unser erstes &#8222;Einzelkind&#8220;. Nicht nur, dass es der letzte Welpe von Das Da ist und somit der letzte Welpe der ersten H\u00fcndin, die wir aus unserer eigenen Zucht behalten &hellip; <a href=\"https:\/\/www.mourioche.de\/?page_id=10172\" class=\"more-link\"><span class=\"screen-reader-text\">Das Da M-Wurf 9. Woche<\/span> weiterlesen <span class=\"meta-nav\">&rarr;<\/span><\/a><\/p>\n","protected":false},"author":2,"featured_media":0,"parent":10048,"menu_order":2149,"comment_status":"closed","ping_status":"closed","template":"","meta":{"footnotes":""},"class_list":["post-10172","page","type-page","status-publish","hentry"],"_links":{"self":[{"href":"https:\/\/www.mourioche.de\/index.php?rest_route=\/wp\/v2\/pages\/10172","targetHints":{"allow":["GET"]}}],"collection":[{"href":"https:\/\/www.mourioche.de\/index.php?rest_route=\/wp\/v2\/pages"}],"about":[{"href":"https:\/\/www.mourioche.de\/index.php?rest_route=\/wp\/v2\/types\/page"}],"author":[{"embeddable":true,"href":"https:\/\/www.mourioche.de\/index.php?rest_route=\/wp\/v2\/users\/2"}],"replies":[{"embeddable":true,"href":"https:\/\/www.mourioche.de\/index.php?rest_route=%2Fwp%2Fv2%2Fcomments&post=10172"}],"version-history":[{"count":1,"href":"https:\/\/www.mourioche.de\/index.php?rest_route=\/wp\/v2\/pages\/10172\/revisions"}],"predecessor-version":[{"id":10174,"href":"https:\/\/www.mourioche.de\/index.php?rest_route=\/wp\/v2\/pages\/10172\/revisions\/10174"}],"up":[{"embeddable":true,"href":"https:\/\/www.mourioche.de\/index.php?rest_route=\/wp\/v2\/pages\/10048"}],"wp:attachment":[{"href":"https:\/\/www.mourioche.de\/index.php?rest_route=%2Fwp%2Fv2%2Fmedia&parent=10172"}],"curies":[{"name":"wp","href":"https:\/\/api.w.org\/{rel}","templated":true}]}}