{"id":10177,"date":"2018-01-07T19:26:06","date_gmt":"2018-01-07T17:26:06","guid":{"rendered":"http:\/\/www.mourioche.de\/?page_id=10177"},"modified":"2018-01-07T19:26:06","modified_gmt":"2018-01-07T17:26:06","slug":"mimi-b-wurf","status":"publish","type":"page","link":"https:\/\/www.mourioche.de\/?page_id=10177","title":{"rendered":"Mimi B-Wurf"},"content":{"rendered":"<p>Im Men\u00fc ist f\u00fcr jede neue Woche unseres Mudi B-Wurfs ein Link zu finden, mit den besten Fotos und den neuesten Entwicklungen.<\/p>\n<p>K\u00f6ves Berci B\u00e9tyar Imola \u201cMimi\u201d x\u00a0Nyirsegfia Skyjacker MiG 21 \u201eMiG\u201c<\/p>\n<p>*06.01.2018<\/p>\n","protected":false},"excerpt":{"rendered":"<p>Im Men\u00fc ist f\u00fcr jede neue Woche unseres Mudi B-Wurfs ein Link zu finden, mit den besten Fotos und den neuesten Entwicklungen. K\u00f6ves Berci B\u00e9tyar Imola \u201cMimi\u201d x\u00a0Nyirsegfia Skyjacker MiG 21 \u201eMiG\u201c *06.01.2018<\/p>\n","protected":false},"author":2,"featured_media":0,"parent":9109,"menu_order":3210,"comment_status":"closed","ping_status":"closed","template":"","meta":{"footnotes":""},"class_list":["post-10177","page","type-page","status-publish","hentry"],"_links":{"self":[{"href":"https:\/\/www.mourioche.de\/index.php?rest_route=\/wp\/v2\/pages\/10177","targetHints":{"allow":["GET"]}}],"collection":[{"href":"https:\/\/www.mourioche.de\/index.php?rest_route=\/wp\/v2\/pages"}],"about":[{"href":"https:\/\/www.mourioche.de\/index.php?rest_route=\/wp\/v2\/types\/page"}],"author":[{"embeddable":true,"href":"https:\/\/www.mourioche.de\/index.php?rest_route=\/wp\/v2\/users\/2"}],"replies":[{"embeddable":true,"href":"https:\/\/www.mourioche.de\/index.php?rest_route=%2Fwp%2Fv2%2Fcomments&post=10177"}],"version-history":[{"count":1,"href":"https:\/\/www.mourioche.de\/index.php?rest_route=\/wp\/v2\/pages\/10177\/revisions"}],"predecessor-version":[{"id":10178,"href":"https:\/\/www.mourioche.de\/index.php?rest_route=\/wp\/v2\/pages\/10177\/revisions\/10178"}],"up":[{"embeddable":true,"href":"https:\/\/www.mourioche.de\/index.php?rest_route=\/wp\/v2\/pages\/9109"}],"wp:attachment":[{"href":"https:\/\/www.mourioche.de\/index.php?rest_route=%2Fwp%2Fv2%2Fmedia&parent=10177"}],"curies":[{"name":"wp","href":"https:\/\/api.w.org\/{rel}","templated":true}]}}