{"id":10179,"date":"2018-01-07T19:33:54","date_gmt":"2018-01-07T17:33:54","guid":{"rendered":"http:\/\/www.mourioche.de\/?page_id=10179"},"modified":"2018-01-07T19:33:54","modified_gmt":"2018-01-07T17:33:54","slug":"mimi-b-wurf-1-woche","status":"publish","type":"page","link":"https:\/\/www.mourioche.de\/?page_id=10179","title":{"rendered":"Mimi B-Wurf 1. Woche"},"content":{"rendered":"<p style=\"text-align: center;\"><strong>07.01.2018<\/strong><\/p>\n<p style=\"text-align: center;\">Wir freuen uns sehr \u00fcber kleine L\u00f6ckchen! Unser Mudi B-Wurf ist geboren, schnell und unkompliziert purzelten innerhalb k\u00fcrzester Zeit 5 Welpen auf die Welt! Wir begr\u00fc\u00dfen:<\/p>\n<p>&nbsp;<\/p>\n<p style=\"text-align: center;\"><a href=\"https:\/\/www.mourioche.de\/wpmourio\/wp-content\/uploads\/2018\/01\/20180106_214909.jpg\"><img loading=\"lazy\" decoding=\"async\" class=\"alignnone size-medium wp-image-10183\" src=\"https:\/\/www.mourioche.de\/wpmourio\/wp-content\/uploads\/2018\/01\/20180106_214909-300x225.jpg\" alt=\"\" width=\"300\" height=\"225\" srcset=\"https:\/\/www.mourioche.de\/wpmourio\/wp-content\/uploads\/2018\/01\/20180106_214909-300x225.jpg 300w, https:\/\/www.mourioche.de\/wpmourio\/wp-content\/uploads\/2018\/01\/20180106_214909-768x576.jpg 768w, https:\/\/www.mourioche.de\/wpmourio\/wp-content\/uploads\/2018\/01\/20180106_214909-1024x768.jpg 1024w, https:\/\/www.mourioche.de\/wpmourio\/wp-content\/uploads\/2018\/01\/20180106_214909-150x113.jpg 150w, https:\/\/www.mourioche.de\/wpmourio\/wp-content\/uploads\/2018\/01\/20180106_214909-400x300.jpg 400w\" sizes=\"auto, (max-width: 300px) 100vw, 300px\" \/><\/a><\/p>\n<p style=\"text-align: center;\">von links nach rechts:<\/p>\n<p style=\"text-align: center;\">Baela (H\u00fcndin), Bronn (R\u00fcde), Bandy (H\u00fcndin), Bran (R\u00fcde) und Brienne (H\u00fcndin)<\/p>\n<p style=\"text-align: center;\"><a href=\"https:\/\/www.mourioche.de\/wpmourio\/wp-content\/uploads\/2018\/01\/baela1.jpg\"><img loading=\"lazy\" decoding=\"async\" class=\"alignnone size-medium wp-image-10184\" src=\"https:\/\/www.mourioche.de\/wpmourio\/wp-content\/uploads\/2018\/01\/baela1-300x200.jpg\" alt=\"\" width=\"300\" height=\"200\" srcset=\"https:\/\/www.mourioche.de\/wpmourio\/wp-content\/uploads\/2018\/01\/baela1-300x200.jpg 300w, https:\/\/www.mourioche.de\/wpmourio\/wp-content\/uploads\/2018\/01\/baela1-768x512.jpg 768w, https:\/\/www.mourioche.de\/wpmourio\/wp-content\/uploads\/2018\/01\/baela1-150x100.jpg 150w, https:\/\/www.mourioche.de\/wpmourio\/wp-content\/uploads\/2018\/01\/baela1-400x267.jpg 400w, https:\/\/www.mourioche.de\/wpmourio\/wp-content\/uploads\/2018\/01\/baela1.jpg 800w\" sizes=\"auto, (max-width: 300px) 100vw, 300px\" \/><\/a><\/p>\n<p style=\"text-align: center;\">Baela<\/p>\n<p style=\"text-align: center;\"><a href=\"https:\/\/www.mourioche.de\/wpmourio\/wp-content\/uploads\/2018\/01\/baela2.jpg\"><img loading=\"lazy\" decoding=\"async\" class=\"alignnone size-medium wp-image-10185\" src=\"https:\/\/www.mourioche.de\/wpmourio\/wp-content\/uploads\/2018\/01\/baela2-300x200.jpg\" alt=\"\" width=\"300\" height=\"200\" srcset=\"https:\/\/www.mourioche.de\/wpmourio\/wp-content\/uploads\/2018\/01\/baela2-300x200.jpg 300w, https:\/\/www.mourioche.de\/wpmourio\/wp-content\/uploads\/2018\/01\/baela2-768x512.jpg 768w, https:\/\/www.mourioche.de\/wpmourio\/wp-content\/uploads\/2018\/01\/baela2-150x100.jpg 150w, https:\/\/www.mourioche.de\/wpmourio\/wp-content\/uploads\/2018\/01\/baela2-400x267.jpg 400w, https:\/\/www.mourioche.de\/wpmourio\/wp-content\/uploads\/2018\/01\/baela2.jpg 800w\" sizes=\"auto, (max-width: 300px) 100vw, 300px\" \/><\/a><\/p>\n<p style=\"text-align: center;\"><a href=\"https:\/\/www.mourioche.de\/wpmourio\/wp-content\/uploads\/2018\/01\/bandy1.jpg\"><img loading=\"lazy\" decoding=\"async\" class=\"alignnone size-medium wp-image-10186\" src=\"https:\/\/www.mourioche.de\/wpmourio\/wp-content\/uploads\/2018\/01\/bandy1-300x200.jpg\" alt=\"\" width=\"300\" height=\"200\" srcset=\"https:\/\/www.mourioche.de\/wpmourio\/wp-content\/uploads\/2018\/01\/bandy1-300x200.jpg 300w, https:\/\/www.mourioche.de\/wpmourio\/wp-content\/uploads\/2018\/01\/bandy1-768x512.jpg 768w, https:\/\/www.mourioche.de\/wpmourio\/wp-content\/uploads\/2018\/01\/bandy1-150x100.jpg 150w, https:\/\/www.mourioche.de\/wpmourio\/wp-content\/uploads\/2018\/01\/bandy1-400x267.jpg 400w, https:\/\/www.mourioche.de\/wpmourio\/wp-content\/uploads\/2018\/01\/bandy1.jpg 800w\" sizes=\"auto, (max-width: 300px) 100vw, 300px\" \/><\/a><\/p>\n<p style=\"text-align: center;\">Bandy<\/p>\n<p style=\"text-align: center;\"><a href=\"https:\/\/www.mourioche.de\/wpmourio\/wp-content\/uploads\/2018\/01\/bandy2.jpg\"><img loading=\"lazy\" decoding=\"async\" class=\"alignnone size-medium wp-image-10187\" src=\"https:\/\/www.mourioche.de\/wpmourio\/wp-content\/uploads\/2018\/01\/bandy2-300x200.jpg\" alt=\"\" width=\"300\" height=\"200\" srcset=\"https:\/\/www.mourioche.de\/wpmourio\/wp-content\/uploads\/2018\/01\/bandy2-300x200.jpg 300w, https:\/\/www.mourioche.de\/wpmourio\/wp-content\/uploads\/2018\/01\/bandy2-768x512.jpg 768w, https:\/\/www.mourioche.de\/wpmourio\/wp-content\/uploads\/2018\/01\/bandy2-150x100.jpg 150w, https:\/\/www.mourioche.de\/wpmourio\/wp-content\/uploads\/2018\/01\/bandy2-400x267.jpg 400w, https:\/\/www.mourioche.de\/wpmourio\/wp-content\/uploads\/2018\/01\/bandy2.jpg 800w\" sizes=\"auto, (max-width: 300px) 100vw, 300px\" \/><\/a><\/p>\n<p style=\"text-align: center;\">\n<p style=\"text-align: center;\"><a href=\"https:\/\/www.mourioche.de\/wpmourio\/wp-content\/uploads\/2018\/01\/bran1.jpg\"><img loading=\"lazy\" decoding=\"async\" class=\"alignnone size-medium wp-image-10188\" src=\"https:\/\/www.mourioche.de\/wpmourio\/wp-content\/uploads\/2018\/01\/bran1-300x200.jpg\" alt=\"\" width=\"300\" height=\"200\" srcset=\"https:\/\/www.mourioche.de\/wpmourio\/wp-content\/uploads\/2018\/01\/bran1-300x200.jpg 300w, https:\/\/www.mourioche.de\/wpmourio\/wp-content\/uploads\/2018\/01\/bran1-768x512.jpg 768w, https:\/\/www.mourioche.de\/wpmourio\/wp-content\/uploads\/2018\/01\/bran1-150x100.jpg 150w, https:\/\/www.mourioche.de\/wpmourio\/wp-content\/uploads\/2018\/01\/bran1-400x267.jpg 400w, https:\/\/www.mourioche.de\/wpmourio\/wp-content\/uploads\/2018\/01\/bran1.jpg 800w\" sizes=\"auto, (max-width: 300px) 100vw, 300px\" \/><\/a><\/p>\n<p style=\"text-align: center;\">Bran<\/p>\n<p style=\"text-align: center;\"><a href=\"https:\/\/www.mourioche.de\/wpmourio\/wp-content\/uploads\/2018\/01\/bran2.jpg\"><img loading=\"lazy\" decoding=\"async\" class=\"alignnone size-medium wp-image-10189\" src=\"https:\/\/www.mourioche.de\/wpmourio\/wp-content\/uploads\/2018\/01\/bran2-300x200.jpg\" alt=\"\" width=\"300\" height=\"200\" srcset=\"https:\/\/www.mourioche.de\/wpmourio\/wp-content\/uploads\/2018\/01\/bran2-300x200.jpg 300w, https:\/\/www.mourioche.de\/wpmourio\/wp-content\/uploads\/2018\/01\/bran2-768x512.jpg 768w, https:\/\/www.mourioche.de\/wpmourio\/wp-content\/uploads\/2018\/01\/bran2-150x100.jpg 150w, https:\/\/www.mourioche.de\/wpmourio\/wp-content\/uploads\/2018\/01\/bran2-400x267.jpg 400w, https:\/\/www.mourioche.de\/wpmourio\/wp-content\/uploads\/2018\/01\/bran2.jpg 800w\" sizes=\"auto, (max-width: 300px) 100vw, 300px\" \/><\/a><\/p>\n<p style=\"text-align: center;\"><a href=\"https:\/\/www.mourioche.de\/wpmourio\/wp-content\/uploads\/2018\/01\/brienne1.jpg\"><img loading=\"lazy\" decoding=\"async\" class=\"alignnone size-medium wp-image-10190\" src=\"https:\/\/www.mourioche.de\/wpmourio\/wp-content\/uploads\/2018\/01\/brienne1-300x200.jpg\" alt=\"\" width=\"300\" height=\"200\" srcset=\"https:\/\/www.mourioche.de\/wpmourio\/wp-content\/uploads\/2018\/01\/brienne1-300x200.jpg 300w, https:\/\/www.mourioche.de\/wpmourio\/wp-content\/uploads\/2018\/01\/brienne1-768x512.jpg 768w, https:\/\/www.mourioche.de\/wpmourio\/wp-content\/uploads\/2018\/01\/brienne1-150x100.jpg 150w, https:\/\/www.mourioche.de\/wpmourio\/wp-content\/uploads\/2018\/01\/brienne1-400x267.jpg 400w, https:\/\/www.mourioche.de\/wpmourio\/wp-content\/uploads\/2018\/01\/brienne1.jpg 800w\" sizes=\"auto, (max-width: 300px) 100vw, 300px\" \/><\/a><\/p>\n<p style=\"text-align: center;\">Brienne<\/p>\n<p style=\"text-align: center;\"><a href=\"https:\/\/www.mourioche.de\/wpmourio\/wp-content\/uploads\/2018\/01\/brienne22.jpg\"><img loading=\"lazy\" decoding=\"async\" class=\"alignnone size-medium wp-image-10191\" src=\"https:\/\/www.mourioche.de\/wpmourio\/wp-content\/uploads\/2018\/01\/brienne22-300x200.jpg\" alt=\"\" width=\"300\" height=\"200\" srcset=\"https:\/\/www.mourioche.de\/wpmourio\/wp-content\/uploads\/2018\/01\/brienne22-300x200.jpg 300w, https:\/\/www.mourioche.de\/wpmourio\/wp-content\/uploads\/2018\/01\/brienne22-768x512.jpg 768w, https:\/\/www.mourioche.de\/wpmourio\/wp-content\/uploads\/2018\/01\/brienne22-150x100.jpg 150w, https:\/\/www.mourioche.de\/wpmourio\/wp-content\/uploads\/2018\/01\/brienne22-400x267.jpg 400w, https:\/\/www.mourioche.de\/wpmourio\/wp-content\/uploads\/2018\/01\/brienne22.jpg 800w\" sizes=\"auto, (max-width: 300px) 100vw, 300px\" \/><\/a><\/p>\n<p style=\"text-align: center;\"><a href=\"https:\/\/www.mourioche.de\/wpmourio\/wp-content\/uploads\/2018\/01\/bronn1.jpg\"><img loading=\"lazy\" decoding=\"async\" class=\"alignnone size-medium wp-image-10192\" src=\"https:\/\/www.mourioche.de\/wpmourio\/wp-content\/uploads\/2018\/01\/bronn1-300x200.jpg\" alt=\"\" width=\"300\" height=\"200\" srcset=\"https:\/\/www.mourioche.de\/wpmourio\/wp-content\/uploads\/2018\/01\/bronn1-300x200.jpg 300w, https:\/\/www.mourioche.de\/wpmourio\/wp-content\/uploads\/2018\/01\/bronn1-768x512.jpg 768w, https:\/\/www.mourioche.de\/wpmourio\/wp-content\/uploads\/2018\/01\/bronn1-150x100.jpg 150w, https:\/\/www.mourioche.de\/wpmourio\/wp-content\/uploads\/2018\/01\/bronn1-400x267.jpg 400w, https:\/\/www.mourioche.de\/wpmourio\/wp-content\/uploads\/2018\/01\/bronn1.jpg 800w\" sizes=\"auto, (max-width: 300px) 100vw, 300px\" \/><\/a><\/p>\n<p style=\"text-align: center;\">Bronn<\/p>\n<p style=\"text-align: center;\"><a href=\"https:\/\/www.mourioche.de\/wpmourio\/wp-content\/uploads\/2018\/01\/bronn2.jpg\"><img loading=\"lazy\" decoding=\"async\" class=\"alignnone size-medium wp-image-10193\" src=\"https:\/\/www.mourioche.de\/wpmourio\/wp-content\/uploads\/2018\/01\/bronn2-300x200.jpg\" alt=\"\" width=\"300\" height=\"200\" srcset=\"https:\/\/www.mourioche.de\/wpmourio\/wp-content\/uploads\/2018\/01\/bronn2-300x200.jpg 300w, https:\/\/www.mourioche.de\/wpmourio\/wp-content\/uploads\/2018\/01\/bronn2-768x512.jpg 768w, https:\/\/www.mourioche.de\/wpmourio\/wp-content\/uploads\/2018\/01\/bronn2-150x100.jpg 150w, https:\/\/www.mourioche.de\/wpmourio\/wp-content\/uploads\/2018\/01\/bronn2-400x267.jpg 400w, https:\/\/www.mourioche.de\/wpmourio\/wp-content\/uploads\/2018\/01\/bronn2.jpg 800w\" sizes=\"auto, (max-width: 300px) 100vw, 300px\" \/><\/a><\/p>\n<p style=\"text-align: center;\"><img loading=\"lazy\" decoding=\"async\" class=\"alignnone size-medium wp-image-10181\" src=\"https:\/\/www.mourioche.de\/wpmourio\/wp-content\/uploads\/2018\/01\/20180106_204432-300x225.jpg\" alt=\"\" width=\"300\" height=\"225\" srcset=\"https:\/\/www.mourioche.de\/wpmourio\/wp-content\/uploads\/2018\/01\/20180106_204432-300x225.jpg 300w, https:\/\/www.mourioche.de\/wpmourio\/wp-content\/uploads\/2018\/01\/20180106_204432-768x576.jpg 768w, https:\/\/www.mourioche.de\/wpmourio\/wp-content\/uploads\/2018\/01\/20180106_204432-1024x768.jpg 1024w, https:\/\/www.mourioche.de\/wpmourio\/wp-content\/uploads\/2018\/01\/20180106_204432-150x113.jpg 150w, https:\/\/www.mourioche.de\/wpmourio\/wp-content\/uploads\/2018\/01\/20180106_204432-400x300.jpg 400w\" sizes=\"auto, (max-width: 300px) 100vw, 300px\" \/><a href=\"https:\/\/www.mourioche.de\/wpmourio\/wp-content\/uploads\/2018\/01\/20180106_204449.jpg\"><img loading=\"lazy\" decoding=\"async\" class=\"alignnone size-medium wp-image-10182\" src=\"https:\/\/www.mourioche.de\/wpmourio\/wp-content\/uploads\/2018\/01\/20180106_204449-300x225.jpg\" alt=\"\" width=\"300\" height=\"225\" srcset=\"https:\/\/www.mourioche.de\/wpmourio\/wp-content\/uploads\/2018\/01\/20180106_204449-300x225.jpg 300w, https:\/\/www.mourioche.de\/wpmourio\/wp-content\/uploads\/2018\/01\/20180106_204449-768x576.jpg 768w, https:\/\/www.mourioche.de\/wpmourio\/wp-content\/uploads\/2018\/01\/20180106_204449-1024x768.jpg 1024w, https:\/\/www.mourioche.de\/wpmourio\/wp-content\/uploads\/2018\/01\/20180106_204449-150x113.jpg 150w, https:\/\/www.mourioche.de\/wpmourio\/wp-content\/uploads\/2018\/01\/20180106_204449-400x300.jpg 400w\" sizes=\"auto, (max-width: 300px) 100vw, 300px\" \/><\/a><\/p>\n<p style=\"text-align: center;\">Philine konnte die Geburt hautnah miterleben &#8211; ein unvergessliches Erlebnis!<\/p>\n<p style=\"text-align: center;\">\n","protected":false},"excerpt":{"rendered":"<p>07.01.2018 Wir freuen uns sehr \u00fcber kleine L\u00f6ckchen! Unser Mudi B-Wurf ist geboren, schnell und unkompliziert purzelten innerhalb k\u00fcrzester Zeit 5 Welpen auf die Welt! Wir begr\u00fc\u00dfen: &nbsp; von links nach rechts: Baela (H\u00fcndin), Bronn (R\u00fcde), Bandy (H\u00fcndin), Bran (R\u00fcde) und Brienne (H\u00fcndin) Baela Bandy Bran Brienne Bronn Philine konnte die Geburt hautnah miterleben &#8211; &hellip; <a href=\"https:\/\/www.mourioche.de\/?page_id=10179\" class=\"more-link\"><span class=\"screen-reader-text\">Mimi B-Wurf 1. Woche<\/span> weiterlesen <span class=\"meta-nav\">&rarr;<\/span><\/a><\/p>\n","protected":false},"author":2,"featured_media":0,"parent":10177,"menu_order":3211,"comment_status":"closed","ping_status":"closed","template":"","meta":{"footnotes":""},"class_list":["post-10179","page","type-page","status-publish","hentry"],"_links":{"self":[{"href":"https:\/\/www.mourioche.de\/index.php?rest_route=\/wp\/v2\/pages\/10179","targetHints":{"allow":["GET"]}}],"collection":[{"href":"https:\/\/www.mourioche.de\/index.php?rest_route=\/wp\/v2\/pages"}],"about":[{"href":"https:\/\/www.mourioche.de\/index.php?rest_route=\/wp\/v2\/types\/page"}],"author":[{"embeddable":true,"href":"https:\/\/www.mourioche.de\/index.php?rest_route=\/wp\/v2\/users\/2"}],"replies":[{"embeddable":true,"href":"https:\/\/www.mourioche.de\/index.php?rest_route=%2Fwp%2Fv2%2Fcomments&post=10179"}],"version-history":[{"count":1,"href":"https:\/\/www.mourioche.de\/index.php?rest_route=\/wp\/v2\/pages\/10179\/revisions"}],"predecessor-version":[{"id":10194,"href":"https:\/\/www.mourioche.de\/index.php?rest_route=\/wp\/v2\/pages\/10179\/revisions\/10194"}],"up":[{"embeddable":true,"href":"https:\/\/www.mourioche.de\/index.php?rest_route=\/wp\/v2\/pages\/10177"}],"wp:attachment":[{"href":"https:\/\/www.mourioche.de\/index.php?rest_route=%2Fwp%2Fv2%2Fmedia&parent=10179"}],"curies":[{"name":"wp","href":"https:\/\/api.w.org\/{rel}","templated":true}]}}