{"id":10201,"date":"2018-01-10T20:46:26","date_gmt":"2018-01-10T18:46:26","guid":{"rendered":"http:\/\/www.mourioche.de\/?page_id=10201"},"modified":"2018-01-10T20:51:54","modified_gmt":"2018-01-10T18:51:54","slug":"eala-n-wurf-1-woche","status":"publish","type":"page","link":"https:\/\/www.mourioche.de\/?page_id=10201","title":{"rendered":"Eala N-Wurf 1. Woche"},"content":{"rendered":"<p style=\"text-align: center;\"><strong>10.01.2018<\/strong><\/p>\n<p style=\"text-align: center;\">Wir freuen uns sehr \u00fcber die Geburt unseres N-Wurfs!<\/p>\n<p style=\"text-align: center;\">Eala du Mourioche x Idem du Val du Vent Dore<\/p>\n<p style=\"text-align: center;\">Willkommen!<\/p>\n<p style=\"text-align: center;\"><a href=\"https:\/\/www.mourioche.de\/wpmourio\/wp-content\/uploads\/2018\/01\/20180109_223026.jpg\"><img loading=\"lazy\" decoding=\"async\" class=\"alignnone size-medium wp-image-10208\" src=\"https:\/\/www.mourioche.de\/wpmourio\/wp-content\/uploads\/2018\/01\/20180109_223026-300x225.jpg\" alt=\"\" width=\"300\" height=\"225\" srcset=\"https:\/\/www.mourioche.de\/wpmourio\/wp-content\/uploads\/2018\/01\/20180109_223026-300x225.jpg 300w, https:\/\/www.mourioche.de\/wpmourio\/wp-content\/uploads\/2018\/01\/20180109_223026-768x576.jpg 768w, https:\/\/www.mourioche.de\/wpmourio\/wp-content\/uploads\/2018\/01\/20180109_223026-1024x768.jpg 1024w, https:\/\/www.mourioche.de\/wpmourio\/wp-content\/uploads\/2018\/01\/20180109_223026-150x113.jpg 150w, https:\/\/www.mourioche.de\/wpmourio\/wp-content\/uploads\/2018\/01\/20180109_223026-400x300.jpg 400w\" sizes=\"auto, (max-width: 300px) 100vw, 300px\" \/><\/a> <a href=\"https:\/\/www.mourioche.de\/wpmourio\/wp-content\/uploads\/2018\/01\/20180109_223032.jpg\"><img loading=\"lazy\" decoding=\"async\" class=\"alignnone size-medium wp-image-10209\" src=\"https:\/\/www.mourioche.de\/wpmourio\/wp-content\/uploads\/2018\/01\/20180109_223032-300x225.jpg\" alt=\"\" width=\"300\" height=\"225\" srcset=\"https:\/\/www.mourioche.de\/wpmourio\/wp-content\/uploads\/2018\/01\/20180109_223032-300x225.jpg 300w, https:\/\/www.mourioche.de\/wpmourio\/wp-content\/uploads\/2018\/01\/20180109_223032-768x576.jpg 768w, https:\/\/www.mourioche.de\/wpmourio\/wp-content\/uploads\/2018\/01\/20180109_223032-1024x768.jpg 1024w, https:\/\/www.mourioche.de\/wpmourio\/wp-content\/uploads\/2018\/01\/20180109_223032-150x113.jpg 150w, https:\/\/www.mourioche.de\/wpmourio\/wp-content\/uploads\/2018\/01\/20180109_223032-400x300.jpg 400w\" sizes=\"auto, (max-width: 300px) 100vw, 300px\" \/><\/a> <a href=\"https:\/\/www.mourioche.de\/wpmourio\/wp-content\/uploads\/2018\/01\/20180110_071638.jpg\"><img loading=\"lazy\" decoding=\"async\" class=\"alignnone size-medium wp-image-10210\" src=\"https:\/\/www.mourioche.de\/wpmourio\/wp-content\/uploads\/2018\/01\/20180110_071638-300x225.jpg\" alt=\"\" width=\"300\" height=\"225\" srcset=\"https:\/\/www.mourioche.de\/wpmourio\/wp-content\/uploads\/2018\/01\/20180110_071638-300x225.jpg 300w, https:\/\/www.mourioche.de\/wpmourio\/wp-content\/uploads\/2018\/01\/20180110_071638-768x576.jpg 768w, https:\/\/www.mourioche.de\/wpmourio\/wp-content\/uploads\/2018\/01\/20180110_071638-1024x768.jpg 1024w, https:\/\/www.mourioche.de\/wpmourio\/wp-content\/uploads\/2018\/01\/20180110_071638-150x113.jpg 150w, https:\/\/www.mourioche.de\/wpmourio\/wp-content\/uploads\/2018\/01\/20180110_071638-400x300.jpg 400w\" sizes=\"auto, (max-width: 300px) 100vw, 300px\" \/><\/a><\/p>\n<p style=\"text-align: center;\"><a href=\"https:\/\/www.mourioche.de\/wpmourio\/wp-content\/uploads\/2018\/01\/nazgul1.jpg\"><img loading=\"lazy\" decoding=\"async\" class=\"alignnone size-medium wp-image-10202\" src=\"https:\/\/www.mourioche.de\/wpmourio\/wp-content\/uploads\/2018\/01\/nazgul1-300x200.jpg\" alt=\"\" width=\"300\" height=\"200\" srcset=\"https:\/\/www.mourioche.de\/wpmourio\/wp-content\/uploads\/2018\/01\/nazgul1-300x200.jpg 300w, https:\/\/www.mourioche.de\/wpmourio\/wp-content\/uploads\/2018\/01\/nazgul1-768x512.jpg 768w, https:\/\/www.mourioche.de\/wpmourio\/wp-content\/uploads\/2018\/01\/nazgul1-150x100.jpg 150w, https:\/\/www.mourioche.de\/wpmourio\/wp-content\/uploads\/2018\/01\/nazgul1-400x267.jpg 400w, https:\/\/www.mourioche.de\/wpmourio\/wp-content\/uploads\/2018\/01\/nazgul1.jpg 800w\" sizes=\"auto, (max-width: 300px) 100vw, 300px\" \/><\/a><\/p>\n<p style=\"text-align: center;\">Nazgul (R\u00fcde)<\/p>\n<p style=\"text-align: center;\"><a href=\"https:\/\/www.mourioche.de\/wpmourio\/wp-content\/uploads\/2018\/01\/nazgul2.jpg\"><img loading=\"lazy\" decoding=\"async\" class=\"alignnone size-medium wp-image-10203\" src=\"https:\/\/www.mourioche.de\/wpmourio\/wp-content\/uploads\/2018\/01\/nazgul2-300x200.jpg\" alt=\"\" width=\"300\" height=\"200\" srcset=\"https:\/\/www.mourioche.de\/wpmourio\/wp-content\/uploads\/2018\/01\/nazgul2-300x200.jpg 300w, https:\/\/www.mourioche.de\/wpmourio\/wp-content\/uploads\/2018\/01\/nazgul2-768x512.jpg 768w, https:\/\/www.mourioche.de\/wpmourio\/wp-content\/uploads\/2018\/01\/nazgul2-150x100.jpg 150w, https:\/\/www.mourioche.de\/wpmourio\/wp-content\/uploads\/2018\/01\/nazgul2-400x267.jpg 400w, https:\/\/www.mourioche.de\/wpmourio\/wp-content\/uploads\/2018\/01\/nazgul2.jpg 800w\" sizes=\"auto, (max-width: 300px) 100vw, 300px\" \/><\/a><\/p>\n<p style=\"text-align: center;\"><a href=\"https:\/\/www.mourioche.de\/wpmourio\/wp-content\/uploads\/2018\/01\/nori1.jpg\"><img loading=\"lazy\" decoding=\"async\" class=\"alignnone size-medium wp-image-10204\" src=\"https:\/\/www.mourioche.de\/wpmourio\/wp-content\/uploads\/2018\/01\/nori1-300x200.jpg\" alt=\"\" width=\"300\" height=\"200\" srcset=\"https:\/\/www.mourioche.de\/wpmourio\/wp-content\/uploads\/2018\/01\/nori1-300x200.jpg 300w, https:\/\/www.mourioche.de\/wpmourio\/wp-content\/uploads\/2018\/01\/nori1-768x512.jpg 768w, https:\/\/www.mourioche.de\/wpmourio\/wp-content\/uploads\/2018\/01\/nori1-150x100.jpg 150w, https:\/\/www.mourioche.de\/wpmourio\/wp-content\/uploads\/2018\/01\/nori1-400x267.jpg 400w, https:\/\/www.mourioche.de\/wpmourio\/wp-content\/uploads\/2018\/01\/nori1.jpg 800w\" sizes=\"auto, (max-width: 300px) 100vw, 300px\" \/><\/a><\/p>\n<p style=\"text-align: center;\">Nori (H\u00fcndin)<\/p>\n<p style=\"text-align: center;\"><a href=\"https:\/\/www.mourioche.de\/wpmourio\/wp-content\/uploads\/2018\/01\/nori2.jpg\"><img loading=\"lazy\" decoding=\"async\" class=\"alignnone size-medium wp-image-10205\" src=\"https:\/\/www.mourioche.de\/wpmourio\/wp-content\/uploads\/2018\/01\/nori2-300x200.jpg\" alt=\"\" width=\"300\" height=\"200\" srcset=\"https:\/\/www.mourioche.de\/wpmourio\/wp-content\/uploads\/2018\/01\/nori2-300x200.jpg 300w, https:\/\/www.mourioche.de\/wpmourio\/wp-content\/uploads\/2018\/01\/nori2-768x512.jpg 768w, https:\/\/www.mourioche.de\/wpmourio\/wp-content\/uploads\/2018\/01\/nori2-150x100.jpg 150w, https:\/\/www.mourioche.de\/wpmourio\/wp-content\/uploads\/2018\/01\/nori2-400x267.jpg 400w, https:\/\/www.mourioche.de\/wpmourio\/wp-content\/uploads\/2018\/01\/nori2.jpg 800w\" sizes=\"auto, (max-width: 300px) 100vw, 300px\" \/><\/a><\/p>\n<p style=\"text-align: center;\"><a href=\"https:\/\/www.mourioche.de\/wpmourio\/wp-content\/uploads\/2018\/01\/Nuneth1.jpg\"><img loading=\"lazy\" decoding=\"async\" class=\"alignnone size-medium wp-image-10206\" src=\"https:\/\/www.mourioche.de\/wpmourio\/wp-content\/uploads\/2018\/01\/Nuneth1-300x200.jpg\" alt=\"\" width=\"300\" height=\"200\" srcset=\"https:\/\/www.mourioche.de\/wpmourio\/wp-content\/uploads\/2018\/01\/Nuneth1-300x200.jpg 300w, https:\/\/www.mourioche.de\/wpmourio\/wp-content\/uploads\/2018\/01\/Nuneth1-768x512.jpg 768w, https:\/\/www.mourioche.de\/wpmourio\/wp-content\/uploads\/2018\/01\/Nuneth1-150x100.jpg 150w, https:\/\/www.mourioche.de\/wpmourio\/wp-content\/uploads\/2018\/01\/Nuneth1-400x267.jpg 400w, https:\/\/www.mourioche.de\/wpmourio\/wp-content\/uploads\/2018\/01\/Nuneth1.jpg 800w\" sizes=\"auto, (max-width: 300px) 100vw, 300px\" \/><\/a><\/p>\n<p style=\"text-align: center;\">Nuneth (H\u00fcndin)<\/p>\n<p style=\"text-align: center;\"><a href=\"https:\/\/www.mourioche.de\/wpmourio\/wp-content\/uploads\/2018\/01\/nuneth2.jpg\"><img loading=\"lazy\" decoding=\"async\" class=\"alignnone size-medium wp-image-10207\" src=\"https:\/\/www.mourioche.de\/wpmourio\/wp-content\/uploads\/2018\/01\/nuneth2-300x200.jpg\" alt=\"\" width=\"300\" height=\"200\" srcset=\"https:\/\/www.mourioche.de\/wpmourio\/wp-content\/uploads\/2018\/01\/nuneth2-300x200.jpg 300w, https:\/\/www.mourioche.de\/wpmourio\/wp-content\/uploads\/2018\/01\/nuneth2-768x512.jpg 768w, https:\/\/www.mourioche.de\/wpmourio\/wp-content\/uploads\/2018\/01\/nuneth2-150x100.jpg 150w, https:\/\/www.mourioche.de\/wpmourio\/wp-content\/uploads\/2018\/01\/nuneth2-400x267.jpg 400w, https:\/\/www.mourioche.de\/wpmourio\/wp-content\/uploads\/2018\/01\/nuneth2.jpg 800w\" sizes=\"auto, (max-width: 300px) 100vw, 300px\" \/><\/a><\/p>\n","protected":false},"excerpt":{"rendered":"<p>10.01.2018 Wir freuen uns sehr \u00fcber die Geburt unseres N-Wurfs! Eala du Mourioche x Idem du Val du Vent Dore Willkommen! Nazgul (R\u00fcde) Nori (H\u00fcndin) Nuneth (H\u00fcndin)<\/p>\n","protected":false},"author":2,"featured_media":0,"parent":10212,"menu_order":2411,"comment_status":"closed","ping_status":"closed","template":"","meta":{"footnotes":""},"class_list":["post-10201","page","type-page","status-publish","hentry"],"_links":{"self":[{"href":"https:\/\/www.mourioche.de\/index.php?rest_route=\/wp\/v2\/pages\/10201","targetHints":{"allow":["GET"]}}],"collection":[{"href":"https:\/\/www.mourioche.de\/index.php?rest_route=\/wp\/v2\/pages"}],"about":[{"href":"https:\/\/www.mourioche.de\/index.php?rest_route=\/wp\/v2\/types\/page"}],"author":[{"embeddable":true,"href":"https:\/\/www.mourioche.de\/index.php?rest_route=\/wp\/v2\/users\/2"}],"replies":[{"embeddable":true,"href":"https:\/\/www.mourioche.de\/index.php?rest_route=%2Fwp%2Fv2%2Fcomments&post=10201"}],"version-history":[{"count":2,"href":"https:\/\/www.mourioche.de\/index.php?rest_route=\/wp\/v2\/pages\/10201\/revisions"}],"predecessor-version":[{"id":10226,"href":"https:\/\/www.mourioche.de\/index.php?rest_route=\/wp\/v2\/pages\/10201\/revisions\/10226"}],"up":[{"embeddable":true,"href":"https:\/\/www.mourioche.de\/index.php?rest_route=\/wp\/v2\/pages\/10212"}],"wp:attachment":[{"href":"https:\/\/www.mourioche.de\/index.php?rest_route=%2Fwp%2Fv2%2Fmedia&parent=10201"}],"curies":[{"name":"wp","href":"https:\/\/api.w.org\/{rel}","templated":true}]}}