{"id":10228,"date":"2018-01-17T13:03:23","date_gmt":"2018-01-17T11:03:23","guid":{"rendered":"http:\/\/www.mourioche.de\/?page_id=10228"},"modified":"2018-01-17T13:03:23","modified_gmt":"2018-01-17T11:03:23","slug":"eala-n-wurf-2-woche","status":"publish","type":"page","link":"https:\/\/www.mourioche.de\/?page_id=10228","title":{"rendered":"Eala N-Wurf 2. Woche"},"content":{"rendered":"<p style=\"text-align: center;\"><strong>17.01.2018<\/strong><\/p>\n<p style=\"text-align: center;\">Unser Trio w\u00e4chst und gedeiht. Eala k\u00fcmmerst sich hingebungsvoll um ihre Welpen und l\u00e4sst sie keine Sekunde aus den Augen. Die Kleinen haben ein wunderbares Leben &#8211; trinken, schlafen und wachsen. Beneidenswert, diese Rundum-Sorglos-Versorgung!<\/p>\n<p style=\"text-align: center;\"><a href=\"https:\/\/www.mourioche.de\/wpmourio\/wp-content\/uploads\/2018\/01\/20180116_161545.jpg\"><img loading=\"lazy\" decoding=\"async\" class=\"alignnone size-medium wp-image-10229\" src=\"https:\/\/www.mourioche.de\/wpmourio\/wp-content\/uploads\/2018\/01\/20180116_161545-300x225.jpg\" alt=\"\" width=\"300\" height=\"225\" srcset=\"https:\/\/www.mourioche.de\/wpmourio\/wp-content\/uploads\/2018\/01\/20180116_161545-300x225.jpg 300w, https:\/\/www.mourioche.de\/wpmourio\/wp-content\/uploads\/2018\/01\/20180116_161545-768x576.jpg 768w, https:\/\/www.mourioche.de\/wpmourio\/wp-content\/uploads\/2018\/01\/20180116_161545-1024x768.jpg 1024w, https:\/\/www.mourioche.de\/wpmourio\/wp-content\/uploads\/2018\/01\/20180116_161545-150x113.jpg 150w, https:\/\/www.mourioche.de\/wpmourio\/wp-content\/uploads\/2018\/01\/20180116_161545-400x300.jpg 400w\" sizes=\"auto, (max-width: 300px) 100vw, 300px\" \/><\/a> <a href=\"https:\/\/www.mourioche.de\/wpmourio\/wp-content\/uploads\/2018\/01\/20180116_161552.jpg\"><img loading=\"lazy\" decoding=\"async\" class=\"alignnone size-medium wp-image-10230\" src=\"https:\/\/www.mourioche.de\/wpmourio\/wp-content\/uploads\/2018\/01\/20180116_161552-300x225.jpg\" alt=\"\" width=\"300\" height=\"225\" srcset=\"https:\/\/www.mourioche.de\/wpmourio\/wp-content\/uploads\/2018\/01\/20180116_161552-300x225.jpg 300w, https:\/\/www.mourioche.de\/wpmourio\/wp-content\/uploads\/2018\/01\/20180116_161552-768x576.jpg 768w, https:\/\/www.mourioche.de\/wpmourio\/wp-content\/uploads\/2018\/01\/20180116_161552-1024x768.jpg 1024w, https:\/\/www.mourioche.de\/wpmourio\/wp-content\/uploads\/2018\/01\/20180116_161552-150x113.jpg 150w, https:\/\/www.mourioche.de\/wpmourio\/wp-content\/uploads\/2018\/01\/20180116_161552-400x300.jpg 400w\" sizes=\"auto, (max-width: 300px) 100vw, 300px\" \/><\/a> <a href=\"https:\/\/www.mourioche.de\/wpmourio\/wp-content\/uploads\/2018\/01\/20180116_161559.jpg\"><img loading=\"lazy\" decoding=\"async\" class=\"alignnone size-medium wp-image-10231\" src=\"https:\/\/www.mourioche.de\/wpmourio\/wp-content\/uploads\/2018\/01\/20180116_161559-300x225.jpg\" alt=\"\" width=\"300\" height=\"225\" srcset=\"https:\/\/www.mourioche.de\/wpmourio\/wp-content\/uploads\/2018\/01\/20180116_161559-300x225.jpg 300w, https:\/\/www.mourioche.de\/wpmourio\/wp-content\/uploads\/2018\/01\/20180116_161559-768x576.jpg 768w, https:\/\/www.mourioche.de\/wpmourio\/wp-content\/uploads\/2018\/01\/20180116_161559-1024x768.jpg 1024w, https:\/\/www.mourioche.de\/wpmourio\/wp-content\/uploads\/2018\/01\/20180116_161559-150x113.jpg 150w, https:\/\/www.mourioche.de\/wpmourio\/wp-content\/uploads\/2018\/01\/20180116_161559-400x300.jpg 400w\" sizes=\"auto, (max-width: 300px) 100vw, 300px\" \/><\/a> <a href=\"https:\/\/www.mourioche.de\/wpmourio\/wp-content\/uploads\/2018\/01\/20180116_161609-e1516186971946.jpg\"><img loading=\"lazy\" decoding=\"async\" class=\"alignnone size-medium wp-image-10232\" src=\"https:\/\/www.mourioche.de\/wpmourio\/wp-content\/uploads\/2018\/01\/20180116_161609-e1516186971946-225x300.jpg\" alt=\"\" width=\"225\" height=\"300\" srcset=\"https:\/\/www.mourioche.de\/wpmourio\/wp-content\/uploads\/2018\/01\/20180116_161609-e1516186971946-225x300.jpg 225w, https:\/\/www.mourioche.de\/wpmourio\/wp-content\/uploads\/2018\/01\/20180116_161609-e1516186971946-768x1024.jpg 768w, https:\/\/www.mourioche.de\/wpmourio\/wp-content\/uploads\/2018\/01\/20180116_161609-e1516186971946-113x150.jpg 113w, https:\/\/www.mourioche.de\/wpmourio\/wp-content\/uploads\/2018\/01\/20180116_161609-e1516186971946-400x533.jpg 400w\" sizes=\"auto, (max-width: 225px) 100vw, 225px\" \/><\/a><\/p>\n","protected":false},"excerpt":{"rendered":"<p>17.01.2018 Unser Trio w\u00e4chst und gedeiht. Eala k\u00fcmmerst sich hingebungsvoll um ihre Welpen und l\u00e4sst sie keine Sekunde aus den Augen. Die Kleinen haben ein wunderbares Leben &#8211; trinken, schlafen und wachsen. Beneidenswert, diese Rundum-Sorglos-Versorgung!<\/p>\n","protected":false},"author":2,"featured_media":0,"parent":10212,"menu_order":2412,"comment_status":"closed","ping_status":"closed","template":"","meta":{"footnotes":""},"class_list":["post-10228","page","type-page","status-publish","hentry"],"_links":{"self":[{"href":"https:\/\/www.mourioche.de\/index.php?rest_route=\/wp\/v2\/pages\/10228","targetHints":{"allow":["GET"]}}],"collection":[{"href":"https:\/\/www.mourioche.de\/index.php?rest_route=\/wp\/v2\/pages"}],"about":[{"href":"https:\/\/www.mourioche.de\/index.php?rest_route=\/wp\/v2\/types\/page"}],"author":[{"embeddable":true,"href":"https:\/\/www.mourioche.de\/index.php?rest_route=\/wp\/v2\/users\/2"}],"replies":[{"embeddable":true,"href":"https:\/\/www.mourioche.de\/index.php?rest_route=%2Fwp%2Fv2%2Fcomments&post=10228"}],"version-history":[{"count":1,"href":"https:\/\/www.mourioche.de\/index.php?rest_route=\/wp\/v2\/pages\/10228\/revisions"}],"predecessor-version":[{"id":10236,"href":"https:\/\/www.mourioche.de\/index.php?rest_route=\/wp\/v2\/pages\/10228\/revisions\/10236"}],"up":[{"embeddable":true,"href":"https:\/\/www.mourioche.de\/index.php?rest_route=\/wp\/v2\/pages\/10212"}],"wp:attachment":[{"href":"https:\/\/www.mourioche.de\/index.php?rest_route=%2Fwp%2Fv2%2Fmedia&parent=10228"}],"curies":[{"name":"wp","href":"https:\/\/api.w.org\/{rel}","templated":true}]}}