{"id":10237,"date":"2018-01-17T13:06:05","date_gmt":"2018-01-17T11:06:05","guid":{"rendered":"http:\/\/www.mourioche.de\/?page_id=10237"},"modified":"2018-01-17T13:06:05","modified_gmt":"2018-01-17T11:06:05","slug":"mimi-b-wurf-2-woche","status":"publish","type":"page","link":"https:\/\/www.mourioche.de\/?page_id=10237","title":{"rendered":"Mimi B-Wurf 2. Woche"},"content":{"rendered":"<p style=\"text-align: center;\"><strong>17.01.2018<\/strong><\/p>\n<p style=\"text-align: center;\">Mimis Quintett ist schon ganz sch\u00f6n flott unterwegs. Obwohl die Augen und Ohren noch geschlossen sind, krabbeln sie in beachtlicher Geschwindigkeit durch die Wurfkiste. Der gr\u00f6\u00dfte Teil des Tages besteht aber aus Schlafen, gefolgt von Trinken. Mimi k\u00fcmmert sich sehr f\u00fcrsorglich um ihren Nachwuchs!<\/p>\n<p style=\"text-align: center;\"><a href=\"https:\/\/www.mourioche.de\/wpmourio\/wp-content\/uploads\/2018\/01\/20180117_115129.jpg\"><img loading=\"lazy\" decoding=\"async\" class=\"alignnone size-medium wp-image-10233\" src=\"https:\/\/www.mourioche.de\/wpmourio\/wp-content\/uploads\/2018\/01\/20180117_115129-300x225.jpg\" alt=\"\" width=\"300\" height=\"225\" srcset=\"https:\/\/www.mourioche.de\/wpmourio\/wp-content\/uploads\/2018\/01\/20180117_115129-300x225.jpg 300w, https:\/\/www.mourioche.de\/wpmourio\/wp-content\/uploads\/2018\/01\/20180117_115129-768x576.jpg 768w, https:\/\/www.mourioche.de\/wpmourio\/wp-content\/uploads\/2018\/01\/20180117_115129-1024x768.jpg 1024w, https:\/\/www.mourioche.de\/wpmourio\/wp-content\/uploads\/2018\/01\/20180117_115129-150x113.jpg 150w, https:\/\/www.mourioche.de\/wpmourio\/wp-content\/uploads\/2018\/01\/20180117_115129-400x300.jpg 400w\" sizes=\"auto, (max-width: 300px) 100vw, 300px\" \/><\/a> <a href=\"https:\/\/www.mourioche.de\/wpmourio\/wp-content\/uploads\/2018\/01\/20180117_115135.jpg\"><img loading=\"lazy\" decoding=\"async\" class=\"alignnone size-medium wp-image-10234\" src=\"https:\/\/www.mourioche.de\/wpmourio\/wp-content\/uploads\/2018\/01\/20180117_115135-300x225.jpg\" alt=\"\" width=\"300\" height=\"225\" srcset=\"https:\/\/www.mourioche.de\/wpmourio\/wp-content\/uploads\/2018\/01\/20180117_115135-300x225.jpg 300w, https:\/\/www.mourioche.de\/wpmourio\/wp-content\/uploads\/2018\/01\/20180117_115135-768x576.jpg 768w, https:\/\/www.mourioche.de\/wpmourio\/wp-content\/uploads\/2018\/01\/20180117_115135-1024x768.jpg 1024w, https:\/\/www.mourioche.de\/wpmourio\/wp-content\/uploads\/2018\/01\/20180117_115135-150x113.jpg 150w, https:\/\/www.mourioche.de\/wpmourio\/wp-content\/uploads\/2018\/01\/20180117_115135-400x300.jpg 400w\" sizes=\"auto, (max-width: 300px) 100vw, 300px\" \/><\/a> <a href=\"https:\/\/www.mourioche.de\/wpmourio\/wp-content\/uploads\/2018\/01\/20180117_115200.jpg\"><img loading=\"lazy\" decoding=\"async\" class=\"alignnone size-medium wp-image-10235\" src=\"https:\/\/www.mourioche.de\/wpmourio\/wp-content\/uploads\/2018\/01\/20180117_115200-300x225.jpg\" alt=\"\" width=\"300\" height=\"225\" srcset=\"https:\/\/www.mourioche.de\/wpmourio\/wp-content\/uploads\/2018\/01\/20180117_115200-300x225.jpg 300w, https:\/\/www.mourioche.de\/wpmourio\/wp-content\/uploads\/2018\/01\/20180117_115200-768x576.jpg 768w, https:\/\/www.mourioche.de\/wpmourio\/wp-content\/uploads\/2018\/01\/20180117_115200-1024x768.jpg 1024w, https:\/\/www.mourioche.de\/wpmourio\/wp-content\/uploads\/2018\/01\/20180117_115200-150x113.jpg 150w, https:\/\/www.mourioche.de\/wpmourio\/wp-content\/uploads\/2018\/01\/20180117_115200-400x300.jpg 400w\" sizes=\"auto, (max-width: 300px) 100vw, 300px\" \/><\/a><\/p>\n","protected":false},"excerpt":{"rendered":"<p>17.01.2018 Mimis Quintett ist schon ganz sch\u00f6n flott unterwegs. Obwohl die Augen und Ohren noch geschlossen sind, krabbeln sie in beachtlicher Geschwindigkeit durch die Wurfkiste. Der gr\u00f6\u00dfte Teil des Tages besteht aber aus Schlafen, gefolgt von Trinken. Mimi k\u00fcmmert sich sehr f\u00fcrsorglich um ihren Nachwuchs!<\/p>\n","protected":false},"author":2,"featured_media":0,"parent":10177,"menu_order":3212,"comment_status":"closed","ping_status":"closed","template":"","meta":{"footnotes":""},"class_list":["post-10237","page","type-page","status-publish","hentry"],"_links":{"self":[{"href":"https:\/\/www.mourioche.de\/index.php?rest_route=\/wp\/v2\/pages\/10237","targetHints":{"allow":["GET"]}}],"collection":[{"href":"https:\/\/www.mourioche.de\/index.php?rest_route=\/wp\/v2\/pages"}],"about":[{"href":"https:\/\/www.mourioche.de\/index.php?rest_route=\/wp\/v2\/types\/page"}],"author":[{"embeddable":true,"href":"https:\/\/www.mourioche.de\/index.php?rest_route=\/wp\/v2\/users\/2"}],"replies":[{"embeddable":true,"href":"https:\/\/www.mourioche.de\/index.php?rest_route=%2Fwp%2Fv2%2Fcomments&post=10237"}],"version-history":[{"count":1,"href":"https:\/\/www.mourioche.de\/index.php?rest_route=\/wp\/v2\/pages\/10237\/revisions"}],"predecessor-version":[{"id":10238,"href":"https:\/\/www.mourioche.de\/index.php?rest_route=\/wp\/v2\/pages\/10237\/revisions\/10238"}],"up":[{"embeddable":true,"href":"https:\/\/www.mourioche.de\/index.php?rest_route=\/wp\/v2\/pages\/10177"}],"wp:attachment":[{"href":"https:\/\/www.mourioche.de\/index.php?rest_route=%2Fwp%2Fv2%2Fmedia&parent=10237"}],"curies":[{"name":"wp","href":"https:\/\/api.w.org\/{rel}","templated":true}]}}