{"id":10257,"date":"2018-02-06T18:14:40","date_gmt":"2018-02-06T16:14:40","guid":{"rendered":"http:\/\/www.mourioche.de\/?page_id=10257"},"modified":"2018-02-06T18:14:40","modified_gmt":"2018-02-06T16:14:40","slug":"eala-n-wurf-3-woche","status":"publish","type":"page","link":"https:\/\/www.mourioche.de\/?page_id=10257","title":{"rendered":"Eala N-Wurf 3. Woche"},"content":{"rendered":"<p style=\"text-align: center;\"><strong>06.02.2018<\/strong><\/p>\n<p style=\"text-align: center;\">W\u00e4hrend wir Menschen uns mit der diesj\u00e4hrigen Erk\u00e4ltungswelle herum plagen, entwickeln sich alle Welpen ganz wunderbar! T\u00e4glich werden sie flotter und unternehmungslustiger, sie erkunden ihre Umwelt fr\u00f6hlich und unbek\u00fcmmert und durften sogar schon den ersten kurzen Ausflug nach drau\u00dfen machen! Berger und Mudi laufen (unter Aufsicht) bunt gemischt durcheinander, man wei\u00df gar nicht, wohin man zuerst schauen soll!<\/p>\n<p style=\"text-align: center;\"><a href=\"https:\/\/www.mourioche.de\/wpmourio\/wp-content\/uploads\/2018\/02\/20180203_200200-e1517933277719.jpg\"><img loading=\"lazy\" decoding=\"async\" class=\"alignnone size-medium wp-image-10245\" src=\"https:\/\/www.mourioche.de\/wpmourio\/wp-content\/uploads\/2018\/02\/20180203_200200-e1517933277719-225x300.jpg\" alt=\"\" width=\"225\" height=\"300\" srcset=\"https:\/\/www.mourioche.de\/wpmourio\/wp-content\/uploads\/2018\/02\/20180203_200200-e1517933277719-225x300.jpg 225w, https:\/\/www.mourioche.de\/wpmourio\/wp-content\/uploads\/2018\/02\/20180203_200200-e1517933277719-768x1024.jpg 768w, https:\/\/www.mourioche.de\/wpmourio\/wp-content\/uploads\/2018\/02\/20180203_200200-e1517933277719-113x150.jpg 113w, https:\/\/www.mourioche.de\/wpmourio\/wp-content\/uploads\/2018\/02\/20180203_200200-e1517933277719-400x533.jpg 400w\" sizes=\"auto, (max-width: 225px) 100vw, 225px\" \/><\/a> <a href=\"https:\/\/www.mourioche.de\/wpmourio\/wp-content\/uploads\/2018\/02\/20180203_194808-e1517933258122.jpg\"><img loading=\"lazy\" decoding=\"async\" class=\"alignnone size-medium wp-image-10244\" src=\"https:\/\/www.mourioche.de\/wpmourio\/wp-content\/uploads\/2018\/02\/20180203_194808-e1517933258122-225x300.jpg\" alt=\"\" width=\"225\" height=\"300\" srcset=\"https:\/\/www.mourioche.de\/wpmourio\/wp-content\/uploads\/2018\/02\/20180203_194808-e1517933258122-225x300.jpg 225w, https:\/\/www.mourioche.de\/wpmourio\/wp-content\/uploads\/2018\/02\/20180203_194808-e1517933258122-768x1024.jpg 768w, https:\/\/www.mourioche.de\/wpmourio\/wp-content\/uploads\/2018\/02\/20180203_194808-e1517933258122-113x150.jpg 113w, https:\/\/www.mourioche.de\/wpmourio\/wp-content\/uploads\/2018\/02\/20180203_194808-e1517933258122-400x533.jpg 400w\" sizes=\"auto, (max-width: 225px) 100vw, 225px\" \/><\/a> <a href=\"https:\/\/www.mourioche.de\/wpmourio\/wp-content\/uploads\/2018\/02\/20180203_193006-e1517933242430.jpg\"><img loading=\"lazy\" decoding=\"async\" class=\"alignnone size-medium wp-image-10243\" src=\"https:\/\/www.mourioche.de\/wpmourio\/wp-content\/uploads\/2018\/02\/20180203_193006-e1517933242430-225x300.jpg\" alt=\"\" width=\"225\" height=\"300\" srcset=\"https:\/\/www.mourioche.de\/wpmourio\/wp-content\/uploads\/2018\/02\/20180203_193006-e1517933242430-225x300.jpg 225w, https:\/\/www.mourioche.de\/wpmourio\/wp-content\/uploads\/2018\/02\/20180203_193006-e1517933242430-768x1024.jpg 768w, https:\/\/www.mourioche.de\/wpmourio\/wp-content\/uploads\/2018\/02\/20180203_193006-e1517933242430-113x150.jpg 113w, https:\/\/www.mourioche.de\/wpmourio\/wp-content\/uploads\/2018\/02\/20180203_193006-e1517933242430-400x533.jpg 400w\" sizes=\"auto, (max-width: 225px) 100vw, 225px\" \/><\/a> <a href=\"https:\/\/www.mourioche.de\/wpmourio\/wp-content\/uploads\/2018\/02\/20180204_154728.jpg\"><img loading=\"lazy\" decoding=\"async\" class=\"alignnone size-medium wp-image-10247\" src=\"https:\/\/www.mourioche.de\/wpmourio\/wp-content\/uploads\/2018\/02\/20180204_154728-300x225.jpg\" alt=\"\" width=\"300\" height=\"225\" srcset=\"https:\/\/www.mourioche.de\/wpmourio\/wp-content\/uploads\/2018\/02\/20180204_154728-300x225.jpg 300w, https:\/\/www.mourioche.de\/wpmourio\/wp-content\/uploads\/2018\/02\/20180204_154728-768x576.jpg 768w, https:\/\/www.mourioche.de\/wpmourio\/wp-content\/uploads\/2018\/02\/20180204_154728-1024x768.jpg 1024w, https:\/\/www.mourioche.de\/wpmourio\/wp-content\/uploads\/2018\/02\/20180204_154728-150x113.jpg 150w, https:\/\/www.mourioche.de\/wpmourio\/wp-content\/uploads\/2018\/02\/20180204_154728-400x300.jpg 400w\" sizes=\"auto, (max-width: 300px) 100vw, 300px\" \/><\/a> <a href=\"https:\/\/www.mourioche.de\/wpmourio\/wp-content\/uploads\/2018\/02\/20180205_195523-e1517933354422.jpg\"><img loading=\"lazy\" decoding=\"async\" class=\"alignnone size-medium wp-image-10251\" src=\"https:\/\/www.mourioche.de\/wpmourio\/wp-content\/uploads\/2018\/02\/20180205_195523-e1517933354422-225x300.jpg\" alt=\"\" width=\"225\" height=\"300\" srcset=\"https:\/\/www.mourioche.de\/wpmourio\/wp-content\/uploads\/2018\/02\/20180205_195523-e1517933354422-225x300.jpg 225w, https:\/\/www.mourioche.de\/wpmourio\/wp-content\/uploads\/2018\/02\/20180205_195523-e1517933354422-768x1024.jpg 768w, https:\/\/www.mourioche.de\/wpmourio\/wp-content\/uploads\/2018\/02\/20180205_195523-e1517933354422-113x150.jpg 113w, https:\/\/www.mourioche.de\/wpmourio\/wp-content\/uploads\/2018\/02\/20180205_195523-e1517933354422-400x533.jpg 400w\" sizes=\"auto, (max-width: 225px) 100vw, 225px\" \/><\/a><\/p>\n","protected":false},"excerpt":{"rendered":"<p>06.02.2018 W\u00e4hrend wir Menschen uns mit der diesj\u00e4hrigen Erk\u00e4ltungswelle herum plagen, entwickeln sich alle Welpen ganz wunderbar! T\u00e4glich werden sie flotter und unternehmungslustiger, sie erkunden ihre Umwelt fr\u00f6hlich und unbek\u00fcmmert und durften sogar schon den ersten kurzen Ausflug nach drau\u00dfen machen! Berger und Mudi laufen (unter Aufsicht) bunt gemischt durcheinander, man wei\u00df gar nicht, wohin &hellip; <a href=\"https:\/\/www.mourioche.de\/?page_id=10257\" class=\"more-link\"><span class=\"screen-reader-text\">Eala N-Wurf 3. Woche<\/span> weiterlesen <span class=\"meta-nav\">&rarr;<\/span><\/a><\/p>\n","protected":false},"author":2,"featured_media":0,"parent":10212,"menu_order":2413,"comment_status":"closed","ping_status":"closed","template":"","meta":{"footnotes":""},"class_list":["post-10257","page","type-page","status-publish","hentry"],"_links":{"self":[{"href":"https:\/\/www.mourioche.de\/index.php?rest_route=\/wp\/v2\/pages\/10257","targetHints":{"allow":["GET"]}}],"collection":[{"href":"https:\/\/www.mourioche.de\/index.php?rest_route=\/wp\/v2\/pages"}],"about":[{"href":"https:\/\/www.mourioche.de\/index.php?rest_route=\/wp\/v2\/types\/page"}],"author":[{"embeddable":true,"href":"https:\/\/www.mourioche.de\/index.php?rest_route=\/wp\/v2\/users\/2"}],"replies":[{"embeddable":true,"href":"https:\/\/www.mourioche.de\/index.php?rest_route=%2Fwp%2Fv2%2Fcomments&post=10257"}],"version-history":[{"count":1,"href":"https:\/\/www.mourioche.de\/index.php?rest_route=\/wp\/v2\/pages\/10257\/revisions"}],"predecessor-version":[{"id":10258,"href":"https:\/\/www.mourioche.de\/index.php?rest_route=\/wp\/v2\/pages\/10257\/revisions\/10258"}],"up":[{"embeddable":true,"href":"https:\/\/www.mourioche.de\/index.php?rest_route=\/wp\/v2\/pages\/10212"}],"wp:attachment":[{"href":"https:\/\/www.mourioche.de\/index.php?rest_route=%2Fwp%2Fv2%2Fmedia&parent=10257"}],"curies":[{"name":"wp","href":"https:\/\/api.w.org\/{rel}","templated":true}]}}