{"id":10306,"date":"2018-02-25T18:19:35","date_gmt":"2018-02-25T16:19:35","guid":{"rendered":"http:\/\/www.mourioche.de\/?page_id=10306"},"modified":"2018-02-25T18:20:05","modified_gmt":"2018-02-25T16:20:05","slug":"10306-2","status":"publish","type":"page","link":"https:\/\/www.mourioche.de\/?page_id=10306","title":{"rendered":"Eala N-Wurf 6.\/7. Woche"},"content":{"rendered":"<p style=\"text-align: center;\"><strong>25.02.2018<\/strong><\/p>\n<p style=\"text-align: center;\">Alle Welpen entwickeln sich langsam aber sicher zur tasmanischen Teufeln. Sie testen ihre Z\u00e4hne an ihren Geschwistern, den Besuchern und allem, was sich sonst so findet. Ihre motorischen F\u00e4higkeiten machen t\u00e4gliche Fortschritte, sind aber noch ausbauf\u00e4hig \ud83d\ude09 Die Kleinen sind frech, lebhaft, verspielt, neugierig, manchmal auch vorsichtig &#8211; genau so, wie Welpen sein sollen. Wir genie\u00dfen die Zeit mit ihnen sehr! Die t\u00e4glichen Besucher werden freudig begr\u00fc\u00dft und eingehend untersucht (von den Welpen nat\u00fcrlich, wir selber beschr\u00e4nken uns auf die freudige Begr\u00fc\u00dfung&#8230;).<\/p>\n<p style=\"text-align: center;\">Einige Ausfl\u00fcge bereichern unser Leben und das der Welpen. So sind wir bereits an der Stra\u00dfe &#8222;spazieren&#8220; gegangen (wenige Meter direkt vor unserem Haus) und Highlight f\u00fcr alle Beteiligten war wieder der Besuch im Altersheim. Es ist einfach gro\u00dfartig, wie viel Freude die kleinen Energieb\u00fcndel wenigstens f\u00fcr eine kurze Zeit ins Leben der Senioren bringen k\u00f6nnen!<\/p>\n<p style=\"text-align: center;\"><a href=\"https:\/\/www.mourioche.de\/wpmourio\/wp-content\/uploads\/2018\/02\/20180221_151206.jpg\"><img loading=\"lazy\" decoding=\"async\" class=\"alignnone size-medium wp-image-10292\" src=\"https:\/\/www.mourioche.de\/wpmourio\/wp-content\/uploads\/2018\/02\/20180221_151206-300x225.jpg\" alt=\"\" width=\"300\" height=\"225\" srcset=\"https:\/\/www.mourioche.de\/wpmourio\/wp-content\/uploads\/2018\/02\/20180221_151206-300x225.jpg 300w, https:\/\/www.mourioche.de\/wpmourio\/wp-content\/uploads\/2018\/02\/20180221_151206-768x576.jpg 768w, https:\/\/www.mourioche.de\/wpmourio\/wp-content\/uploads\/2018\/02\/20180221_151206-1024x768.jpg 1024w, https:\/\/www.mourioche.de\/wpmourio\/wp-content\/uploads\/2018\/02\/20180221_151206-150x113.jpg 150w, https:\/\/www.mourioche.de\/wpmourio\/wp-content\/uploads\/2018\/02\/20180221_151206-400x300.jpg 400w\" sizes=\"auto, (max-width: 300px) 100vw, 300px\" \/><\/a> <a href=\"https:\/\/www.mourioche.de\/wpmourio\/wp-content\/uploads\/2018\/02\/20180221_152233.jpg\"><img loading=\"lazy\" decoding=\"async\" class=\"alignnone size-medium wp-image-10293\" src=\"https:\/\/www.mourioche.de\/wpmourio\/wp-content\/uploads\/2018\/02\/20180221_152233-300x225.jpg\" alt=\"\" width=\"300\" height=\"225\" srcset=\"https:\/\/www.mourioche.de\/wpmourio\/wp-content\/uploads\/2018\/02\/20180221_152233-300x225.jpg 300w, https:\/\/www.mourioche.de\/wpmourio\/wp-content\/uploads\/2018\/02\/20180221_152233-768x576.jpg 768w, https:\/\/www.mourioche.de\/wpmourio\/wp-content\/uploads\/2018\/02\/20180221_152233-1024x768.jpg 1024w, https:\/\/www.mourioche.de\/wpmourio\/wp-content\/uploads\/2018\/02\/20180221_152233-150x113.jpg 150w, https:\/\/www.mourioche.de\/wpmourio\/wp-content\/uploads\/2018\/02\/20180221_152233-400x300.jpg 400w\" sizes=\"auto, (max-width: 300px) 100vw, 300px\" \/><\/a> <a href=\"https:\/\/www.mourioche.de\/wpmourio\/wp-content\/uploads\/2018\/02\/20180222_111444.jpg\"><img loading=\"lazy\" decoding=\"async\" class=\"alignnone size-medium wp-image-10294\" src=\"https:\/\/www.mourioche.de\/wpmourio\/wp-content\/uploads\/2018\/02\/20180222_111444-300x225.jpg\" alt=\"\" width=\"300\" height=\"225\" srcset=\"https:\/\/www.mourioche.de\/wpmourio\/wp-content\/uploads\/2018\/02\/20180222_111444-300x225.jpg 300w, https:\/\/www.mourioche.de\/wpmourio\/wp-content\/uploads\/2018\/02\/20180222_111444-768x576.jpg 768w, https:\/\/www.mourioche.de\/wpmourio\/wp-content\/uploads\/2018\/02\/20180222_111444-1024x768.jpg 1024w, https:\/\/www.mourioche.de\/wpmourio\/wp-content\/uploads\/2018\/02\/20180222_111444-150x113.jpg 150w, https:\/\/www.mourioche.de\/wpmourio\/wp-content\/uploads\/2018\/02\/20180222_111444-400x300.jpg 400w\" sizes=\"auto, (max-width: 300px) 100vw, 300px\" \/><\/a> <a href=\"https:\/\/www.mourioche.de\/wpmourio\/wp-content\/uploads\/2018\/02\/20180222_112027.jpg\"><img loading=\"lazy\" decoding=\"async\" class=\"alignnone size-medium wp-image-10295\" src=\"https:\/\/www.mourioche.de\/wpmourio\/wp-content\/uploads\/2018\/02\/20180222_112027-300x225.jpg\" alt=\"\" width=\"300\" height=\"225\" srcset=\"https:\/\/www.mourioche.de\/wpmourio\/wp-content\/uploads\/2018\/02\/20180222_112027-300x225.jpg 300w, https:\/\/www.mourioche.de\/wpmourio\/wp-content\/uploads\/2018\/02\/20180222_112027-768x576.jpg 768w, https:\/\/www.mourioche.de\/wpmourio\/wp-content\/uploads\/2018\/02\/20180222_112027-1024x768.jpg 1024w, https:\/\/www.mourioche.de\/wpmourio\/wp-content\/uploads\/2018\/02\/20180222_112027-150x113.jpg 150w, https:\/\/www.mourioche.de\/wpmourio\/wp-content\/uploads\/2018\/02\/20180222_112027-400x300.jpg 400w\" sizes=\"auto, (max-width: 300px) 100vw, 300px\" \/><\/a><\/p>\n<p><strong><a href=\"https:\/\/www.mourioche.de\/wpmourio\/wp-content\/uploads\/2018\/02\/20180216_105925-e1519575283128.jpg\"><img loading=\"lazy\" decoding=\"async\" class=\"alignnone size-medium wp-image-10297\" src=\"https:\/\/www.mourioche.de\/wpmourio\/wp-content\/uploads\/2018\/02\/20180216_105925-e1519575283128-225x300.jpg\" alt=\"\" width=\"225\" height=\"300\" srcset=\"https:\/\/www.mourioche.de\/wpmourio\/wp-content\/uploads\/2018\/02\/20180216_105925-e1519575283128-225x300.jpg 225w, https:\/\/www.mourioche.de\/wpmourio\/wp-content\/uploads\/2018\/02\/20180216_105925-e1519575283128-768x1024.jpg 768w, https:\/\/www.mourioche.de\/wpmourio\/wp-content\/uploads\/2018\/02\/20180216_105925-e1519575283128-113x150.jpg 113w, https:\/\/www.mourioche.de\/wpmourio\/wp-content\/uploads\/2018\/02\/20180216_105925-e1519575283128-400x533.jpg 400w\" sizes=\"auto, (max-width: 225px) 100vw, 225px\" \/><\/a><a href=\"https:\/\/www.mourioche.de\/wpmourio\/wp-content\/uploads\/2018\/02\/20180216_104419-e1519575261450.jpg\"><img loading=\"lazy\" decoding=\"async\" class=\"alignnone size-medium wp-image-10296 aligncenter\" src=\"https:\/\/www.mourioche.de\/wpmourio\/wp-content\/uploads\/2018\/02\/20180216_104419-e1519575359234-225x300.jpg\" alt=\"\" width=\"225\" height=\"300\" srcset=\"https:\/\/www.mourioche.de\/wpmourio\/wp-content\/uploads\/2018\/02\/20180216_104419-e1519575359234-225x300.jpg 225w, https:\/\/www.mourioche.de\/wpmourio\/wp-content\/uploads\/2018\/02\/20180216_104419-e1519575359234-768x1024.jpg 768w, https:\/\/www.mourioche.de\/wpmourio\/wp-content\/uploads\/2018\/02\/20180216_104419-e1519575359234-113x150.jpg 113w, https:\/\/www.mourioche.de\/wpmourio\/wp-content\/uploads\/2018\/02\/20180216_104419-e1519575359234-400x533.jpg 400w\" sizes=\"auto, (max-width: 225px) 100vw, 225px\" \/><\/a><\/strong><\/p>\n","protected":false},"excerpt":{"rendered":"<p>25.02.2018 Alle Welpen entwickeln sich langsam aber sicher zur tasmanischen Teufeln. Sie testen ihre Z\u00e4hne an ihren Geschwistern, den Besuchern und allem, was sich sonst so findet. Ihre motorischen F\u00e4higkeiten machen t\u00e4gliche Fortschritte, sind aber noch ausbauf\u00e4hig \ud83d\ude09 Die Kleinen sind frech, lebhaft, verspielt, neugierig, manchmal auch vorsichtig &#8211; genau so, wie Welpen sein sollen. &hellip; <a href=\"https:\/\/www.mourioche.de\/?page_id=10306\" class=\"more-link\"><span class=\"screen-reader-text\">Eala N-Wurf 6.\/7. Woche<\/span> weiterlesen <span class=\"meta-nav\">&rarr;<\/span><\/a><\/p>\n","protected":false},"author":2,"featured_media":0,"parent":10212,"menu_order":2415,"comment_status":"closed","ping_status":"closed","template":"","meta":{"footnotes":""},"class_list":["post-10306","page","type-page","status-publish","hentry"],"_links":{"self":[{"href":"https:\/\/www.mourioche.de\/index.php?rest_route=\/wp\/v2\/pages\/10306","targetHints":{"allow":["GET"]}}],"collection":[{"href":"https:\/\/www.mourioche.de\/index.php?rest_route=\/wp\/v2\/pages"}],"about":[{"href":"https:\/\/www.mourioche.de\/index.php?rest_route=\/wp\/v2\/types\/page"}],"author":[{"embeddable":true,"href":"https:\/\/www.mourioche.de\/index.php?rest_route=\/wp\/v2\/users\/2"}],"replies":[{"embeddable":true,"href":"https:\/\/www.mourioche.de\/index.php?rest_route=%2Fwp%2Fv2%2Fcomments&post=10306"}],"version-history":[{"count":2,"href":"https:\/\/www.mourioche.de\/index.php?rest_route=\/wp\/v2\/pages\/10306\/revisions"}],"predecessor-version":[{"id":10308,"href":"https:\/\/www.mourioche.de\/index.php?rest_route=\/wp\/v2\/pages\/10306\/revisions\/10308"}],"up":[{"embeddable":true,"href":"https:\/\/www.mourioche.de\/index.php?rest_route=\/wp\/v2\/pages\/10212"}],"wp:attachment":[{"href":"https:\/\/www.mourioche.de\/index.php?rest_route=%2Fwp%2Fv2%2Fmedia&parent=10306"}],"curies":[{"name":"wp","href":"https:\/\/api.w.org\/{rel}","templated":true}]}}