{"id":10319,"date":"2018-03-06T22:47:38","date_gmt":"2018-03-06T20:47:38","guid":{"rendered":"http:\/\/www.mourioche.de\/?page_id=10319"},"modified":"2018-04-29T19:56:08","modified_gmt":"2018-04-29T17:56:08","slug":"eala-n-wurf-8-woche","status":"publish","type":"page","link":"https:\/\/www.mourioche.de\/?page_id=10319","title":{"rendered":"Eala N-Wurf 8. Woche"},"content":{"rendered":"<p style=\"text-align: center;\"><strong>29.04.2018<\/strong><\/p>\n<p style=\"text-align: center;\">Inzwischen sind alle Nchen ausgezogen:<\/p>\n<p style=\"text-align: center;\"><a href=\"https:\/\/www.mourioche.de\/wpmourio\/wp-content\/uploads\/2018\/03\/20180424_194550-e1525024459263.jpg\"><img loading=\"lazy\" decoding=\"async\" class=\"alignnone size-medium wp-image-10326\" src=\"https:\/\/www.mourioche.de\/wpmourio\/wp-content\/uploads\/2018\/03\/20180424_194550-e1525024459263-225x300.jpg\" alt=\"\" width=\"225\" height=\"300\" srcset=\"https:\/\/www.mourioche.de\/wpmourio\/wp-content\/uploads\/2018\/03\/20180424_194550-e1525024459263-225x300.jpg 225w, https:\/\/www.mourioche.de\/wpmourio\/wp-content\/uploads\/2018\/03\/20180424_194550-e1525024459263-768x1024.jpg 768w, https:\/\/www.mourioche.de\/wpmourio\/wp-content\/uploads\/2018\/03\/20180424_194550-e1525024459263-113x150.jpg 113w, https:\/\/www.mourioche.de\/wpmourio\/wp-content\/uploads\/2018\/03\/20180424_194550-e1525024459263-400x533.jpg 400w\" sizes=\"auto, (max-width: 225px) 100vw, 225px\" \/><\/a><\/p>\n<p style=\"text-align: center;\">Nori hei\u00dft jetzt Zula und wickelt ganz Gro\u00dfbritannien um die kleine Kralle<\/p>\n<p style=\"text-align: center;\"><a href=\"https:\/\/www.mourioche.de\/wpmourio\/wp-content\/uploads\/2018\/03\/IMG-20180317-WA0030.jpg\"><img loading=\"lazy\" decoding=\"async\" class=\"alignnone size-medium wp-image-10327\" src=\"https:\/\/www.mourioche.de\/wpmourio\/wp-content\/uploads\/2018\/03\/IMG-20180317-WA0030-300x225.jpg\" alt=\"\" width=\"300\" height=\"225\" srcset=\"https:\/\/www.mourioche.de\/wpmourio\/wp-content\/uploads\/2018\/03\/IMG-20180317-WA0030-300x225.jpg 300w, https:\/\/www.mourioche.de\/wpmourio\/wp-content\/uploads\/2018\/03\/IMG-20180317-WA0030-768x576.jpg 768w, https:\/\/www.mourioche.de\/wpmourio\/wp-content\/uploads\/2018\/03\/IMG-20180317-WA0030-1024x768.jpg 1024w, https:\/\/www.mourioche.de\/wpmourio\/wp-content\/uploads\/2018\/03\/IMG-20180317-WA0030-150x113.jpg 150w, https:\/\/www.mourioche.de\/wpmourio\/wp-content\/uploads\/2018\/03\/IMG-20180317-WA0030-400x300.jpg 400w, https:\/\/www.mourioche.de\/wpmourio\/wp-content\/uploads\/2018\/03\/IMG-20180317-WA0030.jpg 1280w\" sizes=\"auto, (max-width: 300px) 100vw, 300px\" \/><\/a><\/p>\n<p style=\"text-align: center;\">Und Nazgul &#8222;Grisu&#8220; erkundet \u00d6sterreich<\/p>\n<p style=\"text-align: center;\">Alle drei haben sich schon gut in ihrer jeweiligen neuen Heimat eingelebt und bereiten ihren neuen Familien viel Freude!<\/p>\n<p style=\"text-align: center;\"><strong>06.03.2018<\/strong><\/p>\n<p style=\"text-align: center;\">Die vergangene Woche stand ganz im Zeichen des nahenden Abschieds. Alle Welpen wurden geimpft, gechippt, tier\u00e4rztlich untersucht und vom Zuchtwart des jeweiligen Zuchtvereins kontrolliert. Die Kleinen haben alles ohne Probleme \u00fcberstanden, alle Kontrollen verliefen ohne Beanstandungen. So konnte Nuneth du Mourioche heute schon ihre Reise in ihr neues Zuhause antreten und wurde dort liebevoll in Empfang genommen!<\/p>\n<p style=\"text-align: center;\"><a href=\"https:\/\/www.mourioche.de\/wpmourio\/wp-content\/uploads\/2018\/03\/20180306_192506.jpg\"><img loading=\"lazy\" decoding=\"async\" class=\"alignnone size-medium wp-image-10320\" src=\"https:\/\/www.mourioche.de\/wpmourio\/wp-content\/uploads\/2018\/03\/20180306_192506-300x225.jpg\" alt=\"\" width=\"300\" height=\"225\" srcset=\"https:\/\/www.mourioche.de\/wpmourio\/wp-content\/uploads\/2018\/03\/20180306_192506-300x225.jpg 300w, https:\/\/www.mourioche.de\/wpmourio\/wp-content\/uploads\/2018\/03\/20180306_192506-768x576.jpg 768w, https:\/\/www.mourioche.de\/wpmourio\/wp-content\/uploads\/2018\/03\/20180306_192506-1024x768.jpg 1024w, https:\/\/www.mourioche.de\/wpmourio\/wp-content\/uploads\/2018\/03\/20180306_192506-150x113.jpg 150w, https:\/\/www.mourioche.de\/wpmourio\/wp-content\/uploads\/2018\/03\/20180306_192506-400x300.jpg 400w\" sizes=\"auto, (max-width: 300px) 100vw, 300px\" \/><\/a><\/p>\n<p style=\"text-align: center;\">Nuneth du Mourioche &#8222;Nika&#8220; wohnt jetzt in der N\u00e4he von Hannover<\/p>\n<p style=\"text-align: center;\">Eine aufregende, anstrengende, sch\u00f6ne, manchmal auch sorgenvolle Zeit ist vor\u00fcber. Wie immer sind die Wochen wie im Flug vergangen, kaum zu glauben, dass es schon vorbei ist.<\/p>\n<p style=\"text-align: center;\">Tsch\u00fc\u00df und auf Wiedersehen, wir w\u00fcnschen Dir ein wundervolles Leben in Deinem neuen Zuhause!<\/p>\n","protected":false},"excerpt":{"rendered":"<p>29.04.2018 Inzwischen sind alle Nchen ausgezogen: Nori hei\u00dft jetzt Zula und wickelt ganz Gro\u00dfbritannien um die kleine Kralle Und Nazgul &#8222;Grisu&#8220; erkundet \u00d6sterreich Alle drei haben sich schon gut in ihrer jeweiligen neuen Heimat eingelebt und bereiten ihren neuen Familien viel Freude! 06.03.2018 Die vergangene Woche stand ganz im Zeichen des nahenden Abschieds. Alle Welpen &hellip; <a href=\"https:\/\/www.mourioche.de\/?page_id=10319\" class=\"more-link\"><span class=\"screen-reader-text\">Eala N-Wurf 8. Woche<\/span> weiterlesen <span class=\"meta-nav\">&rarr;<\/span><\/a><\/p>\n","protected":false},"author":2,"featured_media":0,"parent":10212,"menu_order":2416,"comment_status":"closed","ping_status":"closed","template":"","meta":{"footnotes":""},"class_list":["post-10319","page","type-page","status-publish","hentry"],"_links":{"self":[{"href":"https:\/\/www.mourioche.de\/index.php?rest_route=\/wp\/v2\/pages\/10319","targetHints":{"allow":["GET"]}}],"collection":[{"href":"https:\/\/www.mourioche.de\/index.php?rest_route=\/wp\/v2\/pages"}],"about":[{"href":"https:\/\/www.mourioche.de\/index.php?rest_route=\/wp\/v2\/types\/page"}],"author":[{"embeddable":true,"href":"https:\/\/www.mourioche.de\/index.php?rest_route=\/wp\/v2\/users\/2"}],"replies":[{"embeddable":true,"href":"https:\/\/www.mourioche.de\/index.php?rest_route=%2Fwp%2Fv2%2Fcomments&post=10319"}],"version-history":[{"count":2,"href":"https:\/\/www.mourioche.de\/index.php?rest_route=\/wp\/v2\/pages\/10319\/revisions"}],"predecessor-version":[{"id":10328,"href":"https:\/\/www.mourioche.de\/index.php?rest_route=\/wp\/v2\/pages\/10319\/revisions\/10328"}],"up":[{"embeddable":true,"href":"https:\/\/www.mourioche.de\/index.php?rest_route=\/wp\/v2\/pages\/10212"}],"wp:attachment":[{"href":"https:\/\/www.mourioche.de\/index.php?rest_route=%2Fwp%2Fv2%2Fmedia&parent=10319"}],"curies":[{"name":"wp","href":"https:\/\/api.w.org\/{rel}","templated":true}]}}