{"id":10362,"date":"2018-09-17T20:04:05","date_gmt":"2018-09-17T18:04:05","guid":{"rendered":"https:\/\/www.mourioche.de\/?page_id=10362"},"modified":"2018-09-17T20:04:33","modified_gmt":"2018-09-17T18:04:33","slug":"jule-o-wurf-erste-woche","status":"publish","type":"page","link":"https:\/\/www.mourioche.de\/?page_id=10362","title":{"rendered":"Jule O-Wurf erste Woche"},"content":{"rendered":"<p style=\"text-align: center;\"><strong>17.09.2018<\/strong><\/p>\n<p style=\"text-align: center;\"><a href=\"https:\/\/www.mourioche.de\/wpmourio\/wp-content\/uploads\/2018\/09\/20180915_103344.jpg\"><img loading=\"lazy\" decoding=\"async\" class=\"alignnone size-medium wp-image-10363\" src=\"https:\/\/www.mourioche.de\/wpmourio\/wp-content\/uploads\/2018\/09\/20180915_103344-300x225.jpg\" alt=\"\" width=\"300\" height=\"225\" srcset=\"https:\/\/www.mourioche.de\/wpmourio\/wp-content\/uploads\/2018\/09\/20180915_103344-300x225.jpg 300w, https:\/\/www.mourioche.de\/wpmourio\/wp-content\/uploads\/2018\/09\/20180915_103344-768x576.jpg 768w, https:\/\/www.mourioche.de\/wpmourio\/wp-content\/uploads\/2018\/09\/20180915_103344-1024x768.jpg 1024w, https:\/\/www.mourioche.de\/wpmourio\/wp-content\/uploads\/2018\/09\/20180915_103344-150x113.jpg 150w, https:\/\/www.mourioche.de\/wpmourio\/wp-content\/uploads\/2018\/09\/20180915_103344-400x300.jpg 400w\" sizes=\"auto, (max-width: 300px) 100vw, 300px\" \/><\/a><\/p>\n<p style=\"text-align: center;\"><a href=\"https:\/\/www.mourioche.de\/wpmourio\/wp-content\/uploads\/2018\/09\/20180916_094037.jpg\"><img loading=\"lazy\" decoding=\"async\" class=\"alignnone size-medium wp-image-10364\" src=\"https:\/\/www.mourioche.de\/wpmourio\/wp-content\/uploads\/2018\/09\/20180916_094037-300x225.jpg\" alt=\"\" width=\"300\" height=\"225\" srcset=\"https:\/\/www.mourioche.de\/wpmourio\/wp-content\/uploads\/2018\/09\/20180916_094037-300x225.jpg 300w, https:\/\/www.mourioche.de\/wpmourio\/wp-content\/uploads\/2018\/09\/20180916_094037-768x576.jpg 768w, https:\/\/www.mourioche.de\/wpmourio\/wp-content\/uploads\/2018\/09\/20180916_094037-1024x768.jpg 1024w, https:\/\/www.mourioche.de\/wpmourio\/wp-content\/uploads\/2018\/09\/20180916_094037-150x113.jpg 150w, https:\/\/www.mourioche.de\/wpmourio\/wp-content\/uploads\/2018\/09\/20180916_094037-400x300.jpg 400w\" sizes=\"auto, (max-width: 300px) 100vw, 300px\" \/><\/a><\/p>\n<p style=\"text-align: center;\"><a href=\"https:\/\/www.mourioche.de\/wpmourio\/wp-content\/uploads\/2018\/09\/20180916_094203.jpg\"><img loading=\"lazy\" decoding=\"async\" class=\"alignnone size-medium wp-image-10365\" src=\"https:\/\/www.mourioche.de\/wpmourio\/wp-content\/uploads\/2018\/09\/20180916_094203-300x225.jpg\" alt=\"\" width=\"300\" height=\"225\" srcset=\"https:\/\/www.mourioche.de\/wpmourio\/wp-content\/uploads\/2018\/09\/20180916_094203-300x225.jpg 300w, https:\/\/www.mourioche.de\/wpmourio\/wp-content\/uploads\/2018\/09\/20180916_094203-768x576.jpg 768w, https:\/\/www.mourioche.de\/wpmourio\/wp-content\/uploads\/2018\/09\/20180916_094203-1024x768.jpg 1024w, https:\/\/www.mourioche.de\/wpmourio\/wp-content\/uploads\/2018\/09\/20180916_094203-150x113.jpg 150w, https:\/\/www.mourioche.de\/wpmourio\/wp-content\/uploads\/2018\/09\/20180916_094203-400x300.jpg 400w\" sizes=\"auto, (max-width: 300px) 100vw, 300px\" \/><\/a><\/p>\n<p style=\"text-align: center;\"><a href=\"https:\/\/www.mourioche.de\/wpmourio\/wp-content\/uploads\/2018\/09\/20180916_094352-e1537207140438.jpg\"><img loading=\"lazy\" decoding=\"async\" class=\"alignnone size-medium wp-image-10366\" src=\"https:\/\/www.mourioche.de\/wpmourio\/wp-content\/uploads\/2018\/09\/20180916_094352-e1537207140438-225x300.jpg\" alt=\"\" width=\"225\" height=\"300\" srcset=\"https:\/\/www.mourioche.de\/wpmourio\/wp-content\/uploads\/2018\/09\/20180916_094352-e1537207140438-225x300.jpg 225w, https:\/\/www.mourioche.de\/wpmourio\/wp-content\/uploads\/2018\/09\/20180916_094352-e1537207140438-768x1024.jpg 768w, https:\/\/www.mourioche.de\/wpmourio\/wp-content\/uploads\/2018\/09\/20180916_094352-e1537207140438-113x150.jpg 113w, https:\/\/www.mourioche.de\/wpmourio\/wp-content\/uploads\/2018\/09\/20180916_094352-e1537207140438-400x533.jpg 400w\" sizes=\"auto, (max-width: 225px) 100vw, 225px\" \/><\/a><\/p>\n<p style=\"text-align: center;\"><a href=\"https:\/\/www.mourioche.de\/wpmourio\/wp-content\/uploads\/2018\/09\/20180917_191633.jpg\"><img loading=\"lazy\" decoding=\"async\" class=\"alignnone size-medium wp-image-10367\" src=\"https:\/\/www.mourioche.de\/wpmourio\/wp-content\/uploads\/2018\/09\/20180917_191633-300x225.jpg\" alt=\"\" width=\"300\" height=\"225\" srcset=\"https:\/\/www.mourioche.de\/wpmourio\/wp-content\/uploads\/2018\/09\/20180917_191633-300x225.jpg 300w, https:\/\/www.mourioche.de\/wpmourio\/wp-content\/uploads\/2018\/09\/20180917_191633-768x576.jpg 768w, https:\/\/www.mourioche.de\/wpmourio\/wp-content\/uploads\/2018\/09\/20180917_191633-1024x768.jpg 1024w, https:\/\/www.mourioche.de\/wpmourio\/wp-content\/uploads\/2018\/09\/20180917_191633-150x113.jpg 150w, https:\/\/www.mourioche.de\/wpmourio\/wp-content\/uploads\/2018\/09\/20180917_191633-400x300.jpg 400w\" sizes=\"auto, (max-width: 300px) 100vw, 300px\" \/><\/a><\/p>\n<p style=\"text-align: center;\">Am 15.09.2018 wurde unser O-Wurf geboren! Jule scheint auf Quintette gebucht zu sein, ich habe schon \u00fcberlegt, ob ich ihr n\u00e4chstes Mal einfach ein Foto vom R\u00fcden zeige und dann bekommt sie wieder f\u00fcnf Welpen&#8230;<\/p>\n<p style=\"text-align: center;\">Spa\u00df beiseite, wir freuen uns \u00fcber 3 Jungs (Olwe, gestromt \/ Ori, schwarz \/ Orome, schwarz) und 2 M\u00e4dels (Ondolinde, gestromt \/ Oiolaire, schwarz). Alle f\u00fcnf und auch Jule sind gesund und munter und die Kleinen haben schon t\u00fcchtig zugenommen.<\/p>\n","protected":false},"excerpt":{"rendered":"<p>17.09.2018 Am 15.09.2018 wurde unser O-Wurf geboren! Jule scheint auf Quintette gebucht zu sein, ich habe schon \u00fcberlegt, ob ich ihr n\u00e4chstes Mal einfach ein Foto vom R\u00fcden zeige und dann bekommt sie wieder f\u00fcnf Welpen&#8230; Spa\u00df beiseite, wir freuen uns \u00fcber 3 Jungs (Olwe, gestromt \/ Ori, schwarz \/ Orome, schwarz) und 2 M\u00e4dels &hellip; <a href=\"https:\/\/www.mourioche.de\/?page_id=10362\" class=\"more-link\"><span class=\"screen-reader-text\">Jule O-Wurf erste Woche<\/span> weiterlesen <span class=\"meta-nav\">&rarr;<\/span><\/a><\/p>\n","protected":false},"author":2,"featured_media":0,"parent":10359,"menu_order":2511,"comment_status":"closed","ping_status":"closed","template":"","meta":{"footnotes":""},"class_list":["post-10362","page","type-page","status-publish","hentry"],"_links":{"self":[{"href":"https:\/\/www.mourioche.de\/index.php?rest_route=\/wp\/v2\/pages\/10362","targetHints":{"allow":["GET"]}}],"collection":[{"href":"https:\/\/www.mourioche.de\/index.php?rest_route=\/wp\/v2\/pages"}],"about":[{"href":"https:\/\/www.mourioche.de\/index.php?rest_route=\/wp\/v2\/types\/page"}],"author":[{"embeddable":true,"href":"https:\/\/www.mourioche.de\/index.php?rest_route=\/wp\/v2\/users\/2"}],"replies":[{"embeddable":true,"href":"https:\/\/www.mourioche.de\/index.php?rest_route=%2Fwp%2Fv2%2Fcomments&post=10362"}],"version-history":[{"count":1,"href":"https:\/\/www.mourioche.de\/index.php?rest_route=\/wp\/v2\/pages\/10362\/revisions"}],"predecessor-version":[{"id":10368,"href":"https:\/\/www.mourioche.de\/index.php?rest_route=\/wp\/v2\/pages\/10362\/revisions\/10368"}],"up":[{"embeddable":true,"href":"https:\/\/www.mourioche.de\/index.php?rest_route=\/wp\/v2\/pages\/10359"}],"wp:attachment":[{"href":"https:\/\/www.mourioche.de\/index.php?rest_route=%2Fwp%2Fv2%2Fmedia&parent=10362"}],"curies":[{"name":"wp","href":"https:\/\/api.w.org\/{rel}","templated":true}]}}