{"id":10377,"date":"2018-09-25T20:42:43","date_gmt":"2018-09-25T18:42:43","guid":{"rendered":"https:\/\/www.mourioche.de\/?page_id=10377"},"modified":"2018-09-25T20:42:43","modified_gmt":"2018-09-25T18:42:43","slug":"jule-o-wurf-zweite-woche","status":"publish","type":"page","link":"https:\/\/www.mourioche.de\/?page_id=10377","title":{"rendered":"Jule O-Wurf zweite Woche"},"content":{"rendered":"<p style=\"text-align: center;\"><strong>25.09.2018<\/strong><\/p>\n<p style=\"text-align: center;\">Unser Quintett w\u00e4chst und gedeiht pr\u00e4chtig, sie genie\u00dfen immer noch den rund-um-die-Uhr Service mit nonstop ge\u00f6ffneter Milchbar. Sie werden t\u00e4glich mobiler &#8211; wenn man denn von &#8222;mobil&#8220; sprechen m\u00f6chte. Die meiste Zeit schlafen sie tief und fest, um dann wieder ordentlich an der Theke zu zu schlagen. Zwischendurch ein paar liebevolle Streicheleinheiten &#8211; was f\u00fcr ein Leben!<\/p>\n<p style=\"text-align: center;\"><a href=\"https:\/\/www.mourioche.de\/wpmourio\/wp-content\/uploads\/2018\/09\/20180920_152236.jpg\"><img loading=\"lazy\" decoding=\"async\" class=\"alignnone size-medium wp-image-10378\" src=\"https:\/\/www.mourioche.de\/wpmourio\/wp-content\/uploads\/2018\/09\/20180920_152236-300x225.jpg\" alt=\"\" width=\"300\" height=\"225\" srcset=\"https:\/\/www.mourioche.de\/wpmourio\/wp-content\/uploads\/2018\/09\/20180920_152236-300x225.jpg 300w, https:\/\/www.mourioche.de\/wpmourio\/wp-content\/uploads\/2018\/09\/20180920_152236-768x576.jpg 768w, https:\/\/www.mourioche.de\/wpmourio\/wp-content\/uploads\/2018\/09\/20180920_152236-1024x768.jpg 1024w, https:\/\/www.mourioche.de\/wpmourio\/wp-content\/uploads\/2018\/09\/20180920_152236-150x113.jpg 150w, https:\/\/www.mourioche.de\/wpmourio\/wp-content\/uploads\/2018\/09\/20180920_152236-400x300.jpg 400w\" sizes=\"auto, (max-width: 300px) 100vw, 300px\" \/><\/a> <a href=\"https:\/\/www.mourioche.de\/wpmourio\/wp-content\/uploads\/2018\/09\/20180920_162959.jpg\"><img loading=\"lazy\" decoding=\"async\" class=\"alignnone size-medium wp-image-10379\" src=\"https:\/\/www.mourioche.de\/wpmourio\/wp-content\/uploads\/2018\/09\/20180920_162959-300x225.jpg\" alt=\"\" width=\"300\" height=\"225\" srcset=\"https:\/\/www.mourioche.de\/wpmourio\/wp-content\/uploads\/2018\/09\/20180920_162959-300x225.jpg 300w, https:\/\/www.mourioche.de\/wpmourio\/wp-content\/uploads\/2018\/09\/20180920_162959-768x576.jpg 768w, https:\/\/www.mourioche.de\/wpmourio\/wp-content\/uploads\/2018\/09\/20180920_162959-1024x768.jpg 1024w, https:\/\/www.mourioche.de\/wpmourio\/wp-content\/uploads\/2018\/09\/20180920_162959-150x113.jpg 150w, https:\/\/www.mourioche.de\/wpmourio\/wp-content\/uploads\/2018\/09\/20180920_162959-400x300.jpg 400w\" sizes=\"auto, (max-width: 300px) 100vw, 300px\" \/><\/a> <a href=\"https:\/\/www.mourioche.de\/wpmourio\/wp-content\/uploads\/2018\/09\/20180923_181556.jpg\"><img loading=\"lazy\" decoding=\"async\" class=\"alignnone size-medium wp-image-10380\" src=\"https:\/\/www.mourioche.de\/wpmourio\/wp-content\/uploads\/2018\/09\/20180923_181556-300x225.jpg\" alt=\"\" width=\"300\" height=\"225\" srcset=\"https:\/\/www.mourioche.de\/wpmourio\/wp-content\/uploads\/2018\/09\/20180923_181556-300x225.jpg 300w, https:\/\/www.mourioche.de\/wpmourio\/wp-content\/uploads\/2018\/09\/20180923_181556-768x576.jpg 768w, https:\/\/www.mourioche.de\/wpmourio\/wp-content\/uploads\/2018\/09\/20180923_181556-1024x768.jpg 1024w, https:\/\/www.mourioche.de\/wpmourio\/wp-content\/uploads\/2018\/09\/20180923_181556-150x113.jpg 150w, https:\/\/www.mourioche.de\/wpmourio\/wp-content\/uploads\/2018\/09\/20180923_181556-400x300.jpg 400w\" sizes=\"auto, (max-width: 300px) 100vw, 300px\" \/><\/a> <a href=\"https:\/\/www.mourioche.de\/wpmourio\/wp-content\/uploads\/2018\/09\/20180924_083934.jpg\"><img loading=\"lazy\" decoding=\"async\" class=\"alignnone size-medium wp-image-10381\" src=\"https:\/\/www.mourioche.de\/wpmourio\/wp-content\/uploads\/2018\/09\/20180924_083934-300x225.jpg\" alt=\"\" width=\"300\" height=\"225\" srcset=\"https:\/\/www.mourioche.de\/wpmourio\/wp-content\/uploads\/2018\/09\/20180924_083934-300x225.jpg 300w, https:\/\/www.mourioche.de\/wpmourio\/wp-content\/uploads\/2018\/09\/20180924_083934-768x576.jpg 768w, https:\/\/www.mourioche.de\/wpmourio\/wp-content\/uploads\/2018\/09\/20180924_083934-1024x768.jpg 1024w, https:\/\/www.mourioche.de\/wpmourio\/wp-content\/uploads\/2018\/09\/20180924_083934-150x113.jpg 150w, https:\/\/www.mourioche.de\/wpmourio\/wp-content\/uploads\/2018\/09\/20180924_083934-400x300.jpg 400w\" sizes=\"auto, (max-width: 300px) 100vw, 300px\" \/><\/a> <a href=\"https:\/\/www.mourioche.de\/wpmourio\/wp-content\/uploads\/2018\/09\/20180925_194107-e1537900768294.jpg\"><img loading=\"lazy\" decoding=\"async\" class=\"alignnone size-medium wp-image-10382\" src=\"https:\/\/www.mourioche.de\/wpmourio\/wp-content\/uploads\/2018\/09\/20180925_194107-e1537900768294-225x300.jpg\" alt=\"\" width=\"225\" height=\"300\" srcset=\"https:\/\/www.mourioche.de\/wpmourio\/wp-content\/uploads\/2018\/09\/20180925_194107-e1537900768294-225x300.jpg 225w, https:\/\/www.mourioche.de\/wpmourio\/wp-content\/uploads\/2018\/09\/20180925_194107-e1537900768294-768x1024.jpg 768w, https:\/\/www.mourioche.de\/wpmourio\/wp-content\/uploads\/2018\/09\/20180925_194107-e1537900768294-113x150.jpg 113w, https:\/\/www.mourioche.de\/wpmourio\/wp-content\/uploads\/2018\/09\/20180925_194107-e1537900768294-400x533.jpg 400w\" sizes=\"auto, (max-width: 225px) 100vw, 225px\" \/><\/a><\/p>\n","protected":false},"excerpt":{"rendered":"<p>25.09.2018 Unser Quintett w\u00e4chst und gedeiht pr\u00e4chtig, sie genie\u00dfen immer noch den rund-um-die-Uhr Service mit nonstop ge\u00f6ffneter Milchbar. Sie werden t\u00e4glich mobiler &#8211; wenn man denn von &#8222;mobil&#8220; sprechen m\u00f6chte. Die meiste Zeit schlafen sie tief und fest, um dann wieder ordentlich an der Theke zu zu schlagen. Zwischendurch ein paar liebevolle Streicheleinheiten &#8211; was &hellip; <a href=\"https:\/\/www.mourioche.de\/?page_id=10377\" class=\"more-link\"><span class=\"screen-reader-text\">Jule O-Wurf zweite Woche<\/span> weiterlesen <span class=\"meta-nav\">&rarr;<\/span><\/a><\/p>\n","protected":false},"author":2,"featured_media":0,"parent":10359,"menu_order":2512,"comment_status":"closed","ping_status":"closed","template":"","meta":{"footnotes":""},"class_list":["post-10377","page","type-page","status-publish","hentry"],"_links":{"self":[{"href":"https:\/\/www.mourioche.de\/index.php?rest_route=\/wp\/v2\/pages\/10377","targetHints":{"allow":["GET"]}}],"collection":[{"href":"https:\/\/www.mourioche.de\/index.php?rest_route=\/wp\/v2\/pages"}],"about":[{"href":"https:\/\/www.mourioche.de\/index.php?rest_route=\/wp\/v2\/types\/page"}],"author":[{"embeddable":true,"href":"https:\/\/www.mourioche.de\/index.php?rest_route=\/wp\/v2\/users\/2"}],"replies":[{"embeddable":true,"href":"https:\/\/www.mourioche.de\/index.php?rest_route=%2Fwp%2Fv2%2Fcomments&post=10377"}],"version-history":[{"count":1,"href":"https:\/\/www.mourioche.de\/index.php?rest_route=\/wp\/v2\/pages\/10377\/revisions"}],"predecessor-version":[{"id":10383,"href":"https:\/\/www.mourioche.de\/index.php?rest_route=\/wp\/v2\/pages\/10377\/revisions\/10383"}],"up":[{"embeddable":true,"href":"https:\/\/www.mourioche.de\/index.php?rest_route=\/wp\/v2\/pages\/10359"}],"wp:attachment":[{"href":"https:\/\/www.mourioche.de\/index.php?rest_route=%2Fwp%2Fv2%2Fmedia&parent=10377"}],"curies":[{"name":"wp","href":"https:\/\/api.w.org\/{rel}","templated":true}]}}