{"id":10389,"date":"2018-10-16T15:13:01","date_gmt":"2018-10-16T13:13:01","guid":{"rendered":"https:\/\/www.mourioche.de\/?page_id=10389"},"modified":"2018-10-16T15:13:01","modified_gmt":"2018-10-16T13:13:01","slug":"jule-o-wurf-dritte-vierte-und-fuenfte-woche","status":"publish","type":"page","link":"https:\/\/www.mourioche.de\/?page_id=10389","title":{"rendered":"Jule O-Wurf dritte, vierte und f\u00fcnfte Woche"},"content":{"rendered":"<p style=\"text-align: center;\"><strong>16.10.2018<\/strong><\/p>\n<p style=\"text-align: center;\">Unser Quintett macht sich pr\u00e4chtig, sie sind schon munter unterwegs, genie\u00dfen so oft wie m\u00f6glich das gute Wetter im Garten, freuen sich \u00fcber viele Besucher und machen einfach ganz viel Freude!<\/p>\n<p style=\"text-align: center;\"><a href=\"https:\/\/www.mourioche.de\/wpmourio\/wp-content\/uploads\/2018\/10\/20181005_101345.jpg\"><img loading=\"lazy\" decoding=\"async\" class=\"alignnone size-medium wp-image-10390\" src=\"https:\/\/www.mourioche.de\/wpmourio\/wp-content\/uploads\/2018\/10\/20181005_101345-300x225.jpg\" alt=\"\" width=\"300\" height=\"225\" srcset=\"https:\/\/www.mourioche.de\/wpmourio\/wp-content\/uploads\/2018\/10\/20181005_101345-300x225.jpg 300w, https:\/\/www.mourioche.de\/wpmourio\/wp-content\/uploads\/2018\/10\/20181005_101345-768x576.jpg 768w, https:\/\/www.mourioche.de\/wpmourio\/wp-content\/uploads\/2018\/10\/20181005_101345-1024x768.jpg 1024w, https:\/\/www.mourioche.de\/wpmourio\/wp-content\/uploads\/2018\/10\/20181005_101345-150x113.jpg 150w, https:\/\/www.mourioche.de\/wpmourio\/wp-content\/uploads\/2018\/10\/20181005_101345-400x300.jpg 400w\" sizes=\"auto, (max-width: 300px) 100vw, 300px\" \/><\/a> <a href=\"https:\/\/www.mourioche.de\/wpmourio\/wp-content\/uploads\/2018\/10\/20181005_120654.jpg\"><img loading=\"lazy\" decoding=\"async\" class=\"alignnone size-medium wp-image-10391\" src=\"https:\/\/www.mourioche.de\/wpmourio\/wp-content\/uploads\/2018\/10\/20181005_120654-300x225.jpg\" alt=\"\" width=\"300\" height=\"225\" srcset=\"https:\/\/www.mourioche.de\/wpmourio\/wp-content\/uploads\/2018\/10\/20181005_120654-300x225.jpg 300w, https:\/\/www.mourioche.de\/wpmourio\/wp-content\/uploads\/2018\/10\/20181005_120654-768x576.jpg 768w, https:\/\/www.mourioche.de\/wpmourio\/wp-content\/uploads\/2018\/10\/20181005_120654-1024x768.jpg 1024w, https:\/\/www.mourioche.de\/wpmourio\/wp-content\/uploads\/2018\/10\/20181005_120654-150x113.jpg 150w, https:\/\/www.mourioche.de\/wpmourio\/wp-content\/uploads\/2018\/10\/20181005_120654-400x300.jpg 400w\" sizes=\"auto, (max-width: 300px) 100vw, 300px\" \/><\/a> <a href=\"https:\/\/www.mourioche.de\/wpmourio\/wp-content\/uploads\/2018\/10\/20181007_092855.jpg\"><img loading=\"lazy\" decoding=\"async\" class=\"alignnone size-medium wp-image-10392\" src=\"https:\/\/www.mourioche.de\/wpmourio\/wp-content\/uploads\/2018\/10\/20181007_092855-300x225.jpg\" alt=\"\" width=\"300\" height=\"225\" srcset=\"https:\/\/www.mourioche.de\/wpmourio\/wp-content\/uploads\/2018\/10\/20181007_092855-300x225.jpg 300w, https:\/\/www.mourioche.de\/wpmourio\/wp-content\/uploads\/2018\/10\/20181007_092855-768x576.jpg 768w, https:\/\/www.mourioche.de\/wpmourio\/wp-content\/uploads\/2018\/10\/20181007_092855-1024x768.jpg 1024w, https:\/\/www.mourioche.de\/wpmourio\/wp-content\/uploads\/2018\/10\/20181007_092855-150x113.jpg 150w, https:\/\/www.mourioche.de\/wpmourio\/wp-content\/uploads\/2018\/10\/20181007_092855-400x300.jpg 400w\" sizes=\"auto, (max-width: 300px) 100vw, 300px\" \/><\/a> <a href=\"https:\/\/www.mourioche.de\/wpmourio\/wp-content\/uploads\/2018\/10\/20181009_165917-e1539695540448.jpg\"><img loading=\"lazy\" decoding=\"async\" class=\"alignnone size-medium wp-image-10393\" src=\"https:\/\/www.mourioche.de\/wpmourio\/wp-content\/uploads\/2018\/10\/20181009_165917-e1539695540448-225x300.jpg\" alt=\"\" width=\"225\" height=\"300\" srcset=\"https:\/\/www.mourioche.de\/wpmourio\/wp-content\/uploads\/2018\/10\/20181009_165917-e1539695540448-225x300.jpg 225w, https:\/\/www.mourioche.de\/wpmourio\/wp-content\/uploads\/2018\/10\/20181009_165917-e1539695540448-768x1024.jpg 768w, https:\/\/www.mourioche.de\/wpmourio\/wp-content\/uploads\/2018\/10\/20181009_165917-e1539695540448-113x150.jpg 113w, https:\/\/www.mourioche.de\/wpmourio\/wp-content\/uploads\/2018\/10\/20181009_165917-e1539695540448-400x533.jpg 400w\" sizes=\"auto, (max-width: 225px) 100vw, 225px\" \/><\/a> <a href=\"https:\/\/www.mourioche.de\/wpmourio\/wp-content\/uploads\/2018\/10\/20181009_170316-e1539695502252.jpg\"><img loading=\"lazy\" decoding=\"async\" class=\"alignnone size-medium wp-image-10394\" src=\"https:\/\/www.mourioche.de\/wpmourio\/wp-content\/uploads\/2018\/10\/20181009_170316-e1539695502252-225x300.jpg\" alt=\"\" width=\"225\" height=\"300\" srcset=\"https:\/\/www.mourioche.de\/wpmourio\/wp-content\/uploads\/2018\/10\/20181009_170316-e1539695502252-225x300.jpg 225w, https:\/\/www.mourioche.de\/wpmourio\/wp-content\/uploads\/2018\/10\/20181009_170316-e1539695502252-768x1024.jpg 768w, https:\/\/www.mourioche.de\/wpmourio\/wp-content\/uploads\/2018\/10\/20181009_170316-e1539695502252-113x150.jpg 113w, https:\/\/www.mourioche.de\/wpmourio\/wp-content\/uploads\/2018\/10\/20181009_170316-e1539695502252-400x533.jpg 400w\" sizes=\"auto, (max-width: 225px) 100vw, 225px\" \/><\/a> <a href=\"https:\/\/www.mourioche.de\/wpmourio\/wp-content\/uploads\/2018\/10\/20181009_170740.jpg\"><img loading=\"lazy\" decoding=\"async\" class=\"alignnone size-medium wp-image-10395\" src=\"https:\/\/www.mourioche.de\/wpmourio\/wp-content\/uploads\/2018\/10\/20181009_170740-300x225.jpg\" alt=\"\" width=\"300\" height=\"225\" srcset=\"https:\/\/www.mourioche.de\/wpmourio\/wp-content\/uploads\/2018\/10\/20181009_170740-300x225.jpg 300w, https:\/\/www.mourioche.de\/wpmourio\/wp-content\/uploads\/2018\/10\/20181009_170740-768x576.jpg 768w, https:\/\/www.mourioche.de\/wpmourio\/wp-content\/uploads\/2018\/10\/20181009_170740-1024x768.jpg 1024w, https:\/\/www.mourioche.de\/wpmourio\/wp-content\/uploads\/2018\/10\/20181009_170740-150x113.jpg 150w, https:\/\/www.mourioche.de\/wpmourio\/wp-content\/uploads\/2018\/10\/20181009_170740-400x300.jpg 400w\" sizes=\"auto, (max-width: 300px) 100vw, 300px\" \/><\/a> <a href=\"https:\/\/www.mourioche.de\/wpmourio\/wp-content\/uploads\/2018\/10\/20181011_153007.jpg\"><img loading=\"lazy\" decoding=\"async\" class=\"alignnone size-medium wp-image-10396\" src=\"https:\/\/www.mourioche.de\/wpmourio\/wp-content\/uploads\/2018\/10\/20181011_153007-300x225.jpg\" alt=\"\" width=\"300\" height=\"225\" srcset=\"https:\/\/www.mourioche.de\/wpmourio\/wp-content\/uploads\/2018\/10\/20181011_153007-300x225.jpg 300w, https:\/\/www.mourioche.de\/wpmourio\/wp-content\/uploads\/2018\/10\/20181011_153007-768x576.jpg 768w, https:\/\/www.mourioche.de\/wpmourio\/wp-content\/uploads\/2018\/10\/20181011_153007-1024x768.jpg 1024w, https:\/\/www.mourioche.de\/wpmourio\/wp-content\/uploads\/2018\/10\/20181011_153007-150x113.jpg 150w, https:\/\/www.mourioche.de\/wpmourio\/wp-content\/uploads\/2018\/10\/20181011_153007-400x300.jpg 400w\" sizes=\"auto, (max-width: 300px) 100vw, 300px\" \/><\/a> <a href=\"https:\/\/www.mourioche.de\/wpmourio\/wp-content\/uploads\/2018\/10\/20181011_153152-e1539695520592.jpg\"><img loading=\"lazy\" decoding=\"async\" class=\"alignnone size-medium wp-image-10397\" src=\"https:\/\/www.mourioche.de\/wpmourio\/wp-content\/uploads\/2018\/10\/20181011_153152-e1539695520592-225x300.jpg\" alt=\"\" width=\"225\" height=\"300\" srcset=\"https:\/\/www.mourioche.de\/wpmourio\/wp-content\/uploads\/2018\/10\/20181011_153152-e1539695520592-225x300.jpg 225w, https:\/\/www.mourioche.de\/wpmourio\/wp-content\/uploads\/2018\/10\/20181011_153152-e1539695520592-768x1024.jpg 768w, https:\/\/www.mourioche.de\/wpmourio\/wp-content\/uploads\/2018\/10\/20181011_153152-e1539695520592-113x150.jpg 113w, https:\/\/www.mourioche.de\/wpmourio\/wp-content\/uploads\/2018\/10\/20181011_153152-e1539695520592-400x533.jpg 400w\" sizes=\"auto, (max-width: 225px) 100vw, 225px\" \/><\/a> <a href=\"https:\/\/www.mourioche.de\/wpmourio\/wp-content\/uploads\/2018\/10\/20181015_215043.jpg\"><img loading=\"lazy\" decoding=\"async\" class=\"alignnone size-medium wp-image-10398\" src=\"https:\/\/www.mourioche.de\/wpmourio\/wp-content\/uploads\/2018\/10\/20181015_215043-300x225.jpg\" alt=\"\" width=\"300\" height=\"225\" srcset=\"https:\/\/www.mourioche.de\/wpmourio\/wp-content\/uploads\/2018\/10\/20181015_215043-300x225.jpg 300w, https:\/\/www.mourioche.de\/wpmourio\/wp-content\/uploads\/2018\/10\/20181015_215043-768x576.jpg 768w, https:\/\/www.mourioche.de\/wpmourio\/wp-content\/uploads\/2018\/10\/20181015_215043-1024x768.jpg 1024w, https:\/\/www.mourioche.de\/wpmourio\/wp-content\/uploads\/2018\/10\/20181015_215043-150x113.jpg 150w, https:\/\/www.mourioche.de\/wpmourio\/wp-content\/uploads\/2018\/10\/20181015_215043-400x300.jpg 400w\" sizes=\"auto, (max-width: 300px) 100vw, 300px\" \/><\/a><\/p>\n","protected":false},"excerpt":{"rendered":"<p>16.10.2018 Unser Quintett macht sich pr\u00e4chtig, sie sind schon munter unterwegs, genie\u00dfen so oft wie m\u00f6glich das gute Wetter im Garten, freuen sich \u00fcber viele Besucher und machen einfach ganz viel Freude!<\/p>\n","protected":false},"author":2,"featured_media":0,"parent":10359,"menu_order":2513,"comment_status":"closed","ping_status":"closed","template":"","meta":{"footnotes":""},"class_list":["post-10389","page","type-page","status-publish","hentry"],"_links":{"self":[{"href":"https:\/\/www.mourioche.de\/index.php?rest_route=\/wp\/v2\/pages\/10389","targetHints":{"allow":["GET"]}}],"collection":[{"href":"https:\/\/www.mourioche.de\/index.php?rest_route=\/wp\/v2\/pages"}],"about":[{"href":"https:\/\/www.mourioche.de\/index.php?rest_route=\/wp\/v2\/types\/page"}],"author":[{"embeddable":true,"href":"https:\/\/www.mourioche.de\/index.php?rest_route=\/wp\/v2\/users\/2"}],"replies":[{"embeddable":true,"href":"https:\/\/www.mourioche.de\/index.php?rest_route=%2Fwp%2Fv2%2Fcomments&post=10389"}],"version-history":[{"count":1,"href":"https:\/\/www.mourioche.de\/index.php?rest_route=\/wp\/v2\/pages\/10389\/revisions"}],"predecessor-version":[{"id":10399,"href":"https:\/\/www.mourioche.de\/index.php?rest_route=\/wp\/v2\/pages\/10389\/revisions\/10399"}],"up":[{"embeddable":true,"href":"https:\/\/www.mourioche.de\/index.php?rest_route=\/wp\/v2\/pages\/10359"}],"wp:attachment":[{"href":"https:\/\/www.mourioche.de\/index.php?rest_route=%2Fwp%2Fv2%2Fmedia&parent=10389"}],"curies":[{"name":"wp","href":"https:\/\/api.w.org\/{rel}","templated":true}]}}