{"id":10402,"date":"2018-10-27T14:35:06","date_gmt":"2018-10-27T12:35:06","guid":{"rendered":"https:\/\/www.mourioche.de\/?page_id=10402"},"modified":"2018-10-27T14:35:06","modified_gmt":"2018-10-27T12:35:06","slug":"jule-o-wurf-sechste-woche","status":"publish","type":"page","link":"https:\/\/www.mourioche.de\/?page_id=10402","title":{"rendered":"Jule O-Wurf sechste Woche"},"content":{"rendered":"<p style=\"text-align: center;\"><strong>27.10.2018<\/strong><\/p>\n<p style=\"text-align: center;\">Das Highlight der sechsten Woche unseres Quintetts war auf jeden Fall der Besuch im Seniorenheim. Es ist immer wieder ber\u00fchrend zu sehen, wieviel Freude die Welpen den Bewohnern machen. Da werden Erinnerungen ausgetauscht, Geschichten von den eigenen Hunden erz\u00e4hlt, l\u00e4ngst verloren geglaubte F\u00e4higkeiten kommen wieder ans Tageslicht und vieles mehr. Die Welpen genie\u00dfen die ausgiebigen Streicheleinheiten, neugierig und unbefangen begr\u00fc\u00dfen sie jeden Bewohner. Eine absolute win-win Situation f\u00fcr alle Beteiligten!<\/p>\n<p style=\"text-align: center;\">Doch auch an den anderen Tagen kommt keine Langeweile auf. Besucher geben sich die Klinke in die Hand (es kam schon der Gedanke an eine Dreht\u00fcr auf&#8230;), wir erkunden neue Umgebungen, Untergr\u00fcnde, andere Tiere (unsere Katzen) werden aus der N\u00e4he betrachtet, neues Spielzeug sorgt f\u00fcr die Entwicklung neuer motorischen F\u00e4higkeiten. Alles immer wohldosiert &#8211; Schlaf und Essen ist nach wie vor das Wichtigste im Leben der Kleinen!<\/p>\n<p style=\"text-align: center;\"><a href=\"https:\/\/www.mourioche.de\/wpmourio\/wp-content\/uploads\/2018\/10\/20181021_101413-e1540643085446.jpg\"><img loading=\"lazy\" decoding=\"async\" class=\"alignnone size-medium wp-image-10403\" src=\"https:\/\/www.mourioche.de\/wpmourio\/wp-content\/uploads\/2018\/10\/20181021_101413-e1540643085446-225x300.jpg\" alt=\"\" width=\"225\" height=\"300\" srcset=\"https:\/\/www.mourioche.de\/wpmourio\/wp-content\/uploads\/2018\/10\/20181021_101413-e1540643085446-225x300.jpg 225w, https:\/\/www.mourioche.de\/wpmourio\/wp-content\/uploads\/2018\/10\/20181021_101413-e1540643085446-768x1024.jpg 768w, https:\/\/www.mourioche.de\/wpmourio\/wp-content\/uploads\/2018\/10\/20181021_101413-e1540643085446-113x150.jpg 113w, https:\/\/www.mourioche.de\/wpmourio\/wp-content\/uploads\/2018\/10\/20181021_101413-e1540643085446-400x533.jpg 400w\" sizes=\"auto, (max-width: 225px) 100vw, 225px\" \/><\/a> <a href=\"https:\/\/www.mourioche.de\/wpmourio\/wp-content\/uploads\/2018\/10\/20181021_104910.jpg\"><img loading=\"lazy\" decoding=\"async\" class=\"alignnone size-medium wp-image-10404\" src=\"https:\/\/www.mourioche.de\/wpmourio\/wp-content\/uploads\/2018\/10\/20181021_104910-300x225.jpg\" alt=\"\" width=\"300\" height=\"225\" srcset=\"https:\/\/www.mourioche.de\/wpmourio\/wp-content\/uploads\/2018\/10\/20181021_104910-300x225.jpg 300w, https:\/\/www.mourioche.de\/wpmourio\/wp-content\/uploads\/2018\/10\/20181021_104910-768x576.jpg 768w, https:\/\/www.mourioche.de\/wpmourio\/wp-content\/uploads\/2018\/10\/20181021_104910-1024x768.jpg 1024w, https:\/\/www.mourioche.de\/wpmourio\/wp-content\/uploads\/2018\/10\/20181021_104910-150x113.jpg 150w, https:\/\/www.mourioche.de\/wpmourio\/wp-content\/uploads\/2018\/10\/20181021_104910-400x300.jpg 400w\" sizes=\"auto, (max-width: 300px) 100vw, 300px\" \/><\/a> <a href=\"https:\/\/www.mourioche.de\/wpmourio\/wp-content\/uploads\/2018\/10\/20181021_104923.jpg\"><img loading=\"lazy\" decoding=\"async\" class=\"alignnone size-medium wp-image-10405\" src=\"https:\/\/www.mourioche.de\/wpmourio\/wp-content\/uploads\/2018\/10\/20181021_104923-300x225.jpg\" alt=\"\" width=\"300\" height=\"225\" srcset=\"https:\/\/www.mourioche.de\/wpmourio\/wp-content\/uploads\/2018\/10\/20181021_104923-300x225.jpg 300w, https:\/\/www.mourioche.de\/wpmourio\/wp-content\/uploads\/2018\/10\/20181021_104923-768x576.jpg 768w, https:\/\/www.mourioche.de\/wpmourio\/wp-content\/uploads\/2018\/10\/20181021_104923-1024x768.jpg 1024w, https:\/\/www.mourioche.de\/wpmourio\/wp-content\/uploads\/2018\/10\/20181021_104923-150x113.jpg 150w, https:\/\/www.mourioche.de\/wpmourio\/wp-content\/uploads\/2018\/10\/20181021_104923-400x300.jpg 400w\" sizes=\"auto, (max-width: 300px) 100vw, 300px\" \/><\/a> <a href=\"https:\/\/www.mourioche.de\/wpmourio\/wp-content\/uploads\/2018\/10\/20181021_104927.jpg\"><img loading=\"lazy\" decoding=\"async\" class=\"alignnone size-medium wp-image-10406\" src=\"https:\/\/www.mourioche.de\/wpmourio\/wp-content\/uploads\/2018\/10\/20181021_104927-300x225.jpg\" alt=\"\" width=\"300\" height=\"225\" srcset=\"https:\/\/www.mourioche.de\/wpmourio\/wp-content\/uploads\/2018\/10\/20181021_104927-300x225.jpg 300w, https:\/\/www.mourioche.de\/wpmourio\/wp-content\/uploads\/2018\/10\/20181021_104927-768x576.jpg 768w, https:\/\/www.mourioche.de\/wpmourio\/wp-content\/uploads\/2018\/10\/20181021_104927-1024x768.jpg 1024w, https:\/\/www.mourioche.de\/wpmourio\/wp-content\/uploads\/2018\/10\/20181021_104927-150x113.jpg 150w, https:\/\/www.mourioche.de\/wpmourio\/wp-content\/uploads\/2018\/10\/20181021_104927-400x300.jpg 400w\" sizes=\"auto, (max-width: 300px) 100vw, 300px\" \/><\/a> <a href=\"https:\/\/www.mourioche.de\/wpmourio\/wp-content\/uploads\/2018\/10\/20181022_100252.jpg\"><img loading=\"lazy\" decoding=\"async\" class=\"alignnone size-medium wp-image-10407\" src=\"https:\/\/www.mourioche.de\/wpmourio\/wp-content\/uploads\/2018\/10\/20181022_100252-300x225.jpg\" alt=\"\" width=\"300\" height=\"225\" srcset=\"https:\/\/www.mourioche.de\/wpmourio\/wp-content\/uploads\/2018\/10\/20181022_100252-300x225.jpg 300w, https:\/\/www.mourioche.de\/wpmourio\/wp-content\/uploads\/2018\/10\/20181022_100252-768x576.jpg 768w, https:\/\/www.mourioche.de\/wpmourio\/wp-content\/uploads\/2018\/10\/20181022_100252-1024x768.jpg 1024w, https:\/\/www.mourioche.de\/wpmourio\/wp-content\/uploads\/2018\/10\/20181022_100252-150x113.jpg 150w, https:\/\/www.mourioche.de\/wpmourio\/wp-content\/uploads\/2018\/10\/20181022_100252-400x300.jpg 400w\" sizes=\"auto, (max-width: 300px) 100vw, 300px\" \/><\/a> <a href=\"https:\/\/www.mourioche.de\/wpmourio\/wp-content\/uploads\/2018\/10\/20181022_101415-e1540643104243.jpg\"><img loading=\"lazy\" decoding=\"async\" class=\"alignnone size-medium wp-image-10408\" src=\"https:\/\/www.mourioche.de\/wpmourio\/wp-content\/uploads\/2018\/10\/20181022_101415-e1540643104243-225x300.jpg\" alt=\"\" width=\"225\" height=\"300\" srcset=\"https:\/\/www.mourioche.de\/wpmourio\/wp-content\/uploads\/2018\/10\/20181022_101415-e1540643104243-225x300.jpg 225w, https:\/\/www.mourioche.de\/wpmourio\/wp-content\/uploads\/2018\/10\/20181022_101415-e1540643104243-768x1024.jpg 768w, https:\/\/www.mourioche.de\/wpmourio\/wp-content\/uploads\/2018\/10\/20181022_101415-e1540643104243-113x150.jpg 113w, https:\/\/www.mourioche.de\/wpmourio\/wp-content\/uploads\/2018\/10\/20181022_101415-e1540643104243-400x533.jpg 400w\" sizes=\"auto, (max-width: 225px) 100vw, 225px\" \/><\/a> <a href=\"https:\/\/www.mourioche.de\/wpmourio\/wp-content\/uploads\/2018\/10\/20181022_101825-e1540643238312.jpg\"><img loading=\"lazy\" decoding=\"async\" class=\"alignnone size-medium wp-image-10409\" src=\"https:\/\/www.mourioche.de\/wpmourio\/wp-content\/uploads\/2018\/10\/20181022_101825-e1540643238312-300x225.jpg\" alt=\"\" width=\"300\" height=\"225\" srcset=\"https:\/\/www.mourioche.de\/wpmourio\/wp-content\/uploads\/2018\/10\/20181022_101825-e1540643238312-300x225.jpg 300w, https:\/\/www.mourioche.de\/wpmourio\/wp-content\/uploads\/2018\/10\/20181022_101825-e1540643238312-768x576.jpg 768w, https:\/\/www.mourioche.de\/wpmourio\/wp-content\/uploads\/2018\/10\/20181022_101825-e1540643238312-1024x768.jpg 1024w, https:\/\/www.mourioche.de\/wpmourio\/wp-content\/uploads\/2018\/10\/20181022_101825-e1540643238312-150x113.jpg 150w, https:\/\/www.mourioche.de\/wpmourio\/wp-content\/uploads\/2018\/10\/20181022_101825-e1540643238312-400x300.jpg 400w\" sizes=\"auto, (max-width: 300px) 100vw, 300px\" \/><\/a>\u00a0 <a href=\"https:\/\/www.mourioche.de\/wpmourio\/wp-content\/uploads\/2018\/10\/IMG-20181027-WA0025.jpg\"><img loading=\"lazy\" decoding=\"async\" class=\"alignnone size-medium wp-image-10411\" src=\"https:\/\/www.mourioche.de\/wpmourio\/wp-content\/uploads\/2018\/10\/IMG-20181027-WA0025-300x225.jpg\" alt=\"\" width=\"300\" height=\"225\" srcset=\"https:\/\/www.mourioche.de\/wpmourio\/wp-content\/uploads\/2018\/10\/IMG-20181027-WA0025-300x225.jpg 300w, https:\/\/www.mourioche.de\/wpmourio\/wp-content\/uploads\/2018\/10\/IMG-20181027-WA0025-768x576.jpg 768w, https:\/\/www.mourioche.de\/wpmourio\/wp-content\/uploads\/2018\/10\/IMG-20181027-WA0025-1024x768.jpg 1024w, https:\/\/www.mourioche.de\/wpmourio\/wp-content\/uploads\/2018\/10\/IMG-20181027-WA0025-150x113.jpg 150w, https:\/\/www.mourioche.de\/wpmourio\/wp-content\/uploads\/2018\/10\/IMG-20181027-WA0025-400x300.jpg 400w, https:\/\/www.mourioche.de\/wpmourio\/wp-content\/uploads\/2018\/10\/IMG-20181027-WA0025.jpg 1600w\" sizes=\"auto, (max-width: 300px) 100vw, 300px\" \/><\/a><a href=\"https:\/\/www.mourioche.de\/wpmourio\/wp-content\/uploads\/2018\/10\/20181023_151037.jpg\"><img loading=\"lazy\" decoding=\"async\" class=\"alignnone size-medium wp-image-10410\" src=\"https:\/\/www.mourioche.de\/wpmourio\/wp-content\/uploads\/2018\/10\/20181023_151037-300x225.jpg\" alt=\"\" width=\"300\" height=\"225\" srcset=\"https:\/\/www.mourioche.de\/wpmourio\/wp-content\/uploads\/2018\/10\/20181023_151037-300x225.jpg 300w, https:\/\/www.mourioche.de\/wpmourio\/wp-content\/uploads\/2018\/10\/20181023_151037-768x576.jpg 768w, https:\/\/www.mourioche.de\/wpmourio\/wp-content\/uploads\/2018\/10\/20181023_151037-1024x768.jpg 1024w, https:\/\/www.mourioche.de\/wpmourio\/wp-content\/uploads\/2018\/10\/20181023_151037-150x113.jpg 150w, https:\/\/www.mourioche.de\/wpmourio\/wp-content\/uploads\/2018\/10\/20181023_151037-400x300.jpg 400w\" sizes=\"auto, (max-width: 300px) 100vw, 300px\" \/><\/a><\/p>\n","protected":false},"excerpt":{"rendered":"<p>27.10.2018 Das Highlight der sechsten Woche unseres Quintetts war auf jeden Fall der Besuch im Seniorenheim. Es ist immer wieder ber\u00fchrend zu sehen, wieviel Freude die Welpen den Bewohnern machen. Da werden Erinnerungen ausgetauscht, Geschichten von den eigenen Hunden erz\u00e4hlt, l\u00e4ngst verloren geglaubte F\u00e4higkeiten kommen wieder ans Tageslicht und vieles mehr. Die Welpen genie\u00dfen die &hellip; <a href=\"https:\/\/www.mourioche.de\/?page_id=10402\" class=\"more-link\"><span class=\"screen-reader-text\">Jule O-Wurf sechste Woche<\/span> weiterlesen <span class=\"meta-nav\">&rarr;<\/span><\/a><\/p>\n","protected":false},"author":2,"featured_media":0,"parent":10359,"menu_order":2514,"comment_status":"closed","ping_status":"closed","template":"","meta":{"footnotes":""},"class_list":["post-10402","page","type-page","status-publish","hentry"],"_links":{"self":[{"href":"https:\/\/www.mourioche.de\/index.php?rest_route=\/wp\/v2\/pages\/10402","targetHints":{"allow":["GET"]}}],"collection":[{"href":"https:\/\/www.mourioche.de\/index.php?rest_route=\/wp\/v2\/pages"}],"about":[{"href":"https:\/\/www.mourioche.de\/index.php?rest_route=\/wp\/v2\/types\/page"}],"author":[{"embeddable":true,"href":"https:\/\/www.mourioche.de\/index.php?rest_route=\/wp\/v2\/users\/2"}],"replies":[{"embeddable":true,"href":"https:\/\/www.mourioche.de\/index.php?rest_route=%2Fwp%2Fv2%2Fcomments&post=10402"}],"version-history":[{"count":1,"href":"https:\/\/www.mourioche.de\/index.php?rest_route=\/wp\/v2\/pages\/10402\/revisions"}],"predecessor-version":[{"id":10412,"href":"https:\/\/www.mourioche.de\/index.php?rest_route=\/wp\/v2\/pages\/10402\/revisions\/10412"}],"up":[{"embeddable":true,"href":"https:\/\/www.mourioche.de\/index.php?rest_route=\/wp\/v2\/pages\/10359"}],"wp:attachment":[{"href":"https:\/\/www.mourioche.de\/index.php?rest_route=%2Fwp%2Fv2%2Fmedia&parent=10402"}],"curies":[{"name":"wp","href":"https:\/\/api.w.org\/{rel}","templated":true}]}}