{"id":10468,"date":"2019-06-06T16:22:32","date_gmt":"2019-06-06T14:22:32","guid":{"rendered":"https:\/\/www.mourioche.de\/?page_id=10468"},"modified":"2019-06-06T16:22:32","modified_gmt":"2019-06-06T14:22:32","slug":"eala-p-wurf-2-woche","status":"publish","type":"page","link":"https:\/\/www.mourioche.de\/?page_id=10468","title":{"rendered":"Eala P-Wurf 2. Woche"},"content":{"rendered":"\n<p style=\"text-align:center\"><strong>06.06.2019<\/strong><\/p>\n\n\n\n<p>Gerade erst geboren und schwupps &#8211; schon sind Paladin, Pippin, Peony und Pelori zwei Wochen alt! Alle haben kr\u00e4ftig an Gr\u00f6\u00dfe und Gewicht zugelegt, die Augen sind auch schon ge\u00f6ffnet. Die ersten Besucher durften schon kuscheln kommen, so lernen die Kleinen von Anfang an, dass Menschen unterschiedlich riechen, sich unterschiedlich anf\u00fchlen und auch, dass sie auf unterschiedliche Weise angefasst werden. Eine wichtige Grundlage f\u00fcr das sp\u00e4tere Leben! Katzenduft konnten sie auch schon schnuppern, unsere 4 Wochen alten German Angora K\u00e4tzchen leisten ihnen gerne Gesellschaft.<\/p>\n\n\n\n<p>F\u00fcr Paladin, den schwarzen R\u00fcden, suchen wir noch eine geeignete Familie.<\/p>\n\n\n\n<ul class=\"wp-block-gallery columns-3 is-cropped wp-block-gallery-1 is-layout-flex wp-block-gallery-is-layout-flex\"><li class=\"blocks-gallery-item\"><figure><img loading=\"lazy\" decoding=\"async\" width=\"1024\" height=\"768\" src=\"https:\/\/www.mourioche.de\/wpmourio\/wp-content\/uploads\/2019\/06\/20190603_184243-1024x768.jpg\" alt=\"\" data-id=\"10469\" data-link=\"https:\/\/www.mourioche.de\/?attachment_id=10469\" class=\"wp-image-10469\" srcset=\"https:\/\/www.mourioche.de\/wpmourio\/wp-content\/uploads\/2019\/06\/20190603_184243-1024x768.jpg 1024w, https:\/\/www.mourioche.de\/wpmourio\/wp-content\/uploads\/2019\/06\/20190603_184243-300x225.jpg 300w, https:\/\/www.mourioche.de\/wpmourio\/wp-content\/uploads\/2019\/06\/20190603_184243-768x576.jpg 768w, https:\/\/www.mourioche.de\/wpmourio\/wp-content\/uploads\/2019\/06\/20190603_184243-150x113.jpg 150w, https:\/\/www.mourioche.de\/wpmourio\/wp-content\/uploads\/2019\/06\/20190603_184243-400x300.jpg 400w\" sizes=\"auto, (max-width: 1024px) 100vw, 1024px\" \/><\/figure><\/li><li class=\"blocks-gallery-item\"><figure><img loading=\"lazy\" decoding=\"async\" width=\"1024\" height=\"768\" src=\"https:\/\/www.mourioche.de\/wpmourio\/wp-content\/uploads\/2019\/06\/20190605_200710-1024x768.jpg\" alt=\"\" data-id=\"10470\" data-link=\"https:\/\/www.mourioche.de\/?attachment_id=10470\" class=\"wp-image-10470\" srcset=\"https:\/\/www.mourioche.de\/wpmourio\/wp-content\/uploads\/2019\/06\/20190605_200710-1024x768.jpg 1024w, https:\/\/www.mourioche.de\/wpmourio\/wp-content\/uploads\/2019\/06\/20190605_200710-300x225.jpg 300w, https:\/\/www.mourioche.de\/wpmourio\/wp-content\/uploads\/2019\/06\/20190605_200710-768x576.jpg 768w, https:\/\/www.mourioche.de\/wpmourio\/wp-content\/uploads\/2019\/06\/20190605_200710-150x113.jpg 150w, https:\/\/www.mourioche.de\/wpmourio\/wp-content\/uploads\/2019\/06\/20190605_200710-400x300.jpg 400w\" sizes=\"auto, (max-width: 1024px) 100vw, 1024px\" \/><\/figure><\/li><li class=\"blocks-gallery-item\"><figure><img loading=\"lazy\" decoding=\"async\" width=\"1024\" height=\"768\" src=\"https:\/\/www.mourioche.de\/wpmourio\/wp-content\/uploads\/2019\/06\/20190606_121805-1024x768.jpg\" alt=\"\" data-id=\"10471\" data-link=\"https:\/\/www.mourioche.de\/?attachment_id=10471\" class=\"wp-image-10471\" srcset=\"https:\/\/www.mourioche.de\/wpmourio\/wp-content\/uploads\/2019\/06\/20190606_121805-1024x768.jpg 1024w, https:\/\/www.mourioche.de\/wpmourio\/wp-content\/uploads\/2019\/06\/20190606_121805-300x225.jpg 300w, https:\/\/www.mourioche.de\/wpmourio\/wp-content\/uploads\/2019\/06\/20190606_121805-768x576.jpg 768w, https:\/\/www.mourioche.de\/wpmourio\/wp-content\/uploads\/2019\/06\/20190606_121805-150x113.jpg 150w, https:\/\/www.mourioche.de\/wpmourio\/wp-content\/uploads\/2019\/06\/20190606_121805-400x300.jpg 400w\" sizes=\"auto, (max-width: 1024px) 100vw, 1024px\" \/><\/figure><\/li><li class=\"blocks-gallery-item\"><figure><img loading=\"lazy\" decoding=\"async\" width=\"1024\" height=\"768\" src=\"https:\/\/www.mourioche.de\/wpmourio\/wp-content\/uploads\/2019\/06\/20190606_121939-1024x768.jpg\" alt=\"\" data-id=\"10472\" data-link=\"https:\/\/www.mourioche.de\/?attachment_id=10472\" class=\"wp-image-10472\" srcset=\"https:\/\/www.mourioche.de\/wpmourio\/wp-content\/uploads\/2019\/06\/20190606_121939-1024x768.jpg 1024w, https:\/\/www.mourioche.de\/wpmourio\/wp-content\/uploads\/2019\/06\/20190606_121939-300x225.jpg 300w, https:\/\/www.mourioche.de\/wpmourio\/wp-content\/uploads\/2019\/06\/20190606_121939-768x576.jpg 768w, https:\/\/www.mourioche.de\/wpmourio\/wp-content\/uploads\/2019\/06\/20190606_121939-150x113.jpg 150w, https:\/\/www.mourioche.de\/wpmourio\/wp-content\/uploads\/2019\/06\/20190606_121939-400x300.jpg 400w\" sizes=\"auto, (max-width: 1024px) 100vw, 1024px\" \/><\/figure><\/li><li class=\"blocks-gallery-item\"><figure><img loading=\"lazy\" decoding=\"async\" width=\"1024\" height=\"768\" src=\"https:\/\/www.mourioche.de\/wpmourio\/wp-content\/uploads\/2019\/06\/20190606_122117-1024x768.jpg\" alt=\"\" data-id=\"10473\" data-link=\"https:\/\/www.mourioche.de\/?attachment_id=10473\" class=\"wp-image-10473\" srcset=\"https:\/\/www.mourioche.de\/wpmourio\/wp-content\/uploads\/2019\/06\/20190606_122117-1024x768.jpg 1024w, https:\/\/www.mourioche.de\/wpmourio\/wp-content\/uploads\/2019\/06\/20190606_122117-300x225.jpg 300w, https:\/\/www.mourioche.de\/wpmourio\/wp-content\/uploads\/2019\/06\/20190606_122117-768x576.jpg 768w, https:\/\/www.mourioche.de\/wpmourio\/wp-content\/uploads\/2019\/06\/20190606_122117-150x113.jpg 150w, https:\/\/www.mourioche.de\/wpmourio\/wp-content\/uploads\/2019\/06\/20190606_122117-400x300.jpg 400w\" sizes=\"auto, (max-width: 1024px) 100vw, 1024px\" \/><\/figure><\/li><li class=\"blocks-gallery-item\"><figure><img loading=\"lazy\" decoding=\"async\" width=\"1024\" height=\"768\" src=\"https:\/\/www.mourioche.de\/wpmourio\/wp-content\/uploads\/2019\/06\/20190606_155206-1024x768.jpg\" alt=\"\" data-id=\"10474\" data-link=\"https:\/\/www.mourioche.de\/?attachment_id=10474\" class=\"wp-image-10474\" srcset=\"https:\/\/www.mourioche.de\/wpmourio\/wp-content\/uploads\/2019\/06\/20190606_155206-1024x768.jpg 1024w, https:\/\/www.mourioche.de\/wpmourio\/wp-content\/uploads\/2019\/06\/20190606_155206-300x225.jpg 300w, https:\/\/www.mourioche.de\/wpmourio\/wp-content\/uploads\/2019\/06\/20190606_155206-768x576.jpg 768w, https:\/\/www.mourioche.de\/wpmourio\/wp-content\/uploads\/2019\/06\/20190606_155206-150x113.jpg 150w, https:\/\/www.mourioche.de\/wpmourio\/wp-content\/uploads\/2019\/06\/20190606_155206-400x300.jpg 400w\" sizes=\"auto, (max-width: 1024px) 100vw, 1024px\" \/><\/figure><\/li><\/ul>\n","protected":false},"excerpt":{"rendered":"<p>06.06.2019 Gerade erst geboren und schwupps &#8211; schon sind Paladin, Pippin, Peony und Pelori zwei Wochen alt! Alle haben kr\u00e4ftig an Gr\u00f6\u00dfe und Gewicht zugelegt, die Augen sind auch schon ge\u00f6ffnet. Die ersten Besucher durften schon kuscheln kommen, so lernen die Kleinen von Anfang an, dass Menschen unterschiedlich riechen, sich unterschiedlich anf\u00fchlen und auch, dass &hellip; <a href=\"https:\/\/www.mourioche.de\/?page_id=10468\" class=\"more-link\"><span class=\"screen-reader-text\">Eala P-Wurf 2. Woche<\/span> weiterlesen <span class=\"meta-nav\">&rarr;<\/span><\/a><\/p>\n","protected":false},"author":2,"featured_media":0,"parent":10453,"menu_order":2512,"comment_status":"closed","ping_status":"closed","template":"","meta":{"footnotes":""},"class_list":["post-10468","page","type-page","status-publish","hentry"],"_links":{"self":[{"href":"https:\/\/www.mourioche.de\/index.php?rest_route=\/wp\/v2\/pages\/10468","targetHints":{"allow":["GET"]}}],"collection":[{"href":"https:\/\/www.mourioche.de\/index.php?rest_route=\/wp\/v2\/pages"}],"about":[{"href":"https:\/\/www.mourioche.de\/index.php?rest_route=\/wp\/v2\/types\/page"}],"author":[{"embeddable":true,"href":"https:\/\/www.mourioche.de\/index.php?rest_route=\/wp\/v2\/users\/2"}],"replies":[{"embeddable":true,"href":"https:\/\/www.mourioche.de\/index.php?rest_route=%2Fwp%2Fv2%2Fcomments&post=10468"}],"version-history":[{"count":2,"href":"https:\/\/www.mourioche.de\/index.php?rest_route=\/wp\/v2\/pages\/10468\/revisions"}],"predecessor-version":[{"id":10476,"href":"https:\/\/www.mourioche.de\/index.php?rest_route=\/wp\/v2\/pages\/10468\/revisions\/10476"}],"up":[{"embeddable":true,"href":"https:\/\/www.mourioche.de\/index.php?rest_route=\/wp\/v2\/pages\/10453"}],"wp:attachment":[{"href":"https:\/\/www.mourioche.de\/index.php?rest_route=%2Fwp%2Fv2%2Fmedia&parent=10468"}],"curies":[{"name":"wp","href":"https:\/\/api.w.org\/{rel}","templated":true}]}}