{"id":10487,"date":"2019-06-12T11:36:48","date_gmt":"2019-06-12T09:36:48","guid":{"rendered":"https:\/\/www.mourioche.de\/?page_id=10487"},"modified":"2019-06-12T11:36:48","modified_gmt":"2019-06-12T09:36:48","slug":"mimi-c-wurf","status":"publish","type":"page","link":"https:\/\/www.mourioche.de\/?page_id=10487","title":{"rendered":"Mimi C-Wurf"},"content":{"rendered":"\n<p>Im Men\u00fc ist f\u00fcr jede neue Woche unseres Mudi B-Wurfs ein Link zu finden, mit den besten Fotos und den neuesten Entwicklungen.<\/p>\n\n\n\n<p>K\u00f6ves Berci B\u00e9tyar Imola \u201cMimi\u201d x&nbsp;Nyirsegfia Skyjacker MiG 21 \u201eMiG\u201c<\/p>\n\n\n\n<p>*12.06.2019<\/p>\n","protected":false},"excerpt":{"rendered":"<p>Im Men\u00fc ist f\u00fcr jede neue Woche unseres Mudi B-Wurfs ein Link zu finden, mit den besten Fotos und den neuesten Entwicklungen. K\u00f6ves Berci B\u00e9tyar Imola \u201cMimi\u201d x&nbsp;Nyirsegfia Skyjacker MiG 21 \u201eMiG\u201c *12.06.2019<\/p>\n","protected":false},"author":2,"featured_media":0,"parent":9109,"menu_order":3310,"comment_status":"closed","ping_status":"closed","template":"","meta":{"footnotes":""},"class_list":["post-10487","page","type-page","status-publish","hentry"],"_links":{"self":[{"href":"https:\/\/www.mourioche.de\/index.php?rest_route=\/wp\/v2\/pages\/10487","targetHints":{"allow":["GET"]}}],"collection":[{"href":"https:\/\/www.mourioche.de\/index.php?rest_route=\/wp\/v2\/pages"}],"about":[{"href":"https:\/\/www.mourioche.de\/index.php?rest_route=\/wp\/v2\/types\/page"}],"author":[{"embeddable":true,"href":"https:\/\/www.mourioche.de\/index.php?rest_route=\/wp\/v2\/users\/2"}],"replies":[{"embeddable":true,"href":"https:\/\/www.mourioche.de\/index.php?rest_route=%2Fwp%2Fv2%2Fcomments&post=10487"}],"version-history":[{"count":1,"href":"https:\/\/www.mourioche.de\/index.php?rest_route=\/wp\/v2\/pages\/10487\/revisions"}],"predecessor-version":[{"id":10488,"href":"https:\/\/www.mourioche.de\/index.php?rest_route=\/wp\/v2\/pages\/10487\/revisions\/10488"}],"up":[{"embeddable":true,"href":"https:\/\/www.mourioche.de\/index.php?rest_route=\/wp\/v2\/pages\/9109"}],"wp:attachment":[{"href":"https:\/\/www.mourioche.de\/index.php?rest_route=%2Fwp%2Fv2%2Fmedia&parent=10487"}],"curies":[{"name":"wp","href":"https:\/\/api.w.org\/{rel}","templated":true}]}}