{"id":10490,"date":"2019-06-12T11:45:16","date_gmt":"2019-06-12T09:45:16","guid":{"rendered":"https:\/\/www.mourioche.de\/?page_id=10490"},"modified":"2019-06-12T20:54:33","modified_gmt":"2019-06-12T18:54:33","slug":"mimi-c-wurf-1-woche","status":"publish","type":"page","link":"https:\/\/www.mourioche.de\/?page_id=10490","title":{"rendered":"Mimi C-Wurf 1. Woche"},"content":{"rendered":"\n<p>Wir begr\u00fc\u00dfe stolz und gl\u00fccklich Mimis sieben Zwerge! Ja, sie hat tats\u00e4chlich 7 Welpen v\u00f6llig unproblematisch zur Welt gebracht, einer h\u00fcbscher als der andere. Das wird ein Trubel! Es sind zwei H\u00fcndinnen (eine schwarz, eine cifra) und f\u00fcnf R\u00fcden (drei schwarz, zwei cifra). <\/p>\n\n\n\n<ul class=\"wp-block-gallery columns-3 is-cropped wp-block-gallery-1 is-layout-flex wp-block-gallery-is-layout-flex\"><li class=\"blocks-gallery-item\"><figure><img loading=\"lazy\" decoding=\"async\" width=\"1024\" height=\"768\" src=\"https:\/\/www.mourioche.de\/wpmourio\/wp-content\/uploads\/2019\/06\/20190612_101041-1024x768.jpg\" alt=\"\" data-id=\"10491\" data-link=\"https:\/\/www.mourioche.de\/?attachment_id=10491\" class=\"wp-image-10491\" srcset=\"https:\/\/www.mourioche.de\/wpmourio\/wp-content\/uploads\/2019\/06\/20190612_101041-1024x768.jpg 1024w, https:\/\/www.mourioche.de\/wpmourio\/wp-content\/uploads\/2019\/06\/20190612_101041-300x225.jpg 300w, https:\/\/www.mourioche.de\/wpmourio\/wp-content\/uploads\/2019\/06\/20190612_101041-768x576.jpg 768w, https:\/\/www.mourioche.de\/wpmourio\/wp-content\/uploads\/2019\/06\/20190612_101041-150x113.jpg 150w, https:\/\/www.mourioche.de\/wpmourio\/wp-content\/uploads\/2019\/06\/20190612_101041-400x300.jpg 400w\" sizes=\"auto, (max-width: 1024px) 100vw, 1024px\" \/><\/figure><\/li><li class=\"blocks-gallery-item\"><figure><img loading=\"lazy\" decoding=\"async\" width=\"1024\" height=\"768\" src=\"https:\/\/www.mourioche.de\/wpmourio\/wp-content\/uploads\/2019\/06\/20190612_101317-1024x768.jpg\" alt=\"\" data-id=\"10492\" data-link=\"https:\/\/www.mourioche.de\/?attachment_id=10492\" class=\"wp-image-10492\" srcset=\"https:\/\/www.mourioche.de\/wpmourio\/wp-content\/uploads\/2019\/06\/20190612_101317-1024x768.jpg 1024w, https:\/\/www.mourioche.de\/wpmourio\/wp-content\/uploads\/2019\/06\/20190612_101317-300x225.jpg 300w, https:\/\/www.mourioche.de\/wpmourio\/wp-content\/uploads\/2019\/06\/20190612_101317-768x576.jpg 768w, https:\/\/www.mourioche.de\/wpmourio\/wp-content\/uploads\/2019\/06\/20190612_101317-150x113.jpg 150w, https:\/\/www.mourioche.de\/wpmourio\/wp-content\/uploads\/2019\/06\/20190612_101317-400x300.jpg 400w\" sizes=\"auto, (max-width: 1024px) 100vw, 1024px\" \/><\/figure><\/li><li class=\"blocks-gallery-item\"><figure><img loading=\"lazy\" decoding=\"async\" width=\"1024\" height=\"768\" src=\"https:\/\/www.mourioche.de\/wpmourio\/wp-content\/uploads\/2019\/06\/20190612_105349-1024x768.jpg\" alt=\"\" data-id=\"10493\" data-link=\"https:\/\/www.mourioche.de\/?attachment_id=10493\" class=\"wp-image-10493\" srcset=\"https:\/\/www.mourioche.de\/wpmourio\/wp-content\/uploads\/2019\/06\/20190612_105349-1024x768.jpg 1024w, https:\/\/www.mourioche.de\/wpmourio\/wp-content\/uploads\/2019\/06\/20190612_105349-300x225.jpg 300w, https:\/\/www.mourioche.de\/wpmourio\/wp-content\/uploads\/2019\/06\/20190612_105349-768x576.jpg 768w, https:\/\/www.mourioche.de\/wpmourio\/wp-content\/uploads\/2019\/06\/20190612_105349-150x113.jpg 150w, https:\/\/www.mourioche.de\/wpmourio\/wp-content\/uploads\/2019\/06\/20190612_105349-400x300.jpg 400w\" sizes=\"auto, (max-width: 1024px) 100vw, 1024px\" \/><\/figure><\/li><li class=\"blocks-gallery-item\"><figure><img loading=\"lazy\" decoding=\"async\" width=\"1024\" height=\"768\" src=\"https:\/\/www.mourioche.de\/wpmourio\/wp-content\/uploads\/2019\/06\/20190612_105843-1024x768.jpg\" alt=\"\" data-id=\"10494\" data-link=\"https:\/\/www.mourioche.de\/?attachment_id=10494\" class=\"wp-image-10494\" srcset=\"https:\/\/www.mourioche.de\/wpmourio\/wp-content\/uploads\/2019\/06\/20190612_105843-1024x768.jpg 1024w, https:\/\/www.mourioche.de\/wpmourio\/wp-content\/uploads\/2019\/06\/20190612_105843-300x225.jpg 300w, https:\/\/www.mourioche.de\/wpmourio\/wp-content\/uploads\/2019\/06\/20190612_105843-768x576.jpg 768w, https:\/\/www.mourioche.de\/wpmourio\/wp-content\/uploads\/2019\/06\/20190612_105843-150x113.jpg 150w, https:\/\/www.mourioche.de\/wpmourio\/wp-content\/uploads\/2019\/06\/20190612_105843-400x300.jpg 400w\" sizes=\"auto, (max-width: 1024px) 100vw, 1024px\" \/><\/figure><\/li><\/ul>\n","protected":false},"excerpt":{"rendered":"<p>Wir begr\u00fc\u00dfe stolz und gl\u00fccklich Mimis sieben Zwerge! Ja, sie hat tats\u00e4chlich 7 Welpen v\u00f6llig unproblematisch zur Welt gebracht, einer h\u00fcbscher als der andere. Das wird ein Trubel! Es sind zwei H\u00fcndinnen (eine schwarz, eine cifra) und f\u00fcnf R\u00fcden (drei schwarz, zwei cifra).<\/p>\n","protected":false},"author":2,"featured_media":0,"parent":10487,"menu_order":3311,"comment_status":"closed","ping_status":"closed","template":"","meta":{"footnotes":""},"class_list":["post-10490","page","type-page","status-publish","hentry"],"_links":{"self":[{"href":"https:\/\/www.mourioche.de\/index.php?rest_route=\/wp\/v2\/pages\/10490","targetHints":{"allow":["GET"]}}],"collection":[{"href":"https:\/\/www.mourioche.de\/index.php?rest_route=\/wp\/v2\/pages"}],"about":[{"href":"https:\/\/www.mourioche.de\/index.php?rest_route=\/wp\/v2\/types\/page"}],"author":[{"embeddable":true,"href":"https:\/\/www.mourioche.de\/index.php?rest_route=\/wp\/v2\/users\/2"}],"replies":[{"embeddable":true,"href":"https:\/\/www.mourioche.de\/index.php?rest_route=%2Fwp%2Fv2%2Fcomments&post=10490"}],"version-history":[{"count":2,"href":"https:\/\/www.mourioche.de\/index.php?rest_route=\/wp\/v2\/pages\/10490\/revisions"}],"predecessor-version":[{"id":10503,"href":"https:\/\/www.mourioche.de\/index.php?rest_route=\/wp\/v2\/pages\/10490\/revisions\/10503"}],"up":[{"embeddable":true,"href":"https:\/\/www.mourioche.de\/index.php?rest_route=\/wp\/v2\/pages\/10487"}],"wp:attachment":[{"href":"https:\/\/www.mourioche.de\/index.php?rest_route=%2Fwp%2Fv2%2Fmedia&parent=10490"}],"curies":[{"name":"wp","href":"https:\/\/api.w.org\/{rel}","templated":true}]}}