{"id":10505,"date":"2019-06-19T21:06:41","date_gmt":"2019-06-19T19:06:41","guid":{"rendered":"https:\/\/www.mourioche.de\/?page_id=10505"},"modified":"2019-07-05T12:42:47","modified_gmt":"2019-07-05T10:42:47","slug":"eala-p-wurf-3-woche","status":"publish","type":"page","link":"https:\/\/www.mourioche.de\/?page_id=10505","title":{"rendered":"Eala P-Wurf 3. Woche"},"content":{"rendered":"\n<ul class=\"wp-block-gallery columns-3 is-cropped wp-block-gallery-1 is-layout-flex wp-block-gallery-is-layout-flex\"><li class=\"blocks-gallery-item\"><figure><img loading=\"lazy\" decoding=\"async\" width=\"1024\" height=\"768\" src=\"https:\/\/www.mourioche.de\/wpmourio\/wp-content\/uploads\/2019\/06\/20190618_162405-1024x768.jpg\" alt=\"\" data-id=\"10506\" data-link=\"https:\/\/www.mourioche.de\/?attachment_id=10506\" class=\"wp-image-10506\" srcset=\"https:\/\/www.mourioche.de\/wpmourio\/wp-content\/uploads\/2019\/06\/20190618_162405-1024x768.jpg 1024w, https:\/\/www.mourioche.de\/wpmourio\/wp-content\/uploads\/2019\/06\/20190618_162405-300x225.jpg 300w, https:\/\/www.mourioche.de\/wpmourio\/wp-content\/uploads\/2019\/06\/20190618_162405-768x576.jpg 768w, https:\/\/www.mourioche.de\/wpmourio\/wp-content\/uploads\/2019\/06\/20190618_162405-150x113.jpg 150w, https:\/\/www.mourioche.de\/wpmourio\/wp-content\/uploads\/2019\/06\/20190618_162405-400x300.jpg 400w\" sizes=\"auto, (max-width: 1024px) 100vw, 1024px\" \/><\/figure><\/li><li class=\"blocks-gallery-item\"><figure><img loading=\"lazy\" decoding=\"async\" width=\"1024\" height=\"768\" src=\"https:\/\/www.mourioche.de\/wpmourio\/wp-content\/uploads\/2019\/06\/20190618_162423-1024x768.jpg\" alt=\"\" data-id=\"10507\" data-link=\"https:\/\/www.mourioche.de\/?attachment_id=10507\" class=\"wp-image-10507\" srcset=\"https:\/\/www.mourioche.de\/wpmourio\/wp-content\/uploads\/2019\/06\/20190618_162423-1024x768.jpg 1024w, https:\/\/www.mourioche.de\/wpmourio\/wp-content\/uploads\/2019\/06\/20190618_162423-300x225.jpg 300w, https:\/\/www.mourioche.de\/wpmourio\/wp-content\/uploads\/2019\/06\/20190618_162423-768x576.jpg 768w, https:\/\/www.mourioche.de\/wpmourio\/wp-content\/uploads\/2019\/06\/20190618_162423-150x113.jpg 150w, https:\/\/www.mourioche.de\/wpmourio\/wp-content\/uploads\/2019\/06\/20190618_162423-400x300.jpg 400w\" sizes=\"auto, (max-width: 1024px) 100vw, 1024px\" \/><\/figure><\/li><li class=\"blocks-gallery-item\"><figure><img loading=\"lazy\" decoding=\"async\" width=\"1024\" height=\"768\" src=\"https:\/\/www.mourioche.de\/wpmourio\/wp-content\/uploads\/2019\/06\/20190619_144430-1-1024x768.jpg\" alt=\"\" data-id=\"10514\" data-link=\"https:\/\/www.mourioche.de\/?attachment_id=10514\" class=\"wp-image-10514\" srcset=\"https:\/\/www.mourioche.de\/wpmourio\/wp-content\/uploads\/2019\/06\/20190619_144430-1-1024x768.jpg 1024w, https:\/\/www.mourioche.de\/wpmourio\/wp-content\/uploads\/2019\/06\/20190619_144430-1-300x225.jpg 300w, https:\/\/www.mourioche.de\/wpmourio\/wp-content\/uploads\/2019\/06\/20190619_144430-1-768x576.jpg 768w, https:\/\/www.mourioche.de\/wpmourio\/wp-content\/uploads\/2019\/06\/20190619_144430-1-150x113.jpg 150w, https:\/\/www.mourioche.de\/wpmourio\/wp-content\/uploads\/2019\/06\/20190619_144430-1-400x300.jpg 400w\" sizes=\"auto, (max-width: 1024px) 100vw, 1024px\" \/><\/figure><\/li><li class=\"blocks-gallery-item\"><figure><img loading=\"lazy\" decoding=\"async\" width=\"1024\" height=\"576\" src=\"https:\/\/www.mourioche.de\/wpmourio\/wp-content\/uploads\/2019\/06\/IMG-20190616-WA0002-1-1024x576.jpg\" alt=\"\" data-id=\"10515\" data-link=\"https:\/\/www.mourioche.de\/?attachment_id=10515\" class=\"wp-image-10515\" srcset=\"https:\/\/www.mourioche.de\/wpmourio\/wp-content\/uploads\/2019\/06\/IMG-20190616-WA0002-1-1024x576.jpg 1024w, https:\/\/www.mourioche.de\/wpmourio\/wp-content\/uploads\/2019\/06\/IMG-20190616-WA0002-1-300x169.jpg 300w, https:\/\/www.mourioche.de\/wpmourio\/wp-content\/uploads\/2019\/06\/IMG-20190616-WA0002-1-768x432.jpg 768w, https:\/\/www.mourioche.de\/wpmourio\/wp-content\/uploads\/2019\/06\/IMG-20190616-WA0002-1-150x84.jpg 150w, https:\/\/www.mourioche.de\/wpmourio\/wp-content\/uploads\/2019\/06\/IMG-20190616-WA0002-1-400x225.jpg 400w, https:\/\/www.mourioche.de\/wpmourio\/wp-content\/uploads\/2019\/06\/IMG-20190616-WA0002-1.jpg 1600w\" sizes=\"auto, (max-width: 1024px) 100vw, 1024px\" \/><\/figure><\/li><\/ul>\n\n\n\n<figure class=\"wp-block-image\"><img loading=\"lazy\" decoding=\"async\" width=\"768\" height=\"1024\" src=\"https:\/\/www.mourioche.de\/wpmourio\/wp-content\/uploads\/2019\/06\/20190618_163005-2-e1560970543605-768x1024.jpg\" alt=\"\" class=\"wp-image-10512\" srcset=\"https:\/\/www.mourioche.de\/wpmourio\/wp-content\/uploads\/2019\/06\/20190618_163005-2-e1560970543605-768x1024.jpg 768w, https:\/\/www.mourioche.de\/wpmourio\/wp-content\/uploads\/2019\/06\/20190618_163005-2-e1560970543605-225x300.jpg 225w, https:\/\/www.mourioche.de\/wpmourio\/wp-content\/uploads\/2019\/06\/20190618_163005-2-e1560970543605-113x150.jpg 113w, https:\/\/www.mourioche.de\/wpmourio\/wp-content\/uploads\/2019\/06\/20190618_163005-2-e1560970543605-400x533.jpg 400w\" sizes=\"auto, (max-width: 768px) 100vw, 768px\" \/><\/figure>\n\n\n\n<p>Unser Quartett wird mobil! Alle vier erkunden bei sch\u00f6nem Wetter den Garten, genie\u00dfen die Kuscheleinheiten, spielen und entwickeln sich prima! Ab und zu bekommen sie Besuch von unseren kleinen K\u00e4tzchen &#8211; f\u00fcr alle Beteiligten eine tolle Erfahrung.<\/p>\n","protected":false},"excerpt":{"rendered":"<p>Unser Quartett wird mobil! Alle vier erkunden bei sch\u00f6nem Wetter den Garten, genie\u00dfen die Kuscheleinheiten, spielen und entwickeln sich prima! Ab und zu bekommen sie Besuch von unseren kleinen K\u00e4tzchen &#8211; f\u00fcr alle Beteiligten eine tolle Erfahrung.<\/p>\n","protected":false},"author":2,"featured_media":0,"parent":10453,"menu_order":2513,"comment_status":"closed","ping_status":"closed","template":"","meta":{"footnotes":""},"class_list":["post-10505","page","type-page","status-publish","hentry"],"_links":{"self":[{"href":"https:\/\/www.mourioche.de\/index.php?rest_route=\/wp\/v2\/pages\/10505","targetHints":{"allow":["GET"]}}],"collection":[{"href":"https:\/\/www.mourioche.de\/index.php?rest_route=\/wp\/v2\/pages"}],"about":[{"href":"https:\/\/www.mourioche.de\/index.php?rest_route=\/wp\/v2\/types\/page"}],"author":[{"embeddable":true,"href":"https:\/\/www.mourioche.de\/index.php?rest_route=\/wp\/v2\/users\/2"}],"replies":[{"embeddable":true,"href":"https:\/\/www.mourioche.de\/index.php?rest_route=%2Fwp%2Fv2%2Fcomments&post=10505"}],"version-history":[{"count":2,"href":"https:\/\/www.mourioche.de\/index.php?rest_route=\/wp\/v2\/pages\/10505\/revisions"}],"predecessor-version":[{"id":10534,"href":"https:\/\/www.mourioche.de\/index.php?rest_route=\/wp\/v2\/pages\/10505\/revisions\/10534"}],"up":[{"embeddable":true,"href":"https:\/\/www.mourioche.de\/index.php?rest_route=\/wp\/v2\/pages\/10453"}],"wp:attachment":[{"href":"https:\/\/www.mourioche.de\/index.php?rest_route=%2Fwp%2Fv2%2Fmedia&parent=10505"}],"curies":[{"name":"wp","href":"https:\/\/api.w.org\/{rel}","templated":true}]}}