{"id":10524,"date":"2019-07-05T12:39:07","date_gmt":"2019-07-05T10:39:07","guid":{"rendered":"https:\/\/www.mourioche.de\/?page_id=10524"},"modified":"2019-07-05T12:39:34","modified_gmt":"2019-07-05T10:39:34","slug":"mimi-c-wurf-3-woche","status":"publish","type":"page","link":"https:\/\/www.mourioche.de\/?page_id=10524","title":{"rendered":"Mimi C-Wurf 3. Woche"},"content":{"rendered":"\n<p style=\"text-align:center\"><strong>05.07.2019<\/strong><\/p>\n\n\n\n<p>Unsere 7 Zwerge sind schon ganz sch\u00f6n mobil! Ganz erstaunlich, wie flott die Kleinen in dem Alter schon auf den F\u00fc\u00dfen sind. Zeit f\u00fcr den ersten Ausflug in den Garten!<\/p>\n\n\n\n<ul class=\"wp-block-gallery columns-3 is-cropped wp-block-gallery-1 is-layout-flex wp-block-gallery-is-layout-flex\"><li class=\"blocks-gallery-item\"><figure><img loading=\"lazy\" decoding=\"async\" width=\"1024\" height=\"768\" src=\"https:\/\/www.mourioche.de\/wpmourio\/wp-content\/uploads\/2019\/07\/20190703_154044-1024x768.jpg\" alt=\"\" data-id=\"10525\" data-link=\"https:\/\/www.mourioche.de\/?attachment_id=10525\" class=\"wp-image-10525\" srcset=\"https:\/\/www.mourioche.de\/wpmourio\/wp-content\/uploads\/2019\/07\/20190703_154044-1024x768.jpg 1024w, https:\/\/www.mourioche.de\/wpmourio\/wp-content\/uploads\/2019\/07\/20190703_154044-300x225.jpg 300w, https:\/\/www.mourioche.de\/wpmourio\/wp-content\/uploads\/2019\/07\/20190703_154044-768x576.jpg 768w, https:\/\/www.mourioche.de\/wpmourio\/wp-content\/uploads\/2019\/07\/20190703_154044-150x113.jpg 150w, https:\/\/www.mourioche.de\/wpmourio\/wp-content\/uploads\/2019\/07\/20190703_154044-400x300.jpg 400w\" sizes=\"auto, (max-width: 1024px) 100vw, 1024px\" \/><\/figure><\/li><li class=\"blocks-gallery-item\"><figure><img loading=\"lazy\" decoding=\"async\" width=\"885\" height=\"1024\" src=\"https:\/\/www.mourioche.de\/wpmourio\/wp-content\/uploads\/2019\/07\/20190704_150017-885x1024.jpg\" alt=\"\" data-id=\"10526\" data-link=\"https:\/\/www.mourioche.de\/?attachment_id=10526\" class=\"wp-image-10526\" srcset=\"https:\/\/www.mourioche.de\/wpmourio\/wp-content\/uploads\/2019\/07\/20190704_150017-885x1024.jpg 885w, https:\/\/www.mourioche.de\/wpmourio\/wp-content\/uploads\/2019\/07\/20190704_150017-259x300.jpg 259w, https:\/\/www.mourioche.de\/wpmourio\/wp-content\/uploads\/2019\/07\/20190704_150017-768x889.jpg 768w, https:\/\/www.mourioche.de\/wpmourio\/wp-content\/uploads\/2019\/07\/20190704_150017-130x150.jpg 130w, https:\/\/www.mourioche.de\/wpmourio\/wp-content\/uploads\/2019\/07\/20190704_150017-400x463.jpg 400w\" sizes=\"auto, (max-width: 885px) 100vw, 885px\" \/><\/figure><\/li><li class=\"blocks-gallery-item\"><figure><img loading=\"lazy\" decoding=\"async\" width=\"1024\" height=\"768\" src=\"https:\/\/www.mourioche.de\/wpmourio\/wp-content\/uploads\/2019\/07\/20190704_151308-1024x768.jpg\" alt=\"\" data-id=\"10527\" data-link=\"https:\/\/www.mourioche.de\/?attachment_id=10527\" class=\"wp-image-10527\" srcset=\"https:\/\/www.mourioche.de\/wpmourio\/wp-content\/uploads\/2019\/07\/20190704_151308-1024x768.jpg 1024w, https:\/\/www.mourioche.de\/wpmourio\/wp-content\/uploads\/2019\/07\/20190704_151308-300x225.jpg 300w, https:\/\/www.mourioche.de\/wpmourio\/wp-content\/uploads\/2019\/07\/20190704_151308-768x576.jpg 768w, https:\/\/www.mourioche.de\/wpmourio\/wp-content\/uploads\/2019\/07\/20190704_151308-150x113.jpg 150w, https:\/\/www.mourioche.de\/wpmourio\/wp-content\/uploads\/2019\/07\/20190704_151308-400x300.jpg 400w\" sizes=\"auto, (max-width: 1024px) 100vw, 1024px\" \/><\/figure><\/li><li class=\"blocks-gallery-item\"><figure><img loading=\"lazy\" decoding=\"async\" width=\"1024\" height=\"768\" src=\"https:\/\/www.mourioche.de\/wpmourio\/wp-content\/uploads\/2019\/07\/20190704_153203-1024x768.jpg\" alt=\"\" data-id=\"10528\" data-link=\"https:\/\/www.mourioche.de\/?attachment_id=10528\" class=\"wp-image-10528\" srcset=\"https:\/\/www.mourioche.de\/wpmourio\/wp-content\/uploads\/2019\/07\/20190704_153203-1024x768.jpg 1024w, https:\/\/www.mourioche.de\/wpmourio\/wp-content\/uploads\/2019\/07\/20190704_153203-300x225.jpg 300w, https:\/\/www.mourioche.de\/wpmourio\/wp-content\/uploads\/2019\/07\/20190704_153203-768x576.jpg 768w, https:\/\/www.mourioche.de\/wpmourio\/wp-content\/uploads\/2019\/07\/20190704_153203-150x113.jpg 150w, https:\/\/www.mourioche.de\/wpmourio\/wp-content\/uploads\/2019\/07\/20190704_153203-400x300.jpg 400w\" sizes=\"auto, (max-width: 1024px) 100vw, 1024px\" \/><figcaption>die Welt ist so gro\u00df, da kann man unterwegs schon mal einschlafen&#8230;<\/figcaption><\/figure><\/li><\/ul>\n\n\n\n<figure class=\"wp-block-image\"><img loading=\"lazy\" decoding=\"async\" width=\"1024\" height=\"768\" src=\"https:\/\/www.mourioche.de\/wpmourio\/wp-content\/uploads\/2019\/07\/20190704_155035-e1562323007285-1024x768.jpg\" alt=\"\" class=\"wp-image-10529\" srcset=\"https:\/\/www.mourioche.de\/wpmourio\/wp-content\/uploads\/2019\/07\/20190704_155035-e1562323007285-1024x768.jpg 1024w, https:\/\/www.mourioche.de\/wpmourio\/wp-content\/uploads\/2019\/07\/20190704_155035-e1562323007285-300x225.jpg 300w, https:\/\/www.mourioche.de\/wpmourio\/wp-content\/uploads\/2019\/07\/20190704_155035-e1562323007285-768x576.jpg 768w, https:\/\/www.mourioche.de\/wpmourio\/wp-content\/uploads\/2019\/07\/20190704_155035-e1562323007285-150x113.jpg 150w, https:\/\/www.mourioche.de\/wpmourio\/wp-content\/uploads\/2019\/07\/20190704_155035-e1562323007285-400x300.jpg 400w\" sizes=\"auto, (max-width: 1024px) 100vw, 1024px\" \/><figcaption>und gegen einen Imbiss zwischendurch spricht auch nichts &#8211; wenn nur die Theke nicht so hoch w\u00e4re!<\/figcaption><\/figure>\n","protected":false},"excerpt":{"rendered":"<p>05.07.2019 Unsere 7 Zwerge sind schon ganz sch\u00f6n mobil! Ganz erstaunlich, wie flott die Kleinen in dem Alter schon auf den F\u00fc\u00dfen sind. Zeit f\u00fcr den ersten Ausflug in den Garten!<\/p>\n","protected":false},"author":2,"featured_media":0,"parent":10487,"menu_order":3313,"comment_status":"closed","ping_status":"closed","template":"","meta":{"footnotes":""},"class_list":["post-10524","page","type-page","status-publish","hentry"],"_links":{"self":[{"href":"https:\/\/www.mourioche.de\/index.php?rest_route=\/wp\/v2\/pages\/10524","targetHints":{"allow":["GET"]}}],"collection":[{"href":"https:\/\/www.mourioche.de\/index.php?rest_route=\/wp\/v2\/pages"}],"about":[{"href":"https:\/\/www.mourioche.de\/index.php?rest_route=\/wp\/v2\/types\/page"}],"author":[{"embeddable":true,"href":"https:\/\/www.mourioche.de\/index.php?rest_route=\/wp\/v2\/users\/2"}],"replies":[{"embeddable":true,"href":"https:\/\/www.mourioche.de\/index.php?rest_route=%2Fwp%2Fv2%2Fcomments&post=10524"}],"version-history":[{"count":1,"href":"https:\/\/www.mourioche.de\/index.php?rest_route=\/wp\/v2\/pages\/10524\/revisions"}],"predecessor-version":[{"id":10530,"href":"https:\/\/www.mourioche.de\/index.php?rest_route=\/wp\/v2\/pages\/10524\/revisions\/10530"}],"up":[{"embeddable":true,"href":"https:\/\/www.mourioche.de\/index.php?rest_route=\/wp\/v2\/pages\/10487"}],"wp:attachment":[{"href":"https:\/\/www.mourioche.de\/index.php?rest_route=%2Fwp%2Fv2%2Fmedia&parent=10524"}],"curies":[{"name":"wp","href":"https:\/\/api.w.org\/{rel}","templated":true}]}}