{"id":10567,"date":"2019-07-19T21:56:16","date_gmt":"2019-07-19T19:56:16","guid":{"rendered":"https:\/\/www.mourioche.de\/?page_id=10567"},"modified":"2019-07-19T21:56:16","modified_gmt":"2019-07-19T19:56:16","slug":"mimi-c-wurf-4-und-5-woche","status":"publish","type":"page","link":"https:\/\/www.mourioche.de\/?page_id=10567","title":{"rendered":"Mimi C-Wurf 4. und 5. Woche"},"content":{"rendered":"\n<ul class=\"wp-block-gallery columns-3 is-cropped wp-block-gallery-1 is-layout-flex wp-block-gallery-is-layout-flex\"><li class=\"blocks-gallery-item\"><figure><img loading=\"lazy\" decoding=\"async\" width=\"768\" height=\"1024\" src=\"https:\/\/www.mourioche.de\/wpmourio\/wp-content\/uploads\/2019\/07\/20190718_190412-1-e1563565818601-768x1024.jpg\" alt=\"\" data-id=\"10583\" data-link=\"https:\/\/www.mourioche.de\/?attachment_id=10583\" class=\"wp-image-10583\" srcset=\"https:\/\/www.mourioche.de\/wpmourio\/wp-content\/uploads\/2019\/07\/20190718_190412-1-e1563565818601-768x1024.jpg 768w, https:\/\/www.mourioche.de\/wpmourio\/wp-content\/uploads\/2019\/07\/20190718_190412-1-e1563565818601-225x300.jpg 225w, https:\/\/www.mourioche.de\/wpmourio\/wp-content\/uploads\/2019\/07\/20190718_190412-1-e1563565818601-113x150.jpg 113w, https:\/\/www.mourioche.de\/wpmourio\/wp-content\/uploads\/2019\/07\/20190718_190412-1-e1563565818601-400x533.jpg 400w\" sizes=\"auto, (max-width: 768px) 100vw, 768px\" \/><\/figure><\/li><li class=\"blocks-gallery-item\"><figure><img loading=\"lazy\" decoding=\"async\" width=\"768\" height=\"1024\" src=\"https:\/\/www.mourioche.de\/wpmourio\/wp-content\/uploads\/2019\/07\/20190718_185635-1-e1563565789329-768x1024.jpg\" alt=\"\" data-id=\"10582\" data-link=\"https:\/\/www.mourioche.de\/?attachment_id=10582\" class=\"wp-image-10582\" srcset=\"https:\/\/www.mourioche.de\/wpmourio\/wp-content\/uploads\/2019\/07\/20190718_185635-1-e1563565789329-768x1024.jpg 768w, https:\/\/www.mourioche.de\/wpmourio\/wp-content\/uploads\/2019\/07\/20190718_185635-1-e1563565789329-225x300.jpg 225w, https:\/\/www.mourioche.de\/wpmourio\/wp-content\/uploads\/2019\/07\/20190718_185635-1-e1563565789329-113x150.jpg 113w, https:\/\/www.mourioche.de\/wpmourio\/wp-content\/uploads\/2019\/07\/20190718_185635-1-e1563565789329-400x533.jpg 400w\" sizes=\"auto, (max-width: 768px) 100vw, 768px\" \/><\/figure><\/li><li class=\"blocks-gallery-item\"><figure><img loading=\"lazy\" decoding=\"async\" width=\"768\" height=\"1024\" src=\"https:\/\/www.mourioche.de\/wpmourio\/wp-content\/uploads\/2019\/07\/20190718_185600-1-e1563565757556-768x1024.jpg\" alt=\"\" data-id=\"10581\" data-link=\"https:\/\/www.mourioche.de\/?attachment_id=10581\" class=\"wp-image-10581\" srcset=\"https:\/\/www.mourioche.de\/wpmourio\/wp-content\/uploads\/2019\/07\/20190718_185600-1-e1563565757556-768x1024.jpg 768w, https:\/\/www.mourioche.de\/wpmourio\/wp-content\/uploads\/2019\/07\/20190718_185600-1-e1563565757556-225x300.jpg 225w, https:\/\/www.mourioche.de\/wpmourio\/wp-content\/uploads\/2019\/07\/20190718_185600-1-e1563565757556-113x150.jpg 113w, https:\/\/www.mourioche.de\/wpmourio\/wp-content\/uploads\/2019\/07\/20190718_185600-1-e1563565757556-400x533.jpg 400w\" sizes=\"auto, (max-width: 768px) 100vw, 768px\" \/><\/figure><\/li><li class=\"blocks-gallery-item\"><figure><img loading=\"lazy\" decoding=\"async\" width=\"768\" height=\"1024\" src=\"https:\/\/www.mourioche.de\/wpmourio\/wp-content\/uploads\/2019\/07\/20190718_184742-1-e1563565730469-768x1024.jpg\" alt=\"\" data-id=\"10580\" data-link=\"https:\/\/www.mourioche.de\/?attachment_id=10580\" class=\"wp-image-10580\" srcset=\"https:\/\/www.mourioche.de\/wpmourio\/wp-content\/uploads\/2019\/07\/20190718_184742-1-e1563565730469-768x1024.jpg 768w, https:\/\/www.mourioche.de\/wpmourio\/wp-content\/uploads\/2019\/07\/20190718_184742-1-e1563565730469-225x300.jpg 225w, https:\/\/www.mourioche.de\/wpmourio\/wp-content\/uploads\/2019\/07\/20190718_184742-1-e1563565730469-113x150.jpg 113w, https:\/\/www.mourioche.de\/wpmourio\/wp-content\/uploads\/2019\/07\/20190718_184742-1-e1563565730469-400x533.jpg 400w\" sizes=\"auto, (max-width: 768px) 100vw, 768px\" \/><\/figure><\/li><li class=\"blocks-gallery-item\"><figure><img loading=\"lazy\" decoding=\"async\" width=\"768\" height=\"1024\" src=\"https:\/\/www.mourioche.de\/wpmourio\/wp-content\/uploads\/2019\/07\/20190717_101321-1-e1563565700564-768x1024.jpg\" alt=\"\" data-id=\"10579\" data-link=\"https:\/\/www.mourioche.de\/?attachment_id=10579\" class=\"wp-image-10579\" srcset=\"https:\/\/www.mourioche.de\/wpmourio\/wp-content\/uploads\/2019\/07\/20190717_101321-1-e1563565700564-768x1024.jpg 768w, https:\/\/www.mourioche.de\/wpmourio\/wp-content\/uploads\/2019\/07\/20190717_101321-1-e1563565700564-225x300.jpg 225w, https:\/\/www.mourioche.de\/wpmourio\/wp-content\/uploads\/2019\/07\/20190717_101321-1-e1563565700564-113x150.jpg 113w, https:\/\/www.mourioche.de\/wpmourio\/wp-content\/uploads\/2019\/07\/20190717_101321-1-e1563565700564-400x533.jpg 400w\" sizes=\"auto, (max-width: 768px) 100vw, 768px\" \/><\/figure><\/li><li class=\"blocks-gallery-item\"><figure><img loading=\"lazy\" decoding=\"async\" width=\"768\" height=\"1024\" src=\"https:\/\/www.mourioche.de\/wpmourio\/wp-content\/uploads\/2019\/07\/20190717_101318-1-e1563565675846-768x1024.jpg\" alt=\"\" data-id=\"10578\" data-link=\"https:\/\/www.mourioche.de\/?attachment_id=10578\" class=\"wp-image-10578\" srcset=\"https:\/\/www.mourioche.de\/wpmourio\/wp-content\/uploads\/2019\/07\/20190717_101318-1-e1563565675846-768x1024.jpg 768w, https:\/\/www.mourioche.de\/wpmourio\/wp-content\/uploads\/2019\/07\/20190717_101318-1-e1563565675846-225x300.jpg 225w, https:\/\/www.mourioche.de\/wpmourio\/wp-content\/uploads\/2019\/07\/20190717_101318-1-e1563565675846-113x150.jpg 113w, https:\/\/www.mourioche.de\/wpmourio\/wp-content\/uploads\/2019\/07\/20190717_101318-1-e1563565675846-400x533.jpg 400w\" sizes=\"auto, (max-width: 768px) 100vw, 768px\" \/><\/figure><\/li><li class=\"blocks-gallery-item\"><figure><img loading=\"lazy\" decoding=\"async\" width=\"768\" height=\"1024\" src=\"https:\/\/www.mourioche.de\/wpmourio\/wp-content\/uploads\/2019\/07\/20190717_100904-e1563565554147-768x1024.jpg\" alt=\"\" data-id=\"10570\" data-link=\"https:\/\/www.mourioche.de\/?attachment_id=10570\" class=\"wp-image-10570\" srcset=\"https:\/\/www.mourioche.de\/wpmourio\/wp-content\/uploads\/2019\/07\/20190717_100904-e1563565554147-768x1024.jpg 768w, https:\/\/www.mourioche.de\/wpmourio\/wp-content\/uploads\/2019\/07\/20190717_100904-e1563565554147-225x300.jpg 225w, https:\/\/www.mourioche.de\/wpmourio\/wp-content\/uploads\/2019\/07\/20190717_100904-e1563565554147-113x150.jpg 113w, https:\/\/www.mourioche.de\/wpmourio\/wp-content\/uploads\/2019\/07\/20190717_100904-e1563565554147-400x533.jpg 400w\" sizes=\"auto, (max-width: 768px) 100vw, 768px\" \/><\/figure><\/li><li class=\"blocks-gallery-item\"><figure><img loading=\"lazy\" decoding=\"async\" width=\"1024\" height=\"768\" src=\"https:\/\/www.mourioche.de\/wpmourio\/wp-content\/uploads\/2019\/07\/20190715_183539-1024x768.jpg\" alt=\"\" data-id=\"10569\" data-link=\"https:\/\/www.mourioche.de\/?attachment_id=10569\" class=\"wp-image-10569\" srcset=\"https:\/\/www.mourioche.de\/wpmourio\/wp-content\/uploads\/2019\/07\/20190715_183539-1024x768.jpg 1024w, https:\/\/www.mourioche.de\/wpmourio\/wp-content\/uploads\/2019\/07\/20190715_183539-300x225.jpg 300w, https:\/\/www.mourioche.de\/wpmourio\/wp-content\/uploads\/2019\/07\/20190715_183539-768x576.jpg 768w, https:\/\/www.mourioche.de\/wpmourio\/wp-content\/uploads\/2019\/07\/20190715_183539-150x113.jpg 150w, https:\/\/www.mourioche.de\/wpmourio\/wp-content\/uploads\/2019\/07\/20190715_183539-400x300.jpg 400w\" sizes=\"auto, (max-width: 1024px) 100vw, 1024px\" \/><\/figure><\/li><li class=\"blocks-gallery-item\"><figure><img loading=\"lazy\" decoding=\"async\" width=\"768\" height=\"1024\" src=\"https:\/\/www.mourioche.de\/wpmourio\/wp-content\/uploads\/2019\/07\/20190715_182329-e1563565521642-768x1024.jpg\" alt=\"\" data-id=\"10568\" data-link=\"https:\/\/www.mourioche.de\/?attachment_id=10568\" class=\"wp-image-10568\" srcset=\"https:\/\/www.mourioche.de\/wpmourio\/wp-content\/uploads\/2019\/07\/20190715_182329-e1563565521642-768x1024.jpg 768w, https:\/\/www.mourioche.de\/wpmourio\/wp-content\/uploads\/2019\/07\/20190715_182329-e1563565521642-225x300.jpg 225w, https:\/\/www.mourioche.de\/wpmourio\/wp-content\/uploads\/2019\/07\/20190715_182329-e1563565521642-113x150.jpg 113w, https:\/\/www.mourioche.de\/wpmourio\/wp-content\/uploads\/2019\/07\/20190715_182329-e1563565521642-400x533.jpg 400w\" sizes=\"auto, (max-width: 768px) 100vw, 768px\" \/><\/figure><\/li><li class=\"blocks-gallery-item\"><figure><img loading=\"lazy\" decoding=\"async\" width=\"768\" height=\"1024\" src=\"https:\/\/www.mourioche.de\/wpmourio\/wp-content\/uploads\/2019\/07\/20190717_101148-e1563565582166-768x1024.jpg\" alt=\"\" data-id=\"10571\" data-link=\"https:\/\/www.mourioche.de\/?attachment_id=10571\" class=\"wp-image-10571\" srcset=\"https:\/\/www.mourioche.de\/wpmourio\/wp-content\/uploads\/2019\/07\/20190717_101148-e1563565582166-768x1024.jpg 768w, https:\/\/www.mourioche.de\/wpmourio\/wp-content\/uploads\/2019\/07\/20190717_101148-e1563565582166-225x300.jpg 225w, https:\/\/www.mourioche.de\/wpmourio\/wp-content\/uploads\/2019\/07\/20190717_101148-e1563565582166-113x150.jpg 113w, https:\/\/www.mourioche.de\/wpmourio\/wp-content\/uploads\/2019\/07\/20190717_101148-e1563565582166-400x533.jpg 400w\" sizes=\"auto, (max-width: 768px) 100vw, 768px\" \/><\/figure><\/li><\/ul>\n\n\n\n<ul class=\"wp-block-gallery columns-0 is-cropped wp-block-gallery-2 is-layout-flex wp-block-gallery-is-layout-flex\"><\/ul>\n\n\n\n<p>Ein Highlight in der vergangenen Woche war auf jeden Fall der Besuch mit unseren sieben Zwergen im Seniorenheim. Es ist immer wieder so sch\u00f6n zu sehen, wie viel Freude wir den Bewohnern dort mit unseren Besuchen machen. Strahlende Augen, leuchtende Gesichter. Geschichten von fr\u00fcher werden erz\u00e4hlt, lang vergessene Erinnerungen werden geteilt. Die Zwerge waren v\u00f6llig entspannt und haben die ausgiebigen Kuscheleinheiten sehr genossen. Eine echte win-win Situation!<\/p>\n","protected":false},"excerpt":{"rendered":"<p>Ein Highlight in der vergangenen Woche war auf jeden Fall der Besuch mit unseren sieben Zwergen im Seniorenheim. Es ist immer wieder so sch\u00f6n zu sehen, wie viel Freude wir den Bewohnern dort mit unseren Besuchen machen. Strahlende Augen, leuchtende Gesichter. Geschichten von fr\u00fcher werden erz\u00e4hlt, lang vergessene Erinnerungen werden geteilt. Die Zwerge waren v\u00f6llig &hellip; <a href=\"https:\/\/www.mourioche.de\/?page_id=10567\" class=\"more-link\"><span class=\"screen-reader-text\">Mimi C-Wurf 4. und 5. Woche<\/span> weiterlesen <span class=\"meta-nav\">&rarr;<\/span><\/a><\/p>\n","protected":false},"author":2,"featured_media":0,"parent":10487,"menu_order":3314,"comment_status":"closed","ping_status":"closed","template":"","meta":{"footnotes":""},"class_list":["post-10567","page","type-page","status-publish","hentry"],"_links":{"self":[{"href":"https:\/\/www.mourioche.de\/index.php?rest_route=\/wp\/v2\/pages\/10567","targetHints":{"allow":["GET"]}}],"collection":[{"href":"https:\/\/www.mourioche.de\/index.php?rest_route=\/wp\/v2\/pages"}],"about":[{"href":"https:\/\/www.mourioche.de\/index.php?rest_route=\/wp\/v2\/types\/page"}],"author":[{"embeddable":true,"href":"https:\/\/www.mourioche.de\/index.php?rest_route=\/wp\/v2\/users\/2"}],"replies":[{"embeddable":true,"href":"https:\/\/www.mourioche.de\/index.php?rest_route=%2Fwp%2Fv2%2Fcomments&post=10567"}],"version-history":[{"count":1,"href":"https:\/\/www.mourioche.de\/index.php?rest_route=\/wp\/v2\/pages\/10567\/revisions"}],"predecessor-version":[{"id":10584,"href":"https:\/\/www.mourioche.de\/index.php?rest_route=\/wp\/v2\/pages\/10567\/revisions\/10584"}],"up":[{"embeddable":true,"href":"https:\/\/www.mourioche.de\/index.php?rest_route=\/wp\/v2\/pages\/10487"}],"wp:attachment":[{"href":"https:\/\/www.mourioche.de\/index.php?rest_route=%2Fwp%2Fv2%2Fmedia&parent=10567"}],"curies":[{"name":"wp","href":"https:\/\/api.w.org\/{rel}","templated":true}]}}