{"id":10590,"date":"2019-08-03T10:16:33","date_gmt":"2019-08-03T08:16:33","guid":{"rendered":"https:\/\/www.mourioche.de\/?page_id=10590"},"modified":"2019-08-22T09:25:32","modified_gmt":"2019-08-22T07:25:32","slug":"eala-p-wurf-9-woche","status":"publish","type":"page","link":"https:\/\/www.mourioche.de\/?page_id=10590","title":{"rendered":"Eala P-Wurf 9. Woche"},"content":{"rendered":"\n<ul class=\"wp-block-gallery columns-1 wp-block-gallery-1 is-layout-flex wp-block-gallery-is-layout-flex\"><li class=\"blocks-gallery-item\"><figure><img loading=\"lazy\" decoding=\"async\" width=\"1024\" height=\"768\" src=\"https:\/\/www.mourioche.de\/wpmourio\/wp-content\/uploads\/2019\/08\/20190723_180959-1024x768.jpg\" alt=\"\" data-id=\"10591\" data-link=\"https:\/\/www.mourioche.de\/?attachment_id=10591\" class=\"wp-image-10591\" srcset=\"https:\/\/www.mourioche.de\/wpmourio\/wp-content\/uploads\/2019\/08\/20190723_180959-1024x768.jpg 1024w, https:\/\/www.mourioche.de\/wpmourio\/wp-content\/uploads\/2019\/08\/20190723_180959-300x225.jpg 300w, https:\/\/www.mourioche.de\/wpmourio\/wp-content\/uploads\/2019\/08\/20190723_180959-768x576.jpg 768w, https:\/\/www.mourioche.de\/wpmourio\/wp-content\/uploads\/2019\/08\/20190723_180959-150x113.jpg 150w, https:\/\/www.mourioche.de\/wpmourio\/wp-content\/uploads\/2019\/08\/20190723_180959-400x300.jpg 400w\" sizes=\"auto, (max-width: 1024px) 100vw, 1024px\" \/><figcaption><br><br><\/figcaption><\/figure><\/li><\/ul>\n\n\n\n<p>Nachdem Pippin und Peony ausgezogen und gut im neuen Zuhause angekommen sind, freuen sich Paladin und Pelori \u00fcber die gemeinsame Zeit &#8222;zu zweit&#8220; (inmitten der Mudi-Welpen, die mit ihnen gemeinsam die Welt erkunden)<\/p>\n\n\n\n<ul class=\"wp-block-gallery columns-3 is-cropped wp-block-gallery-2 is-layout-flex wp-block-gallery-is-layout-flex\"><li class=\"blocks-gallery-item\"><figure><img loading=\"lazy\" decoding=\"async\" width=\"768\" height=\"1024\" src=\"https:\/\/www.mourioche.de\/wpmourio\/wp-content\/uploads\/2019\/08\/20190724_105736-e1564819969582-768x1024.jpg\" alt=\"\" data-id=\"10594\" data-link=\"https:\/\/www.mourioche.de\/?attachment_id=10594\" class=\"wp-image-10594\" srcset=\"https:\/\/www.mourioche.de\/wpmourio\/wp-content\/uploads\/2019\/08\/20190724_105736-e1564819969582-768x1024.jpg 768w, https:\/\/www.mourioche.de\/wpmourio\/wp-content\/uploads\/2019\/08\/20190724_105736-e1564819969582-225x300.jpg 225w, https:\/\/www.mourioche.de\/wpmourio\/wp-content\/uploads\/2019\/08\/20190724_105736-e1564819969582-113x150.jpg 113w, https:\/\/www.mourioche.de\/wpmourio\/wp-content\/uploads\/2019\/08\/20190724_105736-e1564819969582-400x533.jpg 400w\" sizes=\"auto, (max-width: 768px) 100vw, 768px\" \/><\/figure><\/li><li class=\"blocks-gallery-item\"><figure><img loading=\"lazy\" decoding=\"async\" width=\"1024\" height=\"768\" src=\"https:\/\/www.mourioche.de\/wpmourio\/wp-content\/uploads\/2019\/08\/20190724_105143-e1564819999209-1024x768.jpg\" alt=\"\" data-id=\"10593\" data-link=\"https:\/\/www.mourioche.de\/?attachment_id=10593\" class=\"wp-image-10593\" srcset=\"https:\/\/www.mourioche.de\/wpmourio\/wp-content\/uploads\/2019\/08\/20190724_105143-e1564819999209-1024x768.jpg 1024w, https:\/\/www.mourioche.de\/wpmourio\/wp-content\/uploads\/2019\/08\/20190724_105143-e1564819999209-300x225.jpg 300w, https:\/\/www.mourioche.de\/wpmourio\/wp-content\/uploads\/2019\/08\/20190724_105143-e1564819999209-768x576.jpg 768w, https:\/\/www.mourioche.de\/wpmourio\/wp-content\/uploads\/2019\/08\/20190724_105143-e1564819999209-150x113.jpg 150w, https:\/\/www.mourioche.de\/wpmourio\/wp-content\/uploads\/2019\/08\/20190724_105143-e1564819999209-400x300.jpg 400w\" sizes=\"auto, (max-width: 1024px) 100vw, 1024px\" \/><\/figure><\/li><li class=\"blocks-gallery-item\"><figure><img loading=\"lazy\" decoding=\"async\" width=\"768\" height=\"1024\" src=\"https:\/\/www.mourioche.de\/wpmourio\/wp-content\/uploads\/2019\/08\/20190724_104348-e1564820025144-768x1024.jpg\" alt=\"\" data-id=\"10592\" data-link=\"https:\/\/www.mourioche.de\/?attachment_id=10592\" class=\"wp-image-10592\" srcset=\"https:\/\/www.mourioche.de\/wpmourio\/wp-content\/uploads\/2019\/08\/20190724_104348-e1564820025144-768x1024.jpg 768w, https:\/\/www.mourioche.de\/wpmourio\/wp-content\/uploads\/2019\/08\/20190724_104348-e1564820025144-225x300.jpg 225w, https:\/\/www.mourioche.de\/wpmourio\/wp-content\/uploads\/2019\/08\/20190724_104348-e1564820025144-113x150.jpg 113w, https:\/\/www.mourioche.de\/wpmourio\/wp-content\/uploads\/2019\/08\/20190724_104348-e1564820025144-400x533.jpg 400w\" sizes=\"auto, (max-width: 768px) 100vw, 768px\" \/><\/figure><\/li><\/ul>\n\n\n\n<p>Sch\u00f6n, wenn man gemeinsam so tolle Ausfl\u00fcge machen kann!<\/p>\n\n\n\n<figure class=\"wp-block-image\"><img loading=\"lazy\" decoding=\"async\" width=\"768\" height=\"1024\" src=\"https:\/\/www.mourioche.de\/wpmourio\/wp-content\/uploads\/2019\/08\/20190726_173532-e1564819936118-768x1024.jpg\" alt=\"\" class=\"wp-image-10595\" srcset=\"https:\/\/www.mourioche.de\/wpmourio\/wp-content\/uploads\/2019\/08\/20190726_173532-e1564819936118-768x1024.jpg 768w, https:\/\/www.mourioche.de\/wpmourio\/wp-content\/uploads\/2019\/08\/20190726_173532-e1564819936118-225x300.jpg 225w, https:\/\/www.mourioche.de\/wpmourio\/wp-content\/uploads\/2019\/08\/20190726_173532-e1564819936118-113x150.jpg 113w, https:\/\/www.mourioche.de\/wpmourio\/wp-content\/uploads\/2019\/08\/20190726_173532-e1564819936118-400x533.jpg 400w\" sizes=\"auto, (max-width: 768px) 100vw, 768px\" \/><\/figure>\n\n\n\n<p>Doch nun ist auch Pelori ausgezogen. Sie hei\u00dft jetzt Bidi und erobert die Schweiz. <\/p>\n\n\n\n<figure class=\"wp-block-image\"><img loading=\"lazy\" decoding=\"async\" width=\"1024\" height=\"768\" src=\"https:\/\/www.mourioche.de\/wpmourio\/wp-content\/uploads\/2019\/08\/20190803_175512-1024x768.jpg\" alt=\"\" class=\"wp-image-10621\" srcset=\"https:\/\/www.mourioche.de\/wpmourio\/wp-content\/uploads\/2019\/08\/20190803_175512-1024x768.jpg 1024w, https:\/\/www.mourioche.de\/wpmourio\/wp-content\/uploads\/2019\/08\/20190803_175512-300x225.jpg 300w, https:\/\/www.mourioche.de\/wpmourio\/wp-content\/uploads\/2019\/08\/20190803_175512-768x576.jpg 768w, https:\/\/www.mourioche.de\/wpmourio\/wp-content\/uploads\/2019\/08\/20190803_175512-150x113.jpg 150w, https:\/\/www.mourioche.de\/wpmourio\/wp-content\/uploads\/2019\/08\/20190803_175512-400x300.jpg 400w\" sizes=\"auto, (max-width: 1024px) 100vw, 1024px\" \/><figcaption>Paladin &#8222;Palli&#8220; darf weiterhin mit Berger-Kumpel durch die Welt toben.<\/figcaption><\/figure>\n\n\n\n<p><\/p>\n","protected":false},"excerpt":{"rendered":"<p>Nachdem Pippin und Peony ausgezogen und gut im neuen Zuhause angekommen sind, freuen sich Paladin und Pelori \u00fcber die gemeinsame Zeit &#8222;zu zweit&#8220; (inmitten der Mudi-Welpen, die mit ihnen gemeinsam die Welt erkunden) Sch\u00f6n, wenn man gemeinsam so tolle Ausfl\u00fcge machen kann! Doch nun ist auch Pelori ausgezogen. Sie hei\u00dft jetzt Bidi und erobert die &hellip; <a href=\"https:\/\/www.mourioche.de\/?page_id=10590\" class=\"more-link\"><span class=\"screen-reader-text\">Eala P-Wurf 9. Woche<\/span> weiterlesen <span class=\"meta-nav\">&rarr;<\/span><\/a><\/p>\n","protected":false},"author":2,"featured_media":0,"parent":10453,"menu_order":2516,"comment_status":"closed","ping_status":"closed","template":"","meta":{"footnotes":""},"class_list":["post-10590","page","type-page","status-publish","hentry"],"_links":{"self":[{"href":"https:\/\/www.mourioche.de\/index.php?rest_route=\/wp\/v2\/pages\/10590","targetHints":{"allow":["GET"]}}],"collection":[{"href":"https:\/\/www.mourioche.de\/index.php?rest_route=\/wp\/v2\/pages"}],"about":[{"href":"https:\/\/www.mourioche.de\/index.php?rest_route=\/wp\/v2\/types\/page"}],"author":[{"embeddable":true,"href":"https:\/\/www.mourioche.de\/index.php?rest_route=\/wp\/v2\/users\/2"}],"replies":[{"embeddable":true,"href":"https:\/\/www.mourioche.de\/index.php?rest_route=%2Fwp%2Fv2%2Fcomments&post=10590"}],"version-history":[{"count":3,"href":"https:\/\/www.mourioche.de\/index.php?rest_route=\/wp\/v2\/pages\/10590\/revisions"}],"predecessor-version":[{"id":10622,"href":"https:\/\/www.mourioche.de\/index.php?rest_route=\/wp\/v2\/pages\/10590\/revisions\/10622"}],"up":[{"embeddable":true,"href":"https:\/\/www.mourioche.de\/index.php?rest_route=\/wp\/v2\/pages\/10453"}],"wp:attachment":[{"href":"https:\/\/www.mourioche.de\/index.php?rest_route=%2Fwp%2Fv2%2Fmedia&parent=10590"}],"curies":[{"name":"wp","href":"https:\/\/api.w.org\/{rel}","templated":true}]}}