{"id":10597,"date":"2019-08-03T14:06:05","date_gmt":"2019-08-03T12:06:05","guid":{"rendered":"https:\/\/www.mourioche.de\/?page_id=10597"},"modified":"2019-08-03T14:06:05","modified_gmt":"2019-08-03T12:06:05","slug":"mimi-c-wurf-6-und-7-woche","status":"publish","type":"page","link":"https:\/\/www.mourioche.de\/?page_id=10597","title":{"rendered":"Mimi C-Wurf 6. und 7. Woche"},"content":{"rendered":"\n<ul class=\"wp-block-gallery columns-3 is-cropped wp-block-gallery-1 is-layout-flex wp-block-gallery-is-layout-flex\"><li class=\"blocks-gallery-item\"><figure><img loading=\"lazy\" decoding=\"async\" width=\"768\" height=\"1024\" src=\"https:\/\/www.mourioche.de\/wpmourio\/wp-content\/uploads\/2019\/08\/20190720_212907-e1564820352792-768x1024.jpg\" alt=\"\" data-id=\"10598\" data-link=\"https:\/\/www.mourioche.de\/?attachment_id=10598\" class=\"wp-image-10598\" srcset=\"https:\/\/www.mourioche.de\/wpmourio\/wp-content\/uploads\/2019\/08\/20190720_212907-e1564820352792-768x1024.jpg 768w, https:\/\/www.mourioche.de\/wpmourio\/wp-content\/uploads\/2019\/08\/20190720_212907-e1564820352792-225x300.jpg 225w, https:\/\/www.mourioche.de\/wpmourio\/wp-content\/uploads\/2019\/08\/20190720_212907-e1564820352792-113x150.jpg 113w, https:\/\/www.mourioche.de\/wpmourio\/wp-content\/uploads\/2019\/08\/20190720_212907-e1564820352792-400x533.jpg 400w\" sizes=\"auto, (max-width: 768px) 100vw, 768px\" \/><\/figure><\/li><li class=\"blocks-gallery-item\"><figure><img loading=\"lazy\" decoding=\"async\" width=\"768\" height=\"1024\" src=\"https:\/\/www.mourioche.de\/wpmourio\/wp-content\/uploads\/2019\/08\/20190724_104850-e1564820376723-768x1024.jpg\" alt=\"\" data-id=\"10599\" data-link=\"https:\/\/www.mourioche.de\/?attachment_id=10599\" class=\"wp-image-10599\" srcset=\"https:\/\/www.mourioche.de\/wpmourio\/wp-content\/uploads\/2019\/08\/20190724_104850-e1564820376723-768x1024.jpg 768w, https:\/\/www.mourioche.de\/wpmourio\/wp-content\/uploads\/2019\/08\/20190724_104850-e1564820376723-225x300.jpg 225w, https:\/\/www.mourioche.de\/wpmourio\/wp-content\/uploads\/2019\/08\/20190724_104850-e1564820376723-113x150.jpg 113w, https:\/\/www.mourioche.de\/wpmourio\/wp-content\/uploads\/2019\/08\/20190724_104850-e1564820376723-400x533.jpg 400w\" sizes=\"auto, (max-width: 768px) 100vw, 768px\" \/><\/figure><\/li><li class=\"blocks-gallery-item\"><figure><img loading=\"lazy\" decoding=\"async\" width=\"768\" height=\"1024\" src=\"https:\/\/www.mourioche.de\/wpmourio\/wp-content\/uploads\/2019\/08\/20190731_163007-e1564820398384-768x1024.jpg\" alt=\"\" data-id=\"10600\" data-link=\"https:\/\/www.mourioche.de\/?attachment_id=10600\" class=\"wp-image-10600\" srcset=\"https:\/\/www.mourioche.de\/wpmourio\/wp-content\/uploads\/2019\/08\/20190731_163007-e1564820398384-768x1024.jpg 768w, https:\/\/www.mourioche.de\/wpmourio\/wp-content\/uploads\/2019\/08\/20190731_163007-e1564820398384-225x300.jpg 225w, https:\/\/www.mourioche.de\/wpmourio\/wp-content\/uploads\/2019\/08\/20190731_163007-e1564820398384-113x150.jpg 113w, https:\/\/www.mourioche.de\/wpmourio\/wp-content\/uploads\/2019\/08\/20190731_163007-e1564820398384-400x533.jpg 400w\" sizes=\"auto, (max-width: 768px) 100vw, 768px\" \/><\/figure><\/li><li class=\"blocks-gallery-item\"><figure><img loading=\"lazy\" decoding=\"async\" width=\"768\" height=\"1024\" src=\"https:\/\/www.mourioche.de\/wpmourio\/wp-content\/uploads\/2019\/08\/20190731_163153-e1564820422516-768x1024.jpg\" alt=\"\" data-id=\"10601\" data-link=\"https:\/\/www.mourioche.de\/?attachment_id=10601\" class=\"wp-image-10601\" srcset=\"https:\/\/www.mourioche.de\/wpmourio\/wp-content\/uploads\/2019\/08\/20190731_163153-e1564820422516-768x1024.jpg 768w, https:\/\/www.mourioche.de\/wpmourio\/wp-content\/uploads\/2019\/08\/20190731_163153-e1564820422516-225x300.jpg 225w, https:\/\/www.mourioche.de\/wpmourio\/wp-content\/uploads\/2019\/08\/20190731_163153-e1564820422516-113x150.jpg 113w, https:\/\/www.mourioche.de\/wpmourio\/wp-content\/uploads\/2019\/08\/20190731_163153-e1564820422516-400x533.jpg 400w\" sizes=\"auto, (max-width: 768px) 100vw, 768px\" \/><\/figure><\/li><li class=\"blocks-gallery-item\"><figure><img loading=\"lazy\" decoding=\"async\" width=\"768\" height=\"1024\" src=\"https:\/\/www.mourioche.de\/wpmourio\/wp-content\/uploads\/2019\/08\/20190731_163251-e1564820445747-768x1024.jpg\" alt=\"\" data-id=\"10602\" data-link=\"https:\/\/www.mourioche.de\/?attachment_id=10602\" class=\"wp-image-10602\" srcset=\"https:\/\/www.mourioche.de\/wpmourio\/wp-content\/uploads\/2019\/08\/20190731_163251-e1564820445747-768x1024.jpg 768w, https:\/\/www.mourioche.de\/wpmourio\/wp-content\/uploads\/2019\/08\/20190731_163251-e1564820445747-225x300.jpg 225w, https:\/\/www.mourioche.de\/wpmourio\/wp-content\/uploads\/2019\/08\/20190731_163251-e1564820445747-113x150.jpg 113w, https:\/\/www.mourioche.de\/wpmourio\/wp-content\/uploads\/2019\/08\/20190731_163251-e1564820445747-400x533.jpg 400w\" sizes=\"auto, (max-width: 768px) 100vw, 768px\" \/><\/figure><\/li><li class=\"blocks-gallery-item\"><figure><img loading=\"lazy\" decoding=\"async\" width=\"1024\" height=\"768\" src=\"https:\/\/www.mourioche.de\/wpmourio\/wp-content\/uploads\/2019\/08\/20190731_164350-1024x768.jpg\" alt=\"\" data-id=\"10603\" data-link=\"https:\/\/www.mourioche.de\/?attachment_id=10603\" class=\"wp-image-10603\" srcset=\"https:\/\/www.mourioche.de\/wpmourio\/wp-content\/uploads\/2019\/08\/20190731_164350-1024x768.jpg 1024w, https:\/\/www.mourioche.de\/wpmourio\/wp-content\/uploads\/2019\/08\/20190731_164350-300x225.jpg 300w, https:\/\/www.mourioche.de\/wpmourio\/wp-content\/uploads\/2019\/08\/20190731_164350-768x576.jpg 768w, https:\/\/www.mourioche.de\/wpmourio\/wp-content\/uploads\/2019\/08\/20190731_164350-150x113.jpg 150w, https:\/\/www.mourioche.de\/wpmourio\/wp-content\/uploads\/2019\/08\/20190731_164350-400x300.jpg 400w\" sizes=\"auto, (max-width: 1024px) 100vw, 1024px\" \/><\/figure><\/li><\/ul>\n\n\n\n<p>Unsere sieben Zwerge halten uns ordentlich auf Trab. Von Gartengestaltung haben sie definitiv andere Vorstellungen als wir, aber man muss auch mal flexibel sein&#8230; Die ersten Ausfl\u00fcge haben sie bravour\u00f6s gemeistert, auch wenn es an der Leine erst mal ein Welpenk\u00e4uel gab.<\/p>\n\n\n\n<figure class=\"wp-block-image\"><img loading=\"lazy\" decoding=\"async\" width=\"768\" height=\"1024\" src=\"https:\/\/www.mourioche.de\/wpmourio\/wp-content\/uploads\/2019\/08\/20190731_170133-1-e1564833770181-768x1024.jpg\" alt=\"\" class=\"wp-image-10606\" srcset=\"https:\/\/www.mourioche.de\/wpmourio\/wp-content\/uploads\/2019\/08\/20190731_170133-1-e1564833770181-768x1024.jpg 768w, https:\/\/www.mourioche.de\/wpmourio\/wp-content\/uploads\/2019\/08\/20190731_170133-1-e1564833770181-225x300.jpg 225w, https:\/\/www.mourioche.de\/wpmourio\/wp-content\/uploads\/2019\/08\/20190731_170133-1-e1564833770181-113x150.jpg 113w, https:\/\/www.mourioche.de\/wpmourio\/wp-content\/uploads\/2019\/08\/20190731_170133-1-e1564833770181-400x533.jpg 400w\" sizes=\"auto, (max-width: 768px) 100vw, 768px\" \/><\/figure>\n","protected":false},"excerpt":{"rendered":"<p>Unsere sieben Zwerge halten uns ordentlich auf Trab. Von Gartengestaltung haben sie definitiv andere Vorstellungen als wir, aber man muss auch mal flexibel sein&#8230; Die ersten Ausfl\u00fcge haben sie bravour\u00f6s gemeistert, auch wenn es an der Leine erst mal ein Welpenk\u00e4uel gab.<\/p>\n","protected":false},"author":2,"featured_media":0,"parent":10487,"menu_order":3315,"comment_status":"closed","ping_status":"closed","template":"","meta":{"footnotes":""},"class_list":["post-10597","page","type-page","status-publish","hentry"],"_links":{"self":[{"href":"https:\/\/www.mourioche.de\/index.php?rest_route=\/wp\/v2\/pages\/10597","targetHints":{"allow":["GET"]}}],"collection":[{"href":"https:\/\/www.mourioche.de\/index.php?rest_route=\/wp\/v2\/pages"}],"about":[{"href":"https:\/\/www.mourioche.de\/index.php?rest_route=\/wp\/v2\/types\/page"}],"author":[{"embeddable":true,"href":"https:\/\/www.mourioche.de\/index.php?rest_route=\/wp\/v2\/users\/2"}],"replies":[{"embeddable":true,"href":"https:\/\/www.mourioche.de\/index.php?rest_route=%2Fwp%2Fv2%2Fcomments&post=10597"}],"version-history":[{"count":1,"href":"https:\/\/www.mourioche.de\/index.php?rest_route=\/wp\/v2\/pages\/10597\/revisions"}],"predecessor-version":[{"id":10608,"href":"https:\/\/www.mourioche.de\/index.php?rest_route=\/wp\/v2\/pages\/10597\/revisions\/10608"}],"up":[{"embeddable":true,"href":"https:\/\/www.mourioche.de\/index.php?rest_route=\/wp\/v2\/pages\/10487"}],"wp:attachment":[{"href":"https:\/\/www.mourioche.de\/index.php?rest_route=%2Fwp%2Fv2%2Fmedia&parent=10597"}],"curies":[{"name":"wp","href":"https:\/\/api.w.org\/{rel}","templated":true}]}}