{"id":10611,"date":"2019-08-22T09:23:43","date_gmt":"2019-08-22T07:23:43","guid":{"rendered":"https:\/\/www.mourioche.de\/?page_id=10611"},"modified":"2019-08-22T09:23:43","modified_gmt":"2019-08-22T07:23:43","slug":"mimi-c-wurf-8-woche","status":"publish","type":"page","link":"https:\/\/www.mourioche.de\/?page_id=10611","title":{"rendered":"Mimi C-Wurf 8. Woche"},"content":{"rendered":"\n<p>Es waren einmal&#8230;<\/p>\n\n\n\n<p>7 Zwerge, die ihre Mutter und &#8222;Tanten&#8220; ordentlich auf Trab hielten, st\u00e4ndig neuen Unfug ausheckten und jedem ein L\u00e4cheln auf die Lippen zauberten.<\/p>\n\n\n\n<p>&#8230;und sie leben nun gl\u00fccklich bei ihren neuen Familien&#8230;<\/p>\n\n\n\n<ul class=\"wp-block-gallery columns-3 is-cropped wp-block-gallery-1 is-layout-flex wp-block-gallery-is-layout-flex\"><li class=\"blocks-gallery-item\"><figure><img loading=\"lazy\" decoding=\"async\" width=\"1024\" height=\"768\" src=\"https:\/\/www.mourioche.de\/wpmourio\/wp-content\/uploads\/2019\/08\/20190809_174844-1024x768.jpg\" alt=\"\" data-id=\"10612\" data-link=\"https:\/\/www.mourioche.de\/?attachment_id=10612\" class=\"wp-image-10612\" srcset=\"https:\/\/www.mourioche.de\/wpmourio\/wp-content\/uploads\/2019\/08\/20190809_174844-1024x768.jpg 1024w, https:\/\/www.mourioche.de\/wpmourio\/wp-content\/uploads\/2019\/08\/20190809_174844-300x225.jpg 300w, https:\/\/www.mourioche.de\/wpmourio\/wp-content\/uploads\/2019\/08\/20190809_174844-768x576.jpg 768w, https:\/\/www.mourioche.de\/wpmourio\/wp-content\/uploads\/2019\/08\/20190809_174844-150x113.jpg 150w, https:\/\/www.mourioche.de\/wpmourio\/wp-content\/uploads\/2019\/08\/20190809_174844-400x300.jpg 400w\" sizes=\"auto, (max-width: 1024px) 100vw, 1024px\" \/><figcaption>Chataya &#8222;Chat&#8220;<\/figcaption><\/figure><\/li><li class=\"blocks-gallery-item\"><figure><img loading=\"lazy\" decoding=\"async\" width=\"768\" height=\"1024\" src=\"https:\/\/www.mourioche.de\/wpmourio\/wp-content\/uploads\/2019\/08\/20190810_092055-e1566458150378-768x1024.jpg\" alt=\"\" data-id=\"10613\" data-link=\"https:\/\/www.mourioche.de\/?attachment_id=10613\" class=\"wp-image-10613\" srcset=\"https:\/\/www.mourioche.de\/wpmourio\/wp-content\/uploads\/2019\/08\/20190810_092055-e1566458150378-768x1024.jpg 768w, https:\/\/www.mourioche.de\/wpmourio\/wp-content\/uploads\/2019\/08\/20190810_092055-e1566458150378-225x300.jpg 225w, https:\/\/www.mourioche.de\/wpmourio\/wp-content\/uploads\/2019\/08\/20190810_092055-e1566458150378-113x150.jpg 113w, https:\/\/www.mourioche.de\/wpmourio\/wp-content\/uploads\/2019\/08\/20190810_092055-e1566458150378-400x533.jpg 400w\" sizes=\"auto, (max-width: 768px) 100vw, 768px\" \/><figcaption>Catelyn &#8222;Yael&#8220;<\/figcaption><\/figure><\/li><li class=\"blocks-gallery-item\"><figure><img loading=\"lazy\" decoding=\"async\" width=\"1024\" height=\"768\" src=\"https:\/\/www.mourioche.de\/wpmourio\/wp-content\/uploads\/2019\/08\/20190810_104752-1024x768.jpg\" alt=\"\" data-id=\"10614\" data-link=\"https:\/\/www.mourioche.de\/?attachment_id=10614\" class=\"wp-image-10614\" srcset=\"https:\/\/www.mourioche.de\/wpmourio\/wp-content\/uploads\/2019\/08\/20190810_104752-1024x768.jpg 1024w, https:\/\/www.mourioche.de\/wpmourio\/wp-content\/uploads\/2019\/08\/20190810_104752-300x225.jpg 300w, https:\/\/www.mourioche.de\/wpmourio\/wp-content\/uploads\/2019\/08\/20190810_104752-768x576.jpg 768w, https:\/\/www.mourioche.de\/wpmourio\/wp-content\/uploads\/2019\/08\/20190810_104752-150x113.jpg 150w, https:\/\/www.mourioche.de\/wpmourio\/wp-content\/uploads\/2019\/08\/20190810_104752-400x300.jpg 400w\" sizes=\"auto, (max-width: 1024px) 100vw, 1024px\" \/><figcaption>Cohollo &#8222;Chief Hopper&#8220;<\/figcaption><\/figure><\/li><li class=\"blocks-gallery-item\"><figure><img loading=\"lazy\" decoding=\"async\" width=\"1024\" height=\"768\" src=\"https:\/\/www.mourioche.de\/wpmourio\/wp-content\/uploads\/2019\/08\/20190811_114545-1024x768.jpg\" alt=\"\" data-id=\"10615\" data-link=\"https:\/\/www.mourioche.de\/?attachment_id=10615\" class=\"wp-image-10615\" srcset=\"https:\/\/www.mourioche.de\/wpmourio\/wp-content\/uploads\/2019\/08\/20190811_114545-1024x768.jpg 1024w, https:\/\/www.mourioche.de\/wpmourio\/wp-content\/uploads\/2019\/08\/20190811_114545-300x225.jpg 300w, https:\/\/www.mourioche.de\/wpmourio\/wp-content\/uploads\/2019\/08\/20190811_114545-768x576.jpg 768w, https:\/\/www.mourioche.de\/wpmourio\/wp-content\/uploads\/2019\/08\/20190811_114545-150x113.jpg 150w, https:\/\/www.mourioche.de\/wpmourio\/wp-content\/uploads\/2019\/08\/20190811_114545-400x300.jpg 400w\" sizes=\"auto, (max-width: 1024px) 100vw, 1024px\" \/><figcaption>Cayn<\/figcaption><\/figure><\/li><li class=\"blocks-gallery-item\"><figure><img loading=\"lazy\" decoding=\"async\" width=\"1024\" height=\"768\" src=\"https:\/\/www.mourioche.de\/wpmourio\/wp-content\/uploads\/2019\/08\/20190811_130956-e1566458176743-1024x768.jpg\" alt=\"\" data-id=\"10616\" data-link=\"https:\/\/www.mourioche.de\/?attachment_id=10616\" class=\"wp-image-10616\" srcset=\"https:\/\/www.mourioche.de\/wpmourio\/wp-content\/uploads\/2019\/08\/20190811_130956-e1566458176743-1024x768.jpg 1024w, https:\/\/www.mourioche.de\/wpmourio\/wp-content\/uploads\/2019\/08\/20190811_130956-e1566458176743-300x225.jpg 300w, https:\/\/www.mourioche.de\/wpmourio\/wp-content\/uploads\/2019\/08\/20190811_130956-e1566458176743-768x576.jpg 768w, https:\/\/www.mourioche.de\/wpmourio\/wp-content\/uploads\/2019\/08\/20190811_130956-e1566458176743-150x113.jpg 150w, https:\/\/www.mourioche.de\/wpmourio\/wp-content\/uploads\/2019\/08\/20190811_130956-e1566458176743-400x300.jpg 400w\" sizes=\"auto, (max-width: 1024px) 100vw, 1024px\" \/><figcaption>Cerrick<\/figcaption><\/figure><\/li><li class=\"blocks-gallery-item\"><figure><img loading=\"lazy\" decoding=\"async\" width=\"768\" height=\"1024\" src=\"https:\/\/www.mourioche.de\/wpmourio\/wp-content\/uploads\/2019\/08\/20190818_093936-e1566458208327-768x1024.jpg\" alt=\"\" data-id=\"10617\" data-link=\"https:\/\/www.mourioche.de\/?attachment_id=10617\" class=\"wp-image-10617\" srcset=\"https:\/\/www.mourioche.de\/wpmourio\/wp-content\/uploads\/2019\/08\/20190818_093936-e1566458208327-768x1024.jpg 768w, https:\/\/www.mourioche.de\/wpmourio\/wp-content\/uploads\/2019\/08\/20190818_093936-e1566458208327-225x300.jpg 225w, https:\/\/www.mourioche.de\/wpmourio\/wp-content\/uploads\/2019\/08\/20190818_093936-e1566458208327-113x150.jpg 113w, https:\/\/www.mourioche.de\/wpmourio\/wp-content\/uploads\/2019\/08\/20190818_093936-e1566458208327-400x533.jpg 400w\" sizes=\"auto, (max-width: 768px) 100vw, 768px\" \/><figcaption>Cossomo &#8222;Darek&#8220;<\/figcaption><\/figure><\/li><li class=\"blocks-gallery-item\"><figure><img loading=\"lazy\" decoding=\"async\" width=\"1024\" height=\"768\" src=\"https:\/\/www.mourioche.de\/wpmourio\/wp-content\/uploads\/2019\/08\/20190817_192118-1024x768.jpg\" alt=\"\" data-id=\"10618\" data-link=\"https:\/\/www.mourioche.de\/?attachment_id=10618\" class=\"wp-image-10618\" srcset=\"https:\/\/www.mourioche.de\/wpmourio\/wp-content\/uploads\/2019\/08\/20190817_192118-1024x768.jpg 1024w, https:\/\/www.mourioche.de\/wpmourio\/wp-content\/uploads\/2019\/08\/20190817_192118-300x225.jpg 300w, https:\/\/www.mourioche.de\/wpmourio\/wp-content\/uploads\/2019\/08\/20190817_192118-768x576.jpg 768w, https:\/\/www.mourioche.de\/wpmourio\/wp-content\/uploads\/2019\/08\/20190817_192118-150x113.jpg 150w, https:\/\/www.mourioche.de\/wpmourio\/wp-content\/uploads\/2019\/08\/20190817_192118-400x300.jpg 400w\" sizes=\"auto, (max-width: 1024px) 100vw, 1024px\" \/><figcaption>&#8230;da war es nur noch einer&#8230;<br>Chayle &#8222;Xavier&#8220; bleibt noch ein paar Wochen bei uns, bevor er in seine neue Heimat umziehen darf<\/figcaption><\/figure><\/li><\/ul>\n","protected":false},"excerpt":{"rendered":"<p>Es waren einmal&#8230; 7 Zwerge, die ihre Mutter und &#8222;Tanten&#8220; ordentlich auf Trab hielten, st\u00e4ndig neuen Unfug ausheckten und jedem ein L\u00e4cheln auf die Lippen zauberten. &#8230;und sie leben nun gl\u00fccklich bei ihren neuen Familien&#8230;<\/p>\n","protected":false},"author":2,"featured_media":0,"parent":10487,"menu_order":3316,"comment_status":"closed","ping_status":"closed","template":"","meta":{"footnotes":""},"class_list":["post-10611","page","type-page","status-publish","hentry"],"_links":{"self":[{"href":"https:\/\/www.mourioche.de\/index.php?rest_route=\/wp\/v2\/pages\/10611","targetHints":{"allow":["GET"]}}],"collection":[{"href":"https:\/\/www.mourioche.de\/index.php?rest_route=\/wp\/v2\/pages"}],"about":[{"href":"https:\/\/www.mourioche.de\/index.php?rest_route=\/wp\/v2\/types\/page"}],"author":[{"embeddable":true,"href":"https:\/\/www.mourioche.de\/index.php?rest_route=\/wp\/v2\/users\/2"}],"replies":[{"embeddable":true,"href":"https:\/\/www.mourioche.de\/index.php?rest_route=%2Fwp%2Fv2%2Fcomments&post=10611"}],"version-history":[{"count":1,"href":"https:\/\/www.mourioche.de\/index.php?rest_route=\/wp\/v2\/pages\/10611\/revisions"}],"predecessor-version":[{"id":10619,"href":"https:\/\/www.mourioche.de\/index.php?rest_route=\/wp\/v2\/pages\/10611\/revisions\/10619"}],"up":[{"embeddable":true,"href":"https:\/\/www.mourioche.de\/index.php?rest_route=\/wp\/v2\/pages\/10487"}],"wp:attachment":[{"href":"https:\/\/www.mourioche.de\/index.php?rest_route=%2Fwp%2Fv2%2Fmedia&parent=10611"}],"curies":[{"name":"wp","href":"https:\/\/api.w.org\/{rel}","templated":true}]}}