{"id":11,"date":"2009-05-28T21:58:36","date_gmt":"2009-05-28T19:58:36","guid":{"rendered":"http:\/\/www.mourioche.de\/wpmourio\/?page_id=11"},"modified":"2016-01-05T19:27:27","modified_gmt":"2016-01-05T17:27:27","slug":"uber-uns","status":"publish","type":"page","link":"https:\/\/www.mourioche.de\/?page_id=11","title":{"rendered":"\u00dcber uns"},"content":{"rendered":"<p>Wir &#8211; das sind Carsten, Silke, Nadja, Pascal, Laurin und Philine Lange.<\/p>\n<p>Wir alle wohnen im l\u00e4ndlichen Billinghausen, einem Ortsteil von Lage in Lippe, in einem \u00fcber 100 Jahre alten Bruchsteinhaus.<\/p>\n<p><img loading=\"lazy\" decoding=\"async\" class=\"alignnone\" title=\"Unser Haus\" src=\"\/..\/images\/mq\/krhkviel0042 (Bearbeitet).JPG\" alt=\"\" width=\"480\" height=\"232\" \/><\/p>\n<p>Dieses Haus samt Garten teilen wir uns mit unseren Tieren.<br \/>\nZuerst sind da unsere Hunde:<\/p>\n<p><img loading=\"lazy\" decoding=\"async\" class=\"alignnone\" title=\"Digger\" src=\"\/..\/images\/mq\/PICT0549.JPG\" alt=\"\" width=\"256\" height=\"192\" \/><br \/>\nDigger, geb. 26.8.1996 ist der Senior. Gekauft habe ich ihn damals als Collie\/Sch\u00e4ferhund Mischling, ich bin jedoch davon \u00fcberzeugt, da\u00df ein Hovawarth ebenfalls unter seinen Ahnen ist. Digger hatte in den 16 Wochen, bevor ich ihn bekam, nicht viel Gutes erfahren und war daher sehr \u00e4ngstlich und mi\u00dftrauisch, besonders gegen\u00fcber M\u00e4nnern. Mittlerweile ist er ein souver\u00e4ner R\u00fcde, freundlich zu jedermann und -tier. Digger war der erste Hund, den ich auf Agility-Turnieren gef\u00fchrt habe. Mit ihm habe ich an zwei deutschen Meisterschaften teilgenommen, einmal an der Bundessiegerpr\u00fcfung des DVG und 1999 am Agility-Welt Cup in \u00d6sterreich. Seit 2002 ist Digger in Rente, da ihm eine Verletzung an der Wirbels\u00e4ule, die er als junger Hund erlitten hat, Beschwerden bereitete.<\/p>\n<p>Leider mussten wir uns von Digger am 02. April 2012 \u00a0verabschieden. In unseren Herzen aber wird er immer bei uns sein.<\/p>\n<p><img loading=\"lazy\" decoding=\"async\" class=\"alignnone\" title=\"Bonny\" src=\"\/..\/images\/bonnie.jpg\" alt=\"\" width=\"150\" height=\"220\" \/><\/p>\n<p>Bonny (Lange&#8217;s Bonny) geb. 1.5.2000 ist ein Border Collie. Bekommen habe ich sie einj\u00e4hrig als Notfall, sie kannte bis dahin nur ihr Haus samt Garten und B\u00e4lle, sonst nichts. Mittlerweile l\u00e4uft sie im Agility in der A3 und wird an Schafen trainiert. Bonny betrachtet es als ihre Aufgabe, daf\u00fcr zu sorgen, da\u00df unsere Meerschweinchen und H\u00fchner ihren Auslauf nicht verlassen. Sie hat mich in meiner \u00dcberzeugung best\u00e4tigt, da\u00df der Border Collie auf keinen Fall ohne ad\u00e4quate Besch\u00e4ftigung gehalten werden sollte &#8211; und damit meine ich nicht, eine Stunde spazieren gehen am Tag&#8230;<\/p>\n<p>Bonny ist mittlerweile in Rente. So richtig genie\u00dfen kann sie ihren Ruhestand aber nicht, es gibt hier einfach zu viel, um das sie sich k\u00fcmmern muss: Kinder, j\u00fcngere Hunde, Katzen &#8211; alles muss &#8222;beh\u00fctet&#8220; werden.<\/p>\n<p><img loading=\"lazy\" decoding=\"async\" class=\"alignnone\" title=\"Bletta\" src=\"\/..\/images\/blettaplatzt.jpg\" alt=\"\" width=\"150\" height=\"177\" \/><\/p>\n<p>Bletta (Bletta de Kliandie), geb. 11.1.2005 ist ein Berger des Pyr\u00e9n\u00e9es. An Arbeitsintelligenz und dem Willen zu gefallen, \u00fcbertrifft sie jeden anderen Hund, den ich zuvor hatte. Die Begleithundepr\u00fcfung war f\u00fcr sie ein Klacks, Agility ist neben der Arbeit an Schafen ihre gro\u00dfe Leidenschaft. Ihre rasend schnelle Auffassungsgabe stellt f\u00fcr mich immer wieder eine Herausforderung dar, da sie nat\u00fcrlich nicht nur die Sachen lernt, die ich gerne h\u00e4tte&#8230;<\/p>\n<p>&nbsp;<\/p>\n<p><a href=\"https:\/\/www.mourioche.de\/wpmourio\/wp-content\/uploads\/2010\/01\/x2010-01-03_7155-Neujahrsspaziergang_cr_0800.jpg\"><img loading=\"lazy\" decoding=\"async\" class=\"size-medium wp-image-896 alignnone\" title=\"Das Da\" src=\"https:\/\/www.mourioche.de\/wpmourio\/wp-content\/uploads\/2010\/01\/x2010-01-03_7155-Neujahrsspaziergang_cr_0800-199x300.jpg\" alt=\"\" width=\"199\" height=\"300\" srcset=\"https:\/\/www.mourioche.de\/wpmourio\/wp-content\/uploads\/2010\/01\/x2010-01-03_7155-Neujahrsspaziergang_cr_0800-199x300.jpg 199w, https:\/\/www.mourioche.de\/wpmourio\/wp-content\/uploads\/2010\/01\/x2010-01-03_7155-Neujahrsspaziergang_cr_0800.jpg 533w\" sizes=\"auto, (max-width: 199px) 100vw, 199px\" \/><\/a><\/p>\n<p>Brandagambar\u00a0du Mourioche (genannt: Das Da),\u00a0geb. 14.07.2009, eine Tochter von Bletta. Das Da ist unser &#8222;Gute Laune&#8220; Hund, immer f\u00fcr jeden Spa\u00df zu haben. Fr\u00f6hlich und unbek\u00fcmmert bereichert sie unser Leben und startet im Agility in der A3.<\/p>\n<p><a href=\"https:\/\/www.mourioche.de\/wpmourio\/wp-content\/uploads\/2009\/05\/lulu11.jpg\"><img loading=\"lazy\" decoding=\"async\" class=\"aligncenter size-medium wp-image-5530\" title=\"lulu1\" src=\"https:\/\/www.mourioche.de\/wpmourio\/wp-content\/uploads\/2009\/05\/lulu11-300x199.jpg\" alt=\"\" width=\"300\" height=\"199\" srcset=\"https:\/\/www.mourioche.de\/wpmourio\/wp-content\/uploads\/2009\/05\/lulu11-300x199.jpg 300w, https:\/\/www.mourioche.de\/wpmourio\/wp-content\/uploads\/2009\/05\/lulu11-150x99.jpg 150w, https:\/\/www.mourioche.de\/wpmourio\/wp-content\/uploads\/2009\/05\/lulu11-400x266.jpg 400w, https:\/\/www.mourioche.de\/wpmourio\/wp-content\/uploads\/2009\/05\/lulu11.jpg 800w\" sizes=\"auto, (max-width: 300px) 100vw, 300px\" \/><\/a><\/p>\n<p>Luthien du Val du Vent Dor\u00e9 (&#8222;Lulu&#8220;), geboren am 27.03.2012. Immer den Schalk im Nacken und eine wunderbare Spielgef\u00e4hrtin f\u00fcr Das Da und Philine.<\/p>\n<p>&nbsp;<\/p>\n<p><img loading=\"lazy\" decoding=\"async\" class=\"alignnone\" title=\"Wei\u00dfpf\u00f6tchen\" src=\"\/..\/images\/mq\/krhkviel0051.JPG\" alt=\"\" width=\"256\" height=\"192\" \/><\/p>\n<p>Dann w\u00e4ren da noch unsere Katzen, die Haus und Hof von M\u00e4usen und anderem unerw\u00fcnschten Getier frei halten sollen.<br \/>\n<img loading=\"lazy\" decoding=\"async\" class=\"alignnone\" title=\"Ubuntu\" src=\"\/..\/images\/ubuntu.jpg\" alt=\"\" width=\"150\" height=\"113\" \/><\/p>\n<p>Der H\u00fchnerstall wird &#8211; wie sollte es anders sein &#8211; von den H\u00fchnern regiert. Ubuntu, Redhat, Debian und Suse sind f\u00fcr die Eierproduktion zust\u00e4ndig.<\/p>\n<p>&nbsp;<\/p>\n<p>&nbsp;<\/p>\n","protected":false},"excerpt":{"rendered":"<p>Wir &#8211; das sind Carsten, Silke, Nadja, Pascal, Laurin und Philine Lange. Wir alle wohnen im l\u00e4ndlichen Billinghausen, einem Ortsteil von Lage in Lippe, in einem \u00fcber 100 Jahre alten Bruchsteinhaus. Dieses Haus samt Garten teilen wir uns mit unseren Tieren. Zuerst sind da unsere Hunde: Digger, geb. 26.8.1996 ist der Senior. Gekauft habe ich &hellip; <a href=\"https:\/\/www.mourioche.de\/?page_id=11\" class=\"more-link\"><span class=\"screen-reader-text\">\u00dcber uns<\/span> weiterlesen <span class=\"meta-nav\">&rarr;<\/span><\/a><\/p>\n","protected":false},"author":1,"featured_media":0,"parent":0,"menu_order":7000,"comment_status":"closed","ping_status":"open","template":"","meta":{"footnotes":""},"class_list":["post-11","page","type-page","status-publish","hentry"],"_links":{"self":[{"href":"https:\/\/www.mourioche.de\/index.php?rest_route=\/wp\/v2\/pages\/11","targetHints":{"allow":["GET"]}}],"collection":[{"href":"https:\/\/www.mourioche.de\/index.php?rest_route=\/wp\/v2\/pages"}],"about":[{"href":"https:\/\/www.mourioche.de\/index.php?rest_route=\/wp\/v2\/types\/page"}],"author":[{"embeddable":true,"href":"https:\/\/www.mourioche.de\/index.php?rest_route=\/wp\/v2\/users\/1"}],"replies":[{"embeddable":true,"href":"https:\/\/www.mourioche.de\/index.php?rest_route=%2Fwp%2Fv2%2Fcomments&post=11"}],"version-history":[{"count":3,"href":"https:\/\/www.mourioche.de\/index.php?rest_route=\/wp\/v2\/pages\/11\/revisions"}],"predecessor-version":[{"id":8653,"href":"https:\/\/www.mourioche.de\/index.php?rest_route=\/wp\/v2\/pages\/11\/revisions\/8653"}],"wp:attachment":[{"href":"https:\/\/www.mourioche.de\/index.php?rest_route=%2Fwp%2Fv2%2Fmedia&parent=11"}],"curies":[{"name":"wp","href":"https:\/\/api.w.org\/{rel}","templated":true}]}}