{"id":1319,"date":"2010-04-14T23:08:08","date_gmt":"2010-04-14T21:08:08","guid":{"rendered":"http:\/\/www.mourioche.de\/?page_id=1319"},"modified":"2010-04-15T10:25:46","modified_gmt":"2010-04-15T08:25:46","slug":"b-wurf","status":"publish","type":"page","link":"https:\/\/www.mourioche.de\/?page_id=1319","title":{"rendered":"B-Wurf"},"content":{"rendered":"<p>Alles \u00fcber unseren zweiten Wurf Bergers des\u00a0Pyr\u00e9n\u00e9es ist im Men\u00fc Woche f\u00fcr Woche en detail zu finden.<\/p>\n<p>Kresken vom Heidetal x Bletta de Kliandie<\/p>\n<p>*14.07.2009<\/p>\n<p>Bucca  Wii (H\u00fcndin), Brandagambar genannt Das Da (H\u00fcndin), Bombadil (R\u00fcde) und Bergil (R\u00fcde)<\/p>\n","protected":false},"excerpt":{"rendered":"<p>Alles \u00fcber unseren zweiten Wurf Bergers des\u00a0Pyr\u00e9n\u00e9es ist im Men\u00fc Woche f\u00fcr Woche en detail zu finden. Kresken vom Heidetal x Bletta de Kliandie *14.07.2009 Bucca Wii (H\u00fcndin), Brandagambar genannt Das Da (H\u00fcndin), Bombadil (R\u00fcde) und Bergil (R\u00fcde)<\/p>\n","protected":false},"author":3,"featured_media":0,"parent":1340,"menu_order":2020,"comment_status":"open","ping_status":"open","template":"","meta":{"footnotes":""},"class_list":["post-1319","page","type-page","status-publish","hentry"],"_links":{"self":[{"href":"https:\/\/www.mourioche.de\/index.php?rest_route=\/wp\/v2\/pages\/1319","targetHints":{"allow":["GET"]}}],"collection":[{"href":"https:\/\/www.mourioche.de\/index.php?rest_route=\/wp\/v2\/pages"}],"about":[{"href":"https:\/\/www.mourioche.de\/index.php?rest_route=\/wp\/v2\/types\/page"}],"author":[{"embeddable":true,"href":"https:\/\/www.mourioche.de\/index.php?rest_route=\/wp\/v2\/users\/3"}],"replies":[{"embeddable":true,"href":"https:\/\/www.mourioche.de\/index.php?rest_route=%2Fwp%2Fv2%2Fcomments&post=1319"}],"version-history":[{"count":0,"href":"https:\/\/www.mourioche.de\/index.php?rest_route=\/wp\/v2\/pages\/1319\/revisions"}],"up":[{"embeddable":true,"href":"https:\/\/www.mourioche.de\/index.php?rest_route=\/wp\/v2\/pages\/1340"}],"wp:attachment":[{"href":"https:\/\/www.mourioche.de\/index.php?rest_route=%2Fwp%2Fv2%2Fmedia&parent=1319"}],"curies":[{"name":"wp","href":"https:\/\/api.w.org\/{rel}","templated":true}]}}