{"id":1340,"date":"2010-04-15T10:19:36","date_gmt":"2010-04-15T08:19:36","guid":{"rendered":"http:\/\/www.mourioche.de\/?page_id=1340"},"modified":"2013-02-17T22:48:13","modified_gmt":"2013-02-17T20:48:13","slug":"welpen-berger-des-pyrenees","status":"publish","type":"page","link":"https:\/\/www.mourioche.de\/?page_id=1340","title":{"rendered":"Blettas Welpen"},"content":{"rendered":"<p>Alles \u00fcber die Zeit, die wir mit unseren Berger des Pyr\u00e9n\u00e9es-Welpen verbracht haben, findet man hier:<\/p>\n<p>A-Wurf:\u00a0<a title=\"A-Wurf\" href=\"https:\/\/www.mourioche.de\/?page_id=1317\" target=\"_self\">Tour-Figeac vom Wunderhorn X Bletta de Kliandie &#8211; * 26.01.2008<\/a><\/p>\n<p>B-Wurf:\u00a0<a title=\"B-Wurf\" href=\"https:\/\/www.mourioche.de\/?page_id=1319\" target=\"_self\">Kresken vom Heidetal X Bletta de Kliandie &#8211; * 14.07.2009<\/a><\/p>\n<p>C-Wurf:\u00a0<a title=\"C-Wurf\" href=\"https:\/\/www.mourioche.de\/?page_id=1329\" target=\"_self\">Fin von der Labbecker Schweiz X Bletta de Kliandie &#8211; * 09.04.2010<\/a><\/p>\n<p>D-Wurf: <a title=\"D-Wurf\" href=\"https:\/\/www.mourioche.de\/?page_id=4470\">Bergeron z Tylenu Moravia (\u201cApachi\u201d) x Bletta de Kliandie &#8211; * 29.04.2012<\/a><\/p>\n<p>E-Wurf: <a href=\"https:\/\/www.mourioche.de\/?page_id=5664\">First Indy Black du Loubajac x Bletta de Kliandie &#8211; *13.02.2013\u00a0<\/a><\/p>\n<p>&nbsp;<\/p>\n<p>&nbsp;<\/p>\n","protected":false},"excerpt":{"rendered":"<p>Alles \u00fcber die Zeit, die wir mit unseren Berger des Pyr\u00e9n\u00e9es-Welpen verbracht haben, findet man hier: A-Wurf:\u00a0Tour-Figeac vom Wunderhorn X Bletta de Kliandie &#8211; * 26.01.2008 B-Wurf:\u00a0Kresken vom Heidetal X Bletta de Kliandie &#8211; * 14.07.2009 C-Wurf:\u00a0Fin von der Labbecker Schweiz X Bletta de Kliandie &#8211; * 09.04.2010 D-Wurf: Bergeron z Tylenu Moravia (\u201cApachi\u201d) x &hellip; <a href=\"https:\/\/www.mourioche.de\/?page_id=1340\" class=\"more-link\"><span class=\"screen-reader-text\">Blettas Welpen<\/span> weiterlesen <span class=\"meta-nav\">&rarr;<\/span><\/a><\/p>\n","protected":false},"author":3,"featured_media":0,"parent":0,"menu_order":2000,"comment_status":"open","ping_status":"open","template":"","meta":{"footnotes":""},"class_list":["post-1340","page","type-page","status-publish","hentry"],"_links":{"self":[{"href":"https:\/\/www.mourioche.de\/index.php?rest_route=\/wp\/v2\/pages\/1340","targetHints":{"allow":["GET"]}}],"collection":[{"href":"https:\/\/www.mourioche.de\/index.php?rest_route=\/wp\/v2\/pages"}],"about":[{"href":"https:\/\/www.mourioche.de\/index.php?rest_route=\/wp\/v2\/types\/page"}],"author":[{"embeddable":true,"href":"https:\/\/www.mourioche.de\/index.php?rest_route=\/wp\/v2\/users\/3"}],"replies":[{"embeddable":true,"href":"https:\/\/www.mourioche.de\/index.php?rest_route=%2Fwp%2Fv2%2Fcomments&post=1340"}],"version-history":[{"count":0,"href":"https:\/\/www.mourioche.de\/index.php?rest_route=\/wp\/v2\/pages\/1340\/revisions"}],"wp:attachment":[{"href":"https:\/\/www.mourioche.de\/index.php?rest_route=%2Fwp%2Fv2%2Fmedia&parent=1340"}],"curies":[{"name":"wp","href":"https:\/\/api.w.org\/{rel}","templated":true}]}}