{"id":189,"date":"2009-07-29T22:54:30","date_gmt":"2009-07-29T20:54:30","guid":{"rendered":"http:\/\/www.mourioche.de\/?page_id=189"},"modified":"2010-04-15T10:27:37","modified_gmt":"2010-04-15T08:27:37","slug":"blettas-b-wurf-3-woche","status":"publish","type":"page","link":"https:\/\/www.mourioche.de\/?page_id=189","title":{"rendered":"Blettas B-Wurf 3. Woche"},"content":{"rendered":"<p style=\"text-align: center;\"><strong>03.08.<\/strong><\/p>\n<p style=\"text-align: center;\">ups<\/p>\n<p style=\"text-align: center;\">\n<p style=\"text-align: left;\">und schon geht die dritte Woche dem Ende entgegen!<\/p>\n<p style=\"text-align: left;\">Die B\u00b4s machen t\u00e4glich rasante Fortschritte, mittlerweile geben sie schon jede Menge differenzierte Ger\u00e4usche von sich, au\u00dfer Quieken k\u00f6nnen sie inzwischen knurren, bellen (na ja, nicht so richtig furchterregend, aber immerhin) und einiges mehr. Sie nehmen einander jetzt bewu\u00dft wahr, rangeln miteinander und beknabbern sich gegenseitig. Bei neuen Herausforderungen wird auch schon mal geschaut, was der andere denn so macht, ganz nach dem Motto: &#8222;Teste Du mal!&#8220;, gefolgt von: &#8222;Will ich auch!&#8220; Der Welpenauslauf wird t\u00e4glich mit wechselndem Spielzeug best\u00fcckt, Laurin hat Genehmigung, ordentlich Krach zu machen (wenn die Kleinen wach sind), den ersten Welpenbrei gab es auch schon &#8211; sehr zur allgemeinen Begeisterung!<\/p>\n<p style=\"text-align: left;\">\n<p style=\"text-align: center;\"><img loading=\"lazy\" decoding=\"async\" class=\"size-medium wp-image-208 aligncenter\" title=\"bucca\" src=\"https:\/\/www.mourioche.de\/wpmourio\/wp-content\/uploads\/2009\/07\/joerg10-300x199.jpg\" alt=\"Bucca buckert\" width=\"300\" height=\"199\" srcset=\"https:\/\/www.mourioche.de\/wpmourio\/wp-content\/uploads\/2009\/07\/joerg10-300x199.jpg 300w, https:\/\/www.mourioche.de\/wpmourio\/wp-content\/uploads\/2009\/07\/joerg10.jpg 800w\" sizes=\"auto, (max-width: 300px) 100vw, 300px\" \/><\/p>\n<p style=\"text-align: center;\">Bucca buckert<\/p>\n<p style=\"text-align: center;\">\n<p style=\"text-align: center;\"><img loading=\"lazy\" decoding=\"async\" class=\"size-medium wp-image-209 aligncenter\" title=\"bucca\" src=\"https:\/\/www.mourioche.de\/wpmourio\/wp-content\/uploads\/2009\/07\/joerg12-300x199.jpg\" alt=\"...ausgiebig\" width=\"300\" height=\"199\" srcset=\"https:\/\/www.mourioche.de\/wpmourio\/wp-content\/uploads\/2009\/07\/joerg12-300x199.jpg 300w, https:\/\/www.mourioche.de\/wpmourio\/wp-content\/uploads\/2009\/07\/joerg12.jpg 800w\" sizes=\"auto, (max-width: 300px) 100vw, 300px\" \/><\/p>\n<p style=\"text-align: center;\">&#8230;ausgiebig<\/p>\n<p style=\"text-align: center;\">\n<p style=\"text-align: center;\"><img loading=\"lazy\" decoding=\"async\" class=\"size-medium wp-image-210 aligncenter\" title=\"bucca\" src=\"https:\/\/www.mourioche.de\/wpmourio\/wp-content\/uploads\/2009\/07\/joerg13-300x199.jpg\" alt=\"Freunde f\u00fcr\u00b4s Leben...\" width=\"300\" height=\"199\" srcset=\"https:\/\/www.mourioche.de\/wpmourio\/wp-content\/uploads\/2009\/07\/joerg13-300x199.jpg 300w, https:\/\/www.mourioche.de\/wpmourio\/wp-content\/uploads\/2009\/07\/joerg13.jpg 800w\" sizes=\"auto, (max-width: 300px) 100vw, 300px\" \/><\/p>\n<p style=\"text-align: center;\">\n<p style=\"text-align: center;\">Freunde f\u00fcr\u00b4s Leben&#8230;<\/p>\n<p style=\"text-align: center;\">\n<p style=\"text-align: center;\"><img loading=\"lazy\" decoding=\"async\" class=\"size-medium wp-image-211 aligncenter\" title=\"bergil\" src=\"https:\/\/www.mourioche.de\/wpmourio\/wp-content\/uploads\/2009\/07\/bergil5-300x199.jpg\" alt=\"Bergil futtert\" width=\"300\" height=\"199\" srcset=\"https:\/\/www.mourioche.de\/wpmourio\/wp-content\/uploads\/2009\/07\/bergil5-300x199.jpg 300w, https:\/\/www.mourioche.de\/wpmourio\/wp-content\/uploads\/2009\/07\/bergil5.jpg 800w\" sizes=\"auto, (max-width: 300px) 100vw, 300px\" \/><\/p>\n<p style=\"text-align: center;\">Bergil futtert<\/p>\n<p style=\"text-align: center;\">\n<p style=\"text-align: center;\"><img loading=\"lazy\" decoding=\"async\" class=\"size-medium wp-image-212 aligncenter\" title=\"bergil\" src=\"https:\/\/www.mourioche.de\/wpmourio\/wp-content\/uploads\/2009\/07\/bergil22-300x199.jpg\" alt=\"...wie - schon weg? Da w\u00e4re noch Platz im B\u00e4uchlein!\" width=\"300\" height=\"199\" srcset=\"https:\/\/www.mourioche.de\/wpmourio\/wp-content\/uploads\/2009\/07\/bergil22-300x199.jpg 300w, https:\/\/www.mourioche.de\/wpmourio\/wp-content\/uploads\/2009\/07\/bergil22.jpg 800w\" sizes=\"auto, (max-width: 300px) 100vw, 300px\" \/><\/p>\n<p style=\"text-align: center;\">&#8230;wie &#8211; schon weg? Da w\u00e4re noch Platz im B\u00e4uchlein!<\/p>\n<p style=\"text-align: center;\">\n<p style=\"text-align: center;\"><img loading=\"lazy\" decoding=\"async\" class=\"size-medium wp-image-213 aligncenter\" title=\"bombadil\" src=\"https:\/\/www.mourioche.de\/wpmourio\/wp-content\/uploads\/2009\/07\/bombadil14-300x199.jpg\" alt=\"Die Jungs\" width=\"300\" height=\"199\" srcset=\"https:\/\/www.mourioche.de\/wpmourio\/wp-content\/uploads\/2009\/07\/bombadil14-300x199.jpg 300w, https:\/\/www.mourioche.de\/wpmourio\/wp-content\/uploads\/2009\/07\/bombadil14.jpg 800w\" sizes=\"auto, (max-width: 300px) 100vw, 300px\" \/><\/p>\n<p style=\"text-align: center;\">Die Jungs<\/p>\n<p style=\"text-align: center;\">\n<p style=\"text-align: center;\"><img loading=\"lazy\" decoding=\"async\" class=\"size-medium wp-image-214 aligncenter\" title=\"bombadil\" src=\"https:\/\/www.mourioche.de\/wpmourio\/wp-content\/uploads\/2009\/07\/bombadil24-300x199.jpg\" alt=\"auf der Flucht?\" width=\"300\" height=\"199\" srcset=\"https:\/\/www.mourioche.de\/wpmourio\/wp-content\/uploads\/2009\/07\/bombadil24-300x199.jpg 300w, https:\/\/www.mourioche.de\/wpmourio\/wp-content\/uploads\/2009\/07\/bombadil24.jpg 800w\" sizes=\"auto, (max-width: 300px) 100vw, 300px\" \/><\/p>\n<p style=\"text-align: center;\">auf der Flucht?<\/p>\n<p style=\"text-align: center;\">\n<p style=\"text-align: center;\"><img loading=\"lazy\" decoding=\"async\" class=\"size-medium wp-image-215 aligncenter\" title=\"brandagambar\" src=\"https:\/\/www.mourioche.de\/wpmourio\/wp-content\/uploads\/2009\/07\/brandagambar16-300x199.jpg\" alt=\"Brandagambar isst den Napf auf - statt leer. Dann regnet es bestimmt nicht!\" width=\"300\" height=\"199\" srcset=\"https:\/\/www.mourioche.de\/wpmourio\/wp-content\/uploads\/2009\/07\/brandagambar16-300x199.jpg 300w, https:\/\/www.mourioche.de\/wpmourio\/wp-content\/uploads\/2009\/07\/brandagambar16.jpg 800w\" sizes=\"auto, (max-width: 300px) 100vw, 300px\" \/><\/p>\n<p style=\"text-align: center;\">Brandagambar isst den Napf auf &#8211; statt leer. Dann regnet es bestimmt nicht!<\/p>\n<p style=\"text-align: center;\">\n<p style=\"text-align: center;\"><img loading=\"lazy\" decoding=\"async\" class=\"size-medium wp-image-216 aligncenter\" title=\"brandagambar\" src=\"https:\/\/www.mourioche.de\/wpmourio\/wp-content\/uploads\/2009\/07\/brandagambar23-300x199.jpg\" alt=\"schmeckt der besser?\" width=\"300\" height=\"199\" srcset=\"https:\/\/www.mourioche.de\/wpmourio\/wp-content\/uploads\/2009\/07\/brandagambar23-300x199.jpg 300w, https:\/\/www.mourioche.de\/wpmourio\/wp-content\/uploads\/2009\/07\/brandagambar23.jpg 800w\" sizes=\"auto, (max-width: 300px) 100vw, 300px\" \/><\/p>\n<p style=\"text-align: center;\">schmeckt der besser?<\/p>\n<p style=\"text-align: center;\">\n<p style=\"text-align: center;\"><img loading=\"lazy\" decoding=\"async\" class=\"size-medium wp-image-217 aligncenter\" title=\"brandagambar\" src=\"https:\/\/www.mourioche.de\/wpmourio\/wp-content\/uploads\/2009\/07\/brandagambar31-300x199.jpg\" alt=\"mittlerweile sind sie gr\u00f6\u00dfer als Laurins H\u00e4nde\" width=\"300\" height=\"199\" srcset=\"https:\/\/www.mourioche.de\/wpmourio\/wp-content\/uploads\/2009\/07\/brandagambar31-300x199.jpg 300w, https:\/\/www.mourioche.de\/wpmourio\/wp-content\/uploads\/2009\/07\/brandagambar31.jpg 800w\" sizes=\"auto, (max-width: 300px) 100vw, 300px\" \/><\/p>\n<p style=\"text-align: center;\">mittlerweile sind sie gr\u00f6\u00dfer als Laurins H\u00e4nde<\/p>\n<p style=\"text-align: center;\">\n<p style=\"text-align: center;\"><img loading=\"lazy\" decoding=\"async\" class=\"size-medium wp-image-218 aligncenter\" title=\"bucca\" src=\"https:\/\/www.mourioche.de\/wpmourio\/wp-content\/uploads\/2009\/07\/bucca16-300x199.jpg\" alt=\"Tunnel durch!\" width=\"300\" height=\"199\" srcset=\"https:\/\/www.mourioche.de\/wpmourio\/wp-content\/uploads\/2009\/07\/bucca16-300x199.jpg 300w, https:\/\/www.mourioche.de\/wpmourio\/wp-content\/uploads\/2009\/07\/bucca16.jpg 800w\" sizes=\"auto, (max-width: 300px) 100vw, 300px\" \/><\/p>\n<p style=\"text-align: center;\">Tunnel durch!<\/p>\n<p style=\"text-align: center;\">\n<p style=\"text-align: center;\"><img loading=\"lazy\" decoding=\"async\" class=\"size-medium wp-image-219 aligncenter\" title=\"bucca bergil\" src=\"https:\/\/www.mourioche.de\/wpmourio\/wp-content\/uploads\/2009\/07\/buccabergil-300x199.jpg\" alt=\"guck mal Bergil, ist ganz einfach!\" width=\"300\" height=\"199\" srcset=\"https:\/\/www.mourioche.de\/wpmourio\/wp-content\/uploads\/2009\/07\/buccabergil-300x199.jpg 300w, https:\/\/www.mourioche.de\/wpmourio\/wp-content\/uploads\/2009\/07\/buccabergil.jpg 800w\" sizes=\"auto, (max-width: 300px) 100vw, 300px\" \/><\/p>\n<p style=\"text-align: center;\">guck mal Bergil, ist ganz einfach!<\/p>\n<p style=\"text-align: center;\">\n<p style=\"text-align: center;\"><strong>29.07.<\/strong><\/p>\n<p style=\"text-align: center;\">Ausgewandert<strong> <\/strong><\/p>\n<p style=\"text-align: center;\">\n<p style=\"text-align: left;\">Mit Beginn der dritten Woche stehen tiefgreifende Ver\u00e4nderungen f\u00fcr alle Beteiligten auf dem Plan. War die Wurfkiste bisher unterteilt, haben wir die Absperrung nun<strong> <\/strong>entfernt &#8211; die B\u00b4s purzelten bereits selbst\u00e4ndig auf die andere Seite. Und weil ein Berger nun mal keine halben Sachen macht, haben sich die Kleinen auch gleich f\u00fcr einen Ausflug aus der Kiste heraus auf den Weg gemacht. Dort rollten sie sich dann gem\u00fctlich zusammen und schliefen friedlich weiter. Auch gut. Ein wenig Spielzeug leistet ihnen auch schon Gesellschaft, sie k\u00f6nnen zwar noch nicht wirklich etwas damit anfangen, aber zum Beriechen und Belecken ist es ganz in Ordnung.<\/p>\n<p style=\"text-align: left;\">Dann stand heute noch ein weitere Highlight an: Die erste Mahlzeit, die nicht aus leckerer Bletta-Milch besteht. Frisches Tatar, handwarm vorbereitet, in kleinen H\u00e4ppchen serviert, stand auf der Speisekarte. Nach anf\u00e4nglichem Erstaunen haben alle vier herzhaft zugelangt, besonders Bombadil h\u00e4tte gerne noch einen Nachschlag gehabt. Aber alle mussten sich mit einer winzigen Portion begn\u00fcgen, um den Magen-Darmtrakt nicht zu \u00fcberlasten.<\/p>\n<p style=\"text-align: left;\">Und was vorne reinkommt, muss bekannterma\u00dfen hinten auch wieder raus. Alle k\u00f6nnen sich jetzt selbst\u00e4ndig l\u00f6sen, auch wenn Bletta immer noch gerne die Putzfrau spielt.<\/p>\n<p style=\"text-align: center;\"><img loading=\"lazy\" decoding=\"async\" class=\"size-medium wp-image-191 aligncenter\" title=\"brandagambar bombadil\" src=\"https:\/\/www.mourioche.de\/wpmourio\/wp-content\/uploads\/2009\/07\/brandagambarbombadil2-300x199.jpg\" alt=\"hmmmmmmmm\" width=\"300\" height=\"199\" srcset=\"https:\/\/www.mourioche.de\/wpmourio\/wp-content\/uploads\/2009\/07\/brandagambarbombadil2-300x199.jpg 300w, https:\/\/www.mourioche.de\/wpmourio\/wp-content\/uploads\/2009\/07\/brandagambarbombadil2.jpg 800w\" sizes=\"auto, (max-width: 300px) 100vw, 300px\" \/><\/p>\n<p style=\"text-align: center;\">hmmmmmmmm<\/p>\n<p style=\"text-align: center;\">\n<p style=\"text-align: center;\"><img loading=\"lazy\" decoding=\"async\" class=\"size-medium wp-image-192 aligncenter\" title=\"brandagambar\" src=\"https:\/\/www.mourioche.de\/wpmourio\/wp-content\/uploads\/2009\/07\/brandagambar15-300x199.jpg\" alt=\"wei\u00df ich auch nicht....\" width=\"300\" height=\"199\" srcset=\"https:\/\/www.mourioche.de\/wpmourio\/wp-content\/uploads\/2009\/07\/brandagambar15-300x199.jpg 300w, https:\/\/www.mourioche.de\/wpmourio\/wp-content\/uploads\/2009\/07\/brandagambar15.jpg 800w\" sizes=\"auto, (max-width: 300px) 100vw, 300px\" \/><\/p>\n<p style=\"text-align: center;\">wei\u00df ich auch nicht&#8230;.<\/p>\n<p style=\"text-align: center;\">\n<p style=\"text-align: center;\"><img loading=\"lazy\" decoding=\"async\" class=\"size-medium wp-image-193 aligncenter\" title=\"bombadil\" src=\"https:\/\/www.mourioche.de\/wpmourio\/wp-content\/uploads\/2009\/07\/bombadil4-300x199.jpg\" alt=\"ob das ansteckend ist???\" width=\"300\" height=\"199\" srcset=\"https:\/\/www.mourioche.de\/wpmourio\/wp-content\/uploads\/2009\/07\/bombadil4-300x199.jpg 300w, https:\/\/www.mourioche.de\/wpmourio\/wp-content\/uploads\/2009\/07\/bombadil4.jpg 800w\" sizes=\"auto, (max-width: 300px) 100vw, 300px\" \/><\/p>\n<p style=\"text-align: center;\">ob das ansteckend ist???<\/p>\n<p style=\"text-align: center;\">\n<p style=\"text-align: center;\"><img loading=\"lazy\" decoding=\"async\" class=\"size-medium wp-image-194 aligncenter\" title=\"bergil\" src=\"https:\/\/www.mourioche.de\/wpmourio\/wp-content\/uploads\/2009\/07\/bergil-300x199.jpg\" alt=\"progressives R\u00fcckenlagen-Syndrom???\" width=\"300\" height=\"199\" srcset=\"https:\/\/www.mourioche.de\/wpmourio\/wp-content\/uploads\/2009\/07\/bergil-300x199.jpg 300w, https:\/\/www.mourioche.de\/wpmourio\/wp-content\/uploads\/2009\/07\/bergil.jpg 800w\" sizes=\"auto, (max-width: 300px) 100vw, 300px\" \/><\/p>\n<p style=\"text-align: center;\">progressives R\u00fcckenlagen-Syndrom???<\/p>\n<p style=\"text-align: center;\">\n<p style=\"text-align: center;\"><img loading=\"lazy\" decoding=\"async\" class=\"size-medium wp-image-195 aligncenter\" title=\"bucca\" src=\"https:\/\/www.mourioche.de\/wpmourio\/wp-content\/uploads\/2009\/07\/bucca-300x199.jpg\" alt=\"so ein Gl\u00fcck - wenigstens Bucca ist verschont!\" width=\"300\" height=\"199\" srcset=\"https:\/\/www.mourioche.de\/wpmourio\/wp-content\/uploads\/2009\/07\/bucca-300x199.jpg 300w, https:\/\/www.mourioche.de\/wpmourio\/wp-content\/uploads\/2009\/07\/bucca.jpg 800w\" sizes=\"auto, (max-width: 300px) 100vw, 300px\" \/><\/p>\n<p style=\"text-align: center;\">so ein Gl\u00fcck &#8211; wenigstens Bucca ist verschont!<\/p>\n<p style=\"text-align: center;\">\n<p style=\"text-align: center;\"><img loading=\"lazy\" decoding=\"async\" class=\"size-medium wp-image-196  aligncenter\" title=\"bucca24\" src=\"https:\/\/www.mourioche.de\/wpmourio\/wp-content\/uploads\/2009\/07\/bucca24-300x199.jpg\" alt=\"bucca24\" width=\"300\" height=\"199\" srcset=\"https:\/\/www.mourioche.de\/wpmourio\/wp-content\/uploads\/2009\/07\/bucca24-300x199.jpg 300w, https:\/\/www.mourioche.de\/wpmourio\/wp-content\/uploads\/2009\/07\/bucca24.jpg 800w\" sizes=\"auto, (max-width: 300px) 100vw, 300px\" \/><\/p>\n<p style=\"text-align: center;\"><img loading=\"lazy\" decoding=\"async\" class=\"size-medium wp-image-197 aligncenter\" title=\"brandagambar\" src=\"https:\/\/www.mourioche.de\/wpmourio\/wp-content\/uploads\/2009\/07\/brandagambar3-300x199.jpg\" alt=\"irgendwie seltsam...\" width=\"300\" height=\"199\" srcset=\"https:\/\/www.mourioche.de\/wpmourio\/wp-content\/uploads\/2009\/07\/brandagambar3-300x199.jpg 300w, https:\/\/www.mourioche.de\/wpmourio\/wp-content\/uploads\/2009\/07\/brandagambar3.jpg 800w\" sizes=\"auto, (max-width: 300px) 100vw, 300px\" \/><\/p>\n<p style=\"text-align: center;\">irgendwie seltsam&#8230;<\/p>\n<p style=\"text-align: center;\">\n<p style=\"text-align: center;\"><img loading=\"lazy\" decoding=\"async\" class=\"size-medium wp-image-198 aligncenter\" title=\"brandagambar\" src=\"https:\/\/www.mourioche.de\/wpmourio\/wp-content\/uploads\/2009\/07\/brandagambar22-300x199.jpg\" alt=\"...aber eigentlich ganz lecker\" width=\"300\" height=\"199\" srcset=\"https:\/\/www.mourioche.de\/wpmourio\/wp-content\/uploads\/2009\/07\/brandagambar22-300x199.jpg 300w, https:\/\/www.mourioche.de\/wpmourio\/wp-content\/uploads\/2009\/07\/brandagambar22.jpg 800w\" sizes=\"auto, (max-width: 300px) 100vw, 300px\" \/><\/p>\n<p style=\"text-align: center;\">&#8230;aber eigentlich ganz lecker<\/p>\n<p style=\"text-align: center;\">\n","protected":false},"excerpt":{"rendered":"<p>03.08. ups und schon geht die dritte Woche dem Ende entgegen! Die B\u00b4s machen t\u00e4glich rasante Fortschritte, mittlerweile geben sie schon jede Menge differenzierte Ger\u00e4usche von sich, au\u00dfer Quieken k\u00f6nnen sie inzwischen knurren, bellen (na ja, nicht so richtig furchterregend, aber immerhin) und einiges mehr. Sie nehmen einander jetzt bewu\u00dft wahr, rangeln miteinander und beknabbern &hellip; <a href=\"https:\/\/www.mourioche.de\/?page_id=189\" class=\"more-link\"><span class=\"screen-reader-text\">Blettas B-Wurf 3. Woche<\/span> weiterlesen <span class=\"meta-nav\">&rarr;<\/span><\/a><\/p>\n","protected":false},"author":2,"featured_media":0,"parent":1319,"menu_order":2023,"comment_status":"open","ping_status":"open","template":"","meta":{"footnotes":""},"class_list":["post-189","page","type-page","status-publish","hentry"],"_links":{"self":[{"href":"https:\/\/www.mourioche.de\/index.php?rest_route=\/wp\/v2\/pages\/189","targetHints":{"allow":["GET"]}}],"collection":[{"href":"https:\/\/www.mourioche.de\/index.php?rest_route=\/wp\/v2\/pages"}],"about":[{"href":"https:\/\/www.mourioche.de\/index.php?rest_route=\/wp\/v2\/types\/page"}],"author":[{"embeddable":true,"href":"https:\/\/www.mourioche.de\/index.php?rest_route=\/wp\/v2\/users\/2"}],"replies":[{"embeddable":true,"href":"https:\/\/www.mourioche.de\/index.php?rest_route=%2Fwp%2Fv2%2Fcomments&post=189"}],"version-history":[{"count":0,"href":"https:\/\/www.mourioche.de\/index.php?rest_route=\/wp\/v2\/pages\/189\/revisions"}],"up":[{"embeddable":true,"href":"https:\/\/www.mourioche.de\/index.php?rest_route=\/wp\/v2\/pages\/1319"}],"wp:attachment":[{"href":"https:\/\/www.mourioche.de\/index.php?rest_route=%2Fwp%2Fv2%2Fmedia&parent=189"}],"curies":[{"name":"wp","href":"https:\/\/api.w.org\/{rel}","templated":true}]}}