{"id":2,"date":"2009-04-07T20:37:30","date_gmt":"2009-04-07T18:37:30","guid":{"rendered":"http:\/\/www.mourioche.de\/?page_id=2"},"modified":"2011-02-04T14:16:53","modified_gmt":"2011-02-04T12:16:53","slug":"ueber-mich","status":"publish","type":"page","link":"https:\/\/www.mourioche.de\/?page_id=2","title":{"rendered":"Berger des Pyr\u00e9n\u00e9es"},"content":{"rendered":"<p>Der Berger des Pyr\u00e9n\u00e9es hat seinen Ursprung in der Gebirgslandschaft der Pyren\u00e4en. Er wurde \u00fcber Jahrhunderte gez\u00fcchtet, um weitgehend selbst\u00e4ndig Schaf &#8211; oder gemischte Herden zu h\u00fcten. Aus dieser Anforderung ist ein ganz besonderer und einzigartiger Hund enstanden, dessen Intelligenz, Mut und Energie, aber auch Vorsicht und Mi\u00dftrauen kaum zu \u00fcberbieten sind.<br \/>\nDer Berger des Pyr\u00e9n\u00e9es wird in zwei Rassen aufgeteilt, den Face Rase bzw. Piemont mit k\u00fcrzerer Gesichtsbehaarung und den Museau Normal in den Variet\u00e4ten Langhaar und Mittellanghaar.  F\u00fcr beide Rassen existiert ein eigener Standard, da sie sich deutlich voneinander unterscheiden.<\/p>\n<p>Obwohl er f\u00fcr seine Familie ein aufmerksamer Besch\u00fctzer und treuer Begleiter ist, sind die meisten Berger des Pyr\u00e9n\u00e9es Fremden gegen\u00fcber eher zur\u00fcckhaltend. Es w\u00e4re bei der Arbeit an der Herde ja auch sehr unpraktisch, wenn der Hund seine Schafe f\u00fcr jeden dahergelaufenen Fremden im Stich lassen w\u00fcrde, um sich streicheln zu lassen! Im Gegenteil war es seine Aufgabe, die Herde vor allem Fremden zu besch\u00fctzen und im Notfall durch sein Gebell Hilfe herbei zu rufen. Bei vern\u00fcnftiger Sozialisierung und Pr\u00e4gung von den ersten Lebenstagen  an, aber nat\u00fcrlich auch in seiner &#8222;neuen&#8220; Familie, l\u00e4\u00dft sich dieses Verhalten durchaus reduzieren.<\/p>\n<p>Man kommt schnell in Versuchung, dem Berger des Pyr\u00e9n\u00e9es-Welpen einiges nachzusehen &#8211; er ist ja soooo s\u00fc\u00df! Auch dem flehenden Blick eines erwachsenen Pyris zu widerstehen, will gelernt sein. Man tut jedoch gut daran, den Berger von Anfang an konsequent zu erziehen &#8211; durch seine hohe Intelligenz, mit der er jede Ihrer Schw\u00e4chen erkennt und ausnutzt, w\u00fcrde er sonst recht bald das Zepter im Haus \u00fcbernehmen!<\/p>\n<p>T\u00e4gliche ausgiebige Spazierg\u00e4nge sind zwar notwendig und wichtig, reichen jedoch in der Regel nicht aus, um den Berger des Pyr\u00e9n\u00e9es auszulasten &#8211; Kopfarbeit ist unverzichtbar! M\u00f6glichkeiten dazu gibt es reichlich, \u00fcber verschiedene Hundesportarten, die man in Hundeschulen oder Vereinen betreiben kann (z.B.Agility, Obedience, Breitensport, Flyball, F\u00e4hrten) \u00fcber Dogdancing, Frisbee, bis hin zu Kunstst\u00fcckchen, die man dem Hund im Garten beibringt. Der Berger des Pyr\u00e9n\u00e9es ist keine Dekoration f\u00fcr das Sofa &#8211; obwohl er sich nach getaner Arbeit dort durchaus dekorativ niederlassen kann &#8211; sondern er fordert von seinem Menschen jeden Tag auf das Neue eine Aufgabe! Sollte er sich langweilen, wird er seine eigene Form der Freizeitgestaltung entwickeln &#8211; nicht unbedingt zur Freude seiner Mitbewohner!<\/p>\n<p>Wenn man einen Berger des Pyr\u00e9n\u00e9es von Anfang an richtig erzieht und f\u00f6rdert, wird man mit einem Hund belohnt, der Zeit seines Lebens ein treuer Begleiter ist und sich bem\u00fcht, seinen Menschen ihre W\u00fcnsche von den Augen abzulesen.<\/p>\n","protected":false},"excerpt":{"rendered":"<p>Der Berger des Pyr\u00e9n\u00e9es hat seinen Ursprung in der Gebirgslandschaft der Pyren\u00e4en. Er wurde \u00fcber Jahrhunderte gez\u00fcchtet, um weitgehend selbst\u00e4ndig Schaf &#8211; oder gemischte Herden zu h\u00fcten. Aus dieser Anforderung ist ein ganz besonderer und einzigartiger Hund enstanden, dessen Intelligenz, Mut und Energie, aber auch Vorsicht und Mi\u00dftrauen kaum zu \u00fcberbieten sind. Der Berger des &hellip; <a href=\"https:\/\/www.mourioche.de\/?page_id=2\" class=\"more-link\"><span class=\"screen-reader-text\">Berger des Pyr\u00e9n\u00e9es<\/span> weiterlesen <span class=\"meta-nav\">&rarr;<\/span><\/a><\/p>\n","protected":false},"author":1,"featured_media":0,"parent":0,"menu_order":1000,"comment_status":"open","ping_status":"open","template":"","meta":{"footnotes":""},"class_list":["post-2","page","type-page","status-publish","hentry"],"_links":{"self":[{"href":"https:\/\/www.mourioche.de\/index.php?rest_route=\/wp\/v2\/pages\/2","targetHints":{"allow":["GET"]}}],"collection":[{"href":"https:\/\/www.mourioche.de\/index.php?rest_route=\/wp\/v2\/pages"}],"about":[{"href":"https:\/\/www.mourioche.de\/index.php?rest_route=\/wp\/v2\/types\/page"}],"author":[{"embeddable":true,"href":"https:\/\/www.mourioche.de\/index.php?rest_route=\/wp\/v2\/users\/1"}],"replies":[{"embeddable":true,"href":"https:\/\/www.mourioche.de\/index.php?rest_route=%2Fwp%2Fv2%2Fcomments&post=2"}],"version-history":[{"count":0,"href":"https:\/\/www.mourioche.de\/index.php?rest_route=\/wp\/v2\/pages\/2\/revisions"}],"wp:attachment":[{"href":"https:\/\/www.mourioche.de\/index.php?rest_route=%2Fwp%2Fv2%2Fmedia&parent=2"}],"curies":[{"name":"wp","href":"https:\/\/api.w.org\/{rel}","templated":true}]}}