{"id":229,"date":"2009-08-08T14:44:12","date_gmt":"2009-08-08T12:44:12","guid":{"rendered":"http:\/\/www.mourioche.de\/?page_id=229"},"modified":"2010-04-15T10:27:50","modified_gmt":"2010-04-15T08:27:50","slug":"blettas-b-wurf-vierte-woche","status":"publish","type":"page","link":"https:\/\/www.mourioche.de\/?page_id=229","title":{"rendered":"Blettas B-Wurf 4. Woche"},"content":{"rendered":"<p style=\"text-align: center;\"><strong>08.08.<\/strong><\/p>\n<p style=\"text-align: center;\">endlich!<\/p>\n<p style=\"text-align: center;\">\n<p style=\"text-align: left;\">Endlich ist sie da, die Seite zur vierten Lebenswoche der B\u00b4s. Viel hat sich getan in den letzten Tagen, der Au\u00dfenauslauf ist hergerichtet, Innen gibt\u00b4s eine Pipiecke mit Mulch (das soll helfen, die Kleinen demn\u00e4chst stubenrein zu bekommen), die ersten Autofahrten wurden souver\u00e4n absolviert,&#8230;<\/p>\n<p style=\"text-align: left;\">\n<p style=\"text-align: center;\"><strong><\/p>\n<figure id=\"attachment_230\" aria-describedby=\"caption-attachment-230\" style=\"width: 300px\" class=\"wp-caption aligncenter\"><img loading=\"lazy\" decoding=\"async\" class=\"size-medium wp-image-230\" title=\"bergil\" src=\"https:\/\/www.mourioche.de\/wpmourio\/wp-content\/uploads\/2009\/08\/bergil1-300x199.jpg\" alt=\"so sieht also die Welt aus?!\" width=\"300\" height=\"199\" srcset=\"https:\/\/www.mourioche.de\/wpmourio\/wp-content\/uploads\/2009\/08\/bergil1-300x199.jpg 300w, https:\/\/www.mourioche.de\/wpmourio\/wp-content\/uploads\/2009\/08\/bergil1.jpg 800w\" sizes=\"auto, (max-width: 300px) 100vw, 300px\" \/><figcaption id=\"caption-attachment-230\" class=\"wp-caption-text\">so sieht also die Welt aus?!<\/figcaption><\/figure>\n<p><\/strong><\/p>\n<p style=\"text-align: center;\">\n<p style=\"text-align: center;\"><img loading=\"lazy\" decoding=\"async\" class=\"size-medium wp-image-231 aligncenter\" title=\"bombadil\" src=\"https:\/\/www.mourioche.de\/wpmourio\/wp-content\/uploads\/2009\/08\/bombadil-300x199.jpg\" alt=\"da hat einer den Anschluss verpasst...\" width=\"300\" height=\"199\" srcset=\"https:\/\/www.mourioche.de\/wpmourio\/wp-content\/uploads\/2009\/08\/bombadil-300x199.jpg 300w, https:\/\/www.mourioche.de\/wpmourio\/wp-content\/uploads\/2009\/08\/bombadil.jpg 800w\" sizes=\"auto, (max-width: 300px) 100vw, 300px\" \/><\/p>\n<p style=\"text-align: center;\">da hat einer den Anschluss verpasst&#8230;<\/p>\n<p style=\"text-align: center;\">\n<p style=\"text-align: center;\"><img loading=\"lazy\" decoding=\"async\" class=\"size-medium wp-image-232 aligncenter\" title=\"bombadil\" src=\"https:\/\/www.mourioche.de\/wpmourio\/wp-content\/uploads\/2009\/08\/bombadil2-300x199.jpg\" alt=\"ab nach drau\u00dfen und kuscheln!\" width=\"300\" height=\"199\" srcset=\"https:\/\/www.mourioche.de\/wpmourio\/wp-content\/uploads\/2009\/08\/bombadil2-300x199.jpg 300w, https:\/\/www.mourioche.de\/wpmourio\/wp-content\/uploads\/2009\/08\/bombadil2.jpg 800w\" sizes=\"auto, (max-width: 300px) 100vw, 300px\" \/><\/p>\n<p style=\"text-align: center;\">ab nach drau\u00dfen und kuscheln!<\/p>\n<p style=\"text-align: center;\">\n<p style=\"text-align: center;\"><img loading=\"lazy\" decoding=\"async\" class=\"size-medium wp-image-233 aligncenter\" title=\"bombadil\" src=\"https:\/\/www.mourioche.de\/wpmourio\/wp-content\/uploads\/2009\/08\/bombadil3-300x199.jpg\" alt=\"ob sich da einer unter der Decke versteckt hat?\" width=\"300\" height=\"199\" srcset=\"https:\/\/www.mourioche.de\/wpmourio\/wp-content\/uploads\/2009\/08\/bombadil3-300x199.jpg 300w, https:\/\/www.mourioche.de\/wpmourio\/wp-content\/uploads\/2009\/08\/bombadil3.jpg 800w\" sizes=\"auto, (max-width: 300px) 100vw, 300px\" \/><\/p>\n<p style=\"text-align: center;\">ob sich da einer unter der Decke versteckt hat?<\/p>\n<p style=\"text-align: center;\">\n<p style=\"text-align: center;\"><img loading=\"lazy\" decoding=\"async\" class=\"size-medium wp-image-234 aligncenter\" title=\"bombadil\" src=\"https:\/\/www.mourioche.de\/wpmourio\/wp-content\/uploads\/2009\/08\/bombadil4-300x199.jpg\" alt=\"auf der Mauer, auf der Lauer....\" width=\"300\" height=\"199\" srcset=\"https:\/\/www.mourioche.de\/wpmourio\/wp-content\/uploads\/2009\/08\/bombadil4-300x199.jpg 300w, https:\/\/www.mourioche.de\/wpmourio\/wp-content\/uploads\/2009\/08\/bombadil4.jpg 800w\" sizes=\"auto, (max-width: 300px) 100vw, 300px\" \/><\/p>\n<p style=\"text-align: center;\">auf der Mauer, auf der Lauer&#8230;.<\/p>\n<p style=\"text-align: center;\">\n<p style=\"text-align: center;\"><img loading=\"lazy\" decoding=\"async\" class=\"size-medium wp-image-235 aligncenter\" title=\"bombadil brandagambar\" src=\"https:\/\/www.mourioche.de\/wpmourio\/wp-content\/uploads\/2009\/08\/bombadilbrandagambar-300x199.jpg\" alt=\"ist das sch\u00f6\u00f6\u00f6\u00f6\u00f6\u00f6n hier!\" width=\"300\" height=\"199\" srcset=\"https:\/\/www.mourioche.de\/wpmourio\/wp-content\/uploads\/2009\/08\/bombadilbrandagambar-300x199.jpg 300w, https:\/\/www.mourioche.de\/wpmourio\/wp-content\/uploads\/2009\/08\/bombadilbrandagambar.jpg 800w\" sizes=\"auto, (max-width: 300px) 100vw, 300px\" \/><\/p>\n<p style=\"text-align: center;\">ist das sch\u00f6\u00f6\u00f6\u00f6\u00f6\u00f6n hier!<\/p>\n<p style=\"text-align: center;\">\n<p style=\"text-align: center;\"><img loading=\"lazy\" decoding=\"async\" class=\"size-medium wp-image-236 aligncenter\" title=\"brandagambar\" src=\"https:\/\/www.mourioche.de\/wpmourio\/wp-content\/uploads\/2009\/08\/brandagambar-300x199.jpg\" alt=\"Tarnfarbe!\" width=\"300\" height=\"199\" srcset=\"https:\/\/www.mourioche.de\/wpmourio\/wp-content\/uploads\/2009\/08\/brandagambar-300x199.jpg 300w, https:\/\/www.mourioche.de\/wpmourio\/wp-content\/uploads\/2009\/08\/brandagambar.jpg 800w\" sizes=\"auto, (max-width: 300px) 100vw, 300px\" \/><\/p>\n<p style=\"text-align: center;\">Tarnfarbe!<\/p>\n<p style=\"text-align: center;\">\n<p style=\"text-align: center;\"><img loading=\"lazy\" decoding=\"async\" class=\"size-medium wp-image-237 aligncenter\" title=\"bucca\" src=\"https:\/\/www.mourioche.de\/wpmourio\/wp-content\/uploads\/2009\/08\/bucca-300x199.jpg\" alt=\"ich geh schon mal! Gibt soooo viel zu entdecken!\" width=\"300\" height=\"199\" srcset=\"https:\/\/www.mourioche.de\/wpmourio\/wp-content\/uploads\/2009\/08\/bucca-300x199.jpg 300w, https:\/\/www.mourioche.de\/wpmourio\/wp-content\/uploads\/2009\/08\/bucca.jpg 800w\" sizes=\"auto, (max-width: 300px) 100vw, 300px\" \/><\/p>\n<p style=\"text-align: center;\">ich geh schon mal! Gibt soooo viel zu entdecken!<\/p>\n<p style=\"text-align: center;\">\n<p style=\"text-align: center;\"><img loading=\"lazy\" decoding=\"async\" class=\"size-medium wp-image-238 aligncenter\" title=\"bucca bergil\" src=\"https:\/\/www.mourioche.de\/wpmourio\/wp-content\/uploads\/2009\/08\/buccabergil-300x199.jpg\" alt=\"Geschwisterliebe...\" width=\"300\" height=\"199\" srcset=\"https:\/\/www.mourioche.de\/wpmourio\/wp-content\/uploads\/2009\/08\/buccabergil-300x199.jpg 300w, https:\/\/www.mourioche.de\/wpmourio\/wp-content\/uploads\/2009\/08\/buccabergil.jpg 800w\" sizes=\"auto, (max-width: 300px) 100vw, 300px\" \/><\/p>\n<p style=\"text-align: center;\">Geschwisterliebe&#8230;<\/p>\n<p style=\"text-align: center;\">\n<p style=\"text-align: center;\">die folgenden Fotos sind von Jan &#8211; vielen Dank!<\/p>\n<p style=\"text-align: center;\">\n<p style=\"text-align: center;\"><img loading=\"lazy\" decoding=\"async\" class=\"size-medium wp-image-239 aligncenter\" title=\"bergil\" src=\"https:\/\/www.mourioche.de\/wpmourio\/wp-content\/uploads\/2009\/08\/bergil-300x199.jpg\" alt=\"hat da nicht einer was von \u00b4nem V\u00f6gelchen gesagt?\" width=\"300\" height=\"199\" srcset=\"https:\/\/www.mourioche.de\/wpmourio\/wp-content\/uploads\/2009\/08\/bergil-300x199.jpg 300w, https:\/\/www.mourioche.de\/wpmourio\/wp-content\/uploads\/2009\/08\/bergil.jpg 800w\" sizes=\"auto, (max-width: 300px) 100vw, 300px\" \/><\/p>\n<p style=\"text-align: center;\">hat da nicht einer was von \u00b4nem V\u00f6gelchen gesagt?<\/p>\n<p style=\"text-align: center;\">\n<p style=\"text-align: center;\"><img loading=\"lazy\" decoding=\"async\" class=\"size-medium wp-image-240 aligncenter\" title=\"bombadil\" src=\"https:\/\/www.mourioche.de\/wpmourio\/wp-content\/uploads\/2009\/08\/bombadil1-300x199.jpg\" alt=\"fehlen nur noch die kleinen Strolche... Den passenden Hund h\u00e4tten wir!\" width=\"300\" height=\"199\" srcset=\"https:\/\/www.mourioche.de\/wpmourio\/wp-content\/uploads\/2009\/08\/bombadil1-300x199.jpg 300w, https:\/\/www.mourioche.de\/wpmourio\/wp-content\/uploads\/2009\/08\/bombadil1.jpg 800w\" sizes=\"auto, (max-width: 300px) 100vw, 300px\" \/><\/p>\n<p style=\"text-align: center;\">fehlen nur noch die kleinen Strolche&#8230; Den passenden Hund h\u00e4tten wir!<\/p>\n<p style=\"text-align: center;\">\n<p style=\"text-align: center;\"><img loading=\"lazy\" decoding=\"async\" class=\"size-medium wp-image-241   aligncenter\" title=\"brandagambar\" src=\"https:\/\/www.mourioche.de\/wpmourio\/wp-content\/uploads\/2009\/08\/brandagambar1-300x199.jpg\" alt=\"das Zuckerschn\u00fctchen\" width=\"300\" height=\"199\" srcset=\"https:\/\/www.mourioche.de\/wpmourio\/wp-content\/uploads\/2009\/08\/brandagambar1-300x199.jpg 300w, https:\/\/www.mourioche.de\/wpmourio\/wp-content\/uploads\/2009\/08\/brandagambar1.jpg 800w\" sizes=\"auto, (max-width: 300px) 100vw, 300px\" \/><\/p>\n<p style=\"text-align: center;\">das Zuckerschn\u00fctchen<\/p>\n<p style=\"text-align: center;\">\n<p style=\"text-align: center;\"><img loading=\"lazy\" decoding=\"async\" class=\"size-medium wp-image-242 aligncenter\" title=\"brandagambar\" src=\"https:\/\/www.mourioche.de\/wpmourio\/wp-content\/uploads\/2009\/08\/brandagambar2-300x199.jpg\" alt=\"also - wer DA nicht dahinschmilzt....\" width=\"300\" height=\"199\" srcset=\"https:\/\/www.mourioche.de\/wpmourio\/wp-content\/uploads\/2009\/08\/brandagambar2-300x199.jpg 300w, https:\/\/www.mourioche.de\/wpmourio\/wp-content\/uploads\/2009\/08\/brandagambar2.jpg 800w\" sizes=\"auto, (max-width: 300px) 100vw, 300px\" \/><\/p>\n<p style=\"text-align: center;\">also &#8211; wer DA nicht dahinschmilzt&#8230;.<\/p>\n<p style=\"text-align: center;\">\n<p style=\"text-align: center;\"><img loading=\"lazy\" decoding=\"async\" class=\"size-medium wp-image-243 aligncenter\" title=\"bucca\" src=\"https:\/\/www.mourioche.de\/wpmourio\/wp-content\/uploads\/2009\/08\/bucca1-300x199.jpg\" alt=\"...der tut\u00b4s sp\u00e4testens jetzt, oder?\" width=\"300\" height=\"199\" srcset=\"https:\/\/www.mourioche.de\/wpmourio\/wp-content\/uploads\/2009\/08\/bucca1-300x199.jpg 300w, https:\/\/www.mourioche.de\/wpmourio\/wp-content\/uploads\/2009\/08\/bucca1.jpg 800w\" sizes=\"auto, (max-width: 300px) 100vw, 300px\" \/><\/p>\n<p style=\"text-align: center;\">&#8230;der tut\u00b4s sp\u00e4testens jetzt, oder?<\/p>\n","protected":false},"excerpt":{"rendered":"<p>08.08. endlich! Endlich ist sie da, die Seite zur vierten Lebenswoche der B\u00b4s. Viel hat sich getan in den letzten Tagen, der Au\u00dfenauslauf ist hergerichtet, Innen gibt\u00b4s eine Pipiecke mit Mulch (das soll helfen, die Kleinen demn\u00e4chst stubenrein zu bekommen), die ersten Autofahrten wurden souver\u00e4n absolviert,&#8230; da hat einer den Anschluss verpasst&#8230; ab nach drau\u00dfen &hellip; <a href=\"https:\/\/www.mourioche.de\/?page_id=229\" class=\"more-link\"><span class=\"screen-reader-text\">Blettas B-Wurf 4. Woche<\/span> weiterlesen <span class=\"meta-nav\">&rarr;<\/span><\/a><\/p>\n","protected":false},"author":2,"featured_media":0,"parent":1319,"menu_order":2024,"comment_status":"open","ping_status":"open","template":"","meta":{"footnotes":""},"class_list":["post-229","page","type-page","status-publish","hentry"],"_links":{"self":[{"href":"https:\/\/www.mourioche.de\/index.php?rest_route=\/wp\/v2\/pages\/229","targetHints":{"allow":["GET"]}}],"collection":[{"href":"https:\/\/www.mourioche.de\/index.php?rest_route=\/wp\/v2\/pages"}],"about":[{"href":"https:\/\/www.mourioche.de\/index.php?rest_route=\/wp\/v2\/types\/page"}],"author":[{"embeddable":true,"href":"https:\/\/www.mourioche.de\/index.php?rest_route=\/wp\/v2\/users\/2"}],"replies":[{"embeddable":true,"href":"https:\/\/www.mourioche.de\/index.php?rest_route=%2Fwp%2Fv2%2Fcomments&post=229"}],"version-history":[{"count":0,"href":"https:\/\/www.mourioche.de\/index.php?rest_route=\/wp\/v2\/pages\/229\/revisions"}],"up":[{"embeddable":true,"href":"https:\/\/www.mourioche.de\/index.php?rest_route=\/wp\/v2\/pages\/1319"}],"wp:attachment":[{"href":"https:\/\/www.mourioche.de\/index.php?rest_route=%2Fwp%2Fv2%2Fmedia&parent=229"}],"curies":[{"name":"wp","href":"https:\/\/api.w.org\/{rel}","templated":true}]}}