{"id":3040,"date":"2011-01-06T21:22:44","date_gmt":"2011-01-06T19:22:44","guid":{"rendered":"http:\/\/www.mourioche.de\/?page_id=3040"},"modified":"2016-01-05T19:32:22","modified_gmt":"2016-01-05T17:32:22","slug":"aufzucht","status":"publish","type":"page","link":"https:\/\/www.mourioche.de\/?page_id=3040","title":{"rendered":"Aufzucht"},"content":{"rendered":"<p>Einige Tage vor dem errechnete Wurftermin f\u00e4ngt f\u00fcr uns bereits die &#8222;Arbeit&#8220; an. Das Wohnzimmer wird zur Welpenstube umgewandelt, die Wurfkiste aufgebaut und ein abgetrennter Bereich f\u00fcr die H\u00fcndin mit ihren Welpen eingerichtet. So ist gew\u00e4hrleistet, dass die frischgebackene Mutter sich in Ruhe um ihre Kleinen k\u00fcmmern kann und dennoch weiterhin wie gewohnt am Familienleben teilnimmt.<\/p>\n<p style=\"text-align: center;\"><a href=\"https:\/\/www.mourioche.de\/wpmourio\/wp-content\/uploads\/2011\/01\/balle.jpg\"><img loading=\"lazy\" decoding=\"async\" class=\"aligncenter size-medium wp-image-3043\" title=\"balle\" src=\"https:\/\/www.mourioche.de\/wpmourio\/wp-content\/uploads\/2011\/01\/balle-300x199.jpg\" alt=\"\" width=\"300\" height=\"199\" srcset=\"https:\/\/www.mourioche.de\/wpmourio\/wp-content\/uploads\/2011\/01\/balle-300x199.jpg 300w, https:\/\/www.mourioche.de\/wpmourio\/wp-content\/uploads\/2011\/01\/balle.jpg 800w\" sizes=\"auto, (max-width: 300px) 100vw, 300px\" \/><\/a><\/p>\n<p style=\"text-align: center;\">die B\u00b4s &#8211; gerade geboren<\/p>\n<p>Wir legen besonderen Wert darauf, unsere Welpen bestm\u00f6glich auf ihr sp\u00e4teres Leben vorzubereiten.<\/p>\n<p>Berger des Pyr\u00e9n\u00e9es neigen von Natur aus zu Vorsicht und Misstrauen &#8211; das muss auch so sein, wenn sie in den Pyren\u00e4en selbst\u00e4ndig Herden (be)h\u00fcten sollen. Die wenigsten unserer Welpenk\u00e4ufer werden jedoch einsam in den Bergen wohnen und den Hund dort seine urspr\u00fcngliche Arbeit verrichten lassen. Auch wenn man akzeptieren sollte, dass ein Berger sich nicht unbedingt von jedem gleich anfassen l\u00e4sst (Ausnahmen best\u00e4tigen die Regel), ist es unser Anliegen, den von uns gez\u00fcchteten Welpen von Geburt an zu vermitteln, dass der Kontakt mit Menschen &#8211; besonders auch mit Fremden &#8211; etwas positives ist und kein Grund zu \u00fcberm\u00e4\u00dfiger Beunruhigung besteht. Gleiches gilt f\u00fcr unbekannte Situationen, die es im Hundeleben immer wieder zu bew\u00e4ltigen gilt. Wer von klein auf lernt, dass &#8222;Unbekannt&#8220; nichts schlechtes ist, wird sein ganzes Leben lang neue Situationen angemessen bew\u00e4ltigen k\u00f6nnen.<\/p>\n<p style=\"text-align: center;\"><a href=\"https:\/\/www.mourioche.de\/wpmourio\/wp-content\/uploads\/2011\/01\/celea2.jpg\"><img loading=\"lazy\" decoding=\"async\" class=\"aligncenter size-medium wp-image-3045\" title=\"celea2\" src=\"https:\/\/www.mourioche.de\/wpmourio\/wp-content\/uploads\/2011\/01\/celea2-300x199.jpg\" alt=\"\" width=\"300\" height=\"199\" srcset=\"https:\/\/www.mourioche.de\/wpmourio\/wp-content\/uploads\/2011\/01\/celea2-300x199.jpg 300w, https:\/\/www.mourioche.de\/wpmourio\/wp-content\/uploads\/2011\/01\/celea2.jpg 800w\" sizes=\"auto, (max-width: 300px) 100vw, 300px\" \/><\/a><\/p>\n<p style=\"text-align: center;\">auf in die gro\u00dfe weite Welt!<\/p>\n<p>Auch wenn bei den Welpen in den ersten Lebenstagen die Augen und Ohren noch fest geschlossen sind, nehmen sie trotzdem schon ihre Umwelt wahr. Sie kuscheln sich zum Schlafen zusammen (oder streben voneinander weg, wenn es ihnen zu warm wird) und suchen zielgerichtet die Mutter zum Trinken auf. Wenn ein Welpe unruhig wird, lassen die anderen in der Regel nicht lange auf sich warten und schlie\u00dfen sich an. Wir lassen diese ersten Tage nicht ungenutzt verstreichen, sondern f\u00f6rdern bereits jetzt den intensiven Kontakt zum Menschen. Alle Welpen werden mehrmals t\u00e4glich von uns hochgenommen, es wird ausgiebig gestreichelt und gekuschelt. So lernen die Kleinen vom ersten Tag an, dass menschlicher Kontakt etwas positives ist und zum Leben ganz normal dazu geh\u00f6rt. Au\u00dferdem erfolgt so keine Gew\u00f6hnung an eine einzelne Person, sondern sie erfahren von Beginn an, dass Menschen unterschiedlich riechen, sich verschieden bewegen und jeder auf seine Art etwas anders ist. Unsere H\u00fcndinnen wissen, dass sie ihre Kleinen von uns wohlbehalten zur\u00fcck bekommen und akzeptieren diese ersten &#8222;Ausfl\u00fcge&#8220; auf unseren Arm unbesorgt. Ein gro\u00dfer Vertrauensbeweis!<\/p>\n<p style=\"text-align: center;\"><a href=\"https:\/\/www.mourioche.de\/wpmourio\/wp-content\/uploads\/2011\/01\/laurin.jpg\"><img loading=\"lazy\" decoding=\"async\" class=\"aligncenter size-medium wp-image-3046\" title=\"laurin\" src=\"https:\/\/www.mourioche.de\/wpmourio\/wp-content\/uploads\/2011\/01\/laurin-300x199.jpg\" alt=\"\" width=\"300\" height=\"199\" srcset=\"https:\/\/www.mourioche.de\/wpmourio\/wp-content\/uploads\/2011\/01\/laurin-300x199.jpg 300w, https:\/\/www.mourioche.de\/wpmourio\/wp-content\/uploads\/2011\/01\/laurin.jpg 800w\" sizes=\"auto, (max-width: 300px) 100vw, 300px\" \/><\/a><\/p>\n<p style=\"text-align: center;\">Laurin und Bergil &#8211; der erste Kontakt<\/p>\n<p>Besucher, die unsere Hunde gut kennen und sie nicht durch ihre Anwesenheit beunruhigen, d\u00fcrfen ebenfalls recht bald einen Blick in die Kinderstube werfen und Kontakt aufnehmen. Fremde m\u00fcssen sich ein wenig gedulden, bis die Kleinen mobil sind &#8211; dann wird\u00b4s auch eigentlich erst interessant&#8230;<\/p>\n<p style=\"text-align: center;\"><a href=\"https:\/\/www.mourioche.de\/wpmourio\/wp-content\/uploads\/2011\/01\/celea.jpg\"><img loading=\"lazy\" decoding=\"async\" class=\"aligncenter size-medium wp-image-3047\" title=\"celea\" src=\"https:\/\/www.mourioche.de\/wpmourio\/wp-content\/uploads\/2011\/01\/celea-300x199.jpg\" alt=\"\" width=\"300\" height=\"199\" srcset=\"https:\/\/www.mourioche.de\/wpmourio\/wp-content\/uploads\/2011\/01\/celea-300x199.jpg 300w, https:\/\/www.mourioche.de\/wpmourio\/wp-content\/uploads\/2011\/01\/celea.jpg 800w\" sizes=\"auto, (max-width: 300px) 100vw, 300px\" \/><\/a><\/p>\n<p style=\"text-align: center;\">Celea beim Besucherkuscheln<\/p>\n<p>Sobald die Welpen anfangen, sich selbst\u00e4ndig zu l\u00f6sen, stellen wir ein &#8222;Innenklo&#8220; zur Verf\u00fcgung, das mit Rindenmulch gef\u00fcllt ist. Das erleichtert nicht nur den sp\u00e4teren Besitzern die Sauberkeitserziehung, sondern bedeutet f\u00fcr uns nach der anf\u00e4nglichen Gew\u00f6hnungsphase deutlich weniger Arbeit, da der Auslauf nicht mehr st\u00e4ndig gewischt werden muss. Einmal t\u00e4glich den Mulch austauschen ist keine gro\u00dfe Sache und zwischendurch muss nur noch ganz selten ein Pf\u00fctzerchen im Auslauf beseitigt werden.<\/p>\n<p style=\"text-align: center;\"><a href=\"https:\/\/www.mourioche.de\/wpmourio\/wp-content\/uploads\/2011\/01\/klo.jpg\"><img loading=\"lazy\" decoding=\"async\" class=\"aligncenter size-medium wp-image-3048\" title=\"klo\" src=\"https:\/\/www.mourioche.de\/wpmourio\/wp-content\/uploads\/2011\/01\/klo-300x199.jpg\" alt=\"\" width=\"300\" height=\"199\" srcset=\"https:\/\/www.mourioche.de\/wpmourio\/wp-content\/uploads\/2011\/01\/klo-300x199.jpg 300w, https:\/\/www.mourioche.de\/wpmourio\/wp-content\/uploads\/2011\/01\/klo.jpg 800w\" sizes=\"auto, (max-width: 300px) 100vw, 300px\" \/><\/a><\/p>\n<p style=\"text-align: center;\">die Welpen lernen rasch, das Innenklo selbst\u00e4ndig aufzusuchen<\/p>\n<p style=\"text-align: center;\">Bletta kontrolliert, ob alles seine Ordnung hat<\/p>\n<p>Wenn die Kleinen sicherer auf den Beinchen sind und das Wetter es zul\u00e4sst, stehen die ersten Ausfl\u00fcge in den Garten auf dem Programm. Hier teilen \u00a0wir einen ca. 120qm gro\u00dfen Welpenauslauf ab, der vom Innenauslauf bei ge\u00f6ffneter Terrassent\u00fcr direkt zug\u00e4nglich ist. Im Garten gew\u00f6hnen sie sich an verschiedene Untergr\u00fcnde (Rasen, Sand, Kies, Steine, Erde), sie haben die M\u00f6glichkeit, verschiedene Ruhepl\u00e4tze aufzusuchen und nat\u00fcrlich wird der gesamte Auslauf (innen und au\u00dfen) st\u00e4ndig umgestaltet und altersgem\u00e4\u00df angepasst. Wackelbrett, Gitterrost, Klapperdosen, Zerrspielzeug, B\u00e4llebad und vieles mehr steht zum Spielen und Erkunden zur Verf\u00fcgung. Bei der Auswahl der Spielger\u00e4te achten wir bereits darauf, die Welpen auf viele Dinge vorzubereiten: L\u00e4rm, bewegliche Untergr\u00fcnde, Wasser &#8211; alles geh\u00f6rt zum Leben dazu!<\/p>\n<p style=\"text-align: center;\"><a href=\"https:\/\/www.mourioche.de\/wpmourio\/wp-content\/uploads\/2011\/01\/celeborn2.jpg\"><img loading=\"lazy\" decoding=\"async\" class=\"aligncenter size-medium wp-image-3049\" title=\"celeborn2\" src=\"https:\/\/www.mourioche.de\/wpmourio\/wp-content\/uploads\/2011\/01\/celeborn2-300x199.jpg\" alt=\"\" width=\"300\" height=\"199\" srcset=\"https:\/\/www.mourioche.de\/wpmourio\/wp-content\/uploads\/2011\/01\/celeborn2-300x199.jpg 300w, https:\/\/www.mourioche.de\/wpmourio\/wp-content\/uploads\/2011\/01\/celeborn2.jpg 800w\" sizes=\"auto, (max-width: 300px) 100vw, 300px\" \/><\/a><\/p>\n<p style=\"text-align: center;\">Celeborn hat was Neues entdeckt und muss es gleich von allen Seiten erkunden<\/p>\n<p>Sobald sie sich im Au\u00dfenauslauf heimisch f\u00fchlen, steht der erste Ausflug in den Wald an, verbunden mit der ersten Autofahrt. Nicht weit von uns ist ein kleines W\u00e4ldchen, in dem so gut wie keine anderen Spazierg\u00e4nger sind, hier k\u00f6nnen die Welpen nach Herzenslust rennen und toben und nebenbei so tolle Dinge wie Baumst\u00e4mme, einen Bach, Laub, viele Ger\u00fcche, Pflanzen und vieles mehr entdecken. Diese Ausfl\u00fcge sind zu Beginn nur wenige Minuten lang, die Dauer steigt mit dem Alter der Kleinen. Wir halten die M\u00f6glichkeit, sich auf verschiedenen Untergr\u00fcnden frei zu bewegen, f\u00fcr sehr wichtig f\u00fcr die motorische und geistige Entwicklung.<\/p>\n<p style=\"text-align: center;\"><a href=\"https:\/\/www.mourioche.de\/wpmourio\/wp-content\/uploads\/2011\/01\/coire3.jpg\"><img loading=\"lazy\" decoding=\"async\" class=\"aligncenter size-medium wp-image-3050\" title=\"coire3\" src=\"https:\/\/www.mourioche.de\/wpmourio\/wp-content\/uploads\/2011\/01\/coire3-300x199.jpg\" alt=\"\" width=\"300\" height=\"199\" srcset=\"https:\/\/www.mourioche.de\/wpmourio\/wp-content\/uploads\/2011\/01\/coire3-300x199.jpg 300w, https:\/\/www.mourioche.de\/wpmourio\/wp-content\/uploads\/2011\/01\/coire3.jpg 800w\" sizes=\"auto, (max-width: 300px) 100vw, 300px\" \/><\/a><\/p>\n<p style=\"text-align: center;\">Coir\u00eb geht im Wald auf Entdeckungstour<\/p>\n<p>Bevor uns die Welpen mit fr\u00fchestens 8 Wochen verlassen, unternehmen wir weitere Ausfl\u00fcge, z.B. in die Stadt, zum Bahnhof und zu Freunden, wo sie den Garten erkunden k\u00f6nnen. Nat\u00fcrlich achten wir sehr darauf, dass die Zwerge nicht \u00fcberfordert werden und bieten ihnen st\u00e4ndig Schutz und R\u00fcckzugsm\u00f6glichkeiten. So lernen sie ganz nebenbei, dass sie sich auf &#8222;ihre&#8220; Menschen stets verlassen k\u00f6nnen. Da unsere erwachsenen Hunde stets \u00fcber einen aktuellen Impfschutz verf\u00fcgen, bekommen die Welpen von ihrer Mutter bereits ein gut vorbereitetes Immunsystem, das sie vor Ansteckungen weitgehend sch\u00fctzt. Die kritische Phase der sogenannten immunologischen L\u00fccke (das ist die Zeit, in der die Antik\u00f6rper, die der Welpe von der Mutter mitbekommt, abgebaut sind und eine Impfung noch potentiell unwirksam ist) beginnt erst in der 10. Lebenswoche. (Quelle: Neonatologie beim Hund, Herausgeber Axel Wehrend) Nat\u00fcrlich halten wir dennoch einige Vorsichtsma\u00dfnahmen ein, so m\u00fcssen Besucher, die \u00a0in den ersten Lebenstagen der Kleinen kommen, ihre Schuhe ausziehen und die H\u00e4nde waschen. Wir achten darauf, dass niemand zu den Welpen geht, der an ansteckenden Krankheiten leidet, da einige Krankheitserreger durchaus von Mensch auf Hund und umgekehrt \u00fcbertragbar sind (sogenannte Zoonosen). Schniefnasen m\u00fcssen also drau\u00dfen bleiben! Die gleichen Anforderungen in punkto Gesundheit gelten nat\u00fcrlich auch f\u00fcr Besucherhunde, die &#8211; wenn sie gesund und welpenfreundlich sind &#8211; gerne zum Welpenbespielen kommen d\u00fcrfen. Eingeladen sind jedoch nur\u00a0 Hunde, die wir gut kennen und bei denen wir wissen, dass sie ein absolut sicheres und freundliches Wesen haben!<\/p>\n<p style=\"text-align: center;\"><a href=\"https:\/\/www.mourioche.de\/wpmourio\/wp-content\/uploads\/2011\/01\/cirion4.jpg\"><img loading=\"lazy\" decoding=\"async\" class=\"aligncenter size-medium wp-image-3051\" title=\"cirion4\" src=\"https:\/\/www.mourioche.de\/wpmourio\/wp-content\/uploads\/2011\/01\/cirion4-300x199.jpg\" alt=\"\" width=\"300\" height=\"199\" srcset=\"https:\/\/www.mourioche.de\/wpmourio\/wp-content\/uploads\/2011\/01\/cirion4-300x199.jpg 300w, https:\/\/www.mourioche.de\/wpmourio\/wp-content\/uploads\/2011\/01\/cirion4.jpg 800w\" sizes=\"auto, (max-width: 300px) 100vw, 300px\" \/><\/a><\/p>\n<p style=\"text-align: center;\">Lucy wird von Cirion sehr genau unter die Lupe genommen<\/p>\n<p>Dass unsere Welpen bei der Abgabe an Halsb\u00e4nder gewohnt sind, ist f\u00fcr uns eine Selbstverst\u00e4ndlichkeit, auch ein Geschirr haben alle schon getragen. Bei Beendigung der 8. Lebenswoche sind sie mehrfach entwurmt, geimpft, gechipt, tier\u00e4rztlich untersucht und vom Zuchtwart genauestens begutachtet worden. Die gesamte Aufzucht erfolgt mit vollem Familienanschluss und unter gro\u00dfer Anteilnahme der Nachbarskinder.<\/p>\n<p style=\"text-align: center;\"><a href=\"https:\/\/www.mourioche.de\/wpmourio\/wp-content\/uploads\/2011\/01\/laurin1.jpg\"><img loading=\"lazy\" decoding=\"async\" class=\"aligncenter size-medium wp-image-3052\" title=\"laurin\" src=\"https:\/\/www.mourioche.de\/wpmourio\/wp-content\/uploads\/2011\/01\/laurin1-300x225.jpg\" alt=\"\" width=\"300\" height=\"225\" srcset=\"https:\/\/www.mourioche.de\/wpmourio\/wp-content\/uploads\/2011\/01\/laurin1-300x225.jpg 300w, https:\/\/www.mourioche.de\/wpmourio\/wp-content\/uploads\/2011\/01\/laurin1.jpg 800w\" sizes=\"auto, (max-width: 300px) 100vw, 300px\" \/><\/a><\/p>\n<p style=\"text-align: center;\">Laurin und die A\u00b4s<\/p>\n<p>F\u00fcr den immensen Zeitaufwand, den die Aufzucht eines Wurfes f\u00fcr uns mit sich bringt, werden wir vielfach belohnt: Jeder Tag mit den Welpen bringt neue Freuden, neue Erlebnisse, neue \u00dcberraschungen. Und wenn sie dann nach 8 Wochen bei ihren neuen Familien einziehen, ist f\u00fcr uns der sch\u00f6nste Lohn zu h\u00f6ren, wie sehr die Besitzer ihre kleinen Mitbewohner lieben und wieviel Freude sie an ihnen haben. Unsere Verantwortung endet nicht mit der Abgabe, jeder Mourioche bleibt immer auch ein bisschen &#8222;unser&#8220; Hund. Jeder einzelne, jeder auf seine Art, einzigartig, unverwechselbar.<\/p>\n<p style=\"text-align: center;\"><a href=\"https:\/\/www.mourioche.de\/wpmourio\/wp-content\/uploads\/2011\/01\/dasdaaugen1.jpg\"><img loading=\"lazy\" decoding=\"async\" class=\"aligncenter size-medium wp-image-3053\" title=\"dasdaaugen1\" src=\"https:\/\/www.mourioche.de\/wpmourio\/wp-content\/uploads\/2011\/01\/dasdaaugen1-300x100.jpg\" alt=\"\" width=\"300\" height=\"100\" srcset=\"https:\/\/www.mourioche.de\/wpmourio\/wp-content\/uploads\/2011\/01\/dasdaaugen1-300x100.jpg 300w, https:\/\/www.mourioche.de\/wpmourio\/wp-content\/uploads\/2011\/01\/dasdaaugen1.jpg 800w\" sizes=\"auto, (max-width: 300px) 100vw, 300px\" \/><\/a><\/p>\n<p style=\"text-align: center;\">Unsere Zucht unterliegt den Kontrollen des <a href=\"http:\/\/www.zuchtverein-berger-des-pyrenees.de\">Berger des Pyr\u00e9n\u00e9es Deutschland e.V<\/a> (BDPD), und des <a href=\"http:\/\/www.kfuh.de\">Klub f\u00fcr ungarische Hirtenhunde<\/a> (KfuH). Beide Zuchtvereine sind dem VDH und der FCI angeschlossen.<\/p>\n","protected":false},"excerpt":{"rendered":"<p>Einige Tage vor dem errechnete Wurftermin f\u00e4ngt f\u00fcr uns bereits die &#8222;Arbeit&#8220; an. Das Wohnzimmer wird zur Welpenstube umgewandelt, die Wurfkiste aufgebaut und ein abgetrennter Bereich f\u00fcr die H\u00fcndin mit ihren Welpen eingerichtet. So ist gew\u00e4hrleistet, dass die frischgebackene Mutter sich in Ruhe um ihre Kleinen k\u00fcmmern kann und dennoch weiterhin wie gewohnt am Familienleben &hellip; <a href=\"https:\/\/www.mourioche.de\/?page_id=3040\" class=\"more-link\"><span class=\"screen-reader-text\">Aufzucht<\/span> weiterlesen <span class=\"meta-nav\">&rarr;<\/span><\/a><\/p>\n","protected":false},"author":2,"featured_media":0,"parent":0,"menu_order":5000,"comment_status":"open","ping_status":"open","template":"","meta":{"footnotes":""},"class_list":["post-3040","page","type-page","status-publish","hentry"],"_links":{"self":[{"href":"https:\/\/www.mourioche.de\/index.php?rest_route=\/wp\/v2\/pages\/3040","targetHints":{"allow":["GET"]}}],"collection":[{"href":"https:\/\/www.mourioche.de\/index.php?rest_route=\/wp\/v2\/pages"}],"about":[{"href":"https:\/\/www.mourioche.de\/index.php?rest_route=\/wp\/v2\/types\/page"}],"author":[{"embeddable":true,"href":"https:\/\/www.mourioche.de\/index.php?rest_route=\/wp\/v2\/users\/2"}],"replies":[{"embeddable":true,"href":"https:\/\/www.mourioche.de\/index.php?rest_route=%2Fwp%2Fv2%2Fcomments&post=3040"}],"version-history":[{"count":3,"href":"https:\/\/www.mourioche.de\/index.php?rest_route=\/wp\/v2\/pages\/3040\/revisions"}],"predecessor-version":[{"id":8656,"href":"https:\/\/www.mourioche.de\/index.php?rest_route=\/wp\/v2\/pages\/3040\/revisions\/8656"}],"wp:attachment":[{"href":"https:\/\/www.mourioche.de\/index.php?rest_route=%2Fwp%2Fv2%2Fmedia&parent=3040"}],"curies":[{"name":"wp","href":"https:\/\/api.w.org\/{rel}","templated":true}]}}