{"id":311,"date":"2009-08-18T20:27:16","date_gmt":"2009-08-18T18:27:16","guid":{"rendered":"http:\/\/www.mourioche.de\/?page_id=311"},"modified":"2010-04-15T10:28:18","modified_gmt":"2010-04-15T08:28:18","slug":"blettas-b-wurf-6-woche","status":"publish","type":"page","link":"https:\/\/www.mourioche.de\/?page_id=311","title":{"rendered":"Blettas B-Wurf 6. Woche"},"content":{"rendered":"<p style=\"text-align: center;\"><strong>24.08.<\/strong><\/p>\n<p style=\"text-align: center;\">gemopst<\/p>\n<p style=\"text-align: left;\">\n<p style=\"text-align: left;\">F\u00fcr eigene Bilder hat die Zeit leider nicht gereicht, aber Claudia (die sich die Chance auf einen Besuch bei ihrer Bucca Wii nat\u00fcrlich nicht entgehen lie\u00df) hat ein paar Fotos gespendet &#8211; so tolle kriege ich sowieso nicht hin, also vielen lieben Dank!<\/p>\n<p style=\"text-align: left;\">\n<p style=\"text-align: center;\"><strong><\/p>\n<figure id=\"attachment_333\" aria-describedby=\"caption-attachment-333\" style=\"width: 300px\" class=\"wp-caption aligncenter\"><img loading=\"lazy\" decoding=\"async\" class=\"size-medium wp-image-333\" title=\"brandabambar\" src=\"https:\/\/www.mourioche.de\/wpmourio\/wp-content\/uploads\/2009\/08\/06_woche-027-300x200.jpg\" alt=\"auf zu neuen Taten!\" width=\"300\" height=\"200\" srcset=\"https:\/\/www.mourioche.de\/wpmourio\/wp-content\/uploads\/2009\/08\/06_woche-027-300x200.jpg 300w, https:\/\/www.mourioche.de\/wpmourio\/wp-content\/uploads\/2009\/08\/06_woche-027.jpg 591w\" sizes=\"auto, (max-width: 300px) 100vw, 300px\" \/><figcaption id=\"caption-attachment-333\" class=\"wp-caption-text\">auf zu neuen Taten!<\/figcaption><\/figure>\n<p><\/strong><\/p>\n<p style=\"text-align: center;\">\n<p style=\"text-align: center;\"><strong><\/p>\n<figure id=\"attachment_334\" aria-describedby=\"caption-attachment-334\" style=\"width: 300px\" class=\"wp-caption aligncenter\"><img loading=\"lazy\" decoding=\"async\" class=\"size-medium wp-image-334\" title=\"Bucca\" src=\"https:\/\/www.mourioche.de\/wpmourio\/wp-content\/uploads\/2009\/08\/06_woche-028-300x200.jpg\" alt=\"guck mal, ich kann schon drau\u00dfen! gar nicht aufs Deckchen!!!\" width=\"300\" height=\"200\" srcset=\"https:\/\/www.mourioche.de\/wpmourio\/wp-content\/uploads\/2009\/08\/06_woche-028-300x200.jpg 300w, https:\/\/www.mourioche.de\/wpmourio\/wp-content\/uploads\/2009\/08\/06_woche-028.jpg 591w\" sizes=\"auto, (max-width: 300px) 100vw, 300px\" \/><figcaption id=\"caption-attachment-334\" class=\"wp-caption-text\">guck mal, ich kann schon drau\u00dfen! gar nicht aufs Deckchen!!!<\/figcaption><\/figure>\n<p><\/strong><\/p>\n<p style=\"text-align: center;\">\n<p style=\"text-align: center;\"><strong><\/p>\n<figure id=\"attachment_335\" aria-describedby=\"caption-attachment-335\" style=\"width: 300px\" class=\"wp-caption aligncenter\"><img loading=\"lazy\" decoding=\"async\" class=\"size-medium wp-image-335\" title=\"bucca\" src=\"https:\/\/www.mourioche.de\/wpmourio\/wp-content\/uploads\/2009\/08\/06_woche-031-300x200.jpg\" alt=\"alles sauber?\" width=\"300\" height=\"200\" srcset=\"https:\/\/www.mourioche.de\/wpmourio\/wp-content\/uploads\/2009\/08\/06_woche-031-300x200.jpg 300w, https:\/\/www.mourioche.de\/wpmourio\/wp-content\/uploads\/2009\/08\/06_woche-031.jpg 591w\" sizes=\"auto, (max-width: 300px) 100vw, 300px\" \/><figcaption id=\"caption-attachment-335\" class=\"wp-caption-text\">alles sauber?<\/figcaption><\/figure>\n<p><\/strong><\/p>\n<p style=\"text-align: center;\">\n<p style=\"text-align: center;\"><strong><\/p>\n<figure id=\"attachment_336\" aria-describedby=\"caption-attachment-336\" style=\"width: 300px\" class=\"wp-caption aligncenter\"><img loading=\"lazy\" decoding=\"async\" class=\"size-medium wp-image-336\" title=\"bucca\" src=\"https:\/\/www.mourioche.de\/wpmourio\/wp-content\/uploads\/2009\/08\/06_woche-036-300x200.jpg\" alt=\"und jetzt L\u00c4CHELN!!!!!\" width=\"300\" height=\"200\" srcset=\"https:\/\/www.mourioche.de\/wpmourio\/wp-content\/uploads\/2009\/08\/06_woche-036-300x200.jpg 300w, https:\/\/www.mourioche.de\/wpmourio\/wp-content\/uploads\/2009\/08\/06_woche-036.jpg 591w\" sizes=\"auto, (max-width: 300px) 100vw, 300px\" \/><figcaption id=\"caption-attachment-336\" class=\"wp-caption-text\">und jetzt L\u00c4CHELN!!!!!<\/figcaption><\/figure>\n<p><\/strong><\/p>\n<p style=\"text-align: center;\">\n<p style=\"text-align: center;\">\n<p style=\"text-align: center;\"><strong><img loading=\"lazy\" decoding=\"async\" class=\"aligncenter size-medium wp-image-337\" title=\"warte doch Mama!\" src=\"https:\/\/www.mourioche.de\/wpmourio\/wp-content\/uploads\/2009\/08\/06_woche-040-300x200.jpg\" alt=\"warte doch Mama!\" width=\"300\" height=\"200\" srcset=\"https:\/\/www.mourioche.de\/wpmourio\/wp-content\/uploads\/2009\/08\/06_woche-040-300x200.jpg 300w, https:\/\/www.mourioche.de\/wpmourio\/wp-content\/uploads\/2009\/08\/06_woche-040.jpg 591w\" sizes=\"auto, (max-width: 300px) 100vw, 300px\" \/> <\/strong><\/p>\n<p style=\"text-align: center;\">warte doch, Mama!<\/p>\n<p style=\"text-align: center;\">\n<p style=\"text-align: center;\"><strong><\/p>\n<figure id=\"attachment_338\" aria-describedby=\"caption-attachment-338\" style=\"width: 300px\" class=\"wp-caption aligncenter\"><img loading=\"lazy\" decoding=\"async\" class=\"size-medium wp-image-338\" title=\"brandagambar\" src=\"https:\/\/www.mourioche.de\/wpmourio\/wp-content\/uploads\/2009\/08\/06_woche-048-300x200.jpg\" alt=\"ertappt!\" width=\"300\" height=\"200\" srcset=\"https:\/\/www.mourioche.de\/wpmourio\/wp-content\/uploads\/2009\/08\/06_woche-048-300x200.jpg 300w, https:\/\/www.mourioche.de\/wpmourio\/wp-content\/uploads\/2009\/08\/06_woche-048.jpg 591w\" sizes=\"auto, (max-width: 300px) 100vw, 300px\" \/><figcaption id=\"caption-attachment-338\" class=\"wp-caption-text\">ertappt!<\/figcaption><\/figure>\n<p><\/strong><\/p>\n<p style=\"text-align: center;\">\n<p style=\"text-align: center;\"><strong><\/p>\n<figure id=\"attachment_340\" aria-describedby=\"caption-attachment-340\" style=\"width: 300px\" class=\"wp-caption aligncenter\"><img loading=\"lazy\" decoding=\"async\" class=\"size-medium wp-image-340\" title=\"Bombadil\" src=\"https:\/\/www.mourioche.de\/wpmourio\/wp-content\/uploads\/2009\/08\/06_woche-057-300x200.jpg\" alt=\"Licht und Schatten muss es geben...\" width=\"300\" height=\"200\" srcset=\"https:\/\/www.mourioche.de\/wpmourio\/wp-content\/uploads\/2009\/08\/06_woche-057-300x200.jpg 300w, https:\/\/www.mourioche.de\/wpmourio\/wp-content\/uploads\/2009\/08\/06_woche-057.jpg 591w\" sizes=\"auto, (max-width: 300px) 100vw, 300px\" \/><figcaption id=\"caption-attachment-340\" class=\"wp-caption-text\">Licht und Schatten muss es geben...<\/figcaption><\/figure>\n<p><\/strong><\/p>\n<p style=\"text-align: center;\">\n<p style=\"text-align: center;\"><strong><\/p>\n<figure id=\"attachment_342\" aria-describedby=\"caption-attachment-342\" style=\"width: 300px\" class=\"wp-caption aligncenter\"><img loading=\"lazy\" decoding=\"async\" class=\"size-medium wp-image-342\" title=\"bucca und M\" src=\"https:\/\/www.mourioche.de\/wpmourio\/wp-content\/uploads\/2009\/08\/06_woche-069-300x200.jpg\" alt=\"wollen wir Freunde sein?\" width=\"300\" height=\"200\" srcset=\"https:\/\/www.mourioche.de\/wpmourio\/wp-content\/uploads\/2009\/08\/06_woche-069-300x200.jpg 300w, https:\/\/www.mourioche.de\/wpmourio\/wp-content\/uploads\/2009\/08\/06_woche-069.jpg 591w\" sizes=\"auto, (max-width: 300px) 100vw, 300px\" \/><figcaption id=\"caption-attachment-342\" class=\"wp-caption-text\">wollen wir Freunde sein?<\/figcaption><\/figure>\n<p><\/strong><\/p>\n<p style=\"text-align: center;\">\n<p style=\"text-align: center;\"><strong><\/p>\n<figure id=\"attachment_343\" aria-describedby=\"caption-attachment-343\" style=\"width: 300px\" class=\"wp-caption aligncenter\"><img loading=\"lazy\" decoding=\"async\" class=\"size-medium wp-image-343  \" title=\"Bucca\" src=\"https:\/\/www.mourioche.de\/wpmourio\/wp-content\/uploads\/2009\/08\/06_woche-086-300x200.jpg\" alt=\"Probetragen mit Bergil\" width=\"300\" height=\"200\" srcset=\"https:\/\/www.mourioche.de\/wpmourio\/wp-content\/uploads\/2009\/08\/06_woche-086-300x200.jpg 300w, https:\/\/www.mourioche.de\/wpmourio\/wp-content\/uploads\/2009\/08\/06_woche-086.jpg 591w\" sizes=\"auto, (max-width: 300px) 100vw, 300px\" \/><figcaption id=\"caption-attachment-343\" class=\"wp-caption-text\">Probetragen mit Bucca Wii - kann man doch &quot;ein bi\u00dfchen schwanger&quot; sein?<\/figcaption><\/figure>\n<p><\/strong><\/p>\n<p style=\"text-align: center;\">\n<p style=\"text-align: center;\"><strong>21.08.<\/strong><\/p>\n<p style=\"text-align: center;\">Stadtbummel<\/p>\n<p style=\"text-align: left;\">Die Temperaturen der vergangenen Tage liessen leider keine Aktivit\u00e4ten zu &#8211; au\u00dfer Planschbecken planschen und im\u00a0 Schatten liegen ging gar nix. <strong> <\/strong>Heute ist es jedoch deutlich k\u00fchler und somit angenehmer, dass haben wir direkt f\u00fcr unseren ersten Stadtausflug genutzt. Die Kleinen blieben auf dem Arm, um kein Ansteckungsrisiko einzugehen, waren aber nat\u00fcrlich die Stars der Fu\u00dfg\u00e4ngerzone. Sie trugen es gelassen, schauten sich die Welt von oben an (nur zum Foto kamen jeweils zwei von ihnen kurz runter, dann beh\u00fctet von Laurin) und sammelten neue Eindr\u00fccke. So sahen sie viele \u00e4ltere Menschen mit Rollatoren, eine Dame im Rollstuhl und jede Menge andere Dinge, die ich ihnen im Garten leider nicht bieten kann. Ich hatte erwartet, dass sie nach ihrer Heimkehr erst mal in den Tiefschlaf versinken, aber sie tobten gleich wieder fr\u00f6hlich durch den Garten &#8211; ein deutliches Zeichen, dass sie mit dem kurzen Ausflug in keiner Weise \u00fcberfordert waren&#8230;<\/p>\n<p style=\"text-align: center;\">\n<p style=\"text-align: center;\"><img loading=\"lazy\" decoding=\"async\" class=\"size-medium wp-image-328 aligncenter\" title=\"laurin\" src=\"https:\/\/www.mourioche.de\/wpmourio\/wp-content\/uploads\/2009\/08\/laurin-300x199.jpg\" alt=\"Im Optikergesch\u00e4ft, w\u00e4hrend Laurins Brille gerichtet wird\" width=\"300\" height=\"199\" srcset=\"https:\/\/www.mourioche.de\/wpmourio\/wp-content\/uploads\/2009\/08\/laurin-300x199.jpg 300w, https:\/\/www.mourioche.de\/wpmourio\/wp-content\/uploads\/2009\/08\/laurin.jpg 800w\" sizes=\"auto, (max-width: 300px) 100vw, 300px\" \/><\/p>\n<p style=\"text-align: center;\">Im Optikergesch\u00e4ft, w\u00e4hrend Laurins Brille gerichtet wird<\/p>\n<p style=\"text-align: center;\">\n<p style=\"text-align: center;\"><img loading=\"lazy\" decoding=\"async\" class=\"size-medium wp-image-329 aligncenter\" title=\"nadja\" src=\"https:\/\/www.mourioche.de\/wpmourio\/wp-content\/uploads\/2009\/08\/nadja2-300x199.jpg\" alt=\"Ausblick von oben\" width=\"300\" height=\"199\" srcset=\"https:\/\/www.mourioche.de\/wpmourio\/wp-content\/uploads\/2009\/08\/nadja2-300x199.jpg 300w, https:\/\/www.mourioche.de\/wpmourio\/wp-content\/uploads\/2009\/08\/nadja2.jpg 800w\" sizes=\"auto, (max-width: 300px) 100vw, 300px\" \/><\/p>\n<p style=\"text-align: center;\">Ausblick von oben<\/p>\n<p style=\"text-align: center;\">\n<p style=\"text-align: center;\"><img loading=\"lazy\" decoding=\"async\" class=\"size-medium wp-image-330 aligncenter\" title=\"nadja\" src=\"https:\/\/www.mourioche.de\/wpmourio\/wp-content\/uploads\/2009\/08\/nadja-300x199.jpg\" alt=\"und von ganz oben\" width=\"300\" height=\"199\" srcset=\"https:\/\/www.mourioche.de\/wpmourio\/wp-content\/uploads\/2009\/08\/nadja-300x199.jpg 300w, https:\/\/www.mourioche.de\/wpmourio\/wp-content\/uploads\/2009\/08\/nadja.jpg 800w\" sizes=\"auto, (max-width: 300px) 100vw, 300px\" \/><\/p>\n<p style=\"text-align: center;\">und von ganz oben<\/p>\n<p style=\"text-align: center;\">\n<p style=\"text-align: center;\"><img loading=\"lazy\" decoding=\"async\" class=\"size-medium wp-image-331 aligncenter\" title=\"stadt\" src=\"https:\/\/www.mourioche.de\/wpmourio\/wp-content\/uploads\/2009\/08\/stadt-300x199.jpg\" alt=\"alle ganz entspannt\" width=\"300\" height=\"199\" srcset=\"https:\/\/www.mourioche.de\/wpmourio\/wp-content\/uploads\/2009\/08\/stadt-300x199.jpg 300w, https:\/\/www.mourioche.de\/wpmourio\/wp-content\/uploads\/2009\/08\/stadt.jpg 800w\" sizes=\"auto, (max-width: 300px) 100vw, 300px\" \/><\/p>\n<p style=\"text-align: center;\">alle ganz entspannt<\/p>\n<p style=\"text-align: center;\"><strong>18.8.<\/strong><\/p>\n<p style=\"text-align: center;\"><strong> <\/strong><\/p>\n<p style=\"text-align: left;\">Gestern war Besuch da! (Also eigentlich noch in der f\u00fcnften Woche, aber wir wollen mal nicht pingelig sein, oder?) An sich ist das ja nix Besonderes, Besuch hatten wir schon reichlich. Aber dieses Mal war es die Verwandtschaft: Agneou de petit Gardien, \u00fcber nicht allzu viele Ecken mit Blettas B\u00b4s verwandt. Selber erst gute f\u00fcnf Monate alt, fand er die Zwerge sehr witzig und unterhaltsam. Dass sie bei seinen Rennattacken nicht mithalten konnten, st\u00f6rte ihn wenig &#8211; und die Kleinen waren v\u00f6llig fasziniert, sooo ein Tempo kannten sie bisher noch nicht&#8230; Ein echter Clown, von dem man bestimmt noch viel h\u00f6ren wird! (Nur Gutes nat\u00fcrlich&#8230; \ud83d\ude09 )<strong> <\/strong><\/p>\n<figure id=\"attachment_312\" aria-describedby=\"caption-attachment-312\" style=\"width: 300px\" class=\"wp-caption aligncenter\"><img loading=\"lazy\" decoding=\"async\" class=\"size-medium wp-image-312\" title=\"agneou\" src=\"https:\/\/www.mourioche.de\/wpmourio\/wp-content\/uploads\/2009\/08\/agneou-300x199.jpg\" alt=\"in Frankreich \u00fcblich: K\u00fcsschen zur Begr\u00fc\u00dfung\" width=\"300\" height=\"199\" srcset=\"https:\/\/www.mourioche.de\/wpmourio\/wp-content\/uploads\/2009\/08\/agneou-300x199.jpg 300w, https:\/\/www.mourioche.de\/wpmourio\/wp-content\/uploads\/2009\/08\/agneou.jpg 800w\" sizes=\"auto, (max-width: 300px) 100vw, 300px\" \/><figcaption id=\"caption-attachment-312\" class=\"wp-caption-text\">in Frankreich \u00fcblich: K\u00fcsschen zur Begr\u00fc\u00dfung<\/figcaption><\/figure>\n<p style=\"text-align: center;\"><img loading=\"lazy\" decoding=\"async\" class=\"size-medium wp-image-313 aligncenter\" title=\"agneou\" src=\"https:\/\/www.mourioche.de\/wpmourio\/wp-content\/uploads\/2009\/08\/agneou2-300x199.jpg\" alt=\"komm spiiiiiiiiiiiiiiiiiiiiielen!!!!!!!!\" width=\"300\" height=\"199\" srcset=\"https:\/\/www.mourioche.de\/wpmourio\/wp-content\/uploads\/2009\/08\/agneou2-300x199.jpg 300w, https:\/\/www.mourioche.de\/wpmourio\/wp-content\/uploads\/2009\/08\/agneou2.jpg 800w\" sizes=\"auto, (max-width: 300px) 100vw, 300px\" \/><\/p>\n<p style=\"text-align: center;\">komm spiiiiiiiiiiiiiiiiiiiiielen!!!!!!!!<\/p>\n<p style=\"text-align: center;\">\n<p style=\"text-align: center;\"><img loading=\"lazy\" decoding=\"async\" class=\"size-medium wp-image-314 aligncenter\" title=\"agneou\" src=\"https:\/\/www.mourioche.de\/wpmourio\/wp-content\/uploads\/2009\/08\/agneou3-300x199.jpg\" alt=\"habe die Ehre, meine Dame...\" width=\"300\" height=\"199\" srcset=\"https:\/\/www.mourioche.de\/wpmourio\/wp-content\/uploads\/2009\/08\/agneou3-300x199.jpg 300w, https:\/\/www.mourioche.de\/wpmourio\/wp-content\/uploads\/2009\/08\/agneou3.jpg 800w\" sizes=\"auto, (max-width: 300px) 100vw, 300px\" \/><\/p>\n<p style=\"text-align: center;\">habe die Ehre, Mademoiselle&#8230;<\/p>\n<p style=\"text-align: center;\">\n<p style=\"text-align: center;\"><img loading=\"lazy\" decoding=\"async\" class=\"size-medium wp-image-315 aligncenter\" title=\"agneou\" src=\"https:\/\/www.mourioche.de\/wpmourio\/wp-content\/uploads\/2009\/08\/agneou4-300x199.jpg\" alt=\"\u00e4\u00e4\u00e4h - wo war noch mal genau der Schatz vergraben???\" width=\"300\" height=\"199\" srcset=\"https:\/\/www.mourioche.de\/wpmourio\/wp-content\/uploads\/2009\/08\/agneou4-300x199.jpg 300w, https:\/\/www.mourioche.de\/wpmourio\/wp-content\/uploads\/2009\/08\/agneou4.jpg 800w\" sizes=\"auto, (max-width: 300px) 100vw, 300px\" \/><\/p>\n<p style=\"text-align: center;\">\u00e4\u00e4\u00e4h &#8211; wo war noch mal genau der Schatz vergraben???<\/p>\n<p style=\"text-align: center;\">\n<p style=\"text-align: center;\"><img loading=\"lazy\" decoding=\"async\" class=\"size-medium wp-image-316 aligncenter\" title=\"brandagambar\" src=\"https:\/\/www.mourioche.de\/wpmourio\/wp-content\/uploads\/2009\/08\/brandagambar7-300x199.jpg\" alt=\"was zum Kuckuck macht der da???\" width=\"300\" height=\"199\" srcset=\"https:\/\/www.mourioche.de\/wpmourio\/wp-content\/uploads\/2009\/08\/brandagambar7-300x199.jpg 300w, https:\/\/www.mourioche.de\/wpmourio\/wp-content\/uploads\/2009\/08\/brandagambar7.jpg 800w\" sizes=\"auto, (max-width: 300px) 100vw, 300px\" \/><\/p>\n<p style=\"text-align: center;\">was zum Kuckuck macht der da???<\/p>\n<p style=\"text-align: center;\">\n<p style=\"text-align: center;\"><img loading=\"lazy\" decoding=\"async\" class=\"size-medium wp-image-317 aligncenter\" title=\"bucca\" src=\"https:\/\/www.mourioche.de\/wpmourio\/wp-content\/uploads\/2009\/08\/bucca7-300x199.jpg\" alt=\"nur Geduld, bald habt ihr selber kleine B\u00b4s!\" width=\"300\" height=\"199\" srcset=\"https:\/\/www.mourioche.de\/wpmourio\/wp-content\/uploads\/2009\/08\/bucca7-300x199.jpg 300w, https:\/\/www.mourioche.de\/wpmourio\/wp-content\/uploads\/2009\/08\/bucca7.jpg 800w\" sizes=\"auto, (max-width: 300px) 100vw, 300px\" \/><\/p>\n<p style=\"text-align: center;\">nur Geduld, bald habt ihr selber kleine B\u00b4s!<\/p>\n","protected":false},"excerpt":{"rendered":"<p>24.08. gemopst F\u00fcr eigene Bilder hat die Zeit leider nicht gereicht, aber Claudia (die sich die Chance auf einen Besuch bei ihrer Bucca Wii nat\u00fcrlich nicht entgehen lie\u00df) hat ein paar Fotos gespendet &#8211; so tolle kriege ich sowieso nicht hin, also vielen lieben Dank! warte doch, Mama! 21.08. Stadtbummel Die Temperaturen der vergangenen Tage &hellip; <a href=\"https:\/\/www.mourioche.de\/?page_id=311\" class=\"more-link\"><span class=\"screen-reader-text\">Blettas B-Wurf 6. Woche<\/span> weiterlesen <span class=\"meta-nav\">&rarr;<\/span><\/a><\/p>\n","protected":false},"author":2,"featured_media":0,"parent":1319,"menu_order":2026,"comment_status":"open","ping_status":"open","template":"","meta":{"footnotes":""},"class_list":["post-311","page","type-page","status-publish","hentry"],"_links":{"self":[{"href":"https:\/\/www.mourioche.de\/index.php?rest_route=\/wp\/v2\/pages\/311","targetHints":{"allow":["GET"]}}],"collection":[{"href":"https:\/\/www.mourioche.de\/index.php?rest_route=\/wp\/v2\/pages"}],"about":[{"href":"https:\/\/www.mourioche.de\/index.php?rest_route=\/wp\/v2\/types\/page"}],"author":[{"embeddable":true,"href":"https:\/\/www.mourioche.de\/index.php?rest_route=\/wp\/v2\/users\/2"}],"replies":[{"embeddable":true,"href":"https:\/\/www.mourioche.de\/index.php?rest_route=%2Fwp%2Fv2%2Fcomments&post=311"}],"version-history":[{"count":0,"href":"https:\/\/www.mourioche.de\/index.php?rest_route=\/wp\/v2\/pages\/311\/revisions"}],"up":[{"embeddable":true,"href":"https:\/\/www.mourioche.de\/index.php?rest_route=\/wp\/v2\/pages\/1319"}],"wp:attachment":[{"href":"https:\/\/www.mourioche.de\/index.php?rest_route=%2Fwp%2Fv2%2Fmedia&parent=311"}],"curies":[{"name":"wp","href":"https:\/\/api.w.org\/{rel}","templated":true}]}}