{"id":38,"date":"2009-07-14T12:00:51","date_gmt":"2009-07-14T10:00:51","guid":{"rendered":"http:\/\/www.mourioche.de\/?page_id=38"},"modified":"2011-02-04T14:15:57","modified_gmt":"2011-02-04T12:15:57","slug":"bletta-de-kliandie","status":"publish","type":"page","link":"https:\/\/www.mourioche.de\/?page_id=38","title":{"rendered":"Bletta de Kliandie"},"content":{"rendered":"<p>Als wir uns f\u00fcr einen vierten Hund entschieden, fiel die Wahl recht schnell auf einen Berger des Pyr\u00e9n\u00e9es. Diese Rasse begeisterte mich schon seit vielen Jahren durch ihre Enerige, Ausdauer und Intelligenz. Wir erhielten die Telefonnummer von Antje und Dietmar Klingelh\u00f6fer, die gerade einen Wurf mit sechs Welpen aufzogen. Schon war ein Besuchstermin vereinbart und kurze Zeit sp\u00e4ter fuhren wir nach Langwedel in der N\u00e4he von Bremen.<br \/>\nDer Besuch \u00fcberzeugte uns v\u00f6llig! Die Welpen waren lebhaft, zutraulich und neugierig, Sare, die Mutter, ohne Scheu und Atorka, die &#8222;Tante&#8220; aus Sares erstem Wurf, wollten wir am Liebsten klauen. Es waren zwei H\u00fcndinnen dabei, eine schwarz und eine harlekin. Die Wahl fiel schnell auf die harlekin-farbige, passenderweise hie\u00df sie Bletta. Das Wort Bletta kommt aus dem Isl\u00e4ndischen und bedeutet &#8222;die mit den Punkten&#8220;. Bletta war eindeutig die Frechste, immer auf Achse, interessiert an allem, was um sie herum vorging &#8211; kurz gesagt, genau so, wie ein Hund sein sollte, der sp\u00e4ter mal Agility machen soll und im Alltag mit einem Kleinkind aufwachsen wird. Wenige Wochen und einige Besuche sp\u00e4ter zog Bletta bei uns ein.<br \/>\nVon Anfang an zog sie durch ihr au\u00dfergew\u00f6hnliches Aussehen und ihre freundliche Art die Blicke auf sich. Sie begleitete mich auf die Agility-Turniere, die ich mit Bonny bestritt, und war nach kurzer Zeit bekannt wie ein bunter Hund &#8211; der sie ja auch ist&#8230; &#8222;Harlekin&#8220; bedeutet beim Berger des Pyr\u00e9n\u00e9es, da\u00df der Hund das Merle-Gen tr\u00e4gt. Dieses Gen bewirkt die partielle Aufhellung der Grundfarbe (in Blettas Fall Schwarz), so da\u00df der Hund quasi gescheckt wird. Bletta hat zudem noch ein blaues Auge, was bei allen gemerlten Hunden vorkommen kann. Hierdurch bekommt sie ein noch verwegeneres Aussehen.<\/p>\n<p>Doch die Optik ist ja nicht alles! Durch Sch\u00f6nheit allein wird man noch nicht zum alltagstauglichen Hund, der sowohl familienfreundlich als auch erfolgreich im Sport ist. Bletta brachte jedoch alle Voraussetzungen mit: immer f\u00fcr jeden Bl\u00f6dsinn zu haben, geht sie mit unseren Kindern durch dick und d\u00fcnn, besonders mit dem J\u00fcngsten spielt sie voller Begeisterung &#8211; stets unter Aufsicht, versteht sich.<\/p>\n<p>Auf dem Hundeplatz ist sie hochkonzentriert, immer begierig, etwas Neues zu lernen und blo\u00df alles richtig zu machen. Die Begleithundepr\u00fcfung haben wir gleich zweimal abgelegt, an zwei aufeinanderfolgenden Tagen. Ein leichtes Spiel f\u00fcr Bletta, da Unterordnung f\u00fcr sie ein witziges Spiel ist.<\/p>\n<p>Seit Juli 2006 starte ich mit ihr auf Agility-Turnieren. Sie zeigt sich triebstark, jedoch stets kontrolliert. Mit ihr zu arbeiten macht unglaublich viel Spa\u00df.<\/p>\n<p>Die unglaubliche Intelligenz und Lernbereitschaft dieser Rasse ist jedoch durchaus eine echte Herausforderung. Langeweile f\u00fchrt zu Frustration und kann sich zum Beispiel dadurch \u00e4u\u00dfern, da\u00df die B\u00fccher im B\u00fcro aus den Regalen geholt und zu Konfetti verarbeitet werden. Spazieren gehen oder Fahrrad fahren ist keine ausreichende Besch\u00e4ftigung! Die Arbeit an Schafen z.B. f\u00fchrt jedoch dazu, da\u00df Bletta sich anschlie\u00dfend zufrieden in ihr K\u00f6rbchen legt.<\/p>\n<p>Bletta ist zwar freundlich zu jedem Fremden, solange er sich ihr nicht in bedrohlicher Art n\u00e4hert, dennoch wird jede Begegnung erst mal lautstark kommentiert. Der Berger des Pyr\u00e9n\u00e9es ist eine gespr\u00e4chige Rasse! Mit fremden Hunde m\u00f6chte sie gerne gleich spielen, sollte das nicht m\u00f6glich sein, gibt sie ihren Unmut kund. Auch in Situationen, die sie nicht gleich einsch\u00e4tzen kann, neigt sie dazu, Hilfe herbeirufen zu wollen. Im Haus ist sie wachsam, ohne sinnlos zu kl\u00e4ffen.<\/p>\n<p>Blettas Pedigree finden Sie <a href=\"https:\/\/www.mourioche.de\/wpmourio\/wp-content\/uploads\/2011\/01\/pdbletta.html\" target=\"_blank\">hier&#8230;<\/a><\/p>\n","protected":false},"excerpt":{"rendered":"<p>Als wir uns f\u00fcr einen vierten Hund entschieden, fiel die Wahl recht schnell auf einen Berger des Pyr\u00e9n\u00e9es. Diese Rasse begeisterte mich schon seit vielen Jahren durch ihre Enerige, Ausdauer und Intelligenz. Wir erhielten die Telefonnummer von Antje und Dietmar Klingelh\u00f6fer, die gerade einen Wurf mit sechs Welpen aufzogen. Schon war ein Besuchstermin vereinbart und &hellip; <a href=\"https:\/\/www.mourioche.de\/?page_id=38\" class=\"more-link\"><span class=\"screen-reader-text\">Bletta de Kliandie<\/span> weiterlesen <span class=\"meta-nav\">&rarr;<\/span><\/a><\/p>\n","protected":false},"author":3,"featured_media":0,"parent":0,"menu_order":1100,"comment_status":"open","ping_status":"open","template":"","meta":{"footnotes":""},"class_list":["post-38","page","type-page","status-publish","hentry"],"_links":{"self":[{"href":"https:\/\/www.mourioche.de\/index.php?rest_route=\/wp\/v2\/pages\/38","targetHints":{"allow":["GET"]}}],"collection":[{"href":"https:\/\/www.mourioche.de\/index.php?rest_route=\/wp\/v2\/pages"}],"about":[{"href":"https:\/\/www.mourioche.de\/index.php?rest_route=\/wp\/v2\/types\/page"}],"author":[{"embeddable":true,"href":"https:\/\/www.mourioche.de\/index.php?rest_route=\/wp\/v2\/users\/3"}],"replies":[{"embeddable":true,"href":"https:\/\/www.mourioche.de\/index.php?rest_route=%2Fwp%2Fv2%2Fcomments&post=38"}],"version-history":[{"count":0,"href":"https:\/\/www.mourioche.de\/index.php?rest_route=\/wp\/v2\/pages\/38\/revisions"}],"wp:attachment":[{"href":"https:\/\/www.mourioche.de\/index.php?rest_route=%2Fwp%2Fv2%2Fmedia&parent=38"}],"curies":[{"name":"wp","href":"https:\/\/api.w.org\/{rel}","templated":true}]}}