{"id":4476,"date":"2012-04-30T21:54:09","date_gmt":"2012-04-30T19:54:09","guid":{"rendered":"http:\/\/www.mourioche.de\/?page_id=4476"},"modified":"2012-05-04T20:13:40","modified_gmt":"2012-05-04T18:13:40","slug":"blettas-d-wurf-1-woche","status":"publish","type":"page","link":"https:\/\/www.mourioche.de\/?page_id=4476","title":{"rendered":"Blettas D-Wurf 1. Woche"},"content":{"rendered":"<p style=\"text-align: center;\"><strong>04.05.2012<\/strong><\/p>\n<p style=\"text-align: left;\"><strong><\/strong>Laurin, der &#8222;Wiegebauftragte&#8220; \ud83d\ude09<\/p>\n<p style=\"text-align: center;\"><a href=\"https:\/\/www.mourioche.de\/wpmourio\/wp-content\/uploads\/2012\/04\/wiegt1.jpg\"><img loading=\"lazy\" decoding=\"async\" class=\"aligncenter size-medium wp-image-4504\" title=\"wiegt1\" src=\"https:\/\/www.mourioche.de\/wpmourio\/wp-content\/uploads\/2012\/04\/wiegt1-300x199.jpg\" alt=\"\" width=\"300\" height=\"199\" srcset=\"https:\/\/www.mourioche.de\/wpmourio\/wp-content\/uploads\/2012\/04\/wiegt1-300x199.jpg 300w, https:\/\/www.mourioche.de\/wpmourio\/wp-content\/uploads\/2012\/04\/wiegt1-150x99.jpg 150w, https:\/\/www.mourioche.de\/wpmourio\/wp-content\/uploads\/2012\/04\/wiegt1-400x266.jpg 400w, https:\/\/www.mourioche.de\/wpmourio\/wp-content\/uploads\/2012\/04\/wiegt1.jpg 800w\" sizes=\"auto, (max-width: 300px) 100vw, 300px\" \/><\/a><\/p>\n<p style=\"text-align: center;\">ganz behutsam setzt er die D\u00b4s auf die Waage<\/p>\n<p style=\"text-align: center;\"><a href=\"https:\/\/www.mourioche.de\/wpmourio\/wp-content\/uploads\/2012\/04\/kuschelt1.jpg\"><img loading=\"lazy\" decoding=\"async\" class=\"aligncenter size-medium wp-image-4505\" title=\"kuschelt1\" src=\"https:\/\/www.mourioche.de\/wpmourio\/wp-content\/uploads\/2012\/04\/kuschelt1-300x199.jpg\" alt=\"\" width=\"300\" height=\"199\" srcset=\"https:\/\/www.mourioche.de\/wpmourio\/wp-content\/uploads\/2012\/04\/kuschelt1-300x199.jpg 300w, https:\/\/www.mourioche.de\/wpmourio\/wp-content\/uploads\/2012\/04\/kuschelt1-150x99.jpg 150w, https:\/\/www.mourioche.de\/wpmourio\/wp-content\/uploads\/2012\/04\/kuschelt1-400x266.jpg 400w, https:\/\/www.mourioche.de\/wpmourio\/wp-content\/uploads\/2012\/04\/kuschelt1.jpg 800w\" sizes=\"auto, (max-width: 300px) 100vw, 300px\" \/><\/a><\/p>\n<p style=\"text-align: center;\">anschlie\u00dfend wird ausgiebig gekuschelt&#8230;<\/p>\n<p style=\"text-align: center;\"><a href=\"https:\/\/www.mourioche.de\/wpmourio\/wp-content\/uploads\/2012\/04\/kuschelt2.jpg\"><img loading=\"lazy\" decoding=\"async\" class=\"aligncenter size-medium wp-image-4506\" title=\"kuschelt2\" src=\"https:\/\/www.mourioche.de\/wpmourio\/wp-content\/uploads\/2012\/04\/kuschelt2-200x300.jpg\" alt=\"\" width=\"200\" height=\"300\" srcset=\"https:\/\/www.mourioche.de\/wpmourio\/wp-content\/uploads\/2012\/04\/kuschelt2-200x300.jpg 200w, https:\/\/www.mourioche.de\/wpmourio\/wp-content\/uploads\/2012\/04\/kuschelt2-682x1024.jpg 682w, https:\/\/www.mourioche.de\/wpmourio\/wp-content\/uploads\/2012\/04\/kuschelt2-100x150.jpg 100w, https:\/\/www.mourioche.de\/wpmourio\/wp-content\/uploads\/2012\/04\/kuschelt2-400x600.jpg 400w, https:\/\/www.mourioche.de\/wpmourio\/wp-content\/uploads\/2012\/04\/kuschelt2.jpg 800w\" sizes=\"auto, (max-width: 200px) 100vw, 200px\" \/><\/a><\/p>\n<p style=\"text-align: center;\">&#8230;danach noch ein bisschen gekuschelt&#8230;<\/p>\n<p style=\"text-align: center;\"><a href=\"https:\/\/www.mourioche.de\/wpmourio\/wp-content\/uploads\/2012\/04\/kuschelt3.jpg\"><img loading=\"lazy\" decoding=\"async\" class=\"aligncenter size-medium wp-image-4507\" title=\"kuschelt3\" src=\"https:\/\/www.mourioche.de\/wpmourio\/wp-content\/uploads\/2012\/04\/kuschelt3-300x199.jpg\" alt=\"\" width=\"300\" height=\"199\" srcset=\"https:\/\/www.mourioche.de\/wpmourio\/wp-content\/uploads\/2012\/04\/kuschelt3-300x199.jpg 300w, https:\/\/www.mourioche.de\/wpmourio\/wp-content\/uploads\/2012\/04\/kuschelt3-150x99.jpg 150w, https:\/\/www.mourioche.de\/wpmourio\/wp-content\/uploads\/2012\/04\/kuschelt3-400x266.jpg 400w, https:\/\/www.mourioche.de\/wpmourio\/wp-content\/uploads\/2012\/04\/kuschelt3.jpg 800w\" sizes=\"auto, (max-width: 300px) 100vw, 300px\" \/><\/a><\/p>\n<p style=\"text-align: center;\">&#8230;und weil\u00b4s so sch\u00f6n ist, kuscheln sie dann noch ein bisschen&#8230;<\/p>\n<p style=\"text-align: center;\"><a href=\"https:\/\/www.mourioche.de\/wpmourio\/wp-content\/uploads\/2012\/04\/kopf1.jpg\"><img loading=\"lazy\" decoding=\"async\" class=\"aligncenter size-medium wp-image-4508\" title=\"kopf1\" src=\"https:\/\/www.mourioche.de\/wpmourio\/wp-content\/uploads\/2012\/04\/kopf1-300x199.jpg\" alt=\"\" width=\"300\" height=\"199\" srcset=\"https:\/\/www.mourioche.de\/wpmourio\/wp-content\/uploads\/2012\/04\/kopf1-300x199.jpg 300w, https:\/\/www.mourioche.de\/wpmourio\/wp-content\/uploads\/2012\/04\/kopf1-150x99.jpg 150w, https:\/\/www.mourioche.de\/wpmourio\/wp-content\/uploads\/2012\/04\/kopf1-400x266.jpg 400w, https:\/\/www.mourioche.de\/wpmourio\/wp-content\/uploads\/2012\/04\/kopf1.jpg 800w\" sizes=\"auto, (max-width: 300px) 100vw, 300px\" \/><\/a><\/p>\n<p style=\"text-align: center;\">tja, und was soll ich sagen &#8211; sieht aus, als ob sie immer noch kuscheln<\/p>\n<p style=\"text-align: center;\"><a href=\"https:\/\/www.mourioche.de\/wpmourio\/wp-content\/uploads\/2012\/04\/laurin1.jpg\"><img loading=\"lazy\" decoding=\"async\" class=\"aligncenter size-medium wp-image-4509\" title=\"laurin1\" src=\"https:\/\/www.mourioche.de\/wpmourio\/wp-content\/uploads\/2012\/04\/laurin1-300x199.jpg\" alt=\"\" width=\"300\" height=\"199\" srcset=\"https:\/\/www.mourioche.de\/wpmourio\/wp-content\/uploads\/2012\/04\/laurin1-300x199.jpg 300w, https:\/\/www.mourioche.de\/wpmourio\/wp-content\/uploads\/2012\/04\/laurin1-150x99.jpg 150w, https:\/\/www.mourioche.de\/wpmourio\/wp-content\/uploads\/2012\/04\/laurin1-400x266.jpg 400w, https:\/\/www.mourioche.de\/wpmourio\/wp-content\/uploads\/2012\/04\/laurin1.jpg 800w\" sizes=\"auto, (max-width: 300px) 100vw, 300px\" \/><\/a><\/p>\n<p style=\"text-align: center;\">irgendwann m\u00fcssen aber doch alle wieder zur\u00fcck zur Mama und dann geht\u00b4s gleich an die Theke<\/p>\n<p style=\"text-align: center;\"><a href=\"https:\/\/www.mourioche.de\/wpmourio\/wp-content\/uploads\/2012\/04\/laurin2.jpg\"><img loading=\"lazy\" decoding=\"async\" class=\"aligncenter size-medium wp-image-4510\" title=\"laurin2\" src=\"https:\/\/www.mourioche.de\/wpmourio\/wp-content\/uploads\/2012\/04\/laurin2-300x199.jpg\" alt=\"\" width=\"300\" height=\"199\" srcset=\"https:\/\/www.mourioche.de\/wpmourio\/wp-content\/uploads\/2012\/04\/laurin2-300x199.jpg 300w, https:\/\/www.mourioche.de\/wpmourio\/wp-content\/uploads\/2012\/04\/laurin2-150x99.jpg 150w, https:\/\/www.mourioche.de\/wpmourio\/wp-content\/uploads\/2012\/04\/laurin2-400x266.jpg 400w, https:\/\/www.mourioche.de\/wpmourio\/wp-content\/uploads\/2012\/04\/laurin2.jpg 800w\" sizes=\"auto, (max-width: 300px) 100vw, 300px\" \/><\/a><\/p>\n<p style=\"text-align: center;\">noch alles dran?<\/p>\n<p style=\"text-align: center;\"><a href=\"https:\/\/www.mourioche.de\/wpmourio\/wp-content\/uploads\/2012\/04\/philine12.jpg\"><img loading=\"lazy\" decoding=\"async\" class=\"aligncenter size-medium wp-image-4511\" title=\"philine1\" src=\"https:\/\/www.mourioche.de\/wpmourio\/wp-content\/uploads\/2012\/04\/philine12-300x199.jpg\" alt=\"\" width=\"300\" height=\"199\" srcset=\"https:\/\/www.mourioche.de\/wpmourio\/wp-content\/uploads\/2012\/04\/philine12-300x199.jpg 300w, https:\/\/www.mourioche.de\/wpmourio\/wp-content\/uploads\/2012\/04\/philine12-150x99.jpg 150w, https:\/\/www.mourioche.de\/wpmourio\/wp-content\/uploads\/2012\/04\/philine12-400x266.jpg 400w, https:\/\/www.mourioche.de\/wpmourio\/wp-content\/uploads\/2012\/04\/philine12.jpg 800w\" sizes=\"auto, (max-width: 300px) 100vw, 300px\" \/><\/a><\/p>\n<p style=\"text-align: center;\">Philine w\u00fcrde auch gerne rein&#8230;<\/p>\n<p style=\"text-align: center;\"><a href=\"https:\/\/www.mourioche.de\/wpmourio\/wp-content\/uploads\/2012\/04\/philine21.jpg\"><img loading=\"lazy\" decoding=\"async\" class=\"aligncenter size-medium wp-image-4512\" title=\"philine2\" src=\"https:\/\/www.mourioche.de\/wpmourio\/wp-content\/uploads\/2012\/04\/philine21-200x300.jpg\" alt=\"\" width=\"200\" height=\"300\" srcset=\"https:\/\/www.mourioche.de\/wpmourio\/wp-content\/uploads\/2012\/04\/philine21-200x300.jpg 200w, https:\/\/www.mourioche.de\/wpmourio\/wp-content\/uploads\/2012\/04\/philine21-682x1024.jpg 682w, https:\/\/www.mourioche.de\/wpmourio\/wp-content\/uploads\/2012\/04\/philine21-100x150.jpg 100w, https:\/\/www.mourioche.de\/wpmourio\/wp-content\/uploads\/2012\/04\/philine21-400x600.jpg 400w, https:\/\/www.mourioche.de\/wpmourio\/wp-content\/uploads\/2012\/04\/philine21.jpg 800w\" sizes=\"auto, (max-width: 200px) 100vw, 200px\" \/><\/a><\/p>\n<p style=\"text-align: center;\">&#8230;muss sich aber zur Zeit noch mit &#8222;Welpen-TV&#8220; begn\u00fcgen<\/p>\n<p style=\"text-align: center;\">\n<p style=\"text-align: center;\"><strong>03.05.2012\u00a0<\/strong><\/p>\n<p style=\"text-align: center;\"><a href=\"https:\/\/www.mourioche.de\/wpmourio\/wp-content\/uploads\/2012\/04\/dain1.jpg\"><img loading=\"lazy\" decoding=\"async\" class=\"aligncenter size-medium wp-image-4496\" title=\"dain1\" src=\"https:\/\/www.mourioche.de\/wpmourio\/wp-content\/uploads\/2012\/04\/dain1-300x199.jpg\" alt=\"\" width=\"300\" height=\"199\" srcset=\"https:\/\/www.mourioche.de\/wpmourio\/wp-content\/uploads\/2012\/04\/dain1-300x199.jpg 300w, https:\/\/www.mourioche.de\/wpmourio\/wp-content\/uploads\/2012\/04\/dain1-150x99.jpg 150w, https:\/\/www.mourioche.de\/wpmourio\/wp-content\/uploads\/2012\/04\/dain1-400x266.jpg 400w, https:\/\/www.mourioche.de\/wpmourio\/wp-content\/uploads\/2012\/04\/dain1.jpg 800w\" sizes=\"auto, (max-width: 300px) 100vw, 300px\" \/><\/a><\/p>\n<p style=\"text-align: center;\">D\u00e1in du Mourioche<\/p>\n<p style=\"text-align: center;\"><a href=\"https:\/\/www.mourioche.de\/wpmourio\/wp-content\/uploads\/2012\/04\/haengt.jpg\"><img loading=\"lazy\" decoding=\"async\" class=\"aligncenter size-medium wp-image-4497\" title=\"haengt\" src=\"https:\/\/www.mourioche.de\/wpmourio\/wp-content\/uploads\/2012\/04\/haengt-300x249.jpg\" alt=\"\" width=\"300\" height=\"249\" srcset=\"https:\/\/www.mourioche.de\/wpmourio\/wp-content\/uploads\/2012\/04\/haengt-300x249.jpg 300w, https:\/\/www.mourioche.de\/wpmourio\/wp-content\/uploads\/2012\/04\/haengt-150x124.jpg 150w, https:\/\/www.mourioche.de\/wpmourio\/wp-content\/uploads\/2012\/04\/haengt-400x332.jpg 400w, https:\/\/www.mourioche.de\/wpmourio\/wp-content\/uploads\/2012\/04\/haengt.jpg 800w\" sizes=\"auto, (max-width: 300px) 100vw, 300px\" \/><\/a><\/p>\n<p style=\"text-align: center;\">Dr\u00fb du Mourioche &#8211; einfach mal abh\u00e4ngen \ud83d\ude09<\/p>\n<p style=\"text-align: center;\"><a href=\"https:\/\/www.mourioche.de\/wpmourio\/wp-content\/uploads\/2012\/04\/zwei1.jpg\"><img loading=\"lazy\" decoding=\"async\" class=\"aligncenter size-medium wp-image-4498\" title=\"zwei1\" src=\"https:\/\/www.mourioche.de\/wpmourio\/wp-content\/uploads\/2012\/04\/zwei1-300x199.jpg\" alt=\"\" width=\"300\" height=\"199\" srcset=\"https:\/\/www.mourioche.de\/wpmourio\/wp-content\/uploads\/2012\/04\/zwei1-300x199.jpg 300w, https:\/\/www.mourioche.de\/wpmourio\/wp-content\/uploads\/2012\/04\/zwei1-150x99.jpg 150w, https:\/\/www.mourioche.de\/wpmourio\/wp-content\/uploads\/2012\/04\/zwei1-400x266.jpg 400w, https:\/\/www.mourioche.de\/wpmourio\/wp-content\/uploads\/2012\/04\/zwei1.jpg 800w\" sizes=\"auto, (max-width: 300px) 100vw, 300px\" \/><\/a><\/p>\n<p style=\"text-align: center;\">D\u00e1in (unten) und Durin (oben) du Mourioche bei ihrer Lieblingsbesch\u00e4ftigung<\/p>\n<p style=\"text-align: center;\"><strong>02.05.2012<\/strong><\/p>\n<p style=\"text-align: left;\"><strong><\/strong>Unsere Boy Group gewinnt zusehends an Dynamik, jeden Tag wird die Milchbar zielstrebiger aufgesucht. Bletta verl\u00e4sst ihre M\u00e4nnlein nach wie vor nur sehr widerstrebend und nur, wenn\u00b4s unbedingt sein muss. Wir genie\u00dfen es, die Kleinen zu kuscheln und den unvergleichlichen Welpenduft zu &#8222;inhalieren&#8220;. Laurin ist stolz darauf, die Kleinen t\u00e4glich wiegen zu d\u00fcrfen (unter strenger Aufsicht versteht sich!) und erf\u00fcllt diese Aufgabe absolut gewissenhaft und sorgf\u00e4ltig.<\/p>\n<p style=\"text-align: center;\"><a href=\"https:\/\/www.mourioche.de\/wpmourio\/wp-content\/uploads\/2012\/04\/alle1.jpg\"><img loading=\"lazy\" decoding=\"async\" class=\"aligncenter size-medium wp-image-4490\" title=\"alle1\" src=\"https:\/\/www.mourioche.de\/wpmourio\/wp-content\/uploads\/2012\/04\/alle1-300x199.jpg\" alt=\"\" width=\"300\" height=\"199\" srcset=\"https:\/\/www.mourioche.de\/wpmourio\/wp-content\/uploads\/2012\/04\/alle1-300x199.jpg 300w, https:\/\/www.mourioche.de\/wpmourio\/wp-content\/uploads\/2012\/04\/alle1-150x99.jpg 150w, https:\/\/www.mourioche.de\/wpmourio\/wp-content\/uploads\/2012\/04\/alle1-400x266.jpg 400w, https:\/\/www.mourioche.de\/wpmourio\/wp-content\/uploads\/2012\/04\/alle1.jpg 800w\" sizes=\"auto, (max-width: 300px) 100vw, 300px\" \/><\/a><\/p>\n<p style=\"text-align: center;\">Bletta und ihre Jungs<\/p>\n<p style=\"text-align: center;\"><a href=\"https:\/\/www.mourioche.de\/wpmourio\/wp-content\/uploads\/2012\/04\/kopf.jpg\"><img loading=\"lazy\" decoding=\"async\" class=\"aligncenter size-medium wp-image-4494\" title=\"kopf\" src=\"https:\/\/www.mourioche.de\/wpmourio\/wp-content\/uploads\/2012\/04\/kopf-300x199.jpg\" alt=\"\" width=\"300\" height=\"199\" srcset=\"https:\/\/www.mourioche.de\/wpmourio\/wp-content\/uploads\/2012\/04\/kopf-300x199.jpg 300w, https:\/\/www.mourioche.de\/wpmourio\/wp-content\/uploads\/2012\/04\/kopf-150x99.jpg 150w, https:\/\/www.mourioche.de\/wpmourio\/wp-content\/uploads\/2012\/04\/kopf-400x266.jpg 400w, https:\/\/www.mourioche.de\/wpmourio\/wp-content\/uploads\/2012\/04\/kopf.jpg 800w\" sizes=\"auto, (max-width: 300px) 100vw, 300px\" \/><\/a><\/p>\n<p style=\"text-align: center;\">im Tiefschlaf<\/p>\n<p style=\"text-align: center;\"><a href=\"https:\/\/www.mourioche.de\/wpmourio\/wp-content\/uploads\/2012\/04\/drei11.jpg\"><img loading=\"lazy\" decoding=\"async\" class=\"aligncenter size-medium wp-image-4493\" title=\"drei1\" src=\"https:\/\/www.mourioche.de\/wpmourio\/wp-content\/uploads\/2012\/04\/drei11-300x199.jpg\" alt=\"\" width=\"300\" height=\"199\" srcset=\"https:\/\/www.mourioche.de\/wpmourio\/wp-content\/uploads\/2012\/04\/drei11-300x199.jpg 300w, https:\/\/www.mourioche.de\/wpmourio\/wp-content\/uploads\/2012\/04\/drei11-150x99.jpg 150w, https:\/\/www.mourioche.de\/wpmourio\/wp-content\/uploads\/2012\/04\/drei11-400x266.jpg 400w, https:\/\/www.mourioche.de\/wpmourio\/wp-content\/uploads\/2012\/04\/drei11.jpg 800w\" sizes=\"auto, (max-width: 300px) 100vw, 300px\" \/><\/a><\/p>\n<p style=\"text-align: center;\">von links: Durin, Dr\u00fb und D\u00e1in du Mourioche<\/p>\n<p style=\"text-align: center;\"><a href=\"https:\/\/www.mourioche.de\/wpmourio\/wp-content\/uploads\/2012\/04\/bletta12.jpg\"><img loading=\"lazy\" decoding=\"async\" class=\"aligncenter size-medium wp-image-4492\" title=\"bletta1\" src=\"https:\/\/www.mourioche.de\/wpmourio\/wp-content\/uploads\/2012\/04\/bletta12-230x300.jpg\" alt=\"\" width=\"230\" height=\"300\" srcset=\"https:\/\/www.mourioche.de\/wpmourio\/wp-content\/uploads\/2012\/04\/bletta12-230x300.jpg 230w, https:\/\/www.mourioche.de\/wpmourio\/wp-content\/uploads\/2012\/04\/bletta12-786x1024.jpg 786w, https:\/\/www.mourioche.de\/wpmourio\/wp-content\/uploads\/2012\/04\/bletta12-115x150.jpg 115w, https:\/\/www.mourioche.de\/wpmourio\/wp-content\/uploads\/2012\/04\/bletta12-400x520.jpg 400w, https:\/\/www.mourioche.de\/wpmourio\/wp-content\/uploads\/2012\/04\/bletta12.jpg 800w\" sizes=\"auto, (max-width: 230px) 100vw, 230px\" \/><\/a><\/p>\n<p style=\"text-align: center;\">ohne Worte&#8230;<\/p>\n<p style=\"text-align: center;\"><a href=\"https:\/\/www.mourioche.de\/wpmourio\/wp-content\/uploads\/2012\/04\/schwarz12.jpg\"><img loading=\"lazy\" decoding=\"async\" class=\"aligncenter size-medium wp-image-4491\" title=\"schwarz1\" src=\"https:\/\/www.mourioche.de\/wpmourio\/wp-content\/uploads\/2012\/04\/schwarz12-300x199.jpg\" alt=\"\" width=\"300\" height=\"199\" srcset=\"https:\/\/www.mourioche.de\/wpmourio\/wp-content\/uploads\/2012\/04\/schwarz12-300x199.jpg 300w, https:\/\/www.mourioche.de\/wpmourio\/wp-content\/uploads\/2012\/04\/schwarz12-150x99.jpg 150w, https:\/\/www.mourioche.de\/wpmourio\/wp-content\/uploads\/2012\/04\/schwarz12-400x266.jpg 400w, https:\/\/www.mourioche.de\/wpmourio\/wp-content\/uploads\/2012\/04\/schwarz12.jpg 800w\" sizes=\"auto, (max-width: 300px) 100vw, 300px\" \/><\/a><\/p>\n<p style=\"text-align: center;\">eine Bletta-Beinl\u00e4nge<\/p>\n<p style=\"text-align: center;\"><strong>30.04.2012<\/strong><\/p>\n<p style=\"text-align: left;\"><strong><\/strong>Unsere Jungs haben schon ordentlich zugenommen, von Gewichtsverlust in den ersten 24 Stunden keine Spur. Noch besteht ihr Leben aus essen, schlafen und ges\u00e4ubert werden. Wenn etwas aber nicht zu ihrer Zufriedenheit l\u00e4uft, k\u00f6nnen sie ihren Unmut durchaus schon lautstark kund tun &#8211; dann kommt sofort Mama und richtet alles wieder. Bletta entfernt sich zur Zeit so gut wie gar nicht von ihren Kleinen, nur wenn es unbedingt sein muss, verl\u00e4sst sie sie f\u00fcr wenige Sekunden. Essen und Trinken wird ihr in der Wurfkiste serviert, zum L\u00f6sen muss sie allerdings doch nach drau\u00dfen \ud83d\ude09<\/p>\n<p style=\"text-align: center;\"><a href=\"https:\/\/www.mourioche.de\/wpmourio\/wp-content\/uploads\/2012\/04\/1.jpg\"><img loading=\"lazy\" decoding=\"async\" class=\"aligncenter size-medium wp-image-4483\" title=\"1\" src=\"https:\/\/www.mourioche.de\/wpmourio\/wp-content\/uploads\/2012\/04\/1-300x199.jpg\" alt=\"\" width=\"300\" height=\"199\" srcset=\"https:\/\/www.mourioche.de\/wpmourio\/wp-content\/uploads\/2012\/04\/1-300x199.jpg 300w, https:\/\/www.mourioche.de\/wpmourio\/wp-content\/uploads\/2012\/04\/1-150x99.jpg 150w, https:\/\/www.mourioche.de\/wpmourio\/wp-content\/uploads\/2012\/04\/1-400x266.jpg 400w, https:\/\/www.mourioche.de\/wpmourio\/wp-content\/uploads\/2012\/04\/1.jpg 800w\" sizes=\"auto, (max-width: 300px) 100vw, 300px\" \/><\/a><\/p>\n<p style=\"text-align: center;\"><a href=\"https:\/\/www.mourioche.de\/wpmourio\/wp-content\/uploads\/2012\/04\/2.jpg\"><img loading=\"lazy\" decoding=\"async\" class=\"aligncenter size-medium wp-image-4484\" title=\"2\" src=\"https:\/\/www.mourioche.de\/wpmourio\/wp-content\/uploads\/2012\/04\/2-300x199.jpg\" alt=\"\" width=\"300\" height=\"199\" srcset=\"https:\/\/www.mourioche.de\/wpmourio\/wp-content\/uploads\/2012\/04\/2-300x199.jpg 300w, https:\/\/www.mourioche.de\/wpmourio\/wp-content\/uploads\/2012\/04\/2-150x99.jpg 150w, https:\/\/www.mourioche.de\/wpmourio\/wp-content\/uploads\/2012\/04\/2-400x266.jpg 400w, https:\/\/www.mourioche.de\/wpmourio\/wp-content\/uploads\/2012\/04\/2.jpg 800w\" sizes=\"auto, (max-width: 300px) 100vw, 300px\" \/><\/a><\/p>\n<p style=\"text-align: center;\"><strong>29.04.2012<\/strong><\/p>\n<p style=\"text-align: center;\">Willkommen!<\/p>\n<p style=\"text-align: center;\"><a href=\"https:\/\/www.mourioche.de\/wpmourio\/wp-content\/uploads\/2012\/04\/dru21.jpg\"><img loading=\"lazy\" decoding=\"async\" class=\"aligncenter size-medium wp-image-4480\" title=\"dru2\" src=\"https:\/\/www.mourioche.de\/wpmourio\/wp-content\/uploads\/2012\/04\/dru21-300x183.jpg\" alt=\"\" width=\"300\" height=\"183\" srcset=\"https:\/\/www.mourioche.de\/wpmourio\/wp-content\/uploads\/2012\/04\/dru21-300x183.jpg 300w, https:\/\/www.mourioche.de\/wpmourio\/wp-content\/uploads\/2012\/04\/dru21-150x91.jpg 150w, https:\/\/www.mourioche.de\/wpmourio\/wp-content\/uploads\/2012\/04\/dru21-400x245.jpg 400w, https:\/\/www.mourioche.de\/wpmourio\/wp-content\/uploads\/2012\/04\/dru21.jpg 800w\" sizes=\"auto, (max-width: 300px) 100vw, 300px\" \/><\/a><\/p>\n<p style=\"text-align: center;\">Dr\u00fb du Mourioche<\/p>\n<p style=\"text-align: center;\"><a href=\"https:\/\/www.mourioche.de\/wpmourio\/wp-content\/uploads\/2012\/04\/d\u00fbrin12.jpg\"><img loading=\"lazy\" decoding=\"async\" class=\"aligncenter size-medium wp-image-4481\" title=\"d\u00fbrin1\" src=\"https:\/\/www.mourioche.de\/wpmourio\/wp-content\/uploads\/2012\/04\/d\u00fbrin12-300x199.jpg\" alt=\"\" width=\"300\" height=\"199\" srcset=\"https:\/\/www.mourioche.de\/wpmourio\/wp-content\/uploads\/2012\/04\/d\u00fbrin12-300x199.jpg 300w, https:\/\/www.mourioche.de\/wpmourio\/wp-content\/uploads\/2012\/04\/d\u00fbrin12-150x99.jpg 150w, https:\/\/www.mourioche.de\/wpmourio\/wp-content\/uploads\/2012\/04\/d\u00fbrin12-400x266.jpg 400w, https:\/\/www.mourioche.de\/wpmourio\/wp-content\/uploads\/2012\/04\/d\u00fbrin12.jpg 800w\" sizes=\"auto, (max-width: 300px) 100vw, 300px\" \/><\/a><\/p>\n<p style=\"text-align: center;\">Durin du Mourioche<\/p>\n<p style=\"text-align: center;\"><a href=\"https:\/\/www.mourioche.de\/wpmourio\/wp-content\/uploads\/2012\/04\/D\u00e2in12.jpg\"><img loading=\"lazy\" decoding=\"async\" class=\"aligncenter size-medium wp-image-4482\" title=\"D\u00e2in1\" src=\"https:\/\/www.mourioche.de\/wpmourio\/wp-content\/uploads\/2012\/04\/D\u00e2in12-300x199.jpg\" alt=\"\" width=\"300\" height=\"199\" srcset=\"https:\/\/www.mourioche.de\/wpmourio\/wp-content\/uploads\/2012\/04\/D\u00e2in12-300x199.jpg 300w, https:\/\/www.mourioche.de\/wpmourio\/wp-content\/uploads\/2012\/04\/D\u00e2in12-150x99.jpg 150w, https:\/\/www.mourioche.de\/wpmourio\/wp-content\/uploads\/2012\/04\/D\u00e2in12-400x266.jpg 400w, https:\/\/www.mourioche.de\/wpmourio\/wp-content\/uploads\/2012\/04\/D\u00e2in12.jpg 800w\" sizes=\"auto, (max-width: 300px) 100vw, 300px\" \/><\/a><\/p>\n<p style=\"text-align: center;\">D\u00e1in du Mourioche<\/p>\n<p>p style=&#8220;text-align: center;&#8220;<\/p>\n<p>strong<\/p>\n","protected":false},"excerpt":{"rendered":"<p>04.05.2012 Laurin, der &#8222;Wiegebauftragte&#8220; \ud83d\ude09 ganz behutsam setzt er die D\u00b4s auf die Waage anschlie\u00dfend wird ausgiebig gekuschelt&#8230; &#8230;danach noch ein bisschen gekuschelt&#8230; &#8230;und weil\u00b4s so sch\u00f6n ist, kuscheln sie dann noch ein bisschen&#8230; tja, und was soll ich sagen &#8211; sieht aus, als ob sie immer noch kuscheln irgendwann m\u00fcssen aber doch alle wieder &hellip; <a href=\"https:\/\/www.mourioche.de\/?page_id=4476\" class=\"more-link\"><span class=\"screen-reader-text\">Blettas D-Wurf 1. Woche<\/span> weiterlesen <span class=\"meta-nav\">&rarr;<\/span><\/a><\/p>\n","protected":false},"author":3,"featured_media":0,"parent":4470,"menu_order":2041,"comment_status":"open","ping_status":"open","template":"","meta":{"footnotes":""},"class_list":["post-4476","page","type-page","status-publish","hentry"],"_links":{"self":[{"href":"https:\/\/www.mourioche.de\/index.php?rest_route=\/wp\/v2\/pages\/4476","targetHints":{"allow":["GET"]}}],"collection":[{"href":"https:\/\/www.mourioche.de\/index.php?rest_route=\/wp\/v2\/pages"}],"about":[{"href":"https:\/\/www.mourioche.de\/index.php?rest_route=\/wp\/v2\/types\/page"}],"author":[{"embeddable":true,"href":"https:\/\/www.mourioche.de\/index.php?rest_route=\/wp\/v2\/users\/3"}],"replies":[{"embeddable":true,"href":"https:\/\/www.mourioche.de\/index.php?rest_route=%2Fwp%2Fv2%2Fcomments&post=4476"}],"version-history":[{"count":0,"href":"https:\/\/www.mourioche.de\/index.php?rest_route=\/wp\/v2\/pages\/4476\/revisions"}],"up":[{"embeddable":true,"href":"https:\/\/www.mourioche.de\/index.php?rest_route=\/wp\/v2\/pages\/4470"}],"wp:attachment":[{"href":"https:\/\/www.mourioche.de\/index.php?rest_route=%2Fwp%2Fv2%2Fmedia&parent=4476"}],"curies":[{"name":"wp","href":"https:\/\/api.w.org\/{rel}","templated":true}]}}