{"id":4567,"date":"2012-05-14T20:18:47","date_gmt":"2012-05-14T18:18:47","guid":{"rendered":"http:\/\/www.mourioche.de\/?page_id=4567"},"modified":"2012-05-17T21:37:55","modified_gmt":"2012-05-17T19:37:55","slug":"blettas-d-wurf-3-woche","status":"publish","type":"page","link":"https:\/\/www.mourioche.de\/?page_id=4567","title":{"rendered":"Blettas D-Wurf 3. Woche"},"content":{"rendered":"<p style=\"text-align: center;\"><strong>17.05.2012<\/strong><\/p>\n<p style=\"text-align: left;\"><strong><\/strong>Es geht rasant voran: Die Wurkiste ist nun ge\u00f6ffnet und die Kleinen k\u00f6nnen den Auslauf erobern, beschr\u00e4nken sich aber zur Zeit noch auf die unmittelbare Umgebung vor dem Eingang. Das wird sich in den n\u00e4chsten Tagen rasch \u00e4ndern! Das n\u00fctzliche &#8222;Innenklo&#8220; ist auch eingerichtet und wann immer wir mitbekommen, dass die Jungs aufwachen oder gerade getrunken haben, setzen wir sie auf den Mulch. So lernen sie von Anfang an, sich dort zu l\u00f6sen &#8211; das wird uns sp\u00e4ter die Arbeit enorm erleichtern und die sp\u00e4teren Besitzer werden hoffentlich auch dieses Mal feststellen, dass Stubenreinheit keine Zauberei ist \ud83d\ude09<\/p>\n<p style=\"text-align: center;\"><a href=\"https:\/\/www.mourioche.de\/wpmourio\/wp-content\/uploads\/2012\/05\/dain13.jpg\"><img loading=\"lazy\" decoding=\"async\" class=\"aligncenter size-medium wp-image-4581\" title=\"dain1\" src=\"https:\/\/www.mourioche.de\/wpmourio\/wp-content\/uploads\/2012\/05\/dain13-300x199.jpg\" alt=\"\" width=\"300\" height=\"199\" srcset=\"https:\/\/www.mourioche.de\/wpmourio\/wp-content\/uploads\/2012\/05\/dain13-300x199.jpg 300w, https:\/\/www.mourioche.de\/wpmourio\/wp-content\/uploads\/2012\/05\/dain13-150x99.jpg 150w, https:\/\/www.mourioche.de\/wpmourio\/wp-content\/uploads\/2012\/05\/dain13-400x266.jpg 400w, https:\/\/www.mourioche.de\/wpmourio\/wp-content\/uploads\/2012\/05\/dain13.jpg 800w\" sizes=\"auto, (max-width: 300px) 100vw, 300px\" \/><\/a><\/p>\n<p style=\"text-align: center;\">D\u00e1in<\/p>\n<p style=\"text-align: center;\"><a href=\"https:\/\/www.mourioche.de\/wpmourio\/wp-content\/uploads\/2012\/05\/durin13.jpg\"><img loading=\"lazy\" decoding=\"async\" class=\"aligncenter size-medium wp-image-4582\" title=\"durin1\" src=\"https:\/\/www.mourioche.de\/wpmourio\/wp-content\/uploads\/2012\/05\/durin13-300x288.jpg\" alt=\"\" width=\"300\" height=\"288\" srcset=\"https:\/\/www.mourioche.de\/wpmourio\/wp-content\/uploads\/2012\/05\/durin13-300x288.jpg 300w, https:\/\/www.mourioche.de\/wpmourio\/wp-content\/uploads\/2012\/05\/durin13-150x144.jpg 150w, https:\/\/www.mourioche.de\/wpmourio\/wp-content\/uploads\/2012\/05\/durin13-400x385.jpg 400w, https:\/\/www.mourioche.de\/wpmourio\/wp-content\/uploads\/2012\/05\/durin13.jpg 800w\" sizes=\"auto, (max-width: 300px) 100vw, 300px\" \/><\/a><\/p>\n<p style=\"text-align: center;\">Durin<\/p>\n<p style=\"text-align: center;\"><a href=\"https:\/\/www.mourioche.de\/wpmourio\/wp-content\/uploads\/2012\/05\/dru13.jpg\"><img loading=\"lazy\" decoding=\"async\" class=\"aligncenter size-medium wp-image-4583\" title=\"dru1\" src=\"https:\/\/www.mourioche.de\/wpmourio\/wp-content\/uploads\/2012\/05\/dru13-300x199.jpg\" alt=\"\" width=\"300\" height=\"199\" srcset=\"https:\/\/www.mourioche.de\/wpmourio\/wp-content\/uploads\/2012\/05\/dru13-300x199.jpg 300w, https:\/\/www.mourioche.de\/wpmourio\/wp-content\/uploads\/2012\/05\/dru13-150x99.jpg 150w, https:\/\/www.mourioche.de\/wpmourio\/wp-content\/uploads\/2012\/05\/dru13-400x266.jpg 400w, https:\/\/www.mourioche.de\/wpmourio\/wp-content\/uploads\/2012\/05\/dru13.jpg 800w\" sizes=\"auto, (max-width: 300px) 100vw, 300px\" \/><\/a><\/p>\n<p style=\"text-align: center;\">Dr\u00fb<\/p>\n<p style=\"text-align: center;\"><a href=\"https:\/\/www.mourioche.de\/wpmourio\/wp-content\/uploads\/2012\/05\/klo1.jpg\"><img loading=\"lazy\" decoding=\"async\" class=\"aligncenter size-medium wp-image-4584\" title=\"klo1\" src=\"https:\/\/www.mourioche.de\/wpmourio\/wp-content\/uploads\/2012\/05\/klo1-300x199.jpg\" alt=\"\" width=\"300\" height=\"199\" srcset=\"https:\/\/www.mourioche.de\/wpmourio\/wp-content\/uploads\/2012\/05\/klo1-300x199.jpg 300w, https:\/\/www.mourioche.de\/wpmourio\/wp-content\/uploads\/2012\/05\/klo1-150x99.jpg 150w, https:\/\/www.mourioche.de\/wpmourio\/wp-content\/uploads\/2012\/05\/klo1-400x266.jpg 400w, https:\/\/www.mourioche.de\/wpmourio\/wp-content\/uploads\/2012\/05\/klo1.jpg 800w\" sizes=\"auto, (max-width: 300px) 100vw, 300px\" \/><\/a><\/p>\n<p style=\"text-align: center;\">der erste Ausflug auf den L\u00f6seplatz &#8211; noch wissen sie nat\u00fcrlich nicht, was hier von ihnen erwartet wird, aber aus anf\u00e4nglichen &#8222;Zufallstreffern&#8220; werden innerhalb weniger Wochen gezielte Besuche<\/p>\n<p style=\"text-align: center;\"><a href=\"https:\/\/www.mourioche.de\/wpmourio\/wp-content\/uploads\/2012\/05\/drei13.jpg\"><img loading=\"lazy\" decoding=\"async\" class=\"aligncenter size-medium wp-image-4585\" title=\"drei1\" src=\"https:\/\/www.mourioche.de\/wpmourio\/wp-content\/uploads\/2012\/05\/drei13-300x199.jpg\" alt=\"\" width=\"300\" height=\"199\" srcset=\"https:\/\/www.mourioche.de\/wpmourio\/wp-content\/uploads\/2012\/05\/drei13-300x199.jpg 300w, https:\/\/www.mourioche.de\/wpmourio\/wp-content\/uploads\/2012\/05\/drei13-150x99.jpg 150w, https:\/\/www.mourioche.de\/wpmourio\/wp-content\/uploads\/2012\/05\/drei13-400x266.jpg 400w, https:\/\/www.mourioche.de\/wpmourio\/wp-content\/uploads\/2012\/05\/drei13.jpg 800w\" sizes=\"auto, (max-width: 300px) 100vw, 300px\" \/><\/a><\/p>\n<p style=\"text-align: center;\">\u00a0von links: Durin, D\u00e1in und Dr\u00fb<\/p>\n<p style=\"text-align: center;\">\u00a0<a href=\"https:\/\/www.mourioche.de\/wpmourio\/wp-content\/uploads\/2012\/05\/dru22.jpg\"><img loading=\"lazy\" decoding=\"async\" class=\"aligncenter size-medium wp-image-4587\" title=\"dru2\" src=\"https:\/\/www.mourioche.de\/wpmourio\/wp-content\/uploads\/2012\/05\/dru22-300x199.jpg\" alt=\"\" width=\"300\" height=\"199\" srcset=\"https:\/\/www.mourioche.de\/wpmourio\/wp-content\/uploads\/2012\/05\/dru22-300x199.jpg 300w, https:\/\/www.mourioche.de\/wpmourio\/wp-content\/uploads\/2012\/05\/dru22-150x99.jpg 150w, https:\/\/www.mourioche.de\/wpmourio\/wp-content\/uploads\/2012\/05\/dru22-400x266.jpg 400w, https:\/\/www.mourioche.de\/wpmourio\/wp-content\/uploads\/2012\/05\/dru22.jpg 800w\" sizes=\"auto, (max-width: 300px) 100vw, 300px\" \/><\/a><\/p>\n<p style=\"text-align: center;\">Kuschelstunde<\/p>\n<p style=\"text-align: center;\"><a href=\"https:\/\/www.mourioche.de\/wpmourio\/wp-content\/uploads\/2012\/05\/drei21.jpg\"><img loading=\"lazy\" decoding=\"async\" class=\"aligncenter size-medium wp-image-4588\" title=\"drei2\" src=\"https:\/\/www.mourioche.de\/wpmourio\/wp-content\/uploads\/2012\/05\/drei21-300x199.jpg\" alt=\"\" width=\"300\" height=\"199\" srcset=\"https:\/\/www.mourioche.de\/wpmourio\/wp-content\/uploads\/2012\/05\/drei21-300x199.jpg 300w, https:\/\/www.mourioche.de\/wpmourio\/wp-content\/uploads\/2012\/05\/drei21-150x99.jpg 150w, https:\/\/www.mourioche.de\/wpmourio\/wp-content\/uploads\/2012\/05\/drei21-400x266.jpg 400w, https:\/\/www.mourioche.de\/wpmourio\/wp-content\/uploads\/2012\/05\/drei21.jpg 800w\" sizes=\"auto, (max-width: 300px) 100vw, 300px\" \/><\/a><\/p>\n<p style=\"text-align: center;\">noch passen alle gleichzeitig auf einen Laurin-Scho\u00df<\/p>\n<p style=\"text-align: center;\">links Durin, unten D\u00e1in, oben Dr\u00fb<\/p>\n<p style=\"text-align: center;\"><strong>14.05.2012<\/strong><\/p>\n<p style=\"text-align: left;\">Wie immer vergeht die Zeit mit Welpen wie im Fluge. Jetzt sind sie schon zwei Wochen alt und befinden sich somit in ihrer dritten Lebenswoche. Viel hat sich getan: Augen und Ohren sind nun bei allen vollst\u00e4ndig ge\u00f6ffnet, die ersten Z\u00e4hne kann man ertasten und alle k\u00f6nnen schon mit deutlicher Bauch-Bodenfreiheit durch die Wurfkiste wackeln. Kontakte zu den Br\u00fcdern beschr\u00e4nken sich nicht mehr auf reines &#8222;Nebeneinander-liegen&#8220;, es wird beschnuppert, beleckt und bestaunt.<\/p>\n<p style=\"text-align: center;\"><a href=\"https:\/\/www.mourioche.de\/wpmourio\/wp-content\/uploads\/2012\/05\/dain12.jpg\"><img loading=\"lazy\" decoding=\"async\" class=\"aligncenter size-medium wp-image-4568\" title=\"dain1\" src=\"https:\/\/www.mourioche.de\/wpmourio\/wp-content\/uploads\/2012\/05\/dain12-300x199.jpg\" alt=\"\" width=\"300\" height=\"199\" srcset=\"https:\/\/www.mourioche.de\/wpmourio\/wp-content\/uploads\/2012\/05\/dain12-300x199.jpg 300w, https:\/\/www.mourioche.de\/wpmourio\/wp-content\/uploads\/2012\/05\/dain12-150x99.jpg 150w, https:\/\/www.mourioche.de\/wpmourio\/wp-content\/uploads\/2012\/05\/dain12-400x266.jpg 400w, https:\/\/www.mourioche.de\/wpmourio\/wp-content\/uploads\/2012\/05\/dain12.jpg 800w\" sizes=\"auto, (max-width: 300px) 100vw, 300px\" \/><\/a><\/p>\n<p style=\"text-align: center;\">D\u00e1in<\/p>\n<p style=\"text-align: center;\"><a href=\"https:\/\/www.mourioche.de\/wpmourio\/wp-content\/uploads\/2012\/05\/dru12.jpg\"><img loading=\"lazy\" decoding=\"async\" class=\"aligncenter size-medium wp-image-4569\" title=\"dru1\" src=\"https:\/\/www.mourioche.de\/wpmourio\/wp-content\/uploads\/2012\/05\/dru12-300x252.jpg\" alt=\"\" width=\"300\" height=\"252\" srcset=\"https:\/\/www.mourioche.de\/wpmourio\/wp-content\/uploads\/2012\/05\/dru12-300x252.jpg 300w, https:\/\/www.mourioche.de\/wpmourio\/wp-content\/uploads\/2012\/05\/dru12-150x126.jpg 150w, https:\/\/www.mourioche.de\/wpmourio\/wp-content\/uploads\/2012\/05\/dru12-400x336.jpg 400w, https:\/\/www.mourioche.de\/wpmourio\/wp-content\/uploads\/2012\/05\/dru12.jpg 800w\" sizes=\"auto, (max-width: 300px) 100vw, 300px\" \/><\/a><\/p>\n<p style=\"text-align: center;\">Dr\u00fb<\/p>\n<p style=\"text-align: center;\"><a href=\"https:\/\/www.mourioche.de\/wpmourio\/wp-content\/uploads\/2012\/05\/durin12.jpg\"><img loading=\"lazy\" decoding=\"async\" class=\"aligncenter size-medium wp-image-4570\" title=\"durin1\" src=\"https:\/\/www.mourioche.de\/wpmourio\/wp-content\/uploads\/2012\/05\/durin12-300x199.jpg\" alt=\"\" width=\"300\" height=\"199\" srcset=\"https:\/\/www.mourioche.de\/wpmourio\/wp-content\/uploads\/2012\/05\/durin12-300x199.jpg 300w, https:\/\/www.mourioche.de\/wpmourio\/wp-content\/uploads\/2012\/05\/durin12-150x99.jpg 150w, https:\/\/www.mourioche.de\/wpmourio\/wp-content\/uploads\/2012\/05\/durin12-400x266.jpg 400w, https:\/\/www.mourioche.de\/wpmourio\/wp-content\/uploads\/2012\/05\/durin12.jpg 800w\" sizes=\"auto, (max-width: 300px) 100vw, 300px\" \/><\/a><\/p>\n<p style=\"text-align: center;\">Durin<\/p>\n<p style=\"text-align: center;\"><a href=\"https:\/\/www.mourioche.de\/wpmourio\/wp-content\/uploads\/2012\/05\/durinlaurin.jpg\"><img loading=\"lazy\" decoding=\"async\" class=\"aligncenter size-medium wp-image-4571\" title=\"durinlaurin\" src=\"https:\/\/www.mourioche.de\/wpmourio\/wp-content\/uploads\/2012\/05\/durinlaurin-300x199.jpg\" alt=\"\" width=\"300\" height=\"199\" srcset=\"https:\/\/www.mourioche.de\/wpmourio\/wp-content\/uploads\/2012\/05\/durinlaurin-300x199.jpg 300w, https:\/\/www.mourioche.de\/wpmourio\/wp-content\/uploads\/2012\/05\/durinlaurin-150x99.jpg 150w, https:\/\/www.mourioche.de\/wpmourio\/wp-content\/uploads\/2012\/05\/durinlaurin-400x266.jpg 400w, https:\/\/www.mourioche.de\/wpmourio\/wp-content\/uploads\/2012\/05\/durinlaurin.jpg 800w\" sizes=\"auto, (max-width: 300px) 100vw, 300px\" \/><\/a><\/p>\n<p style=\"text-align: center;\">kein Tag ohne Laurin-kuscheln (hier Durin)<\/p>\n<p style=\"text-align: center;\"><a href=\"https:\/\/www.mourioche.de\/wpmourio\/wp-content\/uploads\/2012\/05\/daindru1.jpg\"><img loading=\"lazy\" decoding=\"async\" class=\"aligncenter size-medium wp-image-4572\" title=\"daindru1\" src=\"https:\/\/www.mourioche.de\/wpmourio\/wp-content\/uploads\/2012\/05\/daindru1-300x199.jpg\" alt=\"\" width=\"300\" height=\"199\" srcset=\"https:\/\/www.mourioche.de\/wpmourio\/wp-content\/uploads\/2012\/05\/daindru1-300x199.jpg 300w, https:\/\/www.mourioche.de\/wpmourio\/wp-content\/uploads\/2012\/05\/daindru1-150x99.jpg 150w, https:\/\/www.mourioche.de\/wpmourio\/wp-content\/uploads\/2012\/05\/daindru1-400x266.jpg 400w, https:\/\/www.mourioche.de\/wpmourio\/wp-content\/uploads\/2012\/05\/daindru1.jpg 800w\" sizes=\"auto, (max-width: 300px) 100vw, 300px\" \/><\/a><\/p>\n<p style=\"text-align: center;\">Dr\u00fb macht Gymnastik, D\u00e1in denkt noch dr\u00fcber nach<\/p>\n<p style=\"text-align: center;\"><a href=\"https:\/\/www.mourioche.de\/wpmourio\/wp-content\/uploads\/2012\/05\/durin21.jpg\"><img loading=\"lazy\" decoding=\"async\" class=\"aligncenter size-medium wp-image-4573\" title=\"durin2\" src=\"https:\/\/www.mourioche.de\/wpmourio\/wp-content\/uploads\/2012\/05\/durin21-300x199.jpg\" alt=\"\" width=\"300\" height=\"199\" srcset=\"https:\/\/www.mourioche.de\/wpmourio\/wp-content\/uploads\/2012\/05\/durin21-300x199.jpg 300w, https:\/\/www.mourioche.de\/wpmourio\/wp-content\/uploads\/2012\/05\/durin21-150x99.jpg 150w, https:\/\/www.mourioche.de\/wpmourio\/wp-content\/uploads\/2012\/05\/durin21-400x266.jpg 400w, https:\/\/www.mourioche.de\/wpmourio\/wp-content\/uploads\/2012\/05\/durin21.jpg 800w\" sizes=\"auto, (max-width: 300px) 100vw, 300px\" \/><\/a><\/p>\n<p style=\"text-align: center;\">Durin on tour<\/p>\n<p style=\"text-align: center;\"><a href=\"https:\/\/www.mourioche.de\/wpmourio\/wp-content\/uploads\/2012\/05\/dru2.jpg\"><img loading=\"lazy\" decoding=\"async\" class=\"aligncenter size-medium wp-image-4574\" title=\"dru2\" src=\"https:\/\/www.mourioche.de\/wpmourio\/wp-content\/uploads\/2012\/05\/dru2-300x159.jpg\" alt=\"\" width=\"300\" height=\"159\" srcset=\"https:\/\/www.mourioche.de\/wpmourio\/wp-content\/uploads\/2012\/05\/dru2-300x159.jpg 300w, https:\/\/www.mourioche.de\/wpmourio\/wp-content\/uploads\/2012\/05\/dru2-150x79.jpg 150w, https:\/\/www.mourioche.de\/wpmourio\/wp-content\/uploads\/2012\/05\/dru2-400x212.jpg 400w, https:\/\/www.mourioche.de\/wpmourio\/wp-content\/uploads\/2012\/05\/dru2.jpg 800w\" sizes=\"auto, (max-width: 300px) 100vw, 300px\" \/><\/a><\/p>\n<p style=\"text-align: center;\">Dr\u00fb l\u00e4sst sich auch von der Falte in der Decke nicht aufhalten<\/p>\n","protected":false},"excerpt":{"rendered":"<p>17.05.2012 Es geht rasant voran: Die Wurkiste ist nun ge\u00f6ffnet und die Kleinen k\u00f6nnen den Auslauf erobern, beschr\u00e4nken sich aber zur Zeit noch auf die unmittelbare Umgebung vor dem Eingang. Das wird sich in den n\u00e4chsten Tagen rasch \u00e4ndern! Das n\u00fctzliche &#8222;Innenklo&#8220; ist auch eingerichtet und wann immer wir mitbekommen, dass die Jungs aufwachen oder &hellip; <a href=\"https:\/\/www.mourioche.de\/?page_id=4567\" class=\"more-link\"><span class=\"screen-reader-text\">Blettas D-Wurf 3. Woche<\/span> weiterlesen <span class=\"meta-nav\">&rarr;<\/span><\/a><\/p>\n","protected":false},"author":2,"featured_media":0,"parent":4470,"menu_order":2043,"comment_status":"open","ping_status":"open","template":"","meta":{"footnotes":""},"class_list":["post-4567","page","type-page","status-publish","hentry"],"_links":{"self":[{"href":"https:\/\/www.mourioche.de\/index.php?rest_route=\/wp\/v2\/pages\/4567","targetHints":{"allow":["GET"]}}],"collection":[{"href":"https:\/\/www.mourioche.de\/index.php?rest_route=\/wp\/v2\/pages"}],"about":[{"href":"https:\/\/www.mourioche.de\/index.php?rest_route=\/wp\/v2\/types\/page"}],"author":[{"embeddable":true,"href":"https:\/\/www.mourioche.de\/index.php?rest_route=\/wp\/v2\/users\/2"}],"replies":[{"embeddable":true,"href":"https:\/\/www.mourioche.de\/index.php?rest_route=%2Fwp%2Fv2%2Fcomments&post=4567"}],"version-history":[{"count":0,"href":"https:\/\/www.mourioche.de\/index.php?rest_route=\/wp\/v2\/pages\/4567\/revisions"}],"up":[{"embeddable":true,"href":"https:\/\/www.mourioche.de\/index.php?rest_route=\/wp\/v2\/pages\/4470"}],"wp:attachment":[{"href":"https:\/\/www.mourioche.de\/index.php?rest_route=%2Fwp%2Fv2%2Fmedia&parent=4567"}],"curies":[{"name":"wp","href":"https:\/\/api.w.org\/{rel}","templated":true}]}}