{"id":5664,"date":"2013-02-17T22:29:27","date_gmt":"2013-02-17T20:29:27","guid":{"rendered":"http:\/\/www.mourioche.de\/?page_id=5664"},"modified":"2013-02-17T22:46:10","modified_gmt":"2013-02-17T20:46:10","slug":"e-wurf","status":"publish","type":"page","link":"https:\/\/www.mourioche.de\/?page_id=5664","title":{"rendered":"E-Wurf"},"content":{"rendered":"<p>Im Men\u00fc ist f\u00fcr jede neue Woche unseres E-Wurfs ein Link zu finden, mit den besten Fotos und den neuesten Entwicklungen.<\/p>\n<p>First Indy Black de Loubajac x Bletta de Kliandie<\/p>\n<p>*13.02.2013<\/p>\n<p>Elrond (R\u00fcde), Eala (H\u00fcndin), Elenya (H\u00fcndin), Eowyn (H\u00fcndin)<\/p>\n","protected":false},"excerpt":{"rendered":"<p>Im Men\u00fc ist f\u00fcr jede neue Woche unseres E-Wurfs ein Link zu finden, mit den besten Fotos und den neuesten Entwicklungen. First Indy Black de Loubajac x Bletta de Kliandie *13.02.2013 Elrond (R\u00fcde), Eala (H\u00fcndin), Elenya (H\u00fcndin), Eowyn (H\u00fcndin)<\/p>\n","protected":false},"author":2,"featured_media":0,"parent":1340,"menu_order":2050,"comment_status":"open","ping_status":"open","template":"","meta":{"footnotes":""},"class_list":["post-5664","page","type-page","status-publish","hentry"],"_links":{"self":[{"href":"https:\/\/www.mourioche.de\/index.php?rest_route=\/wp\/v2\/pages\/5664","targetHints":{"allow":["GET"]}}],"collection":[{"href":"https:\/\/www.mourioche.de\/index.php?rest_route=\/wp\/v2\/pages"}],"about":[{"href":"https:\/\/www.mourioche.de\/index.php?rest_route=\/wp\/v2\/types\/page"}],"author":[{"embeddable":true,"href":"https:\/\/www.mourioche.de\/index.php?rest_route=\/wp\/v2\/users\/2"}],"replies":[{"embeddable":true,"href":"https:\/\/www.mourioche.de\/index.php?rest_route=%2Fwp%2Fv2%2Fcomments&post=5664"}],"version-history":[{"count":0,"href":"https:\/\/www.mourioche.de\/index.php?rest_route=\/wp\/v2\/pages\/5664\/revisions"}],"up":[{"embeddable":true,"href":"https:\/\/www.mourioche.de\/index.php?rest_route=\/wp\/v2\/pages\/1340"}],"wp:attachment":[{"href":"https:\/\/www.mourioche.de\/index.php?rest_route=%2Fwp%2Fv2%2Fmedia&parent=5664"}],"curies":[{"name":"wp","href":"https:\/\/api.w.org\/{rel}","templated":true}]}}