{"id":5819,"date":"2013-03-06T23:09:04","date_gmt":"2013-03-06T21:09:04","guid":{"rendered":"http:\/\/www.mourioche.de\/?page_id=5819"},"modified":"2013-03-14T22:57:23","modified_gmt":"2013-03-14T20:57:23","slug":"blettas-e-wurf-4-woche","status":"publish","type":"page","link":"https:\/\/www.mourioche.de\/?page_id=5819","title":{"rendered":"Blettas E-Wurf 4. Woche"},"content":{"rendered":"<p style=\"text-align: center;\"><strong>06.03.2013<\/strong><\/p>\n<p>Heute vor drei Wochen wurden unsere E\u00b4s geboren; zur Feier des Tages durften sie ihren ersten Ausflug in den Garten unternehmen und die w\u00e4rmenden Sonnenstrahlen genie\u00dfen.<\/p>\n<p style=\"text-align: center;\"><a href=\"https:\/\/www.mourioche.de\/wpmourio\/wp-content\/uploads\/2013\/03\/elenyaeowyn1.jpg\"><img loading=\"lazy\" decoding=\"async\" class=\"aligncenter size-medium wp-image-5820\" title=\"elenyaeowyn1\" src=\"https:\/\/www.mourioche.de\/wpmourio\/wp-content\/uploads\/2013\/03\/elenyaeowyn1-300x199.jpg\" alt=\"\" width=\"300\" height=\"199\" srcset=\"https:\/\/www.mourioche.de\/wpmourio\/wp-content\/uploads\/2013\/03\/elenyaeowyn1-300x199.jpg 300w, https:\/\/www.mourioche.de\/wpmourio\/wp-content\/uploads\/2013\/03\/elenyaeowyn1-150x99.jpg 150w, https:\/\/www.mourioche.de\/wpmourio\/wp-content\/uploads\/2013\/03\/elenyaeowyn1-400x266.jpg 400w, https:\/\/www.mourioche.de\/wpmourio\/wp-content\/uploads\/2013\/03\/elenyaeowyn1.jpg 800w\" sizes=\"auto, (max-width: 300px) 100vw, 300px\" \/><\/a>ist das sch\u00f6n hier! Da kann man prima spielen und wird gleichzeitig von der Sonne verw\u00f6hnt!<\/p>\n<p><a href=\"https:\/\/www.mourioche.de\/wpmourio\/wp-content\/uploads\/2013\/03\/elrond1.jpg\"><img loading=\"lazy\" decoding=\"async\" class=\"aligncenter size-medium wp-image-5821\" title=\"elrond1\" src=\"https:\/\/www.mourioche.de\/wpmourio\/wp-content\/uploads\/2013\/03\/elrond1-300x199.jpg\" alt=\"\" width=\"300\" height=\"199\" srcset=\"https:\/\/www.mourioche.de\/wpmourio\/wp-content\/uploads\/2013\/03\/elrond1-300x199.jpg 300w, https:\/\/www.mourioche.de\/wpmourio\/wp-content\/uploads\/2013\/03\/elrond1-150x99.jpg 150w, https:\/\/www.mourioche.de\/wpmourio\/wp-content\/uploads\/2013\/03\/elrond1-400x266.jpg 400w, https:\/\/www.mourioche.de\/wpmourio\/wp-content\/uploads\/2013\/03\/elrond1.jpg 800w\" sizes=\"auto, (max-width: 300px) 100vw, 300px\" \/><\/a><\/p>\n<p style=\"text-align: center;\">\u00a0Elrond hat wohl andere Dinge im Kopf&#8230;<\/p>\n<p><a href=\"https:\/\/www.mourioche.de\/wpmourio\/wp-content\/uploads\/2013\/03\/elrond2.jpg\"><img loading=\"lazy\" decoding=\"async\" class=\"aligncenter size-medium wp-image-5822\" title=\"elrond2\" src=\"https:\/\/www.mourioche.de\/wpmourio\/wp-content\/uploads\/2013\/03\/elrond2-300x199.jpg\" alt=\"\" width=\"300\" height=\"199\" srcset=\"https:\/\/www.mourioche.de\/wpmourio\/wp-content\/uploads\/2013\/03\/elrond2-300x199.jpg 300w, https:\/\/www.mourioche.de\/wpmourio\/wp-content\/uploads\/2013\/03\/elrond2-150x99.jpg 150w, https:\/\/www.mourioche.de\/wpmourio\/wp-content\/uploads\/2013\/03\/elrond2-400x266.jpg 400w, https:\/\/www.mourioche.de\/wpmourio\/wp-content\/uploads\/2013\/03\/elrond2.jpg 800w\" sizes=\"auto, (max-width: 300px) 100vw, 300px\" \/><\/a><\/p>\n<p style=\"text-align: center;\">\u00a0wo will er denn nur hin?<\/p>\n<p style=\"text-align: center;\"><a href=\"https:\/\/www.mourioche.de\/wpmourio\/wp-content\/uploads\/2013\/03\/elrond3.jpg\"><img loading=\"lazy\" decoding=\"async\" class=\"aligncenter size-medium wp-image-5823\" title=\"elrond3\" src=\"https:\/\/www.mourioche.de\/wpmourio\/wp-content\/uploads\/2013\/03\/elrond3-300x295.jpg\" alt=\"\" width=\"300\" height=\"295\" srcset=\"https:\/\/www.mourioche.de\/wpmourio\/wp-content\/uploads\/2013\/03\/elrond3-300x295.jpg 300w, https:\/\/www.mourioche.de\/wpmourio\/wp-content\/uploads\/2013\/03\/elrond3-150x147.jpg 150w, https:\/\/www.mourioche.de\/wpmourio\/wp-content\/uploads\/2013\/03\/elrond3-400x394.jpg 400w, https:\/\/www.mourioche.de\/wpmourio\/wp-content\/uploads\/2013\/03\/elrond3.jpg 800w\" sizes=\"auto, (max-width: 300px) 100vw, 300px\" \/><\/a>ach so &#8211; an die Theke nat\u00fcrlich&#8230; Was soll ich dazu sagen&#8230; M\u00e4nner&#8230; \ud83d\ude09<\/p>\n<p style=\"text-align: center;\">\u00a0<a href=\"https:\/\/www.mourioche.de\/wpmourio\/wp-content\/uploads\/2013\/03\/eowyn1.jpg\"><img loading=\"lazy\" decoding=\"async\" class=\"aligncenter size-medium wp-image-5824\" title=\"eowyn1\" src=\"https:\/\/www.mourioche.de\/wpmourio\/wp-content\/uploads\/2013\/03\/eowyn1-282x300.jpg\" alt=\"\" width=\"282\" height=\"300\" srcset=\"https:\/\/www.mourioche.de\/wpmourio\/wp-content\/uploads\/2013\/03\/eowyn1-282x300.jpg 282w, https:\/\/www.mourioche.de\/wpmourio\/wp-content\/uploads\/2013\/03\/eowyn1-141x150.jpg 141w, https:\/\/www.mourioche.de\/wpmourio\/wp-content\/uploads\/2013\/03\/eowyn1-400x425.jpg 400w, https:\/\/www.mourioche.de\/wpmourio\/wp-content\/uploads\/2013\/03\/eowyn1.jpg 800w\" sizes=\"auto, (max-width: 282px) 100vw, 282px\" \/><\/a>Eowyn kuschelt inzwischen lieber<\/p>\n<p><a href=\"https:\/\/www.mourioche.de\/wpmourio\/wp-content\/uploads\/2013\/03\/sonic.jpg\"><img loading=\"lazy\" decoding=\"async\" class=\"aligncenter size-medium wp-image-5825\" title=\"sonic\" src=\"https:\/\/www.mourioche.de\/wpmourio\/wp-content\/uploads\/2013\/03\/sonic-200x300.jpg\" alt=\"\" width=\"200\" height=\"300\" srcset=\"https:\/\/www.mourioche.de\/wpmourio\/wp-content\/uploads\/2013\/03\/sonic-200x300.jpg 200w, https:\/\/www.mourioche.de\/wpmourio\/wp-content\/uploads\/2013\/03\/sonic-682x1024.jpg 682w, https:\/\/www.mourioche.de\/wpmourio\/wp-content\/uploads\/2013\/03\/sonic-100x150.jpg 100w, https:\/\/www.mourioche.de\/wpmourio\/wp-content\/uploads\/2013\/03\/sonic-400x600.jpg 400w, https:\/\/www.mourioche.de\/wpmourio\/wp-content\/uploads\/2013\/03\/sonic.jpg 800w\" sizes=\"auto, (max-width: 200px) 100vw, 200px\" \/><\/a><\/p>\n<p style=\"text-align: center;\">\u00a0Kater Sonic be\u00e4ugt die seltsamen Tierchen eher skeptisch<\/p>\n<p><a href=\"https:\/\/www.mourioche.de\/wpmourio\/wp-content\/uploads\/2013\/03\/schuh.jpg\"><img loading=\"lazy\" decoding=\"async\" class=\"aligncenter size-medium wp-image-5826\" title=\"schuh\" src=\"https:\/\/www.mourioche.de\/wpmourio\/wp-content\/uploads\/2013\/03\/schuh-300x199.jpg\" alt=\"\" width=\"300\" height=\"199\" srcset=\"https:\/\/www.mourioche.de\/wpmourio\/wp-content\/uploads\/2013\/03\/schuh-300x199.jpg 300w, https:\/\/www.mourioche.de\/wpmourio\/wp-content\/uploads\/2013\/03\/schuh-150x99.jpg 150w, https:\/\/www.mourioche.de\/wpmourio\/wp-content\/uploads\/2013\/03\/schuh-400x266.jpg 400w, https:\/\/www.mourioche.de\/wpmourio\/wp-content\/uploads\/2013\/03\/schuh.jpg 800w\" sizes=\"auto, (max-width: 300px) 100vw, 300px\" \/><\/a><\/p>\n<p style=\"text-align: center;\">\u00a0Elrond hat eingeparkt<\/p>\n<p><a href=\"https:\/\/www.mourioche.de\/wpmourio\/wp-content\/uploads\/2013\/03\/elrond4.jpg\"><img loading=\"lazy\" decoding=\"async\" class=\"aligncenter size-medium wp-image-5827\" title=\"elrond4\" src=\"https:\/\/www.mourioche.de\/wpmourio\/wp-content\/uploads\/2013\/03\/elrond4-300x280.jpg\" alt=\"\" width=\"300\" height=\"280\" srcset=\"https:\/\/www.mourioche.de\/wpmourio\/wp-content\/uploads\/2013\/03\/elrond4-300x280.jpg 300w, https:\/\/www.mourioche.de\/wpmourio\/wp-content\/uploads\/2013\/03\/elrond4-150x140.jpg 150w, https:\/\/www.mourioche.de\/wpmourio\/wp-content\/uploads\/2013\/03\/elrond4-400x374.jpg 400w, https:\/\/www.mourioche.de\/wpmourio\/wp-content\/uploads\/2013\/03\/elrond4.jpg 800w\" sizes=\"auto, (max-width: 300px) 100vw, 300px\" \/><\/a><\/p>\n<p style=\"text-align: center;\">\u00a0aber so ist es noch bequemer<\/p>\n<p><a href=\"https:\/\/www.mourioche.de\/wpmourio\/wp-content\/uploads\/2013\/03\/eala1.jpg\"><img loading=\"lazy\" decoding=\"async\" class=\"aligncenter size-medium wp-image-5828\" title=\"eala1\" src=\"https:\/\/www.mourioche.de\/wpmourio\/wp-content\/uploads\/2013\/03\/eala1-300x199.jpg\" alt=\"\" width=\"300\" height=\"199\" srcset=\"https:\/\/www.mourioche.de\/wpmourio\/wp-content\/uploads\/2013\/03\/eala1-300x199.jpg 300w, https:\/\/www.mourioche.de\/wpmourio\/wp-content\/uploads\/2013\/03\/eala1-150x99.jpg 150w, https:\/\/www.mourioche.de\/wpmourio\/wp-content\/uploads\/2013\/03\/eala1-400x266.jpg 400w, https:\/\/www.mourioche.de\/wpmourio\/wp-content\/uploads\/2013\/03\/eala1.jpg 800w\" sizes=\"auto, (max-width: 300px) 100vw, 300px\" \/><\/a><\/p>\n<p style=\"text-align: center;\">\u00a0was fl\u00fcstert Bletta da wohl Eala gerade ins Ohr?<\/p>\n<p><a href=\"https:\/\/www.mourioche.de\/wpmourio\/wp-content\/uploads\/2013\/03\/ealaelenya.jpg\"><img loading=\"lazy\" decoding=\"async\" class=\"aligncenter size-medium wp-image-5829\" title=\"ealaelenya\" src=\"https:\/\/www.mourioche.de\/wpmourio\/wp-content\/uploads\/2013\/03\/ealaelenya-300x207.jpg\" alt=\"\" width=\"300\" height=\"207\" srcset=\"https:\/\/www.mourioche.de\/wpmourio\/wp-content\/uploads\/2013\/03\/ealaelenya-300x207.jpg 300w, https:\/\/www.mourioche.de\/wpmourio\/wp-content\/uploads\/2013\/03\/ealaelenya-150x103.jpg 150w, https:\/\/www.mourioche.de\/wpmourio\/wp-content\/uploads\/2013\/03\/ealaelenya-400x276.jpg 400w, https:\/\/www.mourioche.de\/wpmourio\/wp-content\/uploads\/2013\/03\/ealaelenya.jpg 800w\" sizes=\"auto, (max-width: 300px) 100vw, 300px\" \/><\/a><\/p>\n<p style=\"text-align: center;\">\u00a0scheint was Wichtiges gewesen zu sein &#8211; sie gibt es gleich an Elenya (rechts) weiter<\/p>\n<p><a href=\"https:\/\/www.mourioche.de\/wpmourio\/wp-content\/uploads\/2013\/03\/eala2.jpg\"><img loading=\"lazy\" decoding=\"async\" class=\"aligncenter size-medium wp-image-5830\" title=\"eala2\" src=\"https:\/\/www.mourioche.de\/wpmourio\/wp-content\/uploads\/2013\/03\/eala2-300x223.jpg\" alt=\"\" width=\"300\" height=\"223\" srcset=\"https:\/\/www.mourioche.de\/wpmourio\/wp-content\/uploads\/2013\/03\/eala2-300x223.jpg 300w, https:\/\/www.mourioche.de\/wpmourio\/wp-content\/uploads\/2013\/03\/eala2-150x111.jpg 150w, https:\/\/www.mourioche.de\/wpmourio\/wp-content\/uploads\/2013\/03\/eala2-400x298.jpg 400w, https:\/\/www.mourioche.de\/wpmourio\/wp-content\/uploads\/2013\/03\/eala2.jpg 800w\" sizes=\"auto, (max-width: 300px) 100vw, 300px\" \/><\/a><\/p>\n<p style=\"text-align: center;\">und jetzt hat Eala den Sonnenplatz ganz f\u00fcr sich alleine<\/p>\n","protected":false},"excerpt":{"rendered":"<p>06.03.2013 Heute vor drei Wochen wurden unsere E\u00b4s geboren; zur Feier des Tages durften sie ihren ersten Ausflug in den Garten unternehmen und die w\u00e4rmenden Sonnenstrahlen genie\u00dfen. ist das sch\u00f6n hier! Da kann man prima spielen und wird gleichzeitig von der Sonne verw\u00f6hnt! \u00a0Elrond hat wohl andere Dinge im Kopf&#8230; \u00a0wo will er denn nur &hellip; <a href=\"https:\/\/www.mourioche.de\/?page_id=5819\" class=\"more-link\"><span class=\"screen-reader-text\">Blettas E-Wurf 4. Woche<\/span> weiterlesen <span class=\"meta-nav\">&rarr;<\/span><\/a><\/p>\n","protected":false},"author":2,"featured_media":0,"parent":5664,"menu_order":2054,"comment_status":"open","ping_status":"open","template":"","meta":{"footnotes":""},"class_list":["post-5819","page","type-page","status-publish","hentry"],"_links":{"self":[{"href":"https:\/\/www.mourioche.de\/index.php?rest_route=\/wp\/v2\/pages\/5819","targetHints":{"allow":["GET"]}}],"collection":[{"href":"https:\/\/www.mourioche.de\/index.php?rest_route=\/wp\/v2\/pages"}],"about":[{"href":"https:\/\/www.mourioche.de\/index.php?rest_route=\/wp\/v2\/types\/page"}],"author":[{"embeddable":true,"href":"https:\/\/www.mourioche.de\/index.php?rest_route=\/wp\/v2\/users\/2"}],"replies":[{"embeddable":true,"href":"https:\/\/www.mourioche.de\/index.php?rest_route=%2Fwp%2Fv2%2Fcomments&post=5819"}],"version-history":[{"count":0,"href":"https:\/\/www.mourioche.de\/index.php?rest_route=\/wp\/v2\/pages\/5819\/revisions"}],"up":[{"embeddable":true,"href":"https:\/\/www.mourioche.de\/index.php?rest_route=\/wp\/v2\/pages\/5664"}],"wp:attachment":[{"href":"https:\/\/www.mourioche.de\/index.php?rest_route=%2Fwp%2Fv2%2Fmedia&parent=5819"}],"curies":[{"name":"wp","href":"https:\/\/api.w.org\/{rel}","templated":true}]}}