{"id":6048,"date":"2013-03-29T22:35:49","date_gmt":"2013-03-29T20:35:49","guid":{"rendered":"http:\/\/www.mourioche.de\/?page_id=6048"},"modified":"2013-03-30T22:30:43","modified_gmt":"2013-03-30T20:30:43","slug":"blettas-e-wurf-7-woche","status":"publish","type":"page","link":"https:\/\/www.mourioche.de\/?page_id=6048","title":{"rendered":"Blettas E-Wurf 7. Woche"},"content":{"rendered":"<p style=\"text-align: center;\"><strong>30.03.2013<\/strong><\/p>\n<p>Die Sonne scheint! Zwar nur wenige Minuten, aber f\u00fcr ein paar sch\u00f6ne Fotos hat\u00b4s gereicht&#8230;<\/p>\n<p style=\"text-align: center;\"><a href=\"https:\/\/www.mourioche.de\/wpmourio\/wp-content\/uploads\/2013\/03\/schnee11.jpg\"><img loading=\"lazy\" decoding=\"async\" class=\"aligncenter size-medium wp-image-6066\" title=\"schnee1\" src=\"https:\/\/www.mourioche.de\/wpmourio\/wp-content\/uploads\/2013\/03\/schnee11-300x199.jpg\" alt=\"\" width=\"300\" height=\"199\" srcset=\"https:\/\/www.mourioche.de\/wpmourio\/wp-content\/uploads\/2013\/03\/schnee11-300x199.jpg 300w, https:\/\/www.mourioche.de\/wpmourio\/wp-content\/uploads\/2013\/03\/schnee11-150x99.jpg 150w, https:\/\/www.mourioche.de\/wpmourio\/wp-content\/uploads\/2013\/03\/schnee11-400x266.jpg 400w, https:\/\/www.mourioche.de\/wpmourio\/wp-content\/uploads\/2013\/03\/schnee11.jpg 800w\" sizes=\"auto, (max-width: 300px) 100vw, 300px\" \/><\/a>gestern Abend sah Elenya noch so aus, als sie vom Garten rein kam: schneebedeckt<\/p>\n<p><a href=\"https:\/\/www.mourioche.de\/wpmourio\/wp-content\/uploads\/2013\/03\/elenya33.jpg\"><img loading=\"lazy\" decoding=\"async\" class=\"aligncenter size-medium wp-image-6067\" title=\"elenya3\" src=\"https:\/\/www.mourioche.de\/wpmourio\/wp-content\/uploads\/2013\/03\/elenya33-300x199.jpg\" alt=\"\" width=\"300\" height=\"199\" srcset=\"https:\/\/www.mourioche.de\/wpmourio\/wp-content\/uploads\/2013\/03\/elenya33-300x199.jpg 300w, https:\/\/www.mourioche.de\/wpmourio\/wp-content\/uploads\/2013\/03\/elenya33-150x99.jpg 150w, https:\/\/www.mourioche.de\/wpmourio\/wp-content\/uploads\/2013\/03\/elenya33-400x266.jpg 400w, https:\/\/www.mourioche.de\/wpmourio\/wp-content\/uploads\/2013\/03\/elenya33.jpg 800w\" sizes=\"auto, (max-width: 300px) 100vw, 300px\" \/><\/a><\/p>\n<p style=\"text-align: center;\">heute Mittag hingegen konnten wir tats\u00e4chlich ein kurzes Sonnenbad nehmen&#8230;<\/p>\n<p><a href=\"https:\/\/www.mourioche.de\/wpmourio\/wp-content\/uploads\/2013\/03\/elrond19.jpg\"><img loading=\"lazy\" decoding=\"async\" class=\"aligncenter size-medium wp-image-6068\" title=\"elrond1\" src=\"https:\/\/www.mourioche.de\/wpmourio\/wp-content\/uploads\/2013\/03\/elrond19-300x279.jpg\" alt=\"\" width=\"300\" height=\"279\" srcset=\"https:\/\/www.mourioche.de\/wpmourio\/wp-content\/uploads\/2013\/03\/elrond19-300x279.jpg 300w, https:\/\/www.mourioche.de\/wpmourio\/wp-content\/uploads\/2013\/03\/elrond19-150x139.jpg 150w, https:\/\/www.mourioche.de\/wpmourio\/wp-content\/uploads\/2013\/03\/elrond19-400x372.jpg 400w, https:\/\/www.mourioche.de\/wpmourio\/wp-content\/uploads\/2013\/03\/elrond19.jpg 800w\" sizes=\"auto, (max-width: 300px) 100vw, 300px\" \/><\/a><\/p>\n<p style=\"text-align: center;\">nanu? So hell hier drau\u00dfen!?<\/p>\n<p><a href=\"https:\/\/www.mourioche.de\/wpmourio\/wp-content\/uploads\/2013\/03\/eala19.jpg\"><img loading=\"lazy\" decoding=\"async\" class=\"aligncenter size-medium wp-image-6069\" title=\"eala1\" src=\"https:\/\/www.mourioche.de\/wpmourio\/wp-content\/uploads\/2013\/03\/eala19-247x300.jpg\" alt=\"\" width=\"247\" height=\"300\" srcset=\"https:\/\/www.mourioche.de\/wpmourio\/wp-content\/uploads\/2013\/03\/eala19-247x300.jpg 247w, https:\/\/www.mourioche.de\/wpmourio\/wp-content\/uploads\/2013\/03\/eala19-123x150.jpg 123w, https:\/\/www.mourioche.de\/wpmourio\/wp-content\/uploads\/2013\/03\/eala19-400x485.jpg 400w, https:\/\/www.mourioche.de\/wpmourio\/wp-content\/uploads\/2013\/03\/eala19.jpg 800w\" sizes=\"auto, (max-width: 247px) 100vw, 247px\" \/><\/a><\/p>\n<p style=\"text-align: center;\">sieht alles gleich viel freundlicher aus!<\/p>\n<p><a href=\"https:\/\/www.mourioche.de\/wpmourio\/wp-content\/uploads\/2013\/03\/eowyn24.jpg\"><img loading=\"lazy\" decoding=\"async\" class=\"aligncenter size-medium wp-image-6070\" title=\"eowyn2\" src=\"https:\/\/www.mourioche.de\/wpmourio\/wp-content\/uploads\/2013\/03\/eowyn24-300x199.jpg\" alt=\"\" width=\"300\" height=\"199\" srcset=\"https:\/\/www.mourioche.de\/wpmourio\/wp-content\/uploads\/2013\/03\/eowyn24-300x199.jpg 300w, https:\/\/www.mourioche.de\/wpmourio\/wp-content\/uploads\/2013\/03\/eowyn24-150x99.jpg 150w, https:\/\/www.mourioche.de\/wpmourio\/wp-content\/uploads\/2013\/03\/eowyn24-400x266.jpg 400w, https:\/\/www.mourioche.de\/wpmourio\/wp-content\/uploads\/2013\/03\/eowyn24.jpg 800w\" sizes=\"auto, (max-width: 300px) 100vw, 300px\" \/><\/a><\/p>\n<p style=\"text-align: center;\">das Wackelbrett hat auch eine neue Farbe: gestern Abend war es noch wei\u00df&#8230;<\/p>\n<p><a href=\"https:\/\/www.mourioche.de\/wpmourio\/wp-content\/uploads\/2013\/03\/elenya16.jpg\"><img loading=\"lazy\" decoding=\"async\" class=\"aligncenter size-medium wp-image-6071\" title=\"elenya1\" src=\"https:\/\/www.mourioche.de\/wpmourio\/wp-content\/uploads\/2013\/03\/elenya16-300x199.jpg\" alt=\"\" width=\"300\" height=\"199\" srcset=\"https:\/\/www.mourioche.de\/wpmourio\/wp-content\/uploads\/2013\/03\/elenya16-300x199.jpg 300w, https:\/\/www.mourioche.de\/wpmourio\/wp-content\/uploads\/2013\/03\/elenya16-150x99.jpg 150w, https:\/\/www.mourioche.de\/wpmourio\/wp-content\/uploads\/2013\/03\/elenya16-400x266.jpg 400w, https:\/\/www.mourioche.de\/wpmourio\/wp-content\/uploads\/2013\/03\/elenya16.jpg 800w\" sizes=\"auto, (max-width: 300px) 100vw, 300px\" \/><\/a><\/p>\n<p style=\"text-align: center;\">\u00a0Halloooo? Fr\u00fchling??? Bist Du da irgendwo?<\/p>\n<p><a href=\"https:\/\/www.mourioche.de\/wpmourio\/wp-content\/uploads\/2013\/03\/elrond41.jpg\"><img loading=\"lazy\" decoding=\"async\" class=\"aligncenter size-medium wp-image-6072\" title=\"elrond4\" src=\"https:\/\/www.mourioche.de\/wpmourio\/wp-content\/uploads\/2013\/03\/elrond41-300x199.jpg\" alt=\"\" width=\"300\" height=\"199\" srcset=\"https:\/\/www.mourioche.de\/wpmourio\/wp-content\/uploads\/2013\/03\/elrond41-300x199.jpg 300w, https:\/\/www.mourioche.de\/wpmourio\/wp-content\/uploads\/2013\/03\/elrond41-150x99.jpg 150w, https:\/\/www.mourioche.de\/wpmourio\/wp-content\/uploads\/2013\/03\/elrond41-400x266.jpg 400w, https:\/\/www.mourioche.de\/wpmourio\/wp-content\/uploads\/2013\/03\/elrond41.jpg 800w\" sizes=\"auto, (max-width: 300px) 100vw, 300px\" \/><\/a><\/p>\n<p style=\"text-align: center;\">\u00a0ach M\u00e4dels, bleibt locker &#8211; nehmt es doch einfach, wie es kommt&#8230;<\/p>\n<p><a href=\"https:\/\/www.mourioche.de\/wpmourio\/wp-content\/uploads\/2013\/03\/eala27.jpg\"><img loading=\"lazy\" decoding=\"async\" class=\"aligncenter size-medium wp-image-6073\" title=\"eala2\" src=\"https:\/\/www.mourioche.de\/wpmourio\/wp-content\/uploads\/2013\/03\/eala27-300x199.jpg\" alt=\"\" width=\"300\" height=\"199\" srcset=\"https:\/\/www.mourioche.de\/wpmourio\/wp-content\/uploads\/2013\/03\/eala27-300x199.jpg 300w, https:\/\/www.mourioche.de\/wpmourio\/wp-content\/uploads\/2013\/03\/eala27-150x99.jpg 150w, https:\/\/www.mourioche.de\/wpmourio\/wp-content\/uploads\/2013\/03\/eala27-400x266.jpg 400w, https:\/\/www.mourioche.de\/wpmourio\/wp-content\/uploads\/2013\/03\/eala27.jpg 800w\" sizes=\"auto, (max-width: 300px) 100vw, 300px\" \/><\/a><\/p>\n<p style=\"text-align: center;\">machen wir ja, aber Du musst zugeben, ein bisschen Sonne auf dem Pelz ist auch mal ganz nett!<\/p>\n<p><a href=\"https:\/\/www.mourioche.de\/wpmourio\/wp-content\/uploads\/2013\/03\/eowyn17.jpg\"><img loading=\"lazy\" decoding=\"async\" class=\"aligncenter size-medium wp-image-6074\" title=\"eowyn1\" src=\"https:\/\/www.mourioche.de\/wpmourio\/wp-content\/uploads\/2013\/03\/eowyn17-300x199.jpg\" alt=\"\" width=\"300\" height=\"199\" srcset=\"https:\/\/www.mourioche.de\/wpmourio\/wp-content\/uploads\/2013\/03\/eowyn17-300x199.jpg 300w, https:\/\/www.mourioche.de\/wpmourio\/wp-content\/uploads\/2013\/03\/eowyn17-150x99.jpg 150w, https:\/\/www.mourioche.de\/wpmourio\/wp-content\/uploads\/2013\/03\/eowyn17-400x266.jpg 400w, https:\/\/www.mourioche.de\/wpmourio\/wp-content\/uploads\/2013\/03\/eowyn17.jpg 800w\" sizes=\"auto, (max-width: 300px) 100vw, 300px\" \/><\/a><\/p>\n<p style=\"text-align: center;\">\u00a0w\u00e4rmt so sch\u00f6n!<\/p>\n<p><a href=\"https:\/\/www.mourioche.de\/wpmourio\/wp-content\/uploads\/2013\/03\/elrond31.jpg\"><img loading=\"lazy\" decoding=\"async\" class=\"aligncenter size-medium wp-image-6075\" title=\"elrond3\" src=\"https:\/\/www.mourioche.de\/wpmourio\/wp-content\/uploads\/2013\/03\/elrond31-300x199.jpg\" alt=\"\" width=\"300\" height=\"199\" srcset=\"https:\/\/www.mourioche.de\/wpmourio\/wp-content\/uploads\/2013\/03\/elrond31-300x199.jpg 300w, https:\/\/www.mourioche.de\/wpmourio\/wp-content\/uploads\/2013\/03\/elrond31-150x99.jpg 150w, https:\/\/www.mourioche.de\/wpmourio\/wp-content\/uploads\/2013\/03\/elrond31-400x266.jpg 400w, https:\/\/www.mourioche.de\/wpmourio\/wp-content\/uploads\/2013\/03\/elrond31.jpg 800w\" sizes=\"auto, (max-width: 300px) 100vw, 300px\" \/><\/a><\/p>\n<p style=\"text-align: center;\">\u00a0ja, ja, ihr habt ja recht<\/p>\n<p><a href=\"https:\/\/www.mourioche.de\/wpmourio\/wp-content\/uploads\/2013\/03\/elenya25.jpg\"><img loading=\"lazy\" decoding=\"async\" class=\"aligncenter size-medium wp-image-6076\" title=\"elenya2\" src=\"https:\/\/www.mourioche.de\/wpmourio\/wp-content\/uploads\/2013\/03\/elenya25-300x199.jpg\" alt=\"\" width=\"300\" height=\"199\" srcset=\"https:\/\/www.mourioche.de\/wpmourio\/wp-content\/uploads\/2013\/03\/elenya25-300x199.jpg 300w, https:\/\/www.mourioche.de\/wpmourio\/wp-content\/uploads\/2013\/03\/elenya25-150x99.jpg 150w, https:\/\/www.mourioche.de\/wpmourio\/wp-content\/uploads\/2013\/03\/elenya25-400x266.jpg 400w, https:\/\/www.mourioche.de\/wpmourio\/wp-content\/uploads\/2013\/03\/elenya25.jpg 800w\" sizes=\"auto, (max-width: 300px) 100vw, 300px\" \/><\/a><\/p>\n<p style=\"text-align: center;\">ist doch klar- Regel 1: Die M\u00e4dels haben immer recht&#8230;<\/p>\n<p style=\"text-align: center;\">Regel 2 sollte auch allgemein bekannt sein \ud83d\ude09<\/p>\n<p>&nbsp;<\/p>\n<p style=\"text-align: center;\">\n<p style=\"text-align: center;\">\n<p style=\"text-align: center;\"><strong>29.03.2013<\/strong><\/p>\n<p>Als ich heute Morgen das Radio einschaltete, ert\u00f6nte &#8222;I\u00b4m dreaming of a white christmas&#8220; &#8211; ein Blick aus dem Fenster zeigte, warum&#8230; Schnee und kein Ende, von Fr\u00fchlingsgr\u00fcn keine Spur. Dass es Ostern k\u00e4lter ist als Weihnachten, kommt wohl nicht allzu oft vor, aber immerhin k\u00f6nnen wir uns das Eierf\u00e4rben sparen: Wei\u00dfe Eier lassen sich in diesem Jahr am Besten verstecken.<\/p>\n<p>Doch was soll\u00b4s, es ist wie es ist und \u00e4ndern k\u00f6nnen wir es nicht. Wir machen das Beste draus, die Kinder haben immer noch Spa\u00df daran, im Schnee zu spielen und die Welpen sind begeistert, wenn ihre Rampe in den Garten zur Rutschbahn wird &#8211; da kann man gleich noch mal rauf und runter und rauf und runter und rauf&#8230; Die K\u00e4lte macht ihnen nichts aus und die T\u00fcr bleibt offen, so dass sie sich sofort ins Warme zur\u00fcck ziehen k\u00f6nnen, wenn sie m\u00f6chten. Sie genie\u00dfen die Spiel- und Toberunden im Garten sehr und auch die H\u00e4ufchen und Pf\u00fctzen landen so oft es geht drau\u00dfen auf dem Rasen.<\/p>\n<p><a href=\"https:\/\/www.mourioche.de\/wpmourio\/wp-content\/uploads\/2013\/03\/sauber1.jpg\"><img loading=\"lazy\" decoding=\"async\" class=\"aligncenter size-medium wp-image-6049\" title=\"sauber1\" src=\"https:\/\/www.mourioche.de\/wpmourio\/wp-content\/uploads\/2013\/03\/sauber1-300x199.jpg\" alt=\"\" width=\"300\" height=\"199\" srcset=\"https:\/\/www.mourioche.de\/wpmourio\/wp-content\/uploads\/2013\/03\/sauber1-300x199.jpg 300w, https:\/\/www.mourioche.de\/wpmourio\/wp-content\/uploads\/2013\/03\/sauber1-150x99.jpg 150w, https:\/\/www.mourioche.de\/wpmourio\/wp-content\/uploads\/2013\/03\/sauber1-400x266.jpg 400w, https:\/\/www.mourioche.de\/wpmourio\/wp-content\/uploads\/2013\/03\/sauber1.jpg 800w\" sizes=\"auto, (max-width: 300px) 100vw, 300px\" \/><\/a>Abends vorm Zu-Bett-gehen ist unsere letzte Handlung, die Welpen noch einmal raus zu lassen und morgens direkt nach dem Aufstehen dann gleich wieder. Mit dem Ergebnis, dass der Innenauslauf in der Regel morgens so wie auf dem Foto aussieht: Sauber! Hier habe ich nur schnell die Welpen raus gelassen (man sieht die offene T\u00fcr) und dann gleich fotografiert, ohne erst noch aufzuwischen.<\/p>\n<p><a href=\"https:\/\/www.mourioche.de\/wpmourio\/wp-content\/uploads\/2013\/03\/elenya32.jpg\"><img loading=\"lazy\" decoding=\"async\" class=\"aligncenter size-medium wp-image-6050\" title=\"elenya3\" src=\"https:\/\/www.mourioche.de\/wpmourio\/wp-content\/uploads\/2013\/03\/elenya32-300x250.jpg\" alt=\"\" width=\"300\" height=\"250\" srcset=\"https:\/\/www.mourioche.de\/wpmourio\/wp-content\/uploads\/2013\/03\/elenya32-300x250.jpg 300w, https:\/\/www.mourioche.de\/wpmourio\/wp-content\/uploads\/2013\/03\/elenya32-150x125.jpg 150w, https:\/\/www.mourioche.de\/wpmourio\/wp-content\/uploads\/2013\/03\/elenya32-400x334.jpg 400w, https:\/\/www.mourioche.de\/wpmourio\/wp-content\/uploads\/2013\/03\/elenya32.jpg 800w\" sizes=\"auto, (max-width: 300px) 100vw, 300px\" \/><\/a><\/p>\n<p>wir freuen uns \u00fcber viel Besuch, so dass die Kleinen t\u00e4glich neue Erfahrungen sammeln k\u00f6nnen. Jeder Mensch riecht anders, bewegt sich anders, f\u00fchlt sich anders an,&#8230;<\/p>\n<p><a href=\"https:\/\/www.mourioche.de\/wpmourio\/wp-content\/uploads\/2013\/03\/elenya23.jpg\"><img loading=\"lazy\" decoding=\"async\" class=\"aligncenter size-medium wp-image-6051\" title=\"elenya2\" src=\"https:\/\/www.mourioche.de\/wpmourio\/wp-content\/uploads\/2013\/03\/elenya23-300x199.jpg\" alt=\"\" width=\"300\" height=\"199\" srcset=\"https:\/\/www.mourioche.de\/wpmourio\/wp-content\/uploads\/2013\/03\/elenya23-300x199.jpg 300w, https:\/\/www.mourioche.de\/wpmourio\/wp-content\/uploads\/2013\/03\/elenya23-150x99.jpg 150w, https:\/\/www.mourioche.de\/wpmourio\/wp-content\/uploads\/2013\/03\/elenya23-400x266.jpg 400w, https:\/\/www.mourioche.de\/wpmourio\/wp-content\/uploads\/2013\/03\/elenya23.jpg 800w\" sizes=\"auto, (max-width: 300px) 100vw, 300px\" \/><\/a><\/p>\n<p>v\u00f6llig entspannt kann Elenya den Kontakt mit der ihr bis dato unbekannten Besucherin genie\u00dfen &#8211; sie hat bis jetzt nur gute Erfahrungen in ihrem Leben gemacht. Das soll auch so bleiben!<\/p>\n<p><a href=\"https:\/\/www.mourioche.de\/wpmourio\/wp-content\/uploads\/2013\/03\/spiel12.jpg\"><img loading=\"lazy\" decoding=\"async\" class=\"aligncenter size-medium wp-image-6052\" title=\"spiel1\" src=\"https:\/\/www.mourioche.de\/wpmourio\/wp-content\/uploads\/2013\/03\/spiel12-300x199.jpg\" alt=\"\" width=\"300\" height=\"199\" srcset=\"https:\/\/www.mourioche.de\/wpmourio\/wp-content\/uploads\/2013\/03\/spiel12-300x199.jpg 300w, https:\/\/www.mourioche.de\/wpmourio\/wp-content\/uploads\/2013\/03\/spiel12-150x99.jpg 150w, https:\/\/www.mourioche.de\/wpmourio\/wp-content\/uploads\/2013\/03\/spiel12-400x266.jpg 400w, https:\/\/www.mourioche.de\/wpmourio\/wp-content\/uploads\/2013\/03\/spiel12.jpg 800w\" sizes=\"auto, (max-width: 300px) 100vw, 300px\" \/><\/a><\/p>\n<p>nur mit Kuscheln ist es aber nicht getan, die Kleinen wollen auch spielen und sind dabei schon ganz sch\u00f6n energisch. Jetzt m\u00fcssen sie lernen, ihre spitzen Welpenz\u00e4hne nur dosiert einzusetzen und statt mit Pullovern oder H\u00e4nden mit dem Spielzeug zu zergeln.<\/p>\n<p><a href=\"https:\/\/www.mourioche.de\/wpmourio\/wp-content\/uploads\/2013\/03\/elrond18.jpg\"><img loading=\"lazy\" decoding=\"async\" class=\"aligncenter size-medium wp-image-6053\" title=\"elrond1\" src=\"https:\/\/www.mourioche.de\/wpmourio\/wp-content\/uploads\/2013\/03\/elrond18-300x199.jpg\" alt=\"\" width=\"300\" height=\"199\" srcset=\"https:\/\/www.mourioche.de\/wpmourio\/wp-content\/uploads\/2013\/03\/elrond18-300x199.jpg 300w, https:\/\/www.mourioche.de\/wpmourio\/wp-content\/uploads\/2013\/03\/elrond18-150x99.jpg 150w, https:\/\/www.mourioche.de\/wpmourio\/wp-content\/uploads\/2013\/03\/elrond18-400x266.jpg 400w, https:\/\/www.mourioche.de\/wpmourio\/wp-content\/uploads\/2013\/03\/elrond18.jpg 800w\" sizes=\"auto, (max-width: 300px) 100vw, 300px\" \/><\/a><\/p>\n<p>darf ich auch mitspielen?<\/p>\n<p><a href=\"https:\/\/www.mourioche.de\/wpmourio\/wp-content\/uploads\/2013\/03\/eowyn16.jpg\"><img loading=\"lazy\" decoding=\"async\" class=\"aligncenter size-medium wp-image-6054\" title=\"eowyn1\" src=\"https:\/\/www.mourioche.de\/wpmourio\/wp-content\/uploads\/2013\/03\/eowyn16-300x199.jpg\" alt=\"\" width=\"300\" height=\"199\" srcset=\"https:\/\/www.mourioche.de\/wpmourio\/wp-content\/uploads\/2013\/03\/eowyn16-300x199.jpg 300w, https:\/\/www.mourioche.de\/wpmourio\/wp-content\/uploads\/2013\/03\/eowyn16-150x99.jpg 150w, https:\/\/www.mourioche.de\/wpmourio\/wp-content\/uploads\/2013\/03\/eowyn16-400x266.jpg 400w, https:\/\/www.mourioche.de\/wpmourio\/wp-content\/uploads\/2013\/03\/eowyn16.jpg 800w\" sizes=\"auto, (max-width: 300px) 100vw, 300px\" \/><\/a><\/p>\n<p>na klar, komm ruhig her!<\/p>\n<p><a href=\"https:\/\/www.mourioche.de\/wpmourio\/wp-content\/uploads\/2013\/03\/bletta12.jpg\"><img loading=\"lazy\" decoding=\"async\" class=\"aligncenter size-medium wp-image-6055\" title=\"bletta1\" src=\"https:\/\/www.mourioche.de\/wpmourio\/wp-content\/uploads\/2013\/03\/bletta12-300x199.jpg\" alt=\"\" width=\"300\" height=\"199\" srcset=\"https:\/\/www.mourioche.de\/wpmourio\/wp-content\/uploads\/2013\/03\/bletta12-300x199.jpg 300w, https:\/\/www.mourioche.de\/wpmourio\/wp-content\/uploads\/2013\/03\/bletta12-150x99.jpg 150w, https:\/\/www.mourioche.de\/wpmourio\/wp-content\/uploads\/2013\/03\/bletta12-400x266.jpg 400w, https:\/\/www.mourioche.de\/wpmourio\/wp-content\/uploads\/2013\/03\/bletta12.jpg 800w\" sizes=\"auto, (max-width: 300px) 100vw, 300px\" \/><\/a><\/p>\n<p>auch Bletta genie\u00dft die Besuche und die damit verbundene zus\u00e4tzliche Aufmerksamkeit sehr.<\/p>\n<p><a href=\"https:\/\/www.mourioche.de\/wpmourio\/wp-content\/uploads\/2013\/03\/eala26.jpg\"><img loading=\"lazy\" decoding=\"async\" class=\"aligncenter size-medium wp-image-6056\" title=\"eala2\" src=\"https:\/\/www.mourioche.de\/wpmourio\/wp-content\/uploads\/2013\/03\/eala26-293x300.jpg\" alt=\"\" width=\"293\" height=\"300\" srcset=\"https:\/\/www.mourioche.de\/wpmourio\/wp-content\/uploads\/2013\/03\/eala26-293x300.jpg 293w, https:\/\/www.mourioche.de\/wpmourio\/wp-content\/uploads\/2013\/03\/eala26-146x150.jpg 146w, https:\/\/www.mourioche.de\/wpmourio\/wp-content\/uploads\/2013\/03\/eala26-400x409.jpg 400w, https:\/\/www.mourioche.de\/wpmourio\/wp-content\/uploads\/2013\/03\/eala26.jpg 800w\" sizes=\"auto, (max-width: 293px) 100vw, 293px\" \/><\/a><\/p>\n<p>von hier oben hat man ganz klar den besten \u00dcberblick!<\/p>\n<p><a href=\"https:\/\/www.mourioche.de\/wpmourio\/wp-content\/uploads\/2013\/03\/elenya24.jpg\"><img loading=\"lazy\" decoding=\"async\" class=\"aligncenter size-medium wp-image-6057\" title=\"elenya2\" src=\"https:\/\/www.mourioche.de\/wpmourio\/wp-content\/uploads\/2013\/03\/elenya24-300x199.jpg\" alt=\"\" width=\"300\" height=\"199\" srcset=\"https:\/\/www.mourioche.de\/wpmourio\/wp-content\/uploads\/2013\/03\/elenya24-300x199.jpg 300w, https:\/\/www.mourioche.de\/wpmourio\/wp-content\/uploads\/2013\/03\/elenya24-150x99.jpg 150w, https:\/\/www.mourioche.de\/wpmourio\/wp-content\/uploads\/2013\/03\/elenya24-400x266.jpg 400w, https:\/\/www.mourioche.de\/wpmourio\/wp-content\/uploads\/2013\/03\/elenya24.jpg 800w\" sizes=\"auto, (max-width: 300px) 100vw, 300px\" \/><\/a><\/p>\n<p>daf\u00fcr wird man hier unten ganz fantastisch gekrault!<\/p>\n<p><a href=\"https:\/\/www.mourioche.de\/wpmourio\/wp-content\/uploads\/2013\/03\/fass1.jpg\"><img loading=\"lazy\" decoding=\"async\" class=\"aligncenter size-medium wp-image-6058\" title=\"fass1\" src=\"https:\/\/www.mourioche.de\/wpmourio\/wp-content\/uploads\/2013\/03\/fass1-300x285.jpg\" alt=\"\" width=\"300\" height=\"285\" srcset=\"https:\/\/www.mourioche.de\/wpmourio\/wp-content\/uploads\/2013\/03\/fass1-300x285.jpg 300w, https:\/\/www.mourioche.de\/wpmourio\/wp-content\/uploads\/2013\/03\/fass1-150x142.jpg 150w, https:\/\/www.mourioche.de\/wpmourio\/wp-content\/uploads\/2013\/03\/fass1-400x381.jpg 400w, https:\/\/www.mourioche.de\/wpmourio\/wp-content\/uploads\/2013\/03\/fass1.jpg 800w\" sizes=\"auto, (max-width: 300px) 100vw, 300px\" \/><\/a><\/p>\n<p>hatte ich schon erw\u00e4hnt, dass Besuche nur noch auf eigene Gefahr stattfinden? \ud83d\ude09<\/p>\n<p><a href=\"https:\/\/www.mourioche.de\/wpmourio\/wp-content\/uploads\/2013\/03\/elenya15.jpg\"><img loading=\"lazy\" decoding=\"async\" class=\"aligncenter size-medium wp-image-6059\" title=\"elenya1\" src=\"https:\/\/www.mourioche.de\/wpmourio\/wp-content\/uploads\/2013\/03\/elenya15-200x300.jpg\" alt=\"\" width=\"200\" height=\"300\" srcset=\"https:\/\/www.mourioche.de\/wpmourio\/wp-content\/uploads\/2013\/03\/elenya15-200x300.jpg 200w, https:\/\/www.mourioche.de\/wpmourio\/wp-content\/uploads\/2013\/03\/elenya15-682x1024.jpg 682w, https:\/\/www.mourioche.de\/wpmourio\/wp-content\/uploads\/2013\/03\/elenya15-100x150.jpg 100w, https:\/\/www.mourioche.de\/wpmourio\/wp-content\/uploads\/2013\/03\/elenya15-400x600.jpg 400w, https:\/\/www.mourioche.de\/wpmourio\/wp-content\/uploads\/2013\/03\/elenya15.jpg 800w\" sizes=\"auto, (max-width: 200px) 100vw, 200px\" \/><\/a><\/p>\n<p>so ist\u00b4s brav: sch\u00f6n das B\u00e4uchlein kraulen lassen!<\/p>\n","protected":false},"excerpt":{"rendered":"<p>30.03.2013 Die Sonne scheint! Zwar nur wenige Minuten, aber f\u00fcr ein paar sch\u00f6ne Fotos hat\u00b4s gereicht&#8230; gestern Abend sah Elenya noch so aus, als sie vom Garten rein kam: schneebedeckt heute Mittag hingegen konnten wir tats\u00e4chlich ein kurzes Sonnenbad nehmen&#8230; nanu? So hell hier drau\u00dfen!? sieht alles gleich viel freundlicher aus! das Wackelbrett hat auch &hellip; <a href=\"https:\/\/www.mourioche.de\/?page_id=6048\" class=\"more-link\"><span class=\"screen-reader-text\">Blettas E-Wurf 7. Woche<\/span> weiterlesen <span class=\"meta-nav\">&rarr;<\/span><\/a><\/p>\n","protected":false},"author":2,"featured_media":0,"parent":5664,"menu_order":2057,"comment_status":"open","ping_status":"open","template":"","meta":{"footnotes":""},"class_list":["post-6048","page","type-page","status-publish","hentry"],"_links":{"self":[{"href":"https:\/\/www.mourioche.de\/index.php?rest_route=\/wp\/v2\/pages\/6048","targetHints":{"allow":["GET"]}}],"collection":[{"href":"https:\/\/www.mourioche.de\/index.php?rest_route=\/wp\/v2\/pages"}],"about":[{"href":"https:\/\/www.mourioche.de\/index.php?rest_route=\/wp\/v2\/types\/page"}],"author":[{"embeddable":true,"href":"https:\/\/www.mourioche.de\/index.php?rest_route=\/wp\/v2\/users\/2"}],"replies":[{"embeddable":true,"href":"https:\/\/www.mourioche.de\/index.php?rest_route=%2Fwp%2Fv2%2Fcomments&post=6048"}],"version-history":[{"count":0,"href":"https:\/\/www.mourioche.de\/index.php?rest_route=\/wp\/v2\/pages\/6048\/revisions"}],"up":[{"embeddable":true,"href":"https:\/\/www.mourioche.de\/index.php?rest_route=\/wp\/v2\/pages\/5664"}],"wp:attachment":[{"href":"https:\/\/www.mourioche.de\/index.php?rest_route=%2Fwp%2Fv2%2Fmedia&parent=6048"}],"curies":[{"name":"wp","href":"https:\/\/api.w.org\/{rel}","templated":true}]}}