{"id":6086,"date":"2013-03-30T23:18:03","date_gmt":"2013-03-30T21:18:03","guid":{"rendered":"http:\/\/www.mourioche.de\/?page_id=6086"},"modified":"2020-12-28T20:15:27","modified_gmt":"2020-12-28T18:15:27","slug":"berger-des-pyrenees-deckruden-du-mourioche","status":"publish","type":"page","link":"https:\/\/www.mourioche.de\/?page_id=6086","title":{"rendered":"Berger des Pyr\u00e9n\u00e9es Deckr\u00fcden &#8222;du Mourioche&#8220; &#8211; stud dogs"},"content":{"rendered":"<p>Hier stelle ich die Deckr\u00fcden aus meiner Zucht vor. Sollte einer dieser R\u00fcden Ihr Interesse f\u00fcr Ihre Zucht geweckt haben, k\u00f6nnen Sie sich gerne mit mir in <a href=\"mailto:info@mourioche.de\">Verbindung setzen<\/a> &#8211; ich leite die Anfrage dann an den jeweiligen Besitzer weiter.<\/p>\n<p>Here you can find the &#8222;du Mourioche&#8220; stud dogs. If one of them catches your eyes feel free to <a href=\"mailto:info@mourioche.de\">contact me.<\/a><\/p>\n<p style=\"text-align: center;\"><strong>aus unserem E-Wurf:<\/strong><\/p>\n<p style=\"text-align: center;\"><a href=\"https:\/\/www.mourioche.de\/wpmourio\/wp-content\/uploads\/2015\/09\/elrond.jpg\"><img loading=\"lazy\" decoding=\"async\" class=\"alignnone size-medium wp-image-8530\" src=\"https:\/\/www.mourioche.de\/wpmourio\/wp-content\/uploads\/2015\/09\/elrond-300x199.jpg\" alt=\"elrond\" width=\"300\" height=\"199\" srcset=\"https:\/\/www.mourioche.de\/wpmourio\/wp-content\/uploads\/2015\/09\/elrond-300x199.jpg 300w, https:\/\/www.mourioche.de\/wpmourio\/wp-content\/uploads\/2015\/09\/elrond-150x99.jpg 150w, https:\/\/www.mourioche.de\/wpmourio\/wp-content\/uploads\/2015\/09\/elrond-400x266.jpg 400w, https:\/\/www.mourioche.de\/wpmourio\/wp-content\/uploads\/2015\/09\/elrond.jpg 800w\" sizes=\"auto, (max-width: 300px) 100vw, 300px\" \/><\/a><\/p>\n<p style=\"text-align: center;\">\u00a0Elrond du Mourioche<\/p>\n<p style=\"text-align: center;\">First Indy Black de Loubajac x Bletta de Kliandie<\/p>\n<p style=\"text-align: center;\">*13.02.2013<\/p>\n<p style=\"text-align: center;\">HD A<\/p>\n<p style=\"text-align: center;\">poil long, schwarz<\/p>\n<p style=\"text-align: center;\">\n<p style=\"text-align: center;\"><a href=\"https:\/\/www.mourioche.de\/wpmourio\/wp-content\/uploads\/2013\/03\/elrond111.jpg\"><img loading=\"lazy\" decoding=\"async\" class=\"aligncenter size-medium wp-image-7546\" src=\"https:\/\/www.mourioche.de\/wpmourio\/wp-content\/uploads\/2013\/03\/elrond111-300x199.jpg\" alt=\"elrond1\" width=\"300\" height=\"199\" srcset=\"https:\/\/www.mourioche.de\/wpmourio\/wp-content\/uploads\/2013\/03\/elrond111-300x199.jpg 300w, https:\/\/www.mourioche.de\/wpmourio\/wp-content\/uploads\/2013\/03\/elrond111-150x99.jpg 150w, https:\/\/www.mourioche.de\/wpmourio\/wp-content\/uploads\/2013\/03\/elrond111-400x266.jpg 400w, https:\/\/www.mourioche.de\/wpmourio\/wp-content\/uploads\/2013\/03\/elrond111.jpg 800w\" sizes=\"auto, (max-width: 300px) 100vw, 300px\" \/>\u00a0<\/a> <a href=\"https:\/\/www.mourioche.de\/wpmourio\/wp-content\/uploads\/2013\/03\/elrond25.jpg\"><img loading=\"lazy\" decoding=\"async\" class=\"aligncenter size-medium wp-image-7547\" src=\"https:\/\/www.mourioche.de\/wpmourio\/wp-content\/uploads\/2013\/03\/elrond25-300x277.jpg\" alt=\"elrond2\" width=\"300\" height=\"277\" srcset=\"https:\/\/www.mourioche.de\/wpmourio\/wp-content\/uploads\/2013\/03\/elrond25-300x277.jpg 300w, https:\/\/www.mourioche.de\/wpmourio\/wp-content\/uploads\/2013\/03\/elrond25-150x138.jpg 150w, https:\/\/www.mourioche.de\/wpmourio\/wp-content\/uploads\/2013\/03\/elrond25-400x369.jpg 400w, https:\/\/www.mourioche.de\/wpmourio\/wp-content\/uploads\/2013\/03\/elrond25.jpg 800w\" sizes=\"auto, (max-width: 300px) 100vw, 300px\" \/>\u00a0<\/a> <a href=\"https:\/\/www.mourioche.de\/wpmourio\/wp-content\/uploads\/2013\/03\/elrond32.jpg\"><img loading=\"lazy\" decoding=\"async\" class=\"aligncenter size-medium wp-image-7548\" src=\"https:\/\/www.mourioche.de\/wpmourio\/wp-content\/uploads\/2013\/03\/elrond32-300x243.jpg\" alt=\"elrond3\" width=\"300\" height=\"243\" srcset=\"https:\/\/www.mourioche.de\/wpmourio\/wp-content\/uploads\/2013\/03\/elrond32-300x243.jpg 300w, https:\/\/www.mourioche.de\/wpmourio\/wp-content\/uploads\/2013\/03\/elrond32-150x121.jpg 150w, https:\/\/www.mourioche.de\/wpmourio\/wp-content\/uploads\/2013\/03\/elrond32-400x324.jpg 400w, https:\/\/www.mourioche.de\/wpmourio\/wp-content\/uploads\/2013\/03\/elrond32.jpg 800w\" sizes=\"auto, (max-width: 300px) 100vw, 300px\" \/><\/a><\/p>\n<p style=\"text-align: center;\"><strong>aus unserem F-Wurf:<\/strong><\/p>\n<p style=\"text-align: center;\">Faramir du Mourioche &#8222;Mio&#8220;<\/p>\n<p style=\"text-align: center;\">Bergeron z Tylenu Moravia (\u201cApachi\u201d) x Brandagambar du Mourioche (\u201cDas Da\u201d)<\/p>\n<p style=\"text-align: center;\">*17.09.2013<\/p>\n<p style=\"text-align: center;\">HD A<\/p>\n<p style=\"text-align: center;\">poil long, gestromt (brindle)<\/p>\n<p style=\"text-align: center;\">Estland\/Estonia<\/p>\n<p style=\"text-align: center;\"><a href=\"https:\/\/www.mourioche.de\/wpmourio\/wp-content\/uploads\/2013\/03\/mio.jpg\"><img loading=\"lazy\" decoding=\"async\" class=\"alignnone size-medium wp-image-9260\" src=\"https:\/\/www.mourioche.de\/wpmourio\/wp-content\/uploads\/2013\/03\/mio-200x300.jpg\" alt=\"mio\" width=\"200\" height=\"300\" srcset=\"https:\/\/www.mourioche.de\/wpmourio\/wp-content\/uploads\/2013\/03\/mio-200x300.jpg 200w, https:\/\/www.mourioche.de\/wpmourio\/wp-content\/uploads\/2013\/03\/mio-100x150.jpg 100w, https:\/\/www.mourioche.de\/wpmourio\/wp-content\/uploads\/2013\/03\/mio-400x600.jpg 400w, https:\/\/www.mourioche.de\/wpmourio\/wp-content\/uploads\/2013\/03\/mio.jpg 640w\" sizes=\"auto, (max-width: 200px) 100vw, 200px\" \/><\/a><\/p>\n<p style=\"text-align: center;\"><a href=\"https:\/\/www.mourioche.de\/wpmourio\/wp-content\/uploads\/2013\/03\/12343357_977012615675569_1251998283_o.jpg\"><img loading=\"lazy\" decoding=\"async\" class=\"alignnone size-medium wp-image-9259\" src=\"https:\/\/www.mourioche.de\/wpmourio\/wp-content\/uploads\/2013\/03\/12343357_977012615675569_1251998283_o-300x199.jpg\" alt=\"12343357_977012615675569_1251998283_o\" width=\"300\" height=\"199\" srcset=\"https:\/\/www.mourioche.de\/wpmourio\/wp-content\/uploads\/2013\/03\/12343357_977012615675569_1251998283_o-300x199.jpg 300w, https:\/\/www.mourioche.de\/wpmourio\/wp-content\/uploads\/2013\/03\/12343357_977012615675569_1251998283_o-1024x682.jpg 1024w, https:\/\/www.mourioche.de\/wpmourio\/wp-content\/uploads\/2013\/03\/12343357_977012615675569_1251998283_o-150x99.jpg 150w, https:\/\/www.mourioche.de\/wpmourio\/wp-content\/uploads\/2013\/03\/12343357_977012615675569_1251998283_o-400x266.jpg 400w, https:\/\/www.mourioche.de\/wpmourio\/wp-content\/uploads\/2013\/03\/12343357_977012615675569_1251998283_o.jpg 1280w\" sizes=\"auto, (max-width: 300px) 100vw, 300px\" \/><\/a><\/p>\n<p style=\"text-align: center;\">\n<p style=\"text-align: center;\"><strong>Aus unserem J-Wurf:<\/strong><\/p>\n<p><a href=\"https:\/\/www.mourioche.de\/wpmourio\/wp-content\/uploads\/2018\/09\/DSC00768-3.jpeg\"><img loading=\"lazy\" decoding=\"async\" class=\"size-medium wp-image-10372\" src=\"https:\/\/www.mourioche.de\/wpmourio\/wp-content\/uploads\/2018\/09\/DSC00768-3-300x200.jpeg\" alt=\"\" width=\"300\" height=\"200\" srcset=\"https:\/\/www.mourioche.de\/wpmourio\/wp-content\/uploads\/2018\/09\/DSC00768-3-300x200.jpeg 300w, https:\/\/www.mourioche.de\/wpmourio\/wp-content\/uploads\/2018\/09\/DSC00768-3-768x512.jpeg 768w, https:\/\/www.mourioche.de\/wpmourio\/wp-content\/uploads\/2018\/09\/DSC00768-3-1024x682.jpeg 1024w, https:\/\/www.mourioche.de\/wpmourio\/wp-content\/uploads\/2018\/09\/DSC00768-3-150x100.jpeg 150w, https:\/\/www.mourioche.de\/wpmourio\/wp-content\/uploads\/2018\/09\/DSC00768-3-400x267.jpeg 400w, https:\/\/www.mourioche.de\/wpmourio\/wp-content\/uploads\/2018\/09\/DSC00768-3.jpeg 1280w\" sizes=\"auto, (max-width: 300px) 100vw, 300px\" \/><\/a><\/p>\n<p style=\"text-align: center;\">Jago du Mourioche<\/p>\n<p style=\"text-align: center;\">Idem du Val du Vent Dor\u00e9 x Brandagambar du Mourioche &#8222;Das Da&#8220;<\/p>\n<p style=\"text-align: center;\">28.01.2016<\/p>\n<p style=\"text-align: center;\">poil long, schwarz (zu grau aufgehellt)<\/p>\n<p style=\"text-align: center;\">HD A<\/p>\n<p style=\"text-align: center;\">\n","protected":false},"excerpt":{"rendered":"<p>Hier stelle ich die Deckr\u00fcden aus meiner Zucht vor. Sollte einer dieser R\u00fcden Ihr Interesse f\u00fcr Ihre Zucht geweckt haben, k\u00f6nnen Sie sich gerne mit mir in Verbindung setzen &#8211; ich leite die Anfrage dann an den jeweiligen Besitzer weiter. Here you can find the &#8222;du Mourioche&#8220; stud dogs. If one of them catches your &hellip; <a href=\"https:\/\/www.mourioche.de\/?page_id=6086\" class=\"more-link\"><span class=\"screen-reader-text\">Berger des Pyr\u00e9n\u00e9es Deckr\u00fcden &#8222;du Mourioche&#8220; &#8211; stud dogs<\/span> weiterlesen <span class=\"meta-nav\">&rarr;<\/span><\/a><\/p>\n","protected":false},"author":2,"featured_media":0,"parent":0,"menu_order":2700,"comment_status":"open","ping_status":"open","template":"","meta":{"footnotes":""},"class_list":["post-6086","page","type-page","status-publish","hentry"],"_links":{"self":[{"href":"https:\/\/www.mourioche.de\/index.php?rest_route=\/wp\/v2\/pages\/6086","targetHints":{"allow":["GET"]}}],"collection":[{"href":"https:\/\/www.mourioche.de\/index.php?rest_route=\/wp\/v2\/pages"}],"about":[{"href":"https:\/\/www.mourioche.de\/index.php?rest_route=\/wp\/v2\/types\/page"}],"author":[{"embeddable":true,"href":"https:\/\/www.mourioche.de\/index.php?rest_route=\/wp\/v2\/users\/2"}],"replies":[{"embeddable":true,"href":"https:\/\/www.mourioche.de\/index.php?rest_route=%2Fwp%2Fv2%2Fcomments&post=6086"}],"version-history":[{"count":12,"href":"https:\/\/www.mourioche.de\/index.php?rest_route=\/wp\/v2\/pages\/6086\/revisions"}],"predecessor-version":[{"id":10635,"href":"https:\/\/www.mourioche.de\/index.php?rest_route=\/wp\/v2\/pages\/6086\/revisions\/10635"}],"wp:attachment":[{"href":"https:\/\/www.mourioche.de\/index.php?rest_route=%2Fwp%2Fv2%2Fmedia&parent=6086"}],"curies":[{"name":"wp","href":"https:\/\/api.w.org\/{rel}","templated":true}]}}