{"id":6522,"date":"2013-09-20T06:55:24","date_gmt":"2013-09-20T04:55:24","guid":{"rendered":"http:\/\/www.mourioche.de\/?page_id=6522"},"modified":"2013-09-22T18:01:16","modified_gmt":"2013-09-22T16:01:16","slug":"das-das-f-wurf-1-woche","status":"publish","type":"page","link":"https:\/\/www.mourioche.de\/?page_id=6522","title":{"rendered":"Das Da F-Wurf  1. Woche"},"content":{"rendered":"<p style=\"text-align: center;\"><strong>22.09.2013<\/strong><\/p>\n<p style=\"text-align: center;\">Und mal wieder rast die Zeit nur so dahin! Die \u00c4f-F-chen werden t\u00e4glich gr\u00f6\u00dfer und mobiler.<\/p>\n<p style=\"text-align: center;\"><a href=\"https:\/\/www.mourioche.de\/wpmourio\/wp-content\/uploads\/2013\/09\/laurin1.jpg\"><img loading=\"lazy\" decoding=\"async\" class=\"aligncenter size-medium wp-image-6573\" title=\"laurin1\" src=\"https:\/\/www.mourioche.de\/wpmourio\/wp-content\/uploads\/2013\/09\/laurin1-300x199.jpg\" alt=\"\" width=\"300\" height=\"199\" srcset=\"https:\/\/www.mourioche.de\/wpmourio\/wp-content\/uploads\/2013\/09\/laurin1-300x199.jpg 300w, https:\/\/www.mourioche.de\/wpmourio\/wp-content\/uploads\/2013\/09\/laurin1-150x99.jpg 150w, https:\/\/www.mourioche.de\/wpmourio\/wp-content\/uploads\/2013\/09\/laurin1-400x266.jpg 400w, https:\/\/www.mourioche.de\/wpmourio\/wp-content\/uploads\/2013\/09\/laurin1.jpg 800w\" sizes=\"auto, (max-width: 300px) 100vw, 300px\" \/><\/a>\u00a0Laurin l\u00e4sst es sich nicht nehmen, t\u00e4glich mehrmals bei den Kleinen f\u00fcr eine Kuschelrunde vorbei zu schauen.<\/p>\n<p style=\"text-align: center;\"><a href=\"https:\/\/www.mourioche.de\/wpmourio\/wp-content\/uploads\/2013\/09\/laurin2.jpg\"><img loading=\"lazy\" decoding=\"async\" class=\"aligncenter size-medium wp-image-6574\" title=\"laurin2\" src=\"https:\/\/www.mourioche.de\/wpmourio\/wp-content\/uploads\/2013\/09\/laurin2-300x199.jpg\" alt=\"\" width=\"300\" height=\"199\" srcset=\"https:\/\/www.mourioche.de\/wpmourio\/wp-content\/uploads\/2013\/09\/laurin2-300x199.jpg 300w, https:\/\/www.mourioche.de\/wpmourio\/wp-content\/uploads\/2013\/09\/laurin2-150x99.jpg 150w, https:\/\/www.mourioche.de\/wpmourio\/wp-content\/uploads\/2013\/09\/laurin2-400x266.jpg 400w, https:\/\/www.mourioche.de\/wpmourio\/wp-content\/uploads\/2013\/09\/laurin2.jpg 800w\" sizes=\"auto, (max-width: 300px) 100vw, 300px\" \/><\/a>\u00a0jeder Einzelne kommt auf seine Kosten: Faramir,<\/p>\n<p style=\"text-align: center;\"><a href=\"https:\/\/www.mourioche.de\/wpmourio\/wp-content\/uploads\/2013\/09\/laurin3.jpg\"><img loading=\"lazy\" decoding=\"async\" class=\"aligncenter size-medium wp-image-6575\" title=\"laurin3\" src=\"https:\/\/www.mourioche.de\/wpmourio\/wp-content\/uploads\/2013\/09\/laurin3-300x232.jpg\" alt=\"\" width=\"300\" height=\"232\" srcset=\"https:\/\/www.mourioche.de\/wpmourio\/wp-content\/uploads\/2013\/09\/laurin3-300x232.jpg 300w, https:\/\/www.mourioche.de\/wpmourio\/wp-content\/uploads\/2013\/09\/laurin3-150x116.jpg 150w, https:\/\/www.mourioche.de\/wpmourio\/wp-content\/uploads\/2013\/09\/laurin3-400x310.jpg 400w, https:\/\/www.mourioche.de\/wpmourio\/wp-content\/uploads\/2013\/09\/laurin3.jpg 800w\" sizes=\"auto, (max-width: 300px) 100vw, 300px\" \/><\/a>\u00a0Finwe&#8230;<\/p>\n<p style=\"text-align: center;\"><a href=\"https:\/\/www.mourioche.de\/wpmourio\/wp-content\/uploads\/2013\/09\/laurin4.jpg\"><img loading=\"lazy\" decoding=\"async\" class=\"aligncenter size-medium wp-image-6576\" title=\"laurin4\" src=\"https:\/\/www.mourioche.de\/wpmourio\/wp-content\/uploads\/2013\/09\/laurin4-300x199.jpg\" alt=\"\" width=\"300\" height=\"199\" srcset=\"https:\/\/www.mourioche.de\/wpmourio\/wp-content\/uploads\/2013\/09\/laurin4-300x199.jpg 300w, https:\/\/www.mourioche.de\/wpmourio\/wp-content\/uploads\/2013\/09\/laurin4-150x99.jpg 150w, https:\/\/www.mourioche.de\/wpmourio\/wp-content\/uploads\/2013\/09\/laurin4-400x266.jpg 400w, https:\/\/www.mourioche.de\/wpmourio\/wp-content\/uploads\/2013\/09\/laurin4.jpg 800w\" sizes=\"auto, (max-width: 300px) 100vw, 300px\" \/><\/a>\u00a0und Fili genie\u00dfen es, von Laurin gestreichelt zu werden.<\/p>\n<p style=\"text-align: center;\"><a href=\"https:\/\/www.mourioche.de\/wpmourio\/wp-content\/uploads\/2013\/09\/dasda11.jpg\"><img loading=\"lazy\" decoding=\"async\" class=\"aligncenter size-medium wp-image-6577\" title=\"dasda1\" src=\"https:\/\/www.mourioche.de\/wpmourio\/wp-content\/uploads\/2013\/09\/dasda11-300x199.jpg\" alt=\"\" width=\"300\" height=\"199\" srcset=\"https:\/\/www.mourioche.de\/wpmourio\/wp-content\/uploads\/2013\/09\/dasda11-300x199.jpg 300w, https:\/\/www.mourioche.de\/wpmourio\/wp-content\/uploads\/2013\/09\/dasda11-150x99.jpg 150w, https:\/\/www.mourioche.de\/wpmourio\/wp-content\/uploads\/2013\/09\/dasda11-400x266.jpg 400w, https:\/\/www.mourioche.de\/wpmourio\/wp-content\/uploads\/2013\/09\/dasda11.jpg 800w\" sizes=\"auto, (max-width: 300px) 100vw, 300px\" \/><\/a>\u00a0Das Da tr\u00e4gt es mit Fassung \ud83d\ude09<\/p>\n<p style=\"text-align: center;\"><a href=\"https:\/\/www.mourioche.de\/wpmourio\/wp-content\/uploads\/2013\/09\/schlaf1.jpg\"><img loading=\"lazy\" decoding=\"async\" class=\"aligncenter size-medium wp-image-6578\" title=\"schlaf1\" src=\"https:\/\/www.mourioche.de\/wpmourio\/wp-content\/uploads\/2013\/09\/schlaf1-300x199.jpg\" alt=\"\" width=\"300\" height=\"199\" srcset=\"https:\/\/www.mourioche.de\/wpmourio\/wp-content\/uploads\/2013\/09\/schlaf1-300x199.jpg 300w, https:\/\/www.mourioche.de\/wpmourio\/wp-content\/uploads\/2013\/09\/schlaf1-150x99.jpg 150w, https:\/\/www.mourioche.de\/wpmourio\/wp-content\/uploads\/2013\/09\/schlaf1-400x266.jpg 400w, https:\/\/www.mourioche.de\/wpmourio\/wp-content\/uploads\/2013\/09\/schlaf1.jpg 800w\" sizes=\"auto, (max-width: 300px) 100vw, 300px\" \/><\/a>\u00a0nach der Kuschelrunde gibt es einen ordentlichen Schluck an der Theke &#8211; trinken bis zum Abwinken. Oder Einschlafen, so wie Faramir hier<\/p>\n<p style=\"text-align: center;\"><a href=\"https:\/\/www.mourioche.de\/wpmourio\/wp-content\/uploads\/2013\/09\/schlaf2.jpg\"><img loading=\"lazy\" decoding=\"async\" class=\"aligncenter size-medium wp-image-6579\" title=\"schlaf2\" src=\"https:\/\/www.mourioche.de\/wpmourio\/wp-content\/uploads\/2013\/09\/schlaf2-300x199.jpg\" alt=\"\" width=\"300\" height=\"199\" srcset=\"https:\/\/www.mourioche.de\/wpmourio\/wp-content\/uploads\/2013\/09\/schlaf2-300x199.jpg 300w, https:\/\/www.mourioche.de\/wpmourio\/wp-content\/uploads\/2013\/09\/schlaf2-150x99.jpg 150w, https:\/\/www.mourioche.de\/wpmourio\/wp-content\/uploads\/2013\/09\/schlaf2-400x266.jpg 400w, https:\/\/www.mourioche.de\/wpmourio\/wp-content\/uploads\/2013\/09\/schlaf2.jpg 800w\" sizes=\"auto, (max-width: 300px) 100vw, 300px\" \/><\/a>\u00a0alle sind zufrieden, satt und gl\u00fccklich &#8211; optimale Voraussetzungen f\u00fcr ein gemeinsames Nickerchen<\/p>\n<p style=\"text-align: center;\"><a href=\"https:\/\/www.mourioche.de\/wpmourio\/wp-content\/uploads\/2013\/09\/faramir12.jpg\"><img loading=\"lazy\" decoding=\"async\" class=\"aligncenter size-medium wp-image-6580\" title=\"faramir1\" src=\"https:\/\/www.mourioche.de\/wpmourio\/wp-content\/uploads\/2013\/09\/faramir12-300x199.jpg\" alt=\"\" width=\"300\" height=\"199\" srcset=\"https:\/\/www.mourioche.de\/wpmourio\/wp-content\/uploads\/2013\/09\/faramir12-300x199.jpg 300w, https:\/\/www.mourioche.de\/wpmourio\/wp-content\/uploads\/2013\/09\/faramir12-150x99.jpg 150w, https:\/\/www.mourioche.de\/wpmourio\/wp-content\/uploads\/2013\/09\/faramir12-400x266.jpg 400w, https:\/\/www.mourioche.de\/wpmourio\/wp-content\/uploads\/2013\/09\/faramir12.jpg 800w\" sizes=\"auto, (max-width: 300px) 100vw, 300px\" \/><\/a>\u00a0Einzelbilder: Faramir<\/p>\n<p style=\"text-align: center;\"><a href=\"https:\/\/www.mourioche.de\/wpmourio\/wp-content\/uploads\/2013\/09\/finwe12.jpg\"><img loading=\"lazy\" decoding=\"async\" class=\"aligncenter size-medium wp-image-6581\" title=\"finwe1\" src=\"https:\/\/www.mourioche.de\/wpmourio\/wp-content\/uploads\/2013\/09\/finwe12-300x199.jpg\" alt=\"\" width=\"300\" height=\"199\" srcset=\"https:\/\/www.mourioche.de\/wpmourio\/wp-content\/uploads\/2013\/09\/finwe12-300x199.jpg 300w, https:\/\/www.mourioche.de\/wpmourio\/wp-content\/uploads\/2013\/09\/finwe12-150x99.jpg 150w, https:\/\/www.mourioche.de\/wpmourio\/wp-content\/uploads\/2013\/09\/finwe12-400x266.jpg 400w, https:\/\/www.mourioche.de\/wpmourio\/wp-content\/uploads\/2013\/09\/finwe12.jpg 800w\" sizes=\"auto, (max-width: 300px) 100vw, 300px\" \/><\/a>\u00a0Finwe<\/p>\n<p style=\"text-align: center;\"><a href=\"https:\/\/www.mourioche.de\/wpmourio\/wp-content\/uploads\/2013\/09\/fili12.jpg\"><img loading=\"lazy\" decoding=\"async\" class=\"aligncenter size-medium wp-image-6582\" title=\"fili1\" src=\"https:\/\/www.mourioche.de\/wpmourio\/wp-content\/uploads\/2013\/09\/fili12-300x199.jpg\" alt=\"\" width=\"300\" height=\"199\" srcset=\"https:\/\/www.mourioche.de\/wpmourio\/wp-content\/uploads\/2013\/09\/fili12-300x199.jpg 300w, https:\/\/www.mourioche.de\/wpmourio\/wp-content\/uploads\/2013\/09\/fili12-150x99.jpg 150w, https:\/\/www.mourioche.de\/wpmourio\/wp-content\/uploads\/2013\/09\/fili12-400x266.jpg 400w, https:\/\/www.mourioche.de\/wpmourio\/wp-content\/uploads\/2013\/09\/fili12.jpg 800w\" sizes=\"auto, (max-width: 300px) 100vw, 300px\" \/><\/a>\u00a0und Fili<\/p>\n<p style=\"text-align: center;\">\n<p style=\"text-align: center;\"><strong>20.09.2013<\/strong><\/p>\n<p style=\"text-align: center;\">unsere F-chen wachsen und gedeihen. Rundum zufrieden liegen sie den ganzen Tag bei Mama Das Da und lassen es sich gut gehen&#8230; 24 Stunden Service inklusive!<\/p>\n<p style=\"text-align: center;\"><a href=\"https:\/\/www.mourioche.de\/wpmourio\/wp-content\/uploads\/2013\/09\/dasda1.jpg\"><img loading=\"lazy\" decoding=\"async\" class=\"aligncenter size-medium wp-image-6551\" title=\"dasda1\" src=\"https:\/\/www.mourioche.de\/wpmourio\/wp-content\/uploads\/2013\/09\/dasda1-300x199.jpg\" alt=\"\" width=\"300\" height=\"199\" srcset=\"https:\/\/www.mourioche.de\/wpmourio\/wp-content\/uploads\/2013\/09\/dasda1-300x199.jpg 300w, https:\/\/www.mourioche.de\/wpmourio\/wp-content\/uploads\/2013\/09\/dasda1-150x99.jpg 150w, https:\/\/www.mourioche.de\/wpmourio\/wp-content\/uploads\/2013\/09\/dasda1-400x266.jpg 400w, https:\/\/www.mourioche.de\/wpmourio\/wp-content\/uploads\/2013\/09\/dasda1.jpg 800w\" sizes=\"auto, (max-width: 300px) 100vw, 300px\" \/><\/a>\u00a0Das Da weicht den Kleinen kaum von der Seite. V\u00f6llig entspannt genie\u00dft sie es, mit ihnen zu kuscheln und sie zu versorgen.<\/p>\n<p style=\"text-align: center;\"><a href=\"https:\/\/www.mourioche.de\/wpmourio\/wp-content\/uploads\/2013\/09\/bauch11.jpg\"><img loading=\"lazy\" decoding=\"async\" class=\"aligncenter size-medium wp-image-6552\" title=\"bauch1\" src=\"https:\/\/www.mourioche.de\/wpmourio\/wp-content\/uploads\/2013\/09\/bauch11-300x199.jpg\" alt=\"\" width=\"300\" height=\"199\" srcset=\"https:\/\/www.mourioche.de\/wpmourio\/wp-content\/uploads\/2013\/09\/bauch11-300x199.jpg 300w, https:\/\/www.mourioche.de\/wpmourio\/wp-content\/uploads\/2013\/09\/bauch11-150x99.jpg 150w, https:\/\/www.mourioche.de\/wpmourio\/wp-content\/uploads\/2013\/09\/bauch11-400x266.jpg 400w, https:\/\/www.mourioche.de\/wpmourio\/wp-content\/uploads\/2013\/09\/bauch11.jpg 800w\" sizes=\"auto, (max-width: 300px) 100vw, 300px\" \/><\/a>\u00a0da ist es kein Wunder, dass die kleinen Welpenb\u00e4uchlein stetig runder werden&#8230; Alle drei F\u00b4s legen t\u00e4glich ordentlich an Gewicht zu, so wie es sich f\u00fcr Welpen in dem Alter geh\u00f6rt.<\/p>\n<p style=\"text-align: center;\"><a href=\"https:\/\/www.mourioche.de\/wpmourio\/wp-content\/uploads\/2013\/09\/drei11.jpg\"><img loading=\"lazy\" decoding=\"async\" class=\"aligncenter size-medium wp-image-6553\" title=\"drei1\" src=\"https:\/\/www.mourioche.de\/wpmourio\/wp-content\/uploads\/2013\/09\/drei11-300x199.jpg\" alt=\"\" width=\"300\" height=\"199\" srcset=\"https:\/\/www.mourioche.de\/wpmourio\/wp-content\/uploads\/2013\/09\/drei11-300x199.jpg 300w, https:\/\/www.mourioche.de\/wpmourio\/wp-content\/uploads\/2013\/09\/drei11-150x99.jpg 150w, https:\/\/www.mourioche.de\/wpmourio\/wp-content\/uploads\/2013\/09\/drei11-400x266.jpg 400w, https:\/\/www.mourioche.de\/wpmourio\/wp-content\/uploads\/2013\/09\/drei11.jpg 800w\" sizes=\"auto, (max-width: 300px) 100vw, 300px\" \/><\/a><\/p>\n<p style=\"text-align: center;\"><a href=\"https:\/\/www.mourioche.de\/wpmourio\/wp-content\/uploads\/2013\/09\/drei21.jpg\"><img loading=\"lazy\" decoding=\"async\" class=\"aligncenter size-medium wp-image-6554\" title=\"drei2\" src=\"https:\/\/www.mourioche.de\/wpmourio\/wp-content\/uploads\/2013\/09\/drei21-300x222.jpg\" alt=\"\" width=\"300\" height=\"222\" srcset=\"https:\/\/www.mourioche.de\/wpmourio\/wp-content\/uploads\/2013\/09\/drei21-300x222.jpg 300w, https:\/\/www.mourioche.de\/wpmourio\/wp-content\/uploads\/2013\/09\/drei21-150x111.jpg 150w, https:\/\/www.mourioche.de\/wpmourio\/wp-content\/uploads\/2013\/09\/drei21-400x297.jpg 400w, https:\/\/www.mourioche.de\/wpmourio\/wp-content\/uploads\/2013\/09\/drei21.jpg 800w\" sizes=\"auto, (max-width: 300px) 100vw, 300px\" \/><\/a>\u00a0das bunte Trio: links Finwe, oben Fili, rechts Faramir<\/p>\n<p style=\"text-align: center;\"><a href=\"https:\/\/www.mourioche.de\/wpmourio\/wp-content\/uploads\/2013\/09\/faramir11.jpg\"><img loading=\"lazy\" decoding=\"async\" class=\"aligncenter size-medium wp-image-6555\" title=\"faramir1\" src=\"https:\/\/www.mourioche.de\/wpmourio\/wp-content\/uploads\/2013\/09\/faramir11-300x199.jpg\" alt=\"\" width=\"300\" height=\"199\" srcset=\"https:\/\/www.mourioche.de\/wpmourio\/wp-content\/uploads\/2013\/09\/faramir11-300x199.jpg 300w, https:\/\/www.mourioche.de\/wpmourio\/wp-content\/uploads\/2013\/09\/faramir11-150x99.jpg 150w, https:\/\/www.mourioche.de\/wpmourio\/wp-content\/uploads\/2013\/09\/faramir11-400x266.jpg 400w, https:\/\/www.mourioche.de\/wpmourio\/wp-content\/uploads\/2013\/09\/faramir11.jpg 800w\" sizes=\"auto, (max-width: 300px) 100vw, 300px\" \/><\/a>\u00a0Faramir<\/p>\n<p style=\"text-align: center;\"><a href=\"https:\/\/www.mourioche.de\/wpmourio\/wp-content\/uploads\/2013\/09\/fili11.jpg\"><img loading=\"lazy\" decoding=\"async\" class=\"aligncenter size-medium wp-image-6556\" title=\"fili1\" src=\"https:\/\/www.mourioche.de\/wpmourio\/wp-content\/uploads\/2013\/09\/fili11-300x199.jpg\" alt=\"\" width=\"300\" height=\"199\" srcset=\"https:\/\/www.mourioche.de\/wpmourio\/wp-content\/uploads\/2013\/09\/fili11-300x199.jpg 300w, https:\/\/www.mourioche.de\/wpmourio\/wp-content\/uploads\/2013\/09\/fili11-150x99.jpg 150w, https:\/\/www.mourioche.de\/wpmourio\/wp-content\/uploads\/2013\/09\/fili11-400x266.jpg 400w, https:\/\/www.mourioche.de\/wpmourio\/wp-content\/uploads\/2013\/09\/fili11.jpg 800w\" sizes=\"auto, (max-width: 300px) 100vw, 300px\" \/><\/a>\u00a0Fili<\/p>\n<p style=\"text-align: center;\"><a href=\"https:\/\/www.mourioche.de\/wpmourio\/wp-content\/uploads\/2013\/09\/finwe11.jpg\"><img loading=\"lazy\" decoding=\"async\" class=\"aligncenter size-medium wp-image-6557\" title=\"finwe1\" src=\"https:\/\/www.mourioche.de\/wpmourio\/wp-content\/uploads\/2013\/09\/finwe11-300x199.jpg\" alt=\"\" width=\"300\" height=\"199\" srcset=\"https:\/\/www.mourioche.de\/wpmourio\/wp-content\/uploads\/2013\/09\/finwe11-300x199.jpg 300w, https:\/\/www.mourioche.de\/wpmourio\/wp-content\/uploads\/2013\/09\/finwe11-150x99.jpg 150w, https:\/\/www.mourioche.de\/wpmourio\/wp-content\/uploads\/2013\/09\/finwe11-400x266.jpg 400w, https:\/\/www.mourioche.de\/wpmourio\/wp-content\/uploads\/2013\/09\/finwe11.jpg 800w\" sizes=\"auto, (max-width: 300px) 100vw, 300px\" \/><\/a>\u00a0Finwe<\/p>\n<p style=\"text-align: center;\"><a href=\"https:\/\/www.mourioche.de\/wpmourio\/wp-content\/uploads\/2013\/09\/filifinwe1.jpg\"><img loading=\"lazy\" decoding=\"async\" class=\"aligncenter size-medium wp-image-6558\" title=\"filifinwe1\" src=\"https:\/\/www.mourioche.de\/wpmourio\/wp-content\/uploads\/2013\/09\/filifinwe1-300x199.jpg\" alt=\"\" width=\"300\" height=\"199\" srcset=\"https:\/\/www.mourioche.de\/wpmourio\/wp-content\/uploads\/2013\/09\/filifinwe1-300x199.jpg 300w, https:\/\/www.mourioche.de\/wpmourio\/wp-content\/uploads\/2013\/09\/filifinwe1-150x99.jpg 150w, https:\/\/www.mourioche.de\/wpmourio\/wp-content\/uploads\/2013\/09\/filifinwe1-400x266.jpg 400w, https:\/\/www.mourioche.de\/wpmourio\/wp-content\/uploads\/2013\/09\/filifinwe1.jpg 800w\" sizes=\"auto, (max-width: 300px) 100vw, 300px\" \/><\/a>\u00a0Finwe macht es sich gerne gem\u00fctlich&#8230;<\/p>\n<p style=\"text-align: center;\"><a href=\"https:\/\/www.mourioche.de\/wpmourio\/wp-content\/uploads\/2013\/09\/finwe21.jpg\"><img loading=\"lazy\" decoding=\"async\" class=\"aligncenter size-medium wp-image-6559\" title=\"finwe2\" src=\"https:\/\/www.mourioche.de\/wpmourio\/wp-content\/uploads\/2013\/09\/finwe21-300x199.jpg\" alt=\"\" width=\"300\" height=\"199\" srcset=\"https:\/\/www.mourioche.de\/wpmourio\/wp-content\/uploads\/2013\/09\/finwe21-300x199.jpg 300w, https:\/\/www.mourioche.de\/wpmourio\/wp-content\/uploads\/2013\/09\/finwe21-150x99.jpg 150w, https:\/\/www.mourioche.de\/wpmourio\/wp-content\/uploads\/2013\/09\/finwe21-400x266.jpg 400w, https:\/\/www.mourioche.de\/wpmourio\/wp-content\/uploads\/2013\/09\/finwe21.jpg 800w\" sizes=\"auto, (max-width: 300px) 100vw, 300px\" \/><\/a>\u00a0&#8230;wozu hat man schlie\u00dflich Geschwister?!<\/p>\n<p style=\"text-align: center;\"><a href=\"https:\/\/www.mourioche.de\/wpmourio\/wp-content\/uploads\/2013\/09\/schleck1.jpg\"><img loading=\"lazy\" decoding=\"async\" class=\"aligncenter size-medium wp-image-6560\" title=\"schleck1\" src=\"https:\/\/www.mourioche.de\/wpmourio\/wp-content\/uploads\/2013\/09\/schleck1-300x254.jpg\" alt=\"\" width=\"300\" height=\"254\" srcset=\"https:\/\/www.mourioche.de\/wpmourio\/wp-content\/uploads\/2013\/09\/schleck1-300x254.jpg 300w, https:\/\/www.mourioche.de\/wpmourio\/wp-content\/uploads\/2013\/09\/schleck1-150x127.jpg 150w, https:\/\/www.mourioche.de\/wpmourio\/wp-content\/uploads\/2013\/09\/schleck1-400x339.jpg 400w, https:\/\/www.mourioche.de\/wpmourio\/wp-content\/uploads\/2013\/09\/schleck1.jpg 800w\" sizes=\"auto, (max-width: 300px) 100vw, 300px\" \/><\/a>\u00a0Fili nimmt erst mal eine Geschmacksprobe. Ob sie Faramir wohl zum Fressen gern hat?<\/p>\n<p style=\"text-align: center;\"><strong>18.09.2013<\/strong><\/p>\n<p style=\"text-align: center;\">darf ich vorstellen:\u00a0<strong><\/strong><\/p>\n<p style=\"text-align: center;\"><a href=\"https:\/\/www.mourioche.de\/wpmourio\/wp-content\/uploads\/2013\/09\/fili1.jpg\"><img loading=\"lazy\" decoding=\"async\" title=\"fili1\" src=\"https:\/\/www.mourioche.de\/wpmourio\/wp-content\/uploads\/2013\/09\/fili1-300x199.jpg\" alt=\"\" width=\"300\" height=\"199\" \/><\/a><\/p>\n<p style=\"text-align: center;\">die Dame zuerst:<\/p>\n<p style=\"text-align: center;\">Fili<\/p>\n<p style=\"text-align: center;\"><a href=\"https:\/\/www.mourioche.de\/wpmourio\/wp-content\/uploads\/2013\/09\/fili2.jpg\"><img loading=\"lazy\" decoding=\"async\" title=\"fili2\" src=\"https:\/\/www.mourioche.de\/wpmourio\/wp-content\/uploads\/2013\/09\/fili2-300x199.jpg\" alt=\"\" width=\"300\" height=\"199\" \/><\/a><\/p>\n<p style=\"text-align: center;\"><a href=\"https:\/\/www.mourioche.de\/wpmourio\/wp-content\/uploads\/2013\/09\/faramir1.jpg\"><img loading=\"lazy\" decoding=\"async\" title=\"faramir1\" src=\"https:\/\/www.mourioche.de\/wpmourio\/wp-content\/uploads\/2013\/09\/faramir1-300x199.jpg\" alt=\"\" width=\"300\" height=\"199\" \/><\/a><\/p>\n<p style=\"text-align: center;\">und ihre Br\u00fcder Faramir<\/p>\n<p style=\"text-align: center;\"><a href=\"https:\/\/www.mourioche.de\/wpmourio\/wp-content\/uploads\/2013\/09\/faramir2.jpg\"><img loading=\"lazy\" decoding=\"async\" title=\"faramir2\" src=\"https:\/\/www.mourioche.de\/wpmourio\/wp-content\/uploads\/2013\/09\/faramir2-300x199.jpg\" alt=\"\" width=\"300\" height=\"199\" \/><\/a><\/p>\n<p style=\"text-align: center;\"><a href=\"https:\/\/www.mourioche.de\/wpmourio\/wp-content\/uploads\/2013\/09\/finwe1.jpg\"><img loading=\"lazy\" decoding=\"async\" title=\"finwe1\" src=\"https:\/\/www.mourioche.de\/wpmourio\/wp-content\/uploads\/2013\/09\/finwe1-300x199.jpg\" alt=\"\" width=\"300\" height=\"199\" \/><\/a><\/p>\n<p style=\"text-align: center;\">\u00a0und Finwe<\/p>\n<p style=\"text-align: center;\"><a href=\"https:\/\/www.mourioche.de\/wpmourio\/wp-content\/uploads\/2013\/09\/finwe2.jpg\"><img loading=\"lazy\" decoding=\"async\" title=\"finwe2\" src=\"https:\/\/www.mourioche.de\/wpmourio\/wp-content\/uploads\/2013\/09\/finwe2-300x199.jpg\" alt=\"\" width=\"300\" height=\"199\" \/><\/a><\/p>\n<p style=\"text-align: center;\"><a href=\"https:\/\/www.mourioche.de\/wpmourio\/wp-content\/uploads\/2013\/09\/alle1.jpg\"><img loading=\"lazy\" decoding=\"async\" title=\"alle1\" src=\"https:\/\/www.mourioche.de\/wpmourio\/wp-content\/uploads\/2013\/09\/alle1-300x199.jpg\" alt=\"\" width=\"300\" height=\"199\" \/><\/a><\/p>\n<p style=\"text-align: center;\">zusammen mit ihrer Mutter bei ihrer Lieblingsbesch\u00e4ftigung \ud83d\ude09<\/p>\n<div style=\"text-align: center;\"><\/div>\n","protected":false},"excerpt":{"rendered":"<p>22.09.2013 Und mal wieder rast die Zeit nur so dahin! Die \u00c4f-F-chen werden t\u00e4glich gr\u00f6\u00dfer und mobiler. \u00a0Laurin l\u00e4sst es sich nicht nehmen, t\u00e4glich mehrmals bei den Kleinen f\u00fcr eine Kuschelrunde vorbei zu schauen. \u00a0jeder Einzelne kommt auf seine Kosten: Faramir, \u00a0Finwe&#8230; \u00a0und Fili genie\u00dfen es, von Laurin gestreichelt zu werden. \u00a0Das Da tr\u00e4gt es &hellip; <a href=\"https:\/\/www.mourioche.de\/?page_id=6522\" class=\"more-link\"><span class=\"screen-reader-text\">Das Da F-Wurf  1. Woche<\/span> weiterlesen <span class=\"meta-nav\">&rarr;<\/span><\/a><\/p>\n","protected":false},"author":3,"featured_media":0,"parent":6514,"menu_order":2111,"comment_status":"open","ping_status":"open","template":"","meta":{"footnotes":""},"class_list":["post-6522","page","type-page","status-publish","hentry"],"_links":{"self":[{"href":"https:\/\/www.mourioche.de\/index.php?rest_route=\/wp\/v2\/pages\/6522","targetHints":{"allow":["GET"]}}],"collection":[{"href":"https:\/\/www.mourioche.de\/index.php?rest_route=\/wp\/v2\/pages"}],"about":[{"href":"https:\/\/www.mourioche.de\/index.php?rest_route=\/wp\/v2\/types\/page"}],"author":[{"embeddable":true,"href":"https:\/\/www.mourioche.de\/index.php?rest_route=\/wp\/v2\/users\/3"}],"replies":[{"embeddable":true,"href":"https:\/\/www.mourioche.de\/index.php?rest_route=%2Fwp%2Fv2%2Fcomments&post=6522"}],"version-history":[{"count":7,"href":"https:\/\/www.mourioche.de\/index.php?rest_route=\/wp\/v2\/pages\/6522\/revisions"}],"predecessor-version":[{"id":6550,"href":"https:\/\/www.mourioche.de\/index.php?rest_route=\/wp\/v2\/pages\/6522\/revisions\/6550"}],"up":[{"embeddable":true,"href":"https:\/\/www.mourioche.de\/index.php?rest_route=\/wp\/v2\/pages\/6514"}],"wp:attachment":[{"href":"https:\/\/www.mourioche.de\/index.php?rest_route=%2Fwp%2Fv2%2Fmedia&parent=6522"}],"curies":[{"name":"wp","href":"https:\/\/api.w.org\/{rel}","templated":true}]}}