{"id":6736,"date":"2013-10-17T21:50:02","date_gmt":"2013-10-17T19:50:02","guid":{"rendered":"http:\/\/www.mourioche.de\/?page_id=6736"},"modified":"2013-10-21T18:32:04","modified_gmt":"2013-10-21T16:32:04","slug":"das-da-f-wurf-5-woche","status":"publish","type":"page","link":"https:\/\/www.mourioche.de\/?page_id=6736","title":{"rendered":"Das Da F-Wurf 5. Woche"},"content":{"rendered":"<p style=\"text-align: center;\"><strong>21.10.2013<\/strong><\/p>\n<p style=\"text-align: center;\"><a href=\"https:\/\/www.mourioche.de\/wpmourio\/wp-content\/uploads\/2013\/10\/fili14.jpg\"><img loading=\"lazy\" decoding=\"async\" class=\"aligncenter size-medium wp-image-6767\" title=\"fili1\" src=\"https:\/\/www.mourioche.de\/wpmourio\/wp-content\/uploads\/2013\/10\/fili14-300x199.jpg\" alt=\"\" width=\"300\" height=\"199\" srcset=\"https:\/\/www.mourioche.de\/wpmourio\/wp-content\/uploads\/2013\/10\/fili14-300x199.jpg 300w, https:\/\/www.mourioche.de\/wpmourio\/wp-content\/uploads\/2013\/10\/fili14-150x99.jpg 150w, https:\/\/www.mourioche.de\/wpmourio\/wp-content\/uploads\/2013\/10\/fili14-400x266.jpg 400w, https:\/\/www.mourioche.de\/wpmourio\/wp-content\/uploads\/2013\/10\/fili14.jpg 800w\" sizes=\"auto, (max-width: 300px) 100vw, 300px\" \/><\/a>\u00a0sooft das Wetter mitspielt, gehen wir mit den \u00c4f-F-chen in den Garten<\/p>\n<p style=\"text-align: center;\"><a href=\"https:\/\/www.mourioche.de\/wpmourio\/wp-content\/uploads\/2013\/10\/fara16.jpg\"><img loading=\"lazy\" decoding=\"async\" class=\"aligncenter size-medium wp-image-6768\" title=\"fara1\" src=\"https:\/\/www.mourioche.de\/wpmourio\/wp-content\/uploads\/2013\/10\/fara16-300x199.jpg\" alt=\"\" width=\"300\" height=\"199\" srcset=\"https:\/\/www.mourioche.de\/wpmourio\/wp-content\/uploads\/2013\/10\/fara16-300x199.jpg 300w, https:\/\/www.mourioche.de\/wpmourio\/wp-content\/uploads\/2013\/10\/fara16-150x99.jpg 150w, https:\/\/www.mourioche.de\/wpmourio\/wp-content\/uploads\/2013\/10\/fara16-400x266.jpg 400w, https:\/\/www.mourioche.de\/wpmourio\/wp-content\/uploads\/2013\/10\/fara16.jpg 800w\" sizes=\"auto, (max-width: 300px) 100vw, 300px\" \/><\/a>\u00a0sie genie\u00dfen die noch w\u00e4rmenden Sonnenstrahlen und die abwechslungsreiche Aussicht<\/p>\n<p style=\"text-align: center;\"><a href=\"https:\/\/www.mourioche.de\/wpmourio\/wp-content\/uploads\/2013\/10\/finwe11.jpg\"><img loading=\"lazy\" decoding=\"async\" class=\"aligncenter size-medium wp-image-6769\" title=\"finwe1\" src=\"https:\/\/www.mourioche.de\/wpmourio\/wp-content\/uploads\/2013\/10\/finwe11-295x300.jpg\" alt=\"\" width=\"295\" height=\"300\" srcset=\"https:\/\/www.mourioche.de\/wpmourio\/wp-content\/uploads\/2013\/10\/finwe11-295x300.jpg 295w, https:\/\/www.mourioche.de\/wpmourio\/wp-content\/uploads\/2013\/10\/finwe11-147x150.jpg 147w, https:\/\/www.mourioche.de\/wpmourio\/wp-content\/uploads\/2013\/10\/finwe11-400x406.jpg 400w, https:\/\/www.mourioche.de\/wpmourio\/wp-content\/uploads\/2013\/10\/finwe11.jpg 800w\" sizes=\"auto, (max-width: 295px) 100vw, 295px\" \/><\/a>\u00a0es gibt so viel zu sehen!<\/p>\n<p style=\"text-align: center;\"><a href=\"https:\/\/www.mourioche.de\/wpmourio\/wp-content\/uploads\/2013\/10\/phi.jpg\"><img loading=\"lazy\" decoding=\"async\" class=\"aligncenter size-medium wp-image-6770\" title=\"phi\" src=\"https:\/\/www.mourioche.de\/wpmourio\/wp-content\/uploads\/2013\/10\/phi-300x209.jpg\" alt=\"\" width=\"300\" height=\"209\" srcset=\"https:\/\/www.mourioche.de\/wpmourio\/wp-content\/uploads\/2013\/10\/phi-300x209.jpg 300w, https:\/\/www.mourioche.de\/wpmourio\/wp-content\/uploads\/2013\/10\/phi-150x104.jpg 150w, https:\/\/www.mourioche.de\/wpmourio\/wp-content\/uploads\/2013\/10\/phi-400x279.jpg 400w, https:\/\/www.mourioche.de\/wpmourio\/wp-content\/uploads\/2013\/10\/phi.jpg 800w\" sizes=\"auto, (max-width: 300px) 100vw, 300px\" \/><\/a>\u00a0Philine l\u00e4sst sich die Gelegenheit nicht entgehen<\/p>\n<p style=\"text-align: center;\"><a href=\"https:\/\/www.mourioche.de\/wpmourio\/wp-content\/uploads\/2013\/10\/phi21.jpg\"><img loading=\"lazy\" decoding=\"async\" class=\"aligncenter size-medium wp-image-6771\" title=\"phi2\" src=\"https:\/\/www.mourioche.de\/wpmourio\/wp-content\/uploads\/2013\/10\/phi21-200x300.jpg\" alt=\"\" width=\"200\" height=\"300\" srcset=\"https:\/\/www.mourioche.de\/wpmourio\/wp-content\/uploads\/2013\/10\/phi21-200x300.jpg 200w, https:\/\/www.mourioche.de\/wpmourio\/wp-content\/uploads\/2013\/10\/phi21-682x1024.jpg 682w, https:\/\/www.mourioche.de\/wpmourio\/wp-content\/uploads\/2013\/10\/phi21-100x150.jpg 100w, https:\/\/www.mourioche.de\/wpmourio\/wp-content\/uploads\/2013\/10\/phi21-400x600.jpg 400w, https:\/\/www.mourioche.de\/wpmourio\/wp-content\/uploads\/2013\/10\/phi21.jpg 800w\" sizes=\"auto, (max-width: 200px) 100vw, 200px\" \/><\/a>\u00a0Welpenkuscheln!<\/p>\n<p style=\"text-align: center;\"><a href=\"https:\/\/www.mourioche.de\/wpmourio\/wp-content\/uploads\/2013\/10\/char1.jpg\"><img loading=\"lazy\" decoding=\"async\" class=\"aligncenter size-medium wp-image-6774\" title=\"char1\" src=\"https:\/\/www.mourioche.de\/wpmourio\/wp-content\/uploads\/2013\/10\/char1-300x199.jpg\" alt=\"\" width=\"300\" height=\"199\" srcset=\"https:\/\/www.mourioche.de\/wpmourio\/wp-content\/uploads\/2013\/10\/char1-300x199.jpg 300w, https:\/\/www.mourioche.de\/wpmourio\/wp-content\/uploads\/2013\/10\/char1-150x99.jpg 150w, https:\/\/www.mourioche.de\/wpmourio\/wp-content\/uploads\/2013\/10\/char1-400x266.jpg 400w, https:\/\/www.mourioche.de\/wpmourio\/wp-content\/uploads\/2013\/10\/char1.jpg 800w\" sizes=\"auto, (max-width: 300px) 100vw, 300px\" \/><\/a>\u00a0nachdem vor ein paar Tagen Cuba mit gut 30 Kilo Gewicht zu Besuch war, durften die F\u00b4s heute Charly kennen lernen, der sich gesch\u00e4tzt so um die gute 3 Kilo Marke bewegt \ud83d\ude09<\/p>\n<p style=\"text-align: center;\"><a href=\"https:\/\/www.mourioche.de\/wpmourio\/wp-content\/uploads\/2013\/10\/char2.jpg\"><img loading=\"lazy\" decoding=\"async\" class=\"aligncenter size-medium wp-image-6775\" title=\"char2\" src=\"https:\/\/www.mourioche.de\/wpmourio\/wp-content\/uploads\/2013\/10\/char2-300x199.jpg\" alt=\"\" width=\"300\" height=\"199\" srcset=\"https:\/\/www.mourioche.de\/wpmourio\/wp-content\/uploads\/2013\/10\/char2-300x199.jpg 300w, https:\/\/www.mourioche.de\/wpmourio\/wp-content\/uploads\/2013\/10\/char2-150x99.jpg 150w, https:\/\/www.mourioche.de\/wpmourio\/wp-content\/uploads\/2013\/10\/char2-400x266.jpg 400w, https:\/\/www.mourioche.de\/wpmourio\/wp-content\/uploads\/2013\/10\/char2.jpg 800w\" sizes=\"auto, (max-width: 300px) 100vw, 300px\" \/><\/a>\u00a0die Neugier war auf allen Seiten gro\u00df<\/p>\n<p style=\"text-align: center;\"><a href=\"https:\/\/www.mourioche.de\/wpmourio\/wp-content\/uploads\/2013\/10\/char3.jpg\"><img loading=\"lazy\" decoding=\"async\" class=\"aligncenter size-medium wp-image-6776\" title=\"char3\" src=\"https:\/\/www.mourioche.de\/wpmourio\/wp-content\/uploads\/2013\/10\/char3-300x199.jpg\" alt=\"\" width=\"300\" height=\"199\" srcset=\"https:\/\/www.mourioche.de\/wpmourio\/wp-content\/uploads\/2013\/10\/char3-300x199.jpg 300w, https:\/\/www.mourioche.de\/wpmourio\/wp-content\/uploads\/2013\/10\/char3-150x99.jpg 150w, https:\/\/www.mourioche.de\/wpmourio\/wp-content\/uploads\/2013\/10\/char3-400x266.jpg 400w, https:\/\/www.mourioche.de\/wpmourio\/wp-content\/uploads\/2013\/10\/char3.jpg 800w\" sizes=\"auto, (max-width: 300px) 100vw, 300px\" \/><\/a>\u00a0ein bisschen was ins Ohr fl\u00fcstern<\/p>\n<p style=\"text-align: center;\"><a href=\"https:\/\/www.mourioche.de\/wpmourio\/wp-content\/uploads\/2013\/10\/char4.jpg\"><img loading=\"lazy\" decoding=\"async\" class=\"aligncenter size-medium wp-image-6777\" title=\"char4\" src=\"https:\/\/www.mourioche.de\/wpmourio\/wp-content\/uploads\/2013\/10\/char4-300x199.jpg\" alt=\"\" width=\"300\" height=\"199\" srcset=\"https:\/\/www.mourioche.de\/wpmourio\/wp-content\/uploads\/2013\/10\/char4-300x199.jpg 300w, https:\/\/www.mourioche.de\/wpmourio\/wp-content\/uploads\/2013\/10\/char4-150x99.jpg 150w, https:\/\/www.mourioche.de\/wpmourio\/wp-content\/uploads\/2013\/10\/char4-400x266.jpg 400w, https:\/\/www.mourioche.de\/wpmourio\/wp-content\/uploads\/2013\/10\/char4.jpg 800w\" sizes=\"auto, (max-width: 300px) 100vw, 300px\" \/><\/a>\u00a0neugierig be\u00e4ugen<\/p>\n<p style=\"text-align: center;\"><a href=\"https:\/\/www.mourioche.de\/wpmourio\/wp-content\/uploads\/2013\/10\/char5.jpg\"><img loading=\"lazy\" decoding=\"async\" class=\"aligncenter size-medium wp-image-6778\" title=\"char5\" src=\"https:\/\/www.mourioche.de\/wpmourio\/wp-content\/uploads\/2013\/10\/char5-300x189.jpg\" alt=\"\" width=\"300\" height=\"189\" srcset=\"https:\/\/www.mourioche.de\/wpmourio\/wp-content\/uploads\/2013\/10\/char5-300x189.jpg 300w, https:\/\/www.mourioche.de\/wpmourio\/wp-content\/uploads\/2013\/10\/char5-150x94.jpg 150w, https:\/\/www.mourioche.de\/wpmourio\/wp-content\/uploads\/2013\/10\/char5-400x253.jpg 400w, https:\/\/www.mourioche.de\/wpmourio\/wp-content\/uploads\/2013\/10\/char5.jpg 800w\" sizes=\"auto, (max-width: 300px) 100vw, 300px\" \/><\/a>\u00a0spannend!<\/p>\n<p style=\"text-align: center;\"><strong>17.10.2013<\/strong><\/p>\n<p style=\"text-align: left;\">Die f\u00fcnfte Lebenswoche der \u00c4f-F-chen geht so weiter, wie die vierte aufgeh\u00f6rt hat: Besucher, Besucher, Besucher&#8230; Nicht alle auf einmal nat\u00fcrlich, sondern jeden Tag ein kleines bisschen. Immerhin besteht die Hauptbesch\u00e4ftigung der Kleinen aus &#8222;schlafen&#8220; und dabei sollen sie m\u00f6glichst nicht gest\u00f6rt werden. In ihren Wachphasen erkunden sie neugierig die Welt, jedes neue Spielzeug wird ausgiebig untersucht, beschnuppert, angeleckt und auf Welpentauglichkeit getestet. Gleiches gilt \u00fcbrigens auch f\u00fcr die Besucher&#8230;<\/p>\n<p style=\"text-align: center;\"><a href=\"https:\/\/www.mourioche.de\/wpmourio\/wp-content\/uploads\/2013\/10\/alle1.jpg\"><img loading=\"lazy\" decoding=\"async\" class=\"aligncenter size-medium wp-image-6737\" title=\"alle1\" src=\"https:\/\/www.mourioche.de\/wpmourio\/wp-content\/uploads\/2013\/10\/alle1-300x252.jpg\" alt=\"\" width=\"300\" height=\"252\" srcset=\"https:\/\/www.mourioche.de\/wpmourio\/wp-content\/uploads\/2013\/10\/alle1-300x252.jpg 300w, https:\/\/www.mourioche.de\/wpmourio\/wp-content\/uploads\/2013\/10\/alle1-150x126.jpg 150w, https:\/\/www.mourioche.de\/wpmourio\/wp-content\/uploads\/2013\/10\/alle1-400x337.jpg 400w, https:\/\/www.mourioche.de\/wpmourio\/wp-content\/uploads\/2013\/10\/alle1.jpg 800w\" sizes=\"auto, (max-width: 300px) 100vw, 300px\" \/><\/a>Das Da genie\u00dft die Zeit mit ihren Welpen<\/p>\n<p style=\"text-align: center;\"><a href=\"https:\/\/www.mourioche.de\/wpmourio\/wp-content\/uploads\/2013\/10\/fara15.jpg\"><img loading=\"lazy\" decoding=\"async\" class=\"aligncenter size-medium wp-image-6738\" title=\"fara1\" src=\"https:\/\/www.mourioche.de\/wpmourio\/wp-content\/uploads\/2013\/10\/fara15-300x228.jpg\" alt=\"\" width=\"300\" height=\"228\" srcset=\"https:\/\/www.mourioche.de\/wpmourio\/wp-content\/uploads\/2013\/10\/fara15-300x228.jpg 300w, https:\/\/www.mourioche.de\/wpmourio\/wp-content\/uploads\/2013\/10\/fara15-150x114.jpg 150w, https:\/\/www.mourioche.de\/wpmourio\/wp-content\/uploads\/2013\/10\/fara15-400x304.jpg 400w, https:\/\/www.mourioche.de\/wpmourio\/wp-content\/uploads\/2013\/10\/fara15.jpg 800w\" sizes=\"auto, (max-width: 300px) 100vw, 300px\" \/><\/a>\u00a0Faramir im Kuschelmodus \ud83d\ude09<\/p>\n<p style=\"text-align: center;\"><a href=\"https:\/\/www.mourioche.de\/wpmourio\/wp-content\/uploads\/2013\/10\/fara23.jpg\"><img loading=\"lazy\" decoding=\"async\" class=\"aligncenter size-medium wp-image-6739\" title=\"fara2\" src=\"https:\/\/www.mourioche.de\/wpmourio\/wp-content\/uploads\/2013\/10\/fara23-300x227.jpg\" alt=\"\" width=\"300\" height=\"227\" srcset=\"https:\/\/www.mourioche.de\/wpmourio\/wp-content\/uploads\/2013\/10\/fara23-300x227.jpg 300w, https:\/\/www.mourioche.de\/wpmourio\/wp-content\/uploads\/2013\/10\/fara23-150x113.jpg 150w, https:\/\/www.mourioche.de\/wpmourio\/wp-content\/uploads\/2013\/10\/fara23-400x303.jpg 400w, https:\/\/www.mourioche.de\/wpmourio\/wp-content\/uploads\/2013\/10\/fara23.jpg 800w\" sizes=\"auto, (max-width: 300px) 100vw, 300px\" \/><\/a>\u00a0das neue Welpenspielzeug wird getestet<\/p>\n<p style=\"text-align: center;\"><a href=\"https:\/\/www.mourioche.de\/wpmourio\/wp-content\/uploads\/2013\/10\/fara31.jpg\"><img loading=\"lazy\" decoding=\"async\" class=\"aligncenter size-medium wp-image-6740\" title=\"fara3\" src=\"https:\/\/www.mourioche.de\/wpmourio\/wp-content\/uploads\/2013\/10\/fara31-300x199.jpg\" alt=\"\" width=\"300\" height=\"199\" srcset=\"https:\/\/www.mourioche.de\/wpmourio\/wp-content\/uploads\/2013\/10\/fara31-300x199.jpg 300w, https:\/\/www.mourioche.de\/wpmourio\/wp-content\/uploads\/2013\/10\/fara31-150x99.jpg 150w, https:\/\/www.mourioche.de\/wpmourio\/wp-content\/uploads\/2013\/10\/fara31-400x266.jpg 400w, https:\/\/www.mourioche.de\/wpmourio\/wp-content\/uploads\/2013\/10\/fara31.jpg 800w\" sizes=\"auto, (max-width: 300px) 100vw, 300px\" \/><\/a>\u00a0scheint gut anzukommen!<\/p>\n<p style=\"text-align: center;\"><a href=\"https:\/\/www.mourioche.de\/wpmourio\/wp-content\/uploads\/2013\/10\/finwe3.jpg\"><img loading=\"lazy\" decoding=\"async\" class=\"aligncenter size-medium wp-image-6741\" title=\"finwe3\" src=\"https:\/\/www.mourioche.de\/wpmourio\/wp-content\/uploads\/2013\/10\/finwe3-300x286.jpg\" alt=\"\" width=\"300\" height=\"286\" srcset=\"https:\/\/www.mourioche.de\/wpmourio\/wp-content\/uploads\/2013\/10\/finwe3-300x286.jpg 300w, https:\/\/www.mourioche.de\/wpmourio\/wp-content\/uploads\/2013\/10\/finwe3-150x143.jpg 150w, https:\/\/www.mourioche.de\/wpmourio\/wp-content\/uploads\/2013\/10\/finwe3-400x382.jpg 400w, https:\/\/www.mourioche.de\/wpmourio\/wp-content\/uploads\/2013\/10\/finwe3.jpg 800w\" sizes=\"auto, (max-width: 300px) 100vw, 300px\" \/><\/a>\u00a0das original bio-Spielzeug auch \ud83d\ude09<\/p>\n<p style=\"text-align: center;\"><a href=\"https:\/\/www.mourioche.de\/wpmourio\/wp-content\/uploads\/2013\/10\/finwe4.jpg\"><img loading=\"lazy\" decoding=\"async\" class=\"aligncenter size-medium wp-image-6742\" title=\"finwe4\" src=\"https:\/\/www.mourioche.de\/wpmourio\/wp-content\/uploads\/2013\/10\/finwe4-300x199.jpg\" alt=\"\" width=\"300\" height=\"199\" srcset=\"https:\/\/www.mourioche.de\/wpmourio\/wp-content\/uploads\/2013\/10\/finwe4-300x199.jpg 300w, https:\/\/www.mourioche.de\/wpmourio\/wp-content\/uploads\/2013\/10\/finwe4-150x99.jpg 150w, https:\/\/www.mourioche.de\/wpmourio\/wp-content\/uploads\/2013\/10\/finwe4-400x266.jpg 400w, https:\/\/www.mourioche.de\/wpmourio\/wp-content\/uploads\/2013\/10\/finwe4.jpg 800w\" sizes=\"auto, (max-width: 300px) 100vw, 300px\" \/><\/a>\u00a0autsch!<\/p>\n<p style=\"text-align: center;\"><a href=\"https:\/\/www.mourioche.de\/wpmourio\/wp-content\/uploads\/2013\/10\/zwei2.jpg\"><img loading=\"lazy\" decoding=\"async\" class=\"aligncenter size-medium wp-image-6743\" title=\"zwei2\" src=\"https:\/\/www.mourioche.de\/wpmourio\/wp-content\/uploads\/2013\/10\/zwei2-300x212.jpg\" alt=\"\" width=\"300\" height=\"212\" srcset=\"https:\/\/www.mourioche.de\/wpmourio\/wp-content\/uploads\/2013\/10\/zwei2-300x212.jpg 300w, https:\/\/www.mourioche.de\/wpmourio\/wp-content\/uploads\/2013\/10\/zwei2-150x106.jpg 150w, https:\/\/www.mourioche.de\/wpmourio\/wp-content\/uploads\/2013\/10\/zwei2-400x283.jpg 400w, https:\/\/www.mourioche.de\/wpmourio\/wp-content\/uploads\/2013\/10\/zwei2.jpg 800w\" sizes=\"auto, (max-width: 300px) 100vw, 300px\" \/><\/a>\u00a0als wenn sie kein W\u00e4sserchen tr\u00fcben k\u00f6nnten&#8230;<\/p>\n<p style=\"text-align: center;\"><a href=\"https:\/\/www.mourioche.de\/wpmourio\/wp-content\/uploads\/2013\/10\/fara41.jpg\"><img loading=\"lazy\" decoding=\"async\" class=\"aligncenter size-medium wp-image-6744\" title=\"fara4\" src=\"https:\/\/www.mourioche.de\/wpmourio\/wp-content\/uploads\/2013\/10\/fara41-300x199.jpg\" alt=\"\" width=\"300\" height=\"199\" srcset=\"https:\/\/www.mourioche.de\/wpmourio\/wp-content\/uploads\/2013\/10\/fara41-300x199.jpg 300w, https:\/\/www.mourioche.de\/wpmourio\/wp-content\/uploads\/2013\/10\/fara41-150x99.jpg 150w, https:\/\/www.mourioche.de\/wpmourio\/wp-content\/uploads\/2013\/10\/fara41-400x266.jpg 400w, https:\/\/www.mourioche.de\/wpmourio\/wp-content\/uploads\/2013\/10\/fara41.jpg 800w\" sizes=\"auto, (max-width: 300px) 100vw, 300px\" \/><\/a>\u00a0tiefenentspannt<\/p>\n<p style=\"text-align: center;\"><a href=\"https:\/\/www.mourioche.de\/wpmourio\/wp-content\/uploads\/2013\/10\/fili13.jpg\"><img loading=\"lazy\" decoding=\"async\" class=\"aligncenter size-medium wp-image-6745\" title=\"fili1\" src=\"https:\/\/www.mourioche.de\/wpmourio\/wp-content\/uploads\/2013\/10\/fili13-291x300.jpg\" alt=\"\" width=\"291\" height=\"300\" srcset=\"https:\/\/www.mourioche.de\/wpmourio\/wp-content\/uploads\/2013\/10\/fili13-291x300.jpg 291w, https:\/\/www.mourioche.de\/wpmourio\/wp-content\/uploads\/2013\/10\/fili13-145x150.jpg 145w, https:\/\/www.mourioche.de\/wpmourio\/wp-content\/uploads\/2013\/10\/fili13-400x411.jpg 400w, https:\/\/www.mourioche.de\/wpmourio\/wp-content\/uploads\/2013\/10\/fili13.jpg 800w\" sizes=\"auto, (max-width: 291px) 100vw, 291px\" \/><\/a>\u00a0Fili genie\u00dft die sch\u00f6ne Aussicht<\/p>\n<p style=\"text-align: center;\"><a href=\"https:\/\/www.mourioche.de\/wpmourio\/wp-content\/uploads\/2013\/10\/finwe1.jpg\"><img loading=\"lazy\" decoding=\"async\" class=\"aligncenter size-medium wp-image-6746\" title=\"finwe1\" src=\"https:\/\/www.mourioche.de\/wpmourio\/wp-content\/uploads\/2013\/10\/finwe1-300x199.jpg\" alt=\"\" width=\"300\" height=\"199\" srcset=\"https:\/\/www.mourioche.de\/wpmourio\/wp-content\/uploads\/2013\/10\/finwe1-300x199.jpg 300w, https:\/\/www.mourioche.de\/wpmourio\/wp-content\/uploads\/2013\/10\/finwe1-150x99.jpg 150w, https:\/\/www.mourioche.de\/wpmourio\/wp-content\/uploads\/2013\/10\/finwe1-400x266.jpg 400w, https:\/\/www.mourioche.de\/wpmourio\/wp-content\/uploads\/2013\/10\/finwe1.jpg 800w\" sizes=\"auto, (max-width: 300px) 100vw, 300px\" \/><\/a>\u00a0auf dem Sofa liegt es sich besonders gut: weich und warm und lammfellig<\/p>\n<p style=\"text-align: center;\"><a href=\"https:\/\/www.mourioche.de\/wpmourio\/wp-content\/uploads\/2013\/10\/finwe2.jpg\"><img loading=\"lazy\" decoding=\"async\" class=\"aligncenter size-medium wp-image-6747\" title=\"finwe2\" src=\"https:\/\/www.mourioche.de\/wpmourio\/wp-content\/uploads\/2013\/10\/finwe2-300x223.jpg\" alt=\"\" width=\"300\" height=\"223\" srcset=\"https:\/\/www.mourioche.de\/wpmourio\/wp-content\/uploads\/2013\/10\/finwe2-300x223.jpg 300w, https:\/\/www.mourioche.de\/wpmourio\/wp-content\/uploads\/2013\/10\/finwe2-150x111.jpg 150w, https:\/\/www.mourioche.de\/wpmourio\/wp-content\/uploads\/2013\/10\/finwe2-400x297.jpg 400w, https:\/\/www.mourioche.de\/wpmourio\/wp-content\/uploads\/2013\/10\/finwe2.jpg 800w\" sizes=\"auto, (max-width: 300px) 100vw, 300px\" \/><\/a>\u00a0noch ein kleines Nickerchen&#8230;<\/p>\n<p style=\"text-align: center;\"><a href=\"https:\/\/www.mourioche.de\/wpmourio\/wp-content\/uploads\/2013\/10\/zwei12.jpg\"><img loading=\"lazy\" decoding=\"async\" class=\"aligncenter size-medium wp-image-6748\" title=\"zwei1\" src=\"https:\/\/www.mourioche.de\/wpmourio\/wp-content\/uploads\/2013\/10\/zwei12-300x153.jpg\" alt=\"\" width=\"300\" height=\"153\" srcset=\"https:\/\/www.mourioche.de\/wpmourio\/wp-content\/uploads\/2013\/10\/zwei12-300x153.jpg 300w, https:\/\/www.mourioche.de\/wpmourio\/wp-content\/uploads\/2013\/10\/zwei12-150x76.jpg 150w, https:\/\/www.mourioche.de\/wpmourio\/wp-content\/uploads\/2013\/10\/zwei12-400x204.jpg 400w, https:\/\/www.mourioche.de\/wpmourio\/wp-content\/uploads\/2013\/10\/zwei12.jpg 800w\" sizes=\"auto, (max-width: 300px) 100vw, 300px\" \/><\/a>\u00a0&#8230;dann auf zu neuen Taten<\/p>\n<p style=\"text-align: center;\">\n","protected":false},"excerpt":{"rendered":"<p>21.10.2013 \u00a0sooft das Wetter mitspielt, gehen wir mit den \u00c4f-F-chen in den Garten \u00a0sie genie\u00dfen die noch w\u00e4rmenden Sonnenstrahlen und die abwechslungsreiche Aussicht \u00a0es gibt so viel zu sehen! \u00a0Philine l\u00e4sst sich die Gelegenheit nicht entgehen \u00a0Welpenkuscheln! \u00a0nachdem vor ein paar Tagen Cuba mit gut 30 Kilo Gewicht zu Besuch war, durften die F\u00b4s heute &hellip; <a href=\"https:\/\/www.mourioche.de\/?page_id=6736\" class=\"more-link\"><span class=\"screen-reader-text\">Das Da F-Wurf 5. Woche<\/span> weiterlesen <span class=\"meta-nav\">&rarr;<\/span><\/a><\/p>\n","protected":false},"author":2,"featured_media":0,"parent":6514,"menu_order":2115,"comment_status":"open","ping_status":"open","template":"","meta":{"footnotes":""},"class_list":["post-6736","page","type-page","status-publish","hentry"],"_links":{"self":[{"href":"https:\/\/www.mourioche.de\/index.php?rest_route=\/wp\/v2\/pages\/6736","targetHints":{"allow":["GET"]}}],"collection":[{"href":"https:\/\/www.mourioche.de\/index.php?rest_route=\/wp\/v2\/pages"}],"about":[{"href":"https:\/\/www.mourioche.de\/index.php?rest_route=\/wp\/v2\/types\/page"}],"author":[{"embeddable":true,"href":"https:\/\/www.mourioche.de\/index.php?rest_route=\/wp\/v2\/users\/2"}],"replies":[{"embeddable":true,"href":"https:\/\/www.mourioche.de\/index.php?rest_route=%2Fwp%2Fv2%2Fcomments&post=6736"}],"version-history":[{"count":5,"href":"https:\/\/www.mourioche.de\/index.php?rest_route=\/wp\/v2\/pages\/6736\/revisions"}],"predecessor-version":[{"id":6766,"href":"https:\/\/www.mourioche.de\/index.php?rest_route=\/wp\/v2\/pages\/6736\/revisions\/6766"}],"up":[{"embeddable":true,"href":"https:\/\/www.mourioche.de\/index.php?rest_route=\/wp\/v2\/pages\/6514"}],"wp:attachment":[{"href":"https:\/\/www.mourioche.de\/index.php?rest_route=%2Fwp%2Fv2%2Fmedia&parent=6736"}],"curies":[{"name":"wp","href":"https:\/\/api.w.org\/{rel}","templated":true}]}}