{"id":7405,"date":"2014-12-23T17:26:58","date_gmt":"2014-12-23T15:26:58","guid":{"rendered":"http:\/\/www.mourioche.de\/?page_id=7405"},"modified":"2014-12-23T17:26:58","modified_gmt":"2014-12-23T15:26:58","slug":"das-da-g-wurf","status":"publish","type":"page","link":"https:\/\/www.mourioche.de\/?page_id=7405","title":{"rendered":"Das Da G-Wurf"},"content":{"rendered":"<p>Im Men\u00fc ist f\u00fcr jede neue Woche unseres G-Wurfs ein Link zu finden, mit den besten Fotos und den neuesten Entwicklungen.<\/p>\n<p>Jadoble Wiseacre &#8222;Joep&#8220; x Brandagambar du Mourioche &#8222;Das Da2<\/p>\n<p>*19.12.2014<\/p>\n<p>Gandalf (R\u00fcde), Galadriel (H\u00fcndin), Gilraen (H\u00fcndin)<\/p>\n","protected":false},"excerpt":{"rendered":"<p>Im Men\u00fc ist f\u00fcr jede neue Woche unseres G-Wurfs ein Link zu finden, mit den besten Fotos und den neuesten Entwicklungen. Jadoble Wiseacre &#8222;Joep&#8220; x Brandagambar du Mourioche &#8222;Das Da2 *19.12.2014 Gandalf (R\u00fcde), Galadriel (H\u00fcndin), Gilraen (H\u00fcndin)<\/p>\n","protected":false},"author":2,"featured_media":0,"parent":6512,"menu_order":2120,"comment_status":"open","ping_status":"open","template":"","meta":{"footnotes":""},"class_list":["post-7405","page","type-page","status-publish","hentry"],"_links":{"self":[{"href":"https:\/\/www.mourioche.de\/index.php?rest_route=\/wp\/v2\/pages\/7405","targetHints":{"allow":["GET"]}}],"collection":[{"href":"https:\/\/www.mourioche.de\/index.php?rest_route=\/wp\/v2\/pages"}],"about":[{"href":"https:\/\/www.mourioche.de\/index.php?rest_route=\/wp\/v2\/types\/page"}],"author":[{"embeddable":true,"href":"https:\/\/www.mourioche.de\/index.php?rest_route=\/wp\/v2\/users\/2"}],"replies":[{"embeddable":true,"href":"https:\/\/www.mourioche.de\/index.php?rest_route=%2Fwp%2Fv2%2Fcomments&post=7405"}],"version-history":[{"count":2,"href":"https:\/\/www.mourioche.de\/index.php?rest_route=\/wp\/v2\/pages\/7405\/revisions"}],"predecessor-version":[{"id":8730,"href":"https:\/\/www.mourioche.de\/index.php?rest_route=\/wp\/v2\/pages\/7405\/revisions\/8730"}],"up":[{"embeddable":true,"href":"https:\/\/www.mourioche.de\/index.php?rest_route=\/wp\/v2\/pages\/6512"}],"wp:attachment":[{"href":"https:\/\/www.mourioche.de\/index.php?rest_route=%2Fwp%2Fv2%2Fmedia&parent=7405"}],"curies":[{"name":"wp","href":"https:\/\/api.w.org\/{rel}","templated":true}]}}