{"id":7441,"date":"2014-12-29T18:49:07","date_gmt":"2014-12-29T16:49:07","guid":{"rendered":"http:\/\/www.mourioche.de\/?page_id=7441"},"modified":"2015-01-01T21:12:45","modified_gmt":"2015-01-01T19:12:45","slug":"das-da-g-wurf-2-woche","status":"publish","type":"page","link":"https:\/\/www.mourioche.de\/?page_id=7441","title":{"rendered":"Das Da G-Wurf 2. Woche"},"content":{"rendered":"<p style=\"text-align: center;\"><strong>01.01.2015<\/strong><\/p>\n<p style=\"text-align: center;\">Willkommen 2015!<\/p>\n<p style=\"text-align: center;\">Die G\u00b4s gehen mit Riesen(fort)schritten ins neue Jahr! Sie bewegen sich bereits mit deutlicher Bauch-Boden Freiheit voran und auch, wenn sie ihre Beine nicht immer in der richtigen Reihenfolge benutzen, kann man die Fortbewegung durchaus als &#8222;gehen&#8220; bezeichnen. Na gut, oft purzeln sie noch um oder treffen nicht auf Anhieb die richtige Richtung, aber man kann zusehen, wie sie immer sicherer auf den F\u00fc\u00dfchen werden. Sie interagieren auch schon, belecken sich, schubsen sich um, knurren sich an (sic!) und bellen sehr furchteinfl\u00f6\u00dfend. Also, zumindest glauben sie, dass es &#8222;knuren&#8220; und &#8222;bellen&#8220; ist. \u00c4hnlich wie bei der Fortbewegung ist auch bei den Laut\u00e4u\u00dferungen noch deutlich Raum f\u00fcr Verbesserungen, aber sie \u00fcben flei\u00dfig!<\/p>\n<p style=\"text-align: center;\"><a href=\"https:\/\/www.mourioche.de\/wpmourio\/wp-content\/uploads\/2014\/12\/haufen.jpg\"><img loading=\"lazy\" decoding=\"async\" class=\"aligncenter size-medium wp-image-7498\" src=\"https:\/\/www.mourioche.de\/wpmourio\/wp-content\/uploads\/2014\/12\/haufen-300x199.jpg\" alt=\"haufen\" width=\"300\" height=\"199\" srcset=\"https:\/\/www.mourioche.de\/wpmourio\/wp-content\/uploads\/2014\/12\/haufen-300x199.jpg 300w, https:\/\/www.mourioche.de\/wpmourio\/wp-content\/uploads\/2014\/12\/haufen-150x99.jpg 150w, https:\/\/www.mourioche.de\/wpmourio\/wp-content\/uploads\/2014\/12\/haufen-400x266.jpg 400w, https:\/\/www.mourioche.de\/wpmourio\/wp-content\/uploads\/2014\/12\/haufen.jpg 800w\" sizes=\"auto, (max-width: 300px) 100vw, 300px\" \/><\/a>Schwesterchen ist so ein gem\u00fctliches Kissen!<\/p>\n<p style=\"text-align: center;\"><a href=\"https:\/\/www.mourioche.de\/wpmourio\/wp-content\/uploads\/2014\/12\/gilraen22.jpg\"><img loading=\"lazy\" decoding=\"async\" class=\"aligncenter size-medium wp-image-7497\" src=\"https:\/\/www.mourioche.de\/wpmourio\/wp-content\/uploads\/2014\/12\/gilraen22-300x260.jpg\" alt=\"gilraen2\" width=\"300\" height=\"260\" srcset=\"https:\/\/www.mourioche.de\/wpmourio\/wp-content\/uploads\/2014\/12\/gilraen22-300x260.jpg 300w, https:\/\/www.mourioche.de\/wpmourio\/wp-content\/uploads\/2014\/12\/gilraen22-150x130.jpg 150w, https:\/\/www.mourioche.de\/wpmourio\/wp-content\/uploads\/2014\/12\/gilraen22-400x347.jpg 400w, https:\/\/www.mourioche.de\/wpmourio\/wp-content\/uploads\/2014\/12\/gilraen22.jpg 800w\" sizes=\"auto, (max-width: 300px) 100vw, 300px\" \/><\/a>Ihr wollt mich platt machen? Von wegen!<\/p>\n<p style=\"text-align: center;\"><a href=\"https:\/\/www.mourioche.de\/wpmourio\/wp-content\/uploads\/2014\/12\/gilraen13.jpg\"><img loading=\"lazy\" decoding=\"async\" class=\"aligncenter size-medium wp-image-7496\" src=\"https:\/\/www.mourioche.de\/wpmourio\/wp-content\/uploads\/2014\/12\/gilraen13-300x199.jpg\" alt=\"gilraen1\" width=\"300\" height=\"199\" srcset=\"https:\/\/www.mourioche.de\/wpmourio\/wp-content\/uploads\/2014\/12\/gilraen13-300x199.jpg 300w, https:\/\/www.mourioche.de\/wpmourio\/wp-content\/uploads\/2014\/12\/gilraen13-150x99.jpg 150w, https:\/\/www.mourioche.de\/wpmourio\/wp-content\/uploads\/2014\/12\/gilraen13-400x266.jpg 400w, https:\/\/www.mourioche.de\/wpmourio\/wp-content\/uploads\/2014\/12\/gilraen13.jpg 800w\" sizes=\"auto, (max-width: 300px) 100vw, 300px\" \/><\/a>Ist ja gut, wir gehen ja schon!<\/p>\n<p style=\"text-align: center;\"><a href=\"https:\/\/www.mourioche.de\/wpmourio\/wp-content\/uploads\/2014\/12\/gandalf31.jpg\"><img loading=\"lazy\" decoding=\"async\" class=\"aligncenter size-medium wp-image-7495\" src=\"https:\/\/www.mourioche.de\/wpmourio\/wp-content\/uploads\/2014\/12\/gandalf31-300x199.jpg\" alt=\"gandalf3\" width=\"300\" height=\"199\" srcset=\"https:\/\/www.mourioche.de\/wpmourio\/wp-content\/uploads\/2014\/12\/gandalf31-300x199.jpg 300w, https:\/\/www.mourioche.de\/wpmourio\/wp-content\/uploads\/2014\/12\/gandalf31-150x99.jpg 150w, https:\/\/www.mourioche.de\/wpmourio\/wp-content\/uploads\/2014\/12\/gandalf31-400x266.jpg 400w, https:\/\/www.mourioche.de\/wpmourio\/wp-content\/uploads\/2014\/12\/gandalf31.jpg 800w\" sizes=\"auto, (max-width: 300px) 100vw, 300px\" \/><\/a>Mit zwei Schwestern hat man es nicht leicht!<\/p>\n<p style=\"text-align: center;\"><a href=\"https:\/\/www.mourioche.de\/wpmourio\/wp-content\/uploads\/2014\/12\/gandalf22.jpg\"><img loading=\"lazy\" decoding=\"async\" class=\"aligncenter size-medium wp-image-7494\" src=\"https:\/\/www.mourioche.de\/wpmourio\/wp-content\/uploads\/2014\/12\/gandalf22-300x199.jpg\" alt=\"gandalf2\" width=\"300\" height=\"199\" srcset=\"https:\/\/www.mourioche.de\/wpmourio\/wp-content\/uploads\/2014\/12\/gandalf22-300x199.jpg 300w, https:\/\/www.mourioche.de\/wpmourio\/wp-content\/uploads\/2014\/12\/gandalf22-150x99.jpg 150w, https:\/\/www.mourioche.de\/wpmourio\/wp-content\/uploads\/2014\/12\/gandalf22-400x266.jpg 400w, https:\/\/www.mourioche.de\/wpmourio\/wp-content\/uploads\/2014\/12\/gandalf22.jpg 800w\" sizes=\"auto, (max-width: 300px) 100vw, 300px\" \/><\/a>egal, die Welt muss erkundet werden!<\/p>\n<p style=\"text-align: center;\"><a href=\"https:\/\/www.mourioche.de\/wpmourio\/wp-content\/uploads\/2014\/12\/gandalf13.jpg\"><img loading=\"lazy\" decoding=\"async\" class=\"aligncenter size-medium wp-image-7493\" src=\"https:\/\/www.mourioche.de\/wpmourio\/wp-content\/uploads\/2014\/12\/gandalf13-300x199.jpg\" alt=\"gandalf1\" width=\"300\" height=\"199\" srcset=\"https:\/\/www.mourioche.de\/wpmourio\/wp-content\/uploads\/2014\/12\/gandalf13-300x199.jpg 300w, https:\/\/www.mourioche.de\/wpmourio\/wp-content\/uploads\/2014\/12\/gandalf13-150x99.jpg 150w, https:\/\/www.mourioche.de\/wpmourio\/wp-content\/uploads\/2014\/12\/gandalf13-400x266.jpg 400w, https:\/\/www.mourioche.de\/wpmourio\/wp-content\/uploads\/2014\/12\/gandalf13.jpg 800w\" sizes=\"auto, (max-width: 300px) 100vw, 300px\" \/><\/a>Es gibt so viel zu sehen!<\/p>\n<p style=\"text-align: center;\"><a href=\"https:\/\/www.mourioche.de\/wpmourio\/wp-content\/uploads\/2014\/12\/galadriel22.jpg\"><img loading=\"lazy\" decoding=\"async\" class=\"aligncenter size-medium wp-image-7492\" src=\"https:\/\/www.mourioche.de\/wpmourio\/wp-content\/uploads\/2014\/12\/galadriel22-300x249.jpg\" alt=\"galadriel2\" width=\"300\" height=\"249\" srcset=\"https:\/\/www.mourioche.de\/wpmourio\/wp-content\/uploads\/2014\/12\/galadriel22-300x249.jpg 300w, https:\/\/www.mourioche.de\/wpmourio\/wp-content\/uploads\/2014\/12\/galadriel22-150x124.jpg 150w, https:\/\/www.mourioche.de\/wpmourio\/wp-content\/uploads\/2014\/12\/galadriel22-400x332.jpg 400w, https:\/\/www.mourioche.de\/wpmourio\/wp-content\/uploads\/2014\/12\/galadriel22.jpg 800w\" sizes=\"auto, (max-width: 300px) 100vw, 300px\" \/><\/a>Pause.<\/p>\n<p style=\"text-align: center;\"><a href=\"https:\/\/www.mourioche.de\/wpmourio\/wp-content\/uploads\/2014\/12\/galadriel12.jpg\"><img loading=\"lazy\" decoding=\"async\" class=\"aligncenter size-medium wp-image-7491\" src=\"https:\/\/www.mourioche.de\/wpmourio\/wp-content\/uploads\/2014\/12\/galadriel12-300x292.jpg\" alt=\"galadriel1\" width=\"300\" height=\"292\" srcset=\"https:\/\/www.mourioche.de\/wpmourio\/wp-content\/uploads\/2014\/12\/galadriel12-300x292.jpg 300w, https:\/\/www.mourioche.de\/wpmourio\/wp-content\/uploads\/2014\/12\/galadriel12-150x146.jpg 150w, https:\/\/www.mourioche.de\/wpmourio\/wp-content\/uploads\/2014\/12\/galadriel12-400x390.jpg 400w, https:\/\/www.mourioche.de\/wpmourio\/wp-content\/uploads\/2014\/12\/galadriel12.jpg 800w\" sizes=\"auto, (max-width: 300px) 100vw, 300px\" \/><\/a>Laufen und gucken macht so m\u00fcde!<\/p>\n<p style=\"text-align: center;\"><a href=\"https:\/\/www.mourioche.de\/wpmourio\/wp-content\/uploads\/2014\/12\/zwei11.jpg\"><img loading=\"lazy\" decoding=\"async\" class=\"aligncenter size-medium wp-image-7490\" src=\"https:\/\/www.mourioche.de\/wpmourio\/wp-content\/uploads\/2014\/12\/zwei11-300x217.jpg\" alt=\"zwei1\" width=\"300\" height=\"217\" srcset=\"https:\/\/www.mourioche.de\/wpmourio\/wp-content\/uploads\/2014\/12\/zwei11-300x217.jpg 300w, https:\/\/www.mourioche.de\/wpmourio\/wp-content\/uploads\/2014\/12\/zwei11-150x108.jpg 150w, https:\/\/www.mourioche.de\/wpmourio\/wp-content\/uploads\/2014\/12\/zwei11-400x290.jpg 400w, https:\/\/www.mourioche.de\/wpmourio\/wp-content\/uploads\/2014\/12\/zwei11.jpg 800w\" sizes=\"auto, (max-width: 300px) 100vw, 300px\" \/><\/a><\/p>\n<p style=\"text-align: center;\">Wir w\u00fcnschen allen Besuchern ein frohes neues Jahr!<\/p>\n<p style=\"text-align: center;\"><strong>31.12.2014<\/strong><\/p>\n<p style=\"text-align: center;\">Auch an Silvester machen unsere G\u00b4s nichts anderes als sonst: Trinken und schlafen!<\/p>\n<p style=\"text-align: center;\"><iframe loading=\"lazy\" src=\"\/\/www.youtube.com\/embed\/3RLZj7g-BnU?feature=player_detailpage\" width=\"640\" height=\"360\" frameborder=\"0\" allowfullscreen=\"allowfullscreen\"><\/iframe><\/p>\n<p style=\"text-align: center;\">Wir freuen uns auf 2015!<\/p>\n<p style=\"text-align: center;\"><strong>29.12.2014<\/strong><\/p>\n<p style=\"text-align: center;\">Unsere G\u00b4s wachsen und gedeihen, alle haben ihr Geburtsgewicht schon seit einigen Tagen mehr als verdoppelt &#8211; alles nur von guter Muttermilch! Das Da bietet weiterhin das Rundum-Sorglos-Service-Paket, sobald die Kleinen auch nur den leisesten Mucks machen, ist sie zur Stelle und sieht nach dem Rechten. Die meiste Zeit verbringt sie sowieso noch direkt mit den G\u00b4s in der Wurfkiste.<\/p>\n<p style=\"text-align: center;\">Die motorischen F\u00e4higkeiten nehmen rasant zu, sie bewegen sich schon mit affenartiger Geschwindigkeit Richtung Milchbar. Au\u00dferdem beginnen die Augen, sich zu \u00f6ffnen: Morgen oder sp\u00e4testens \u00fcbermorgen werden sie bei allen komplett offen sein. Die meiste Zeit verbringen sie aber nat\u00fcrlich noch mit Trinken, Schlafen und nat\u00fcrlich gekuschelt werden.<\/p>\n<p style=\"text-align: center;\"><a href=\"https:\/\/www.mourioche.de\/wpmourio\/wp-content\/uploads\/2014\/12\/schubs1.jpg\"><img loading=\"lazy\" decoding=\"async\" class=\"aligncenter size-medium wp-image-7442\" src=\"https:\/\/www.mourioche.de\/wpmourio\/wp-content\/uploads\/2014\/12\/schubs1-300x199.jpg\" alt=\"schubs1\" width=\"300\" height=\"199\" srcset=\"https:\/\/www.mourioche.de\/wpmourio\/wp-content\/uploads\/2014\/12\/schubs1-300x199.jpg 300w, https:\/\/www.mourioche.de\/wpmourio\/wp-content\/uploads\/2014\/12\/schubs1-150x99.jpg 150w, https:\/\/www.mourioche.de\/wpmourio\/wp-content\/uploads\/2014\/12\/schubs1-400x266.jpg 400w, https:\/\/www.mourioche.de\/wpmourio\/wp-content\/uploads\/2014\/12\/schubs1.jpg 800w\" sizes=\"auto, (max-width: 300px) 100vw, 300px\" \/><\/a>recken und strecken<a href=\"https:\/\/www.mourioche.de\/wpmourio\/wp-content\/uploads\/2014\/12\/schubs2.jpg\"><img loading=\"lazy\" decoding=\"async\" class=\"aligncenter size-medium wp-image-7443\" src=\"https:\/\/www.mourioche.de\/wpmourio\/wp-content\/uploads\/2014\/12\/schubs2-300x199.jpg\" alt=\"schubs2\" width=\"300\" height=\"199\" srcset=\"https:\/\/www.mourioche.de\/wpmourio\/wp-content\/uploads\/2014\/12\/schubs2-300x199.jpg 300w, https:\/\/www.mourioche.de\/wpmourio\/wp-content\/uploads\/2014\/12\/schubs2-150x99.jpg 150w, https:\/\/www.mourioche.de\/wpmourio\/wp-content\/uploads\/2014\/12\/schubs2-400x266.jpg 400w, https:\/\/www.mourioche.de\/wpmourio\/wp-content\/uploads\/2014\/12\/schubs2.jpg 800w\" sizes=\"auto, (max-width: 300px) 100vw, 300px\" \/><\/a>oder ist es doch eher &#8222;umgeschubst werden&#8220;?<a href=\"https:\/\/www.mourioche.de\/wpmourio\/wp-content\/uploads\/2014\/12\/trink1.jpg\"><img loading=\"lazy\" decoding=\"async\" class=\"aligncenter size-medium wp-image-7444\" src=\"https:\/\/www.mourioche.de\/wpmourio\/wp-content\/uploads\/2014\/12\/trink1-300x199.jpg\" alt=\"trink1\" width=\"300\" height=\"199\" srcset=\"https:\/\/www.mourioche.de\/wpmourio\/wp-content\/uploads\/2014\/12\/trink1-300x199.jpg 300w, https:\/\/www.mourioche.de\/wpmourio\/wp-content\/uploads\/2014\/12\/trink1-150x99.jpg 150w, https:\/\/www.mourioche.de\/wpmourio\/wp-content\/uploads\/2014\/12\/trink1-400x266.jpg 400w, https:\/\/www.mourioche.de\/wpmourio\/wp-content\/uploads\/2014\/12\/trink1.jpg 800w\" sizes=\"auto, (max-width: 300px) 100vw, 300px\" \/><\/a>\u00a0tanken<a href=\"https:\/\/www.mourioche.de\/wpmourio\/wp-content\/uploads\/2014\/12\/zwei1.jpg\"><img loading=\"lazy\" decoding=\"async\" class=\"aligncenter size-medium wp-image-7445\" src=\"https:\/\/www.mourioche.de\/wpmourio\/wp-content\/uploads\/2014\/12\/zwei1-300x157.jpg\" alt=\"zwei1\" width=\"300\" height=\"157\" srcset=\"https:\/\/www.mourioche.de\/wpmourio\/wp-content\/uploads\/2014\/12\/zwei1-300x157.jpg 300w, https:\/\/www.mourioche.de\/wpmourio\/wp-content\/uploads\/2014\/12\/zwei1-150x78.jpg 150w, https:\/\/www.mourioche.de\/wpmourio\/wp-content\/uploads\/2014\/12\/zwei1-400x210.jpg 400w, https:\/\/www.mourioche.de\/wpmourio\/wp-content\/uploads\/2014\/12\/zwei1.jpg 800w\" sizes=\"auto, (max-width: 300px) 100vw, 300px\" \/><\/a>und weiter schlafen<a href=\"https:\/\/www.mourioche.de\/wpmourio\/wp-content\/uploads\/2014\/12\/besuch1.jpg\"><img loading=\"lazy\" decoding=\"async\" class=\"aligncenter size-medium wp-image-7446\" src=\"https:\/\/www.mourioche.de\/wpmourio\/wp-content\/uploads\/2014\/12\/besuch1-300x270.jpg\" alt=\"besuch1\" width=\"300\" height=\"270\" srcset=\"https:\/\/www.mourioche.de\/wpmourio\/wp-content\/uploads\/2014\/12\/besuch1-300x270.jpg 300w, https:\/\/www.mourioche.de\/wpmourio\/wp-content\/uploads\/2014\/12\/besuch1-150x135.jpg 150w, https:\/\/www.mourioche.de\/wpmourio\/wp-content\/uploads\/2014\/12\/besuch1-400x361.jpg 400w, https:\/\/www.mourioche.de\/wpmourio\/wp-content\/uploads\/2014\/12\/besuch1.jpg 800w\" sizes=\"auto, (max-width: 300px) 100vw, 300px\" \/><\/a>guck mal, hab ich nicht h\u00fcbsche Welpen?<a href=\"https:\/\/www.mourioche.de\/wpmourio\/wp-content\/uploads\/2014\/12\/besuch2.jpg\"><img loading=\"lazy\" decoding=\"async\" class=\"aligncenter size-medium wp-image-7447\" src=\"https:\/\/www.mourioche.de\/wpmourio\/wp-content\/uploads\/2014\/12\/besuch2-300x253.jpg\" alt=\"besuch2\" width=\"300\" height=\"253\" srcset=\"https:\/\/www.mourioche.de\/wpmourio\/wp-content\/uploads\/2014\/12\/besuch2-300x253.jpg 300w, https:\/\/www.mourioche.de\/wpmourio\/wp-content\/uploads\/2014\/12\/besuch2-150x126.jpg 150w, https:\/\/www.mourioche.de\/wpmourio\/wp-content\/uploads\/2014\/12\/besuch2-400x338.jpg 400w, https:\/\/www.mourioche.de\/wpmourio\/wp-content\/uploads\/2014\/12\/besuch2.jpg 800w\" sizes=\"auto, (max-width: 300px) 100vw, 300px\" \/><\/a>eins, zwei, drei &#8211; alle da!<a href=\"https:\/\/www.mourioche.de\/wpmourio\/wp-content\/uploads\/2014\/12\/drei11.jpg\"><img loading=\"lazy\" decoding=\"async\" class=\"aligncenter size-medium wp-image-7448\" src=\"https:\/\/www.mourioche.de\/wpmourio\/wp-content\/uploads\/2014\/12\/drei11-300x199.jpg\" alt=\"drei1\" width=\"300\" height=\"199\" srcset=\"https:\/\/www.mourioche.de\/wpmourio\/wp-content\/uploads\/2014\/12\/drei11-300x199.jpg 300w, https:\/\/www.mourioche.de\/wpmourio\/wp-content\/uploads\/2014\/12\/drei11-150x99.jpg 150w, https:\/\/www.mourioche.de\/wpmourio\/wp-content\/uploads\/2014\/12\/drei11-400x266.jpg 400w, https:\/\/www.mourioche.de\/wpmourio\/wp-content\/uploads\/2014\/12\/drei11.jpg 800w\" sizes=\"auto, (max-width: 300px) 100vw, 300px\" \/><\/a>locker verteilt&#8230;<a href=\"https:\/\/www.mourioche.de\/wpmourio\/wp-content\/uploads\/2014\/12\/drei2.jpg\"><img loading=\"lazy\" decoding=\"async\" class=\"aligncenter size-medium wp-image-7449\" src=\"https:\/\/www.mourioche.de\/wpmourio\/wp-content\/uploads\/2014\/12\/drei2-300x199.jpg\" alt=\"drei2\" width=\"300\" height=\"199\" srcset=\"https:\/\/www.mourioche.de\/wpmourio\/wp-content\/uploads\/2014\/12\/drei2-300x199.jpg 300w, https:\/\/www.mourioche.de\/wpmourio\/wp-content\/uploads\/2014\/12\/drei2-150x99.jpg 150w, https:\/\/www.mourioche.de\/wpmourio\/wp-content\/uploads\/2014\/12\/drei2-400x266.jpg 400w, https:\/\/www.mourioche.de\/wpmourio\/wp-content\/uploads\/2014\/12\/drei2.jpg 800w\" sizes=\"auto, (max-width: 300px) 100vw, 300px\" \/><\/a>&#8230;und ordentlich sortiert<a href=\"https:\/\/www.mourioche.de\/wpmourio\/wp-content\/uploads\/2014\/12\/galadriel11.jpg\"><img loading=\"lazy\" decoding=\"async\" class=\"aligncenter size-medium wp-image-7450\" src=\"https:\/\/www.mourioche.de\/wpmourio\/wp-content\/uploads\/2014\/12\/galadriel11-300x199.jpg\" alt=\"galadriel1\" width=\"300\" height=\"199\" srcset=\"https:\/\/www.mourioche.de\/wpmourio\/wp-content\/uploads\/2014\/12\/galadriel11-300x199.jpg 300w, https:\/\/www.mourioche.de\/wpmourio\/wp-content\/uploads\/2014\/12\/galadriel11-150x99.jpg 150w, https:\/\/www.mourioche.de\/wpmourio\/wp-content\/uploads\/2014\/12\/galadriel11-400x266.jpg 400w, https:\/\/www.mourioche.de\/wpmourio\/wp-content\/uploads\/2014\/12\/galadriel11.jpg 800w\" sizes=\"auto, (max-width: 300px) 100vw, 300px\" \/><\/a>Galdriel<a href=\"https:\/\/www.mourioche.de\/wpmourio\/wp-content\/uploads\/2014\/12\/galadriel21.jpg\"><img loading=\"lazy\" decoding=\"async\" class=\"aligncenter size-medium wp-image-7451\" src=\"https:\/\/www.mourioche.de\/wpmourio\/wp-content\/uploads\/2014\/12\/galadriel21-300x254.jpg\" alt=\"galadriel2\" width=\"300\" height=\"254\" srcset=\"https:\/\/www.mourioche.de\/wpmourio\/wp-content\/uploads\/2014\/12\/galadriel21-300x254.jpg 300w, https:\/\/www.mourioche.de\/wpmourio\/wp-content\/uploads\/2014\/12\/galadriel21-150x127.jpg 150w, https:\/\/www.mourioche.de\/wpmourio\/wp-content\/uploads\/2014\/12\/galadriel21-400x339.jpg 400w, https:\/\/www.mourioche.de\/wpmourio\/wp-content\/uploads\/2014\/12\/galadriel21.jpg 800w\" sizes=\"auto, (max-width: 300px) 100vw, 300px\" \/><br \/>\n<\/a><\/p>\n<p style=\"text-align: center;\"><a href=\"https:\/\/www.mourioche.de\/wpmourio\/wp-content\/uploads\/2014\/12\/gandalf12.jpg\"><img loading=\"lazy\" decoding=\"async\" class=\"aligncenter size-medium wp-image-7452\" src=\"https:\/\/www.mourioche.de\/wpmourio\/wp-content\/uploads\/2014\/12\/gandalf12-300x199.jpg\" alt=\"gandalf1\" width=\"300\" height=\"199\" srcset=\"https:\/\/www.mourioche.de\/wpmourio\/wp-content\/uploads\/2014\/12\/gandalf12-300x199.jpg 300w, https:\/\/www.mourioche.de\/wpmourio\/wp-content\/uploads\/2014\/12\/gandalf12-150x99.jpg 150w, https:\/\/www.mourioche.de\/wpmourio\/wp-content\/uploads\/2014\/12\/gandalf12-400x266.jpg 400w, https:\/\/www.mourioche.de\/wpmourio\/wp-content\/uploads\/2014\/12\/gandalf12.jpg 800w\" sizes=\"auto, (max-width: 300px) 100vw, 300px\" \/><\/a>Gandalf<a href=\"https:\/\/www.mourioche.de\/wpmourio\/wp-content\/uploads\/2014\/12\/gilraen12.jpg\"><img loading=\"lazy\" decoding=\"async\" class=\"aligncenter size-medium wp-image-7453\" src=\"https:\/\/www.mourioche.de\/wpmourio\/wp-content\/uploads\/2014\/12\/gilraen12-300x199.jpg\" alt=\"gilraen1\" width=\"300\" height=\"199\" srcset=\"https:\/\/www.mourioche.de\/wpmourio\/wp-content\/uploads\/2014\/12\/gilraen12-300x199.jpg 300w, https:\/\/www.mourioche.de\/wpmourio\/wp-content\/uploads\/2014\/12\/gilraen12-150x99.jpg 150w, https:\/\/www.mourioche.de\/wpmourio\/wp-content\/uploads\/2014\/12\/gilraen12-400x266.jpg 400w, https:\/\/www.mourioche.de\/wpmourio\/wp-content\/uploads\/2014\/12\/gilraen12.jpg 800w\" sizes=\"auto, (max-width: 300px) 100vw, 300px\" \/><\/a>Gilraen<a href=\"https:\/\/www.mourioche.de\/wpmourio\/wp-content\/uploads\/2014\/12\/gilraen21.jpg\"><img loading=\"lazy\" decoding=\"async\" class=\"aligncenter size-medium wp-image-7454\" src=\"https:\/\/www.mourioche.de\/wpmourio\/wp-content\/uploads\/2014\/12\/gilraen21-300x275.jpg\" alt=\"gilraen2\" width=\"300\" height=\"275\" srcset=\"https:\/\/www.mourioche.de\/wpmourio\/wp-content\/uploads\/2014\/12\/gilraen21-300x275.jpg 300w, https:\/\/www.mourioche.de\/wpmourio\/wp-content\/uploads\/2014\/12\/gilraen21-150x137.jpg 150w, https:\/\/www.mourioche.de\/wpmourio\/wp-content\/uploads\/2014\/12\/gilraen21-400x367.jpg 400w, https:\/\/www.mourioche.de\/wpmourio\/wp-content\/uploads\/2014\/12\/gilraen21.jpg 800w\" sizes=\"auto, (max-width: 300px) 100vw, 300px\" \/><br \/>\n<\/a><\/p>\n<p style=\"text-align: center;\"><a href=\"https:\/\/www.mourioche.de\/wpmourio\/wp-content\/uploads\/2014\/12\/rolle1.jpg\"><img loading=\"lazy\" decoding=\"async\" class=\"aligncenter size-medium wp-image-7455\" src=\"https:\/\/www.mourioche.de\/wpmourio\/wp-content\/uploads\/2014\/12\/rolle1-300x229.jpg\" alt=\"rolle1\" width=\"300\" height=\"229\" srcset=\"https:\/\/www.mourioche.de\/wpmourio\/wp-content\/uploads\/2014\/12\/rolle1-300x229.jpg 300w, https:\/\/www.mourioche.de\/wpmourio\/wp-content\/uploads\/2014\/12\/rolle1-150x114.jpg 150w, https:\/\/www.mourioche.de\/wpmourio\/wp-content\/uploads\/2014\/12\/rolle1-400x306.jpg 400w, https:\/\/www.mourioche.de\/wpmourio\/wp-content\/uploads\/2014\/12\/rolle1.jpg 800w\" sizes=\"auto, (max-width: 300px) 100vw, 300px\" \/><\/a>\u00a0Gandalf kann schon &#8222;Rolle&#8220; \ud83d\ude09<\/p>\n","protected":false},"excerpt":{"rendered":"<p>01.01.2015 Willkommen 2015! Die G\u00b4s gehen mit Riesen(fort)schritten ins neue Jahr! Sie bewegen sich bereits mit deutlicher Bauch-Boden Freiheit voran und auch, wenn sie ihre Beine nicht immer in der richtigen Reihenfolge benutzen, kann man die Fortbewegung durchaus als &#8222;gehen&#8220; bezeichnen. Na gut, oft purzeln sie noch um oder treffen nicht auf Anhieb die richtige &hellip; <a href=\"https:\/\/www.mourioche.de\/?page_id=7441\" class=\"more-link\"><span class=\"screen-reader-text\">Das Da G-Wurf 2. Woche<\/span> weiterlesen <span class=\"meta-nav\">&rarr;<\/span><\/a><\/p>\n","protected":false},"author":2,"featured_media":0,"parent":7405,"menu_order":2122,"comment_status":"open","ping_status":"open","template":"","meta":{"footnotes":""},"class_list":["post-7441","page","type-page","status-publish","hentry"],"_links":{"self":[{"href":"https:\/\/www.mourioche.de\/index.php?rest_route=\/wp\/v2\/pages\/7441","targetHints":{"allow":["GET"]}}],"collection":[{"href":"https:\/\/www.mourioche.de\/index.php?rest_route=\/wp\/v2\/pages"}],"about":[{"href":"https:\/\/www.mourioche.de\/index.php?rest_route=\/wp\/v2\/types\/page"}],"author":[{"embeddable":true,"href":"https:\/\/www.mourioche.de\/index.php?rest_route=\/wp\/v2\/users\/2"}],"replies":[{"embeddable":true,"href":"https:\/\/www.mourioche.de\/index.php?rest_route=%2Fwp%2Fv2%2Fcomments&post=7441"}],"version-history":[{"count":5,"href":"https:\/\/www.mourioche.de\/index.php?rest_route=\/wp\/v2\/pages\/7441\/revisions"}],"predecessor-version":[{"id":7500,"href":"https:\/\/www.mourioche.de\/index.php?rest_route=\/wp\/v2\/pages\/7441\/revisions\/7500"}],"up":[{"embeddable":true,"href":"https:\/\/www.mourioche.de\/index.php?rest_route=\/wp\/v2\/pages\/7405"}],"wp:attachment":[{"href":"https:\/\/www.mourioche.de\/index.php?rest_route=%2Fwp%2Fv2%2Fmedia&parent=7441"}],"curies":[{"name":"wp","href":"https:\/\/api.w.org\/{rel}","templated":true}]}}