{"id":7624,"date":"2015-01-23T19:55:17","date_gmt":"2015-01-23T17:55:17","guid":{"rendered":"http:\/\/www.mourioche.de\/?page_id=7624"},"modified":"2015-01-25T21:30:28","modified_gmt":"2015-01-25T19:30:28","slug":"das-da-g-wurf-6-woche","status":"publish","type":"page","link":"https:\/\/www.mourioche.de\/?page_id=7624","title":{"rendered":"Das Da G-Wurf 6. Woche"},"content":{"rendered":"<p style=\"text-align: center;\"><strong>25.01.2015<\/strong><\/p>\n<p style=\"text-align: center;\"><a href=\"https:\/\/www.mourioche.de\/wpmourio\/wp-content\/uploads\/2015\/01\/galadriel15.jpg\"><img loading=\"lazy\" decoding=\"async\" class=\"aligncenter size-medium wp-image-7644\" src=\"https:\/\/www.mourioche.de\/wpmourio\/wp-content\/uploads\/2015\/01\/galadriel15-300x234.jpg\" alt=\"galadriel1\" width=\"300\" height=\"234\" srcset=\"https:\/\/www.mourioche.de\/wpmourio\/wp-content\/uploads\/2015\/01\/galadriel15-300x234.jpg 300w, https:\/\/www.mourioche.de\/wpmourio\/wp-content\/uploads\/2015\/01\/galadriel15-150x117.jpg 150w, https:\/\/www.mourioche.de\/wpmourio\/wp-content\/uploads\/2015\/01\/galadriel15-400x312.jpg 400w, https:\/\/www.mourioche.de\/wpmourio\/wp-content\/uploads\/2015\/01\/galadriel15.jpg 800w\" sizes=\"auto, (max-width: 300px) 100vw, 300px\" \/><\/a>sieht ganz anders aus hier drau\u00dfen!<a href=\"https:\/\/www.mourioche.de\/wpmourio\/wp-content\/uploads\/2015\/01\/galadriel25.jpg\"><img loading=\"lazy\" decoding=\"async\" class=\"aligncenter size-medium wp-image-7645\" src=\"https:\/\/www.mourioche.de\/wpmourio\/wp-content\/uploads\/2015\/01\/galadriel25-300x202.jpg\" alt=\"galadriel2\" width=\"300\" height=\"202\" srcset=\"https:\/\/www.mourioche.de\/wpmourio\/wp-content\/uploads\/2015\/01\/galadriel25-300x202.jpg 300w, https:\/\/www.mourioche.de\/wpmourio\/wp-content\/uploads\/2015\/01\/galadriel25-150x101.jpg 150w, https:\/\/www.mourioche.de\/wpmourio\/wp-content\/uploads\/2015\/01\/galadriel25-400x269.jpg 400w, https:\/\/www.mourioche.de\/wpmourio\/wp-content\/uploads\/2015\/01\/galadriel25.jpg 800w\" sizes=\"auto, (max-width: 300px) 100vw, 300px\" \/><\/a>Galadriel hat das Herz am rechten Fleck \ud83d\ude09<a href=\"https:\/\/www.mourioche.de\/wpmourio\/wp-content\/uploads\/2015\/01\/gilraen16.jpg\"><img loading=\"lazy\" decoding=\"async\" class=\"aligncenter size-medium wp-image-7646\" src=\"https:\/\/www.mourioche.de\/wpmourio\/wp-content\/uploads\/2015\/01\/gilraen16-300x199.jpg\" alt=\"gilraen1\" width=\"300\" height=\"199\" srcset=\"https:\/\/www.mourioche.de\/wpmourio\/wp-content\/uploads\/2015\/01\/gilraen16-300x199.jpg 300w, https:\/\/www.mourioche.de\/wpmourio\/wp-content\/uploads\/2015\/01\/gilraen16-150x99.jpg 150w, https:\/\/www.mourioche.de\/wpmourio\/wp-content\/uploads\/2015\/01\/gilraen16-400x266.jpg 400w, https:\/\/www.mourioche.de\/wpmourio\/wp-content\/uploads\/2015\/01\/gilraen16.jpg 800w\" sizes=\"auto, (max-width: 300px) 100vw, 300px\" \/><\/a>immer sch\u00f6n die F\u00fc\u00dfe hoch heben!<a href=\"https:\/\/www.mourioche.de\/wpmourio\/wp-content\/uploads\/2015\/01\/kalt1.jpg\"><img loading=\"lazy\" decoding=\"async\" class=\"aligncenter size-medium wp-image-7647\" src=\"https:\/\/www.mourioche.de\/wpmourio\/wp-content\/uploads\/2015\/01\/kalt1-300x284.jpg\" alt=\"kalt1\" width=\"300\" height=\"284\" srcset=\"https:\/\/www.mourioche.de\/wpmourio\/wp-content\/uploads\/2015\/01\/kalt1-300x284.jpg 300w, https:\/\/www.mourioche.de\/wpmourio\/wp-content\/uploads\/2015\/01\/kalt1-150x142.jpg 150w, https:\/\/www.mourioche.de\/wpmourio\/wp-content\/uploads\/2015\/01\/kalt1-400x379.jpg 400w, https:\/\/www.mourioche.de\/wpmourio\/wp-content\/uploads\/2015\/01\/kalt1.jpg 800w\" sizes=\"auto, (max-width: 300px) 100vw, 300px\" \/><\/a>f\u00fchlt sich seltsam an. So kalt und nass&#8230;<a href=\"https:\/\/www.mourioche.de\/wpmourio\/wp-content\/uploads\/2015\/01\/phi14.jpg\"><img loading=\"lazy\" decoding=\"async\" class=\"aligncenter size-medium wp-image-7648\" src=\"https:\/\/www.mourioche.de\/wpmourio\/wp-content\/uploads\/2015\/01\/phi14-300x199.jpg\" alt=\"phi1\" width=\"300\" height=\"199\" srcset=\"https:\/\/www.mourioche.de\/wpmourio\/wp-content\/uploads\/2015\/01\/phi14-300x199.jpg 300w, https:\/\/www.mourioche.de\/wpmourio\/wp-content\/uploads\/2015\/01\/phi14-150x99.jpg 150w, https:\/\/www.mourioche.de\/wpmourio\/wp-content\/uploads\/2015\/01\/phi14-400x266.jpg 400w, https:\/\/www.mourioche.de\/wpmourio\/wp-content\/uploads\/2015\/01\/phi14.jpg 800w\" sizes=\"auto, (max-width: 300px) 100vw, 300px\" \/><\/a>Kuschelrunde<a href=\"https:\/\/www.mourioche.de\/wpmourio\/wp-content\/uploads\/2015\/01\/skate1.jpg\"><img loading=\"lazy\" decoding=\"async\" class=\"aligncenter size-medium wp-image-7649\" src=\"https:\/\/www.mourioche.de\/wpmourio\/wp-content\/uploads\/2015\/01\/skate1-300x228.jpg\" alt=\"skate1\" width=\"300\" height=\"228\" srcset=\"https:\/\/www.mourioche.de\/wpmourio\/wp-content\/uploads\/2015\/01\/skate1-300x228.jpg 300w, https:\/\/www.mourioche.de\/wpmourio\/wp-content\/uploads\/2015\/01\/skate1-150x114.jpg 150w, https:\/\/www.mourioche.de\/wpmourio\/wp-content\/uploads\/2015\/01\/skate1-400x304.jpg 400w, https:\/\/www.mourioche.de\/wpmourio\/wp-content\/uploads\/2015\/01\/skate1.jpg 800w\" sizes=\"auto, (max-width: 300px) 100vw, 300px\" \/><\/a>Nanu?<a href=\"https:\/\/www.mourioche.de\/wpmourio\/wp-content\/uploads\/2015\/01\/skate2.jpg\"><img loading=\"lazy\" decoding=\"async\" class=\"aligncenter size-medium wp-image-7650\" src=\"https:\/\/www.mourioche.de\/wpmourio\/wp-content\/uploads\/2015\/01\/skate2-300x277.jpg\" alt=\"skate2\" width=\"300\" height=\"277\" srcset=\"https:\/\/www.mourioche.de\/wpmourio\/wp-content\/uploads\/2015\/01\/skate2-300x277.jpg 300w, https:\/\/www.mourioche.de\/wpmourio\/wp-content\/uploads\/2015\/01\/skate2-150x138.jpg 150w, https:\/\/www.mourioche.de\/wpmourio\/wp-content\/uploads\/2015\/01\/skate2-400x370.jpg 400w, https:\/\/www.mourioche.de\/wpmourio\/wp-content\/uploads\/2015\/01\/skate2.jpg 800w\" sizes=\"auto, (max-width: 300px) 100vw, 300px\" \/><\/a>das ist ja ein tolles Ding!<a href=\"https:\/\/www.mourioche.de\/wpmourio\/wp-content\/uploads\/2015\/01\/zwei14.jpg\"><img loading=\"lazy\" decoding=\"async\" class=\"aligncenter size-medium wp-image-7651\" src=\"https:\/\/www.mourioche.de\/wpmourio\/wp-content\/uploads\/2015\/01\/zwei14-300x243.jpg\" alt=\"zwei1\" width=\"300\" height=\"243\" srcset=\"https:\/\/www.mourioche.de\/wpmourio\/wp-content\/uploads\/2015\/01\/zwei14-300x243.jpg 300w, https:\/\/www.mourioche.de\/wpmourio\/wp-content\/uploads\/2015\/01\/zwei14-150x121.jpg 150w, https:\/\/www.mourioche.de\/wpmourio\/wp-content\/uploads\/2015\/01\/zwei14-400x324.jpg 400w, https:\/\/www.mourioche.de\/wpmourio\/wp-content\/uploads\/2015\/01\/zwei14.jpg 800w\" sizes=\"auto, (max-width: 300px) 100vw, 300px\" \/><\/a>guck mal!<a href=\"https:\/\/www.mourioche.de\/wpmourio\/wp-content\/uploads\/2015\/01\/zwei23.jpg\"><img loading=\"lazy\" decoding=\"async\" class=\"aligncenter size-medium wp-image-7652\" src=\"https:\/\/www.mourioche.de\/wpmourio\/wp-content\/uploads\/2015\/01\/zwei23-300x268.jpg\" alt=\"zwei2\" width=\"300\" height=\"268\" srcset=\"https:\/\/www.mourioche.de\/wpmourio\/wp-content\/uploads\/2015\/01\/zwei23-300x268.jpg 300w, https:\/\/www.mourioche.de\/wpmourio\/wp-content\/uploads\/2015\/01\/zwei23-150x134.jpg 150w, https:\/\/www.mourioche.de\/wpmourio\/wp-content\/uploads\/2015\/01\/zwei23-400x358.jpg 400w, https:\/\/www.mourioche.de\/wpmourio\/wp-content\/uploads\/2015\/01\/zwei23.jpg 800w\" sizes=\"auto, (max-width: 300px) 100vw, 300px\" \/><\/a><\/p>\n<p style=\"text-align: center;\">so kann man\u00b4s aushalten&#8230;<a href=\"https:\/\/www.mourioche.de\/wpmourio\/wp-content\/uploads\/2015\/01\/galadriel16.jpg\"><img loading=\"lazy\" decoding=\"async\" class=\"aligncenter size-medium wp-image-7653\" src=\"https:\/\/www.mourioche.de\/wpmourio\/wp-content\/uploads\/2015\/01\/galadriel16-300x180.jpg\" alt=\"galadriel1\" width=\"300\" height=\"180\" srcset=\"https:\/\/www.mourioche.de\/wpmourio\/wp-content\/uploads\/2015\/01\/galadriel16-300x180.jpg 300w, https:\/\/www.mourioche.de\/wpmourio\/wp-content\/uploads\/2015\/01\/galadriel16-150x90.jpg 150w, https:\/\/www.mourioche.de\/wpmourio\/wp-content\/uploads\/2015\/01\/galadriel16-400x241.jpg 400w, https:\/\/www.mourioche.de\/wpmourio\/wp-content\/uploads\/2015\/01\/galadriel16.jpg 800w\" sizes=\"auto, (max-width: 300px) 100vw, 300px\" \/><\/a>so rum geht\u00b4s nicht!<a href=\"https:\/\/www.mourioche.de\/wpmourio\/wp-content\/uploads\/2015\/01\/guck11.jpg\"><img loading=\"lazy\" decoding=\"async\" class=\"aligncenter size-medium wp-image-7654\" src=\"https:\/\/www.mourioche.de\/wpmourio\/wp-content\/uploads\/2015\/01\/guck11-294x300.jpg\" alt=\"guck1\" width=\"294\" height=\"300\" srcset=\"https:\/\/www.mourioche.de\/wpmourio\/wp-content\/uploads\/2015\/01\/guck11-294x300.jpg 294w, https:\/\/www.mourioche.de\/wpmourio\/wp-content\/uploads\/2015\/01\/guck11-147x150.jpg 147w, https:\/\/www.mourioche.de\/wpmourio\/wp-content\/uploads\/2015\/01\/guck11-400x408.jpg 400w, https:\/\/www.mourioche.de\/wpmourio\/wp-content\/uploads\/2015\/01\/guck11.jpg 800w\" sizes=\"auto, (max-width: 294px) 100vw, 294px\" \/><\/a>und wo ist jetzt das V\u00f6gelchen?<\/p>\n<p style=\"text-align: center;\"><iframe loading=\"lazy\" src=\"\/\/www.youtube.com\/embed\/g1SMKHVtCtY?feature=player_detailpage\" width=\"640\" height=\"360\" frameborder=\"0\" allowfullscreen=\"allowfullscreen\"><\/iframe>\u00a0als die Welpen anfingen, das Skateboard zu erkunden, kamen wir auf diese Idee&#8230; Die Kleinen waren mit Feuereifer bei der Sache. Hier Gilraen&#8230;<\/p>\n<p style=\"text-align: center;\"><a href=\"https:\/\/www.mourioche.de\/wpmourio\/wp-content\/uploads\/2015\/01\/schlaf.jpg\"><img loading=\"lazy\" decoding=\"async\" class=\"aligncenter size-medium wp-image-7655\" src=\"https:\/\/www.mourioche.de\/wpmourio\/wp-content\/uploads\/2015\/01\/schlaf-300x228.jpg\" alt=\"schlaf\" width=\"300\" height=\"228\" srcset=\"https:\/\/www.mourioche.de\/wpmourio\/wp-content\/uploads\/2015\/01\/schlaf-300x228.jpg 300w, https:\/\/www.mourioche.de\/wpmourio\/wp-content\/uploads\/2015\/01\/schlaf-150x114.jpg 150w, https:\/\/www.mourioche.de\/wpmourio\/wp-content\/uploads\/2015\/01\/schlaf-400x305.jpg 400w, https:\/\/www.mourioche.de\/wpmourio\/wp-content\/uploads\/2015\/01\/schlaf.jpg 800w\" sizes=\"auto, (max-width: 300px) 100vw, 300px\" \/><\/a>wieder ist ein ereignisreicher Tag zu Ende!\u00a0<a href=\"https:\/\/www.mourioche.de\/wpmourio\/wp-content\/uploads\/2015\/01\/jule11.jpg\"><br \/>\n<\/a><\/p>\n<p style=\"text-align: center;\"><strong>23.01.2015<\/strong><\/p>\n<p style=\"text-align: center;\"><a href=\"https:\/\/www.mourioche.de\/wpmourio\/wp-content\/uploads\/2015\/01\/drei13.jpg\"><img loading=\"lazy\" decoding=\"async\" class=\"aligncenter size-medium wp-image-7626\" src=\"https:\/\/www.mourioche.de\/wpmourio\/wp-content\/uploads\/2015\/01\/drei13-300x199.jpg\" alt=\"drei1\" width=\"300\" height=\"199\" srcset=\"https:\/\/www.mourioche.de\/wpmourio\/wp-content\/uploads\/2015\/01\/drei13-300x199.jpg 300w, https:\/\/www.mourioche.de\/wpmourio\/wp-content\/uploads\/2015\/01\/drei13-150x99.jpg 150w, https:\/\/www.mourioche.de\/wpmourio\/wp-content\/uploads\/2015\/01\/drei13-400x266.jpg 400w, https:\/\/www.mourioche.de\/wpmourio\/wp-content\/uploads\/2015\/01\/drei13.jpg 800w\" sizes=\"auto, (max-width: 300px) 100vw, 300px\" \/><\/a>das sch\u00f6ne trockene Wetter nutzen wir f\u00fcr unseren ersten Ausflug in den Wald<a href=\"https:\/\/www.mourioche.de\/wpmourio\/wp-content\/uploads\/2015\/01\/galadriel14.jpg\"><img loading=\"lazy\" decoding=\"async\" class=\"aligncenter size-medium wp-image-7627\" src=\"https:\/\/www.mourioche.de\/wpmourio\/wp-content\/uploads\/2015\/01\/galadriel14-300x199.jpg\" alt=\"galadriel1\" width=\"300\" height=\"199\" srcset=\"https:\/\/www.mourioche.de\/wpmourio\/wp-content\/uploads\/2015\/01\/galadriel14-300x199.jpg 300w, https:\/\/www.mourioche.de\/wpmourio\/wp-content\/uploads\/2015\/01\/galadriel14-150x99.jpg 150w, https:\/\/www.mourioche.de\/wpmourio\/wp-content\/uploads\/2015\/01\/galadriel14-400x266.jpg 400w, https:\/\/www.mourioche.de\/wpmourio\/wp-content\/uploads\/2015\/01\/galadriel14.jpg 800w\" sizes=\"auto, (max-width: 300px) 100vw, 300px\" \/><\/a>hier gibt es so viel zu entdecken!<a href=\"https:\/\/www.mourioche.de\/wpmourio\/wp-content\/uploads\/2015\/01\/galadriel24.jpg\"><img loading=\"lazy\" decoding=\"async\" class=\"aligncenter size-medium wp-image-7628\" src=\"https:\/\/www.mourioche.de\/wpmourio\/wp-content\/uploads\/2015\/01\/galadriel24-295x300.jpg\" alt=\"galadriel2\" width=\"295\" height=\"300\" srcset=\"https:\/\/www.mourioche.de\/wpmourio\/wp-content\/uploads\/2015\/01\/galadriel24-295x300.jpg 295w, https:\/\/www.mourioche.de\/wpmourio\/wp-content\/uploads\/2015\/01\/galadriel24-147x150.jpg 147w, https:\/\/www.mourioche.de\/wpmourio\/wp-content\/uploads\/2015\/01\/galadriel24-400x405.jpg 400w, https:\/\/www.mourioche.de\/wpmourio\/wp-content\/uploads\/2015\/01\/galadriel24.jpg 800w\" sizes=\"auto, (max-width: 295px) 100vw, 295px\" \/><\/a>Knabberspa\u00df<a href=\"https:\/\/www.mourioche.de\/wpmourio\/wp-content\/uploads\/2015\/01\/galdriel2.jpg\"><img loading=\"lazy\" decoding=\"async\" class=\"aligncenter size-medium wp-image-7629\" src=\"https:\/\/www.mourioche.de\/wpmourio\/wp-content\/uploads\/2015\/01\/galdriel2-300x199.jpg\" alt=\"galdriel2\" width=\"300\" height=\"199\" srcset=\"https:\/\/www.mourioche.de\/wpmourio\/wp-content\/uploads\/2015\/01\/galdriel2-300x199.jpg 300w, https:\/\/www.mourioche.de\/wpmourio\/wp-content\/uploads\/2015\/01\/galdriel2-150x99.jpg 150w, https:\/\/www.mourioche.de\/wpmourio\/wp-content\/uploads\/2015\/01\/galdriel2-400x266.jpg 400w, https:\/\/www.mourioche.de\/wpmourio\/wp-content\/uploads\/2015\/01\/galdriel2.jpg 800w\" sizes=\"auto, (max-width: 300px) 100vw, 300px\" \/><\/a>ist das gro\u00df hier!<a href=\"https:\/\/www.mourioche.de\/wpmourio\/wp-content\/uploads\/2015\/01\/gandalf14.jpg\"><img loading=\"lazy\" decoding=\"async\" class=\"aligncenter size-medium wp-image-7630\" src=\"https:\/\/www.mourioche.de\/wpmourio\/wp-content\/uploads\/2015\/01\/gandalf14-298x300.jpg\" alt=\"gandalf1\" width=\"298\" height=\"300\" srcset=\"https:\/\/www.mourioche.de\/wpmourio\/wp-content\/uploads\/2015\/01\/gandalf14-298x300.jpg 298w, https:\/\/www.mourioche.de\/wpmourio\/wp-content\/uploads\/2015\/01\/gandalf14-150x150.jpg 150w, https:\/\/www.mourioche.de\/wpmourio\/wp-content\/uploads\/2015\/01\/gandalf14-400x402.jpg 400w, https:\/\/www.mourioche.de\/wpmourio\/wp-content\/uploads\/2015\/01\/gandalf14-144x144.jpg 144w, https:\/\/www.mourioche.de\/wpmourio\/wp-content\/uploads\/2015\/01\/gandalf14.jpg 800w\" sizes=\"auto, (max-width: 298px) 100vw, 298px\" \/><\/a>im Laub kann man prima w\u00fchlen<a href=\"https:\/\/www.mourioche.de\/wpmourio\/wp-content\/uploads\/2015\/01\/gandalf22.jpg\"><img loading=\"lazy\" decoding=\"async\" class=\"aligncenter size-medium wp-image-7631\" src=\"https:\/\/www.mourioche.de\/wpmourio\/wp-content\/uploads\/2015\/01\/gandalf22-300x199.jpg\" alt=\"gandalf2\" width=\"300\" height=\"199\" srcset=\"https:\/\/www.mourioche.de\/wpmourio\/wp-content\/uploads\/2015\/01\/gandalf22-300x199.jpg 300w, https:\/\/www.mourioche.de\/wpmourio\/wp-content\/uploads\/2015\/01\/gandalf22-150x99.jpg 150w, https:\/\/www.mourioche.de\/wpmourio\/wp-content\/uploads\/2015\/01\/gandalf22-400x266.jpg 400w, https:\/\/www.mourioche.de\/wpmourio\/wp-content\/uploads\/2015\/01\/gandalf22.jpg 800w\" sizes=\"auto, (max-width: 300px) 100vw, 300px\" \/><\/a>wie war das mit dem Knabberspa\u00df?<a href=\"https:\/\/www.mourioche.de\/wpmourio\/wp-content\/uploads\/2015\/01\/gilraen15.jpg\"><img loading=\"lazy\" decoding=\"async\" class=\"aligncenter size-medium wp-image-7632\" src=\"https:\/\/www.mourioche.de\/wpmourio\/wp-content\/uploads\/2015\/01\/gilraen15-300x199.jpg\" alt=\"gilraen1\" width=\"300\" height=\"199\" srcset=\"https:\/\/www.mourioche.de\/wpmourio\/wp-content\/uploads\/2015\/01\/gilraen15-300x199.jpg 300w, https:\/\/www.mourioche.de\/wpmourio\/wp-content\/uploads\/2015\/01\/gilraen15-150x99.jpg 150w, https:\/\/www.mourioche.de\/wpmourio\/wp-content\/uploads\/2015\/01\/gilraen15-400x266.jpg 400w, https:\/\/www.mourioche.de\/wpmourio\/wp-content\/uploads\/2015\/01\/gilraen15.jpg 800w\" sizes=\"auto, (max-width: 300px) 100vw, 300px\" \/>\u00a0<\/a>etzt schon zu schnell f\u00fcr die Kamera<a href=\"https:\/\/www.mourioche.de\/wpmourio\/wp-content\/uploads\/2015\/01\/gilraen24.jpg\"><img loading=\"lazy\" decoding=\"async\" class=\"aligncenter size-medium wp-image-7633\" src=\"https:\/\/www.mourioche.de\/wpmourio\/wp-content\/uploads\/2015\/01\/gilraen24-300x199.jpg\" alt=\"gilraen2\" width=\"300\" height=\"199\" srcset=\"https:\/\/www.mourioche.de\/wpmourio\/wp-content\/uploads\/2015\/01\/gilraen24-300x199.jpg 300w, https:\/\/www.mourioche.de\/wpmourio\/wp-content\/uploads\/2015\/01\/gilraen24-150x99.jpg 150w, https:\/\/www.mourioche.de\/wpmourio\/wp-content\/uploads\/2015\/01\/gilraen24-400x266.jpg 400w, https:\/\/www.mourioche.de\/wpmourio\/wp-content\/uploads\/2015\/01\/gilraen24.jpg 800w\" sizes=\"auto, (max-width: 300px) 100vw, 300px\" \/><\/a>oh, danke!<a href=\"https:\/\/www.mourioche.de\/wpmourio\/wp-content\/uploads\/2015\/01\/gilraen33.jpg\"><img loading=\"lazy\" decoding=\"async\" class=\"aligncenter size-medium wp-image-7634\" src=\"https:\/\/www.mourioche.de\/wpmourio\/wp-content\/uploads\/2015\/01\/gilraen33-224x300.jpg\" alt=\"gilraen3\" width=\"224\" height=\"300\" srcset=\"https:\/\/www.mourioche.de\/wpmourio\/wp-content\/uploads\/2015\/01\/gilraen33-224x300.jpg 224w, https:\/\/www.mourioche.de\/wpmourio\/wp-content\/uploads\/2015\/01\/gilraen33-764x1024.jpg 764w, https:\/\/www.mourioche.de\/wpmourio\/wp-content\/uploads\/2015\/01\/gilraen33-112x150.jpg 112w, https:\/\/www.mourioche.de\/wpmourio\/wp-content\/uploads\/2015\/01\/gilraen33-400x535.jpg 400w, https:\/\/www.mourioche.de\/wpmourio\/wp-content\/uploads\/2015\/01\/gilraen33.jpg 800w\" sizes=\"auto, (max-width: 224px) 100vw, 224px\" \/><\/a>so kann man gut fotografieren!<a href=\"https:\/\/www.mourioche.de\/wpmourio\/wp-content\/uploads\/2015\/01\/phi13.jpg\"><img loading=\"lazy\" decoding=\"async\" class=\"aligncenter size-medium wp-image-7635\" src=\"https:\/\/www.mourioche.de\/wpmourio\/wp-content\/uploads\/2015\/01\/phi13-200x300.jpg\" alt=\"phi1\" width=\"200\" height=\"300\" srcset=\"https:\/\/www.mourioche.de\/wpmourio\/wp-content\/uploads\/2015\/01\/phi13-200x300.jpg 200w, https:\/\/www.mourioche.de\/wpmourio\/wp-content\/uploads\/2015\/01\/phi13-682x1024.jpg 682w, https:\/\/www.mourioche.de\/wpmourio\/wp-content\/uploads\/2015\/01\/phi13-100x150.jpg 100w, https:\/\/www.mourioche.de\/wpmourio\/wp-content\/uploads\/2015\/01\/phi13-400x600.jpg 400w, https:\/\/www.mourioche.de\/wpmourio\/wp-content\/uploads\/2015\/01\/phi13.jpg 800w\" sizes=\"auto, (max-width: 200px) 100vw, 200px\" \/><\/a>hallo Welpen, wir m\u00fcssen nach Hause!<a href=\"https:\/\/www.mourioche.de\/wpmourio\/wp-content\/uploads\/2015\/01\/phi21.jpg\"><img loading=\"lazy\" decoding=\"async\" class=\"aligncenter size-medium wp-image-7636\" src=\"https:\/\/www.mourioche.de\/wpmourio\/wp-content\/uploads\/2015\/01\/phi21-200x300.jpg\" alt=\"phi2\" width=\"200\" height=\"300\" srcset=\"https:\/\/www.mourioche.de\/wpmourio\/wp-content\/uploads\/2015\/01\/phi21-200x300.jpg 200w, https:\/\/www.mourioche.de\/wpmourio\/wp-content\/uploads\/2015\/01\/phi21-682x1024.jpg 682w, https:\/\/www.mourioche.de\/wpmourio\/wp-content\/uploads\/2015\/01\/phi21-100x150.jpg 100w, https:\/\/www.mourioche.de\/wpmourio\/wp-content\/uploads\/2015\/01\/phi21-400x600.jpg 400w, https:\/\/www.mourioche.de\/wpmourio\/wp-content\/uploads\/2015\/01\/phi21.jpg 800w\" sizes=\"auto, (max-width: 200px) 100vw, 200px\" \/><\/a>kommt fein brav mit!<a href=\"https:\/\/www.mourioche.de\/wpmourio\/wp-content\/uploads\/2015\/01\/zurueck1.jpg\"><img loading=\"lazy\" decoding=\"async\" class=\"aligncenter size-medium wp-image-7637\" src=\"https:\/\/www.mourioche.de\/wpmourio\/wp-content\/uploads\/2015\/01\/zurueck1-258x300.jpg\" alt=\"zurueck1\" width=\"258\" height=\"300\" srcset=\"https:\/\/www.mourioche.de\/wpmourio\/wp-content\/uploads\/2015\/01\/zurueck1-258x300.jpg 258w, https:\/\/www.mourioche.de\/wpmourio\/wp-content\/uploads\/2015\/01\/zurueck1-129x150.jpg 129w, https:\/\/www.mourioche.de\/wpmourio\/wp-content\/uploads\/2015\/01\/zurueck1-400x463.jpg 400w, https:\/\/www.mourioche.de\/wpmourio\/wp-content\/uploads\/2015\/01\/zurueck1.jpg 800w\" sizes=\"auto, (max-width: 258px) 100vw, 258px\" \/><\/a>\u00a0Philine &#8211; erst die Welpen in die Box, dann die T\u00fcr schlie\u00dfen. Nicht umgekehrt! \ud83d\ude09<\/p>\n<p><iframe loading=\"lazy\" src=\"\/\/www.youtube.com\/embed\/01tgUWF-VP4?feature=player_detailpage\" width=\"640\" height=\"360\" frameborder=\"0\" allowfullscreen=\"allowfullscreen\"><\/iframe><\/p>\n","protected":false},"excerpt":{"rendered":"<p>25.01.2015 sieht ganz anders aus hier drau\u00dfen!Galadriel hat das Herz am rechten Fleck \ud83d\ude09immer sch\u00f6n die F\u00fc\u00dfe hoch heben!f\u00fchlt sich seltsam an. So kalt und nass&#8230;KuschelrundeNanu?das ist ja ein tolles Ding!guck mal! so kann man\u00b4s aushalten&#8230;so rum geht\u00b4s nicht!und wo ist jetzt das V\u00f6gelchen? \u00a0als die Welpen anfingen, das Skateboard zu erkunden, kamen wir auf &hellip; <a href=\"https:\/\/www.mourioche.de\/?page_id=7624\" class=\"more-link\"><span class=\"screen-reader-text\">Das Da G-Wurf 6. Woche<\/span> weiterlesen <span class=\"meta-nav\">&rarr;<\/span><\/a><\/p>\n","protected":false},"author":2,"featured_media":0,"parent":7405,"menu_order":2126,"comment_status":"open","ping_status":"open","template":"","meta":{"footnotes":""},"class_list":["post-7624","page","type-page","status-publish","hentry"],"_links":{"self":[{"href":"https:\/\/www.mourioche.de\/index.php?rest_route=\/wp\/v2\/pages\/7624","targetHints":{"allow":["GET"]}}],"collection":[{"href":"https:\/\/www.mourioche.de\/index.php?rest_route=\/wp\/v2\/pages"}],"about":[{"href":"https:\/\/www.mourioche.de\/index.php?rest_route=\/wp\/v2\/types\/page"}],"author":[{"embeddable":true,"href":"https:\/\/www.mourioche.de\/index.php?rest_route=\/wp\/v2\/users\/2"}],"replies":[{"embeddable":true,"href":"https:\/\/www.mourioche.de\/index.php?rest_route=%2Fwp%2Fv2%2Fcomments&post=7624"}],"version-history":[{"count":5,"href":"https:\/\/www.mourioche.de\/index.php?rest_route=\/wp\/v2\/pages\/7624\/revisions"}],"predecessor-version":[{"id":7659,"href":"https:\/\/www.mourioche.de\/index.php?rest_route=\/wp\/v2\/pages\/7624\/revisions\/7659"}],"up":[{"embeddable":true,"href":"https:\/\/www.mourioche.de\/index.php?rest_route=\/wp\/v2\/pages\/7405"}],"wp:attachment":[{"href":"https:\/\/www.mourioche.de\/index.php?rest_route=%2Fwp%2Fv2%2Fmedia&parent=7624"}],"curies":[{"name":"wp","href":"https:\/\/api.w.org\/{rel}","templated":true}]}}