{"id":7856,"date":"2015-03-21T22:57:12","date_gmt":"2015-03-21T20:57:12","guid":{"rendered":"http:\/\/www.mourioche.de\/?page_id=7856"},"modified":"2018-09-17T21:50:30","modified_gmt":"2018-09-17T19:50:30","slug":"jules-welpen","status":"publish","type":"page","link":"https:\/\/www.mourioche.de\/?page_id=7856","title":{"rendered":"Jules Welpen"},"content":{"rendered":"<p>Alles \u00fcber die Zeit, die wir mit Jules\u00a0Berger des Pyr\u00e9n\u00e9es-Welpen verbracht haben, findet man hier:<\/p>\n<p>H-Wurf: <a href=\"https:\/\/www.mourioche.de\/?page_id=7844\">D\u00e1in du Mourioche &#8222;Dju-Dju&#8220; x Mon Gentil Ami Jule &#8211; *20.03.2015<\/a><\/p>\n<p>L-Wurf: <a href=\"https:\/\/www.mourioche.de\/?page_id=9806\">Cirion du Mourioche &#8222;Sammy&#8220; x Mon Gentil Ami Jule &#8211; *30.05.2017<\/a><\/p>\n<p>O-Wurf: <a href=\"https:\/\/www.mourioche.de\/?page_id=10359\">Chagall von den Wurzelzwergen &#8222;Chaggy&#8220; x Mon Gentil Ami Jule &#8211; *15.09.2018<\/a><\/p>\n","protected":false},"excerpt":{"rendered":"<p>Alles \u00fcber die Zeit, die wir mit Jules\u00a0Berger des Pyr\u00e9n\u00e9es-Welpen verbracht haben, findet man hier: H-Wurf: D\u00e1in du Mourioche &#8222;Dju-Dju&#8220; x Mon Gentil Ami Jule &#8211; *20.03.2015 L-Wurf: Cirion du Mourioche &#8222;Sammy&#8220; x Mon Gentil Ami Jule &#8211; *30.05.2017 O-Wurf: Chagall von den Wurzelzwergen &#8222;Chaggy&#8220; x Mon Gentil Ami Jule &#8211; *15.09.2018<\/p>\n","protected":false},"author":2,"featured_media":0,"parent":0,"menu_order":2201,"comment_status":"open","ping_status":"open","template":"","meta":{"footnotes":""},"class_list":["post-7856","page","type-page","status-publish","hentry"],"_links":{"self":[{"href":"https:\/\/www.mourioche.de\/index.php?rest_route=\/wp\/v2\/pages\/7856","targetHints":{"allow":["GET"]}}],"collection":[{"href":"https:\/\/www.mourioche.de\/index.php?rest_route=\/wp\/v2\/pages"}],"about":[{"href":"https:\/\/www.mourioche.de\/index.php?rest_route=\/wp\/v2\/types\/page"}],"author":[{"embeddable":true,"href":"https:\/\/www.mourioche.de\/index.php?rest_route=\/wp\/v2\/users\/2"}],"replies":[{"embeddable":true,"href":"https:\/\/www.mourioche.de\/index.php?rest_route=%2Fwp%2Fv2%2Fcomments&post=7856"}],"version-history":[{"count":5,"href":"https:\/\/www.mourioche.de\/index.php?rest_route=\/wp\/v2\/pages\/7856\/revisions"}],"predecessor-version":[{"id":10371,"href":"https:\/\/www.mourioche.de\/index.php?rest_route=\/wp\/v2\/pages\/7856\/revisions\/10371"}],"wp:attachment":[{"href":"https:\/\/www.mourioche.de\/index.php?rest_route=%2Fwp%2Fv2%2Fmedia&parent=7856"}],"curies":[{"name":"wp","href":"https:\/\/api.w.org\/{rel}","templated":true}]}}