{"id":7907,"date":"2015-03-27T18:30:59","date_gmt":"2015-03-27T16:30:59","guid":{"rendered":"http:\/\/www.mourioche.de\/?page_id=7907"},"modified":"2015-03-29T14:52:20","modified_gmt":"2015-03-29T12:52:20","slug":"jules-h-wurf-2-woche","status":"publish","type":"page","link":"https:\/\/www.mourioche.de\/?page_id=7907","title":{"rendered":"Jules H-Wurf 2. Woche"},"content":{"rendered":"<p style=\"text-align: center;\"><strong>29.03.2015<\/strong><\/p>\n<p style=\"text-align: center;\"><a href=\"https:\/\/www.mourioche.de\/wpmourio\/wp-content\/uploads\/2015\/03\/alle12.jpg\"><img loading=\"lazy\" decoding=\"async\" class=\"alignnone size-medium wp-image-7921\" src=\"https:\/\/www.mourioche.de\/wpmourio\/wp-content\/uploads\/2015\/03\/alle12-300x199.jpg\" alt=\"alle1\" width=\"300\" height=\"199\" srcset=\"https:\/\/www.mourioche.de\/wpmourio\/wp-content\/uploads\/2015\/03\/alle12-300x199.jpg 300w, https:\/\/www.mourioche.de\/wpmourio\/wp-content\/uploads\/2015\/03\/alle12-150x99.jpg 150w, https:\/\/www.mourioche.de\/wpmourio\/wp-content\/uploads\/2015\/03\/alle12-400x266.jpg 400w, https:\/\/www.mourioche.de\/wpmourio\/wp-content\/uploads\/2015\/03\/alle12.jpg 800w\" sizes=\"auto, (max-width: 300px) 100vw, 300px\" \/><\/a> <a href=\"https:\/\/www.mourioche.de\/wpmourio\/wp-content\/uploads\/2015\/03\/gestromt11.jpg\"><img loading=\"lazy\" decoding=\"async\" class=\"alignnone size-medium wp-image-7923\" src=\"https:\/\/www.mourioche.de\/wpmourio\/wp-content\/uploads\/2015\/03\/gestromt11-300x223.jpg\" alt=\"gestromt1\" width=\"300\" height=\"223\" srcset=\"https:\/\/www.mourioche.de\/wpmourio\/wp-content\/uploads\/2015\/03\/gestromt11-300x223.jpg 300w, https:\/\/www.mourioche.de\/wpmourio\/wp-content\/uploads\/2015\/03\/gestromt11-150x111.jpg 150w, https:\/\/www.mourioche.de\/wpmourio\/wp-content\/uploads\/2015\/03\/gestromt11-400x298.jpg 400w, https:\/\/www.mourioche.de\/wpmourio\/wp-content\/uploads\/2015\/03\/gestromt11.jpg 800w\" sizes=\"auto, (max-width: 300px) 100vw, 300px\" \/><\/a> <a href=\"https:\/\/www.mourioche.de\/wpmourio\/wp-content\/uploads\/2015\/03\/Hollin1.jpg\"><img loading=\"lazy\" decoding=\"async\" class=\"alignnone size-medium wp-image-7924\" src=\"https:\/\/www.mourioche.de\/wpmourio\/wp-content\/uploads\/2015\/03\/Hollin1-300x262.jpg\" alt=\"Hollin1\" width=\"300\" height=\"262\" srcset=\"https:\/\/www.mourioche.de\/wpmourio\/wp-content\/uploads\/2015\/03\/Hollin1-300x262.jpg 300w, https:\/\/www.mourioche.de\/wpmourio\/wp-content\/uploads\/2015\/03\/Hollin1-150x131.jpg 150w, https:\/\/www.mourioche.de\/wpmourio\/wp-content\/uploads\/2015\/03\/Hollin1-400x350.jpg 400w, https:\/\/www.mourioche.de\/wpmourio\/wp-content\/uploads\/2015\/03\/Hollin1.jpg 800w\" sizes=\"auto, (max-width: 300px) 100vw, 300px\" \/><\/a> <a href=\"https:\/\/www.mourioche.de\/wpmourio\/wp-content\/uploads\/2015\/03\/schwarz11.jpg\"><img loading=\"lazy\" decoding=\"async\" class=\"alignnone size-medium wp-image-7925\" src=\"https:\/\/www.mourioche.de\/wpmourio\/wp-content\/uploads\/2015\/03\/schwarz11-300x283.jpg\" alt=\"schwarz1\" width=\"300\" height=\"283\" srcset=\"https:\/\/www.mourioche.de\/wpmourio\/wp-content\/uploads\/2015\/03\/schwarz11-300x283.jpg 300w, https:\/\/www.mourioche.de\/wpmourio\/wp-content\/uploads\/2015\/03\/schwarz11-150x141.jpg 150w, https:\/\/www.mourioche.de\/wpmourio\/wp-content\/uploads\/2015\/03\/schwarz11-400x378.jpg 400w, https:\/\/www.mourioche.de\/wpmourio\/wp-content\/uploads\/2015\/03\/schwarz11.jpg 800w\" sizes=\"auto, (max-width: 300px) 100vw, 300px\" \/><\/a> <a href=\"https:\/\/www.mourioche.de\/wpmourio\/wp-content\/uploads\/2015\/03\/schwarz2.jpg\"><img loading=\"lazy\" decoding=\"async\" class=\"alignnone size-medium wp-image-7926\" src=\"https:\/\/www.mourioche.de\/wpmourio\/wp-content\/uploads\/2015\/03\/schwarz2-300x253.jpg\" alt=\"schwarz2\" width=\"300\" height=\"253\" srcset=\"https:\/\/www.mourioche.de\/wpmourio\/wp-content\/uploads\/2015\/03\/schwarz2-300x253.jpg 300w, https:\/\/www.mourioche.de\/wpmourio\/wp-content\/uploads\/2015\/03\/schwarz2-150x126.jpg 150w, https:\/\/www.mourioche.de\/wpmourio\/wp-content\/uploads\/2015\/03\/schwarz2-400x338.jpg 400w, https:\/\/www.mourioche.de\/wpmourio\/wp-content\/uploads\/2015\/03\/schwarz2.jpg 800w\" sizes=\"auto, (max-width: 300px) 100vw, 300px\" \/><\/a> <a href=\"https:\/\/www.mourioche.de\/wpmourio\/wp-content\/uploads\/2015\/03\/schwarz3.jpg\"><img loading=\"lazy\" decoding=\"async\" class=\"alignnone size-medium wp-image-7927\" src=\"https:\/\/www.mourioche.de\/wpmourio\/wp-content\/uploads\/2015\/03\/schwarz3-300x199.jpg\" alt=\"schwarz3\" width=\"300\" height=\"199\" srcset=\"https:\/\/www.mourioche.de\/wpmourio\/wp-content\/uploads\/2015\/03\/schwarz3-300x199.jpg 300w, https:\/\/www.mourioche.de\/wpmourio\/wp-content\/uploads\/2015\/03\/schwarz3-150x99.jpg 150w, https:\/\/www.mourioche.de\/wpmourio\/wp-content\/uploads\/2015\/03\/schwarz3-400x266.jpg 400w, https:\/\/www.mourioche.de\/wpmourio\/wp-content\/uploads\/2015\/03\/schwarz3.jpg 800w\" sizes=\"auto, (max-width: 300px) 100vw, 300px\" \/><\/a><\/p>\n<p style=\"text-align: center;\"><strong>27.03.2015<\/strong><\/p>\n<p style=\"text-align: center;\">innige Momente der Ruhe &#8211; anschauen und genie\u00dfen!<\/p>\n<p style=\"text-align: center;\"><a href=\"https:\/\/www.mourioche.de\/wpmourio\/wp-content\/uploads\/2015\/03\/moment1.jpg\"><img loading=\"lazy\" decoding=\"async\" class=\"alignnone size-medium wp-image-7908\" src=\"https:\/\/www.mourioche.de\/wpmourio\/wp-content\/uploads\/2015\/03\/moment1-300x199.jpg\" alt=\"moment1\" width=\"300\" height=\"199\" srcset=\"https:\/\/www.mourioche.de\/wpmourio\/wp-content\/uploads\/2015\/03\/moment1-300x199.jpg 300w, https:\/\/www.mourioche.de\/wpmourio\/wp-content\/uploads\/2015\/03\/moment1-150x99.jpg 150w, https:\/\/www.mourioche.de\/wpmourio\/wp-content\/uploads\/2015\/03\/moment1-400x266.jpg 400w, https:\/\/www.mourioche.de\/wpmourio\/wp-content\/uploads\/2015\/03\/moment1.jpg 800w\" sizes=\"auto, (max-width: 300px) 100vw, 300px\" \/><\/a> <a href=\"https:\/\/www.mourioche.de\/wpmourio\/wp-content\/uploads\/2015\/03\/moment2.jpg\"><img loading=\"lazy\" decoding=\"async\" class=\"alignnone size-medium wp-image-7909\" src=\"https:\/\/www.mourioche.de\/wpmourio\/wp-content\/uploads\/2015\/03\/moment2-300x171.jpg\" alt=\"moment2\" width=\"300\" height=\"171\" srcset=\"https:\/\/www.mourioche.de\/wpmourio\/wp-content\/uploads\/2015\/03\/moment2-300x171.jpg 300w, https:\/\/www.mourioche.de\/wpmourio\/wp-content\/uploads\/2015\/03\/moment2-150x85.jpg 150w, https:\/\/www.mourioche.de\/wpmourio\/wp-content\/uploads\/2015\/03\/moment2-400x228.jpg 400w, https:\/\/www.mourioche.de\/wpmourio\/wp-content\/uploads\/2015\/03\/moment2.jpg 800w\" sizes=\"auto, (max-width: 300px) 100vw, 300px\" \/><\/a> <a href=\"https:\/\/www.mourioche.de\/wpmourio\/wp-content\/uploads\/2015\/03\/moment3.jpg\"><img loading=\"lazy\" decoding=\"async\" class=\"alignnone size-medium wp-image-7910\" src=\"https:\/\/www.mourioche.de\/wpmourio\/wp-content\/uploads\/2015\/03\/moment3-300x199.jpg\" alt=\"moment3\" width=\"300\" height=\"199\" srcset=\"https:\/\/www.mourioche.de\/wpmourio\/wp-content\/uploads\/2015\/03\/moment3-300x199.jpg 300w, https:\/\/www.mourioche.de\/wpmourio\/wp-content\/uploads\/2015\/03\/moment3-150x99.jpg 150w, https:\/\/www.mourioche.de\/wpmourio\/wp-content\/uploads\/2015\/03\/moment3-400x266.jpg 400w, https:\/\/www.mourioche.de\/wpmourio\/wp-content\/uploads\/2015\/03\/moment3.jpg 800w\" sizes=\"auto, (max-width: 300px) 100vw, 300px\" \/><\/a> <a href=\"https:\/\/www.mourioche.de\/wpmourio\/wp-content\/uploads\/2015\/03\/moment4.jpg\"><img loading=\"lazy\" decoding=\"async\" class=\"alignnone size-medium wp-image-7911\" src=\"https:\/\/www.mourioche.de\/wpmourio\/wp-content\/uploads\/2015\/03\/moment4-300x271.jpg\" alt=\"moment4\" width=\"300\" height=\"271\" srcset=\"https:\/\/www.mourioche.de\/wpmourio\/wp-content\/uploads\/2015\/03\/moment4-300x271.jpg 300w, https:\/\/www.mourioche.de\/wpmourio\/wp-content\/uploads\/2015\/03\/moment4-150x135.jpg 150w, https:\/\/www.mourioche.de\/wpmourio\/wp-content\/uploads\/2015\/03\/moment4-400x362.jpg 400w, https:\/\/www.mourioche.de\/wpmourio\/wp-content\/uploads\/2015\/03\/moment4.jpg 800w\" sizes=\"auto, (max-width: 300px) 100vw, 300px\" \/><\/a> <a href=\"https:\/\/www.mourioche.de\/wpmourio\/wp-content\/uploads\/2015\/03\/moment5.jpg\"><img loading=\"lazy\" decoding=\"async\" class=\"alignnone size-medium wp-image-7912\" src=\"https:\/\/www.mourioche.de\/wpmourio\/wp-content\/uploads\/2015\/03\/moment5-300x246.jpg\" alt=\"moment5\" width=\"300\" height=\"246\" srcset=\"https:\/\/www.mourioche.de\/wpmourio\/wp-content\/uploads\/2015\/03\/moment5-300x246.jpg 300w, https:\/\/www.mourioche.de\/wpmourio\/wp-content\/uploads\/2015\/03\/moment5-150x123.jpg 150w, https:\/\/www.mourioche.de\/wpmourio\/wp-content\/uploads\/2015\/03\/moment5-400x328.jpg 400w, https:\/\/www.mourioche.de\/wpmourio\/wp-content\/uploads\/2015\/03\/moment5.jpg 800w\" sizes=\"auto, (max-width: 300px) 100vw, 300px\" \/><\/a> <a href=\"https:\/\/www.mourioche.de\/wpmourio\/wp-content\/uploads\/2015\/03\/moment6.jpg\"><img loading=\"lazy\" decoding=\"async\" class=\"alignnone size-medium wp-image-7913\" src=\"https:\/\/www.mourioche.de\/wpmourio\/wp-content\/uploads\/2015\/03\/moment6-300x199.jpg\" alt=\"moment6\" width=\"300\" height=\"199\" srcset=\"https:\/\/www.mourioche.de\/wpmourio\/wp-content\/uploads\/2015\/03\/moment6-300x199.jpg 300w, https:\/\/www.mourioche.de\/wpmourio\/wp-content\/uploads\/2015\/03\/moment6-150x99.jpg 150w, https:\/\/www.mourioche.de\/wpmourio\/wp-content\/uploads\/2015\/03\/moment6-400x266.jpg 400w, https:\/\/www.mourioche.de\/wpmourio\/wp-content\/uploads\/2015\/03\/moment6.jpg 800w\" sizes=\"auto, (max-width: 300px) 100vw, 300px\" \/><\/a> <a href=\"https:\/\/www.mourioche.de\/wpmourio\/wp-content\/uploads\/2015\/03\/trink1.jpg\"><img loading=\"lazy\" decoding=\"async\" class=\"alignnone size-medium wp-image-7914\" src=\"https:\/\/www.mourioche.de\/wpmourio\/wp-content\/uploads\/2015\/03\/trink1-300x199.jpg\" alt=\"trink1\" width=\"300\" height=\"199\" srcset=\"https:\/\/www.mourioche.de\/wpmourio\/wp-content\/uploads\/2015\/03\/trink1-300x199.jpg 300w, https:\/\/www.mourioche.de\/wpmourio\/wp-content\/uploads\/2015\/03\/trink1-150x99.jpg 150w, https:\/\/www.mourioche.de\/wpmourio\/wp-content\/uploads\/2015\/03\/trink1-400x266.jpg 400w, https:\/\/www.mourioche.de\/wpmourio\/wp-content\/uploads\/2015\/03\/trink1.jpg 800w\" sizes=\"auto, (max-width: 300px) 100vw, 300px\" \/><\/a> <a href=\"https:\/\/www.mourioche.de\/wpmourio\/wp-content\/uploads\/2015\/03\/trink2.jpg\"><img loading=\"lazy\" decoding=\"async\" class=\"alignnone size-medium wp-image-7915\" src=\"https:\/\/www.mourioche.de\/wpmourio\/wp-content\/uploads\/2015\/03\/trink2-300x199.jpg\" alt=\"trink2\" width=\"300\" height=\"199\" srcset=\"https:\/\/www.mourioche.de\/wpmourio\/wp-content\/uploads\/2015\/03\/trink2-300x199.jpg 300w, https:\/\/www.mourioche.de\/wpmourio\/wp-content\/uploads\/2015\/03\/trink2-150x99.jpg 150w, https:\/\/www.mourioche.de\/wpmourio\/wp-content\/uploads\/2015\/03\/trink2-400x266.jpg 400w, https:\/\/www.mourioche.de\/wpmourio\/wp-content\/uploads\/2015\/03\/trink2.jpg 800w\" sizes=\"auto, (max-width: 300px) 100vw, 300px\" \/><\/a><\/p>\n<p>F\u00fcr einen R\u00fcden suchen wir noch ein passendes Zuhause!<\/p>\n<p>One male is still available!<\/p>\n","protected":false},"excerpt":{"rendered":"<p>29.03.2015 27.03.2015 innige Momente der Ruhe &#8211; anschauen und genie\u00dfen! F\u00fcr einen R\u00fcden suchen wir noch ein passendes Zuhause! One male is still available!<\/p>\n","protected":false},"author":2,"featured_media":0,"parent":7844,"menu_order":2212,"comment_status":"open","ping_status":"open","template":"","meta":{"footnotes":""},"class_list":["post-7907","page","type-page","status-publish","hentry"],"_links":{"self":[{"href":"https:\/\/www.mourioche.de\/index.php?rest_route=\/wp\/v2\/pages\/7907","targetHints":{"allow":["GET"]}}],"collection":[{"href":"https:\/\/www.mourioche.de\/index.php?rest_route=\/wp\/v2\/pages"}],"about":[{"href":"https:\/\/www.mourioche.de\/index.php?rest_route=\/wp\/v2\/types\/page"}],"author":[{"embeddable":true,"href":"https:\/\/www.mourioche.de\/index.php?rest_route=\/wp\/v2\/users\/2"}],"replies":[{"embeddable":true,"href":"https:\/\/www.mourioche.de\/index.php?rest_route=%2Fwp%2Fv2%2Fcomments&post=7907"}],"version-history":[{"count":5,"href":"https:\/\/www.mourioche.de\/index.php?rest_route=\/wp\/v2\/pages\/7907\/revisions"}],"predecessor-version":[{"id":7928,"href":"https:\/\/www.mourioche.de\/index.php?rest_route=\/wp\/v2\/pages\/7907\/revisions\/7928"}],"up":[{"embeddable":true,"href":"https:\/\/www.mourioche.de\/index.php?rest_route=\/wp\/v2\/pages\/7844"}],"wp:attachment":[{"href":"https:\/\/www.mourioche.de\/index.php?rest_route=%2Fwp%2Fv2%2Fmedia&parent=7907"}],"curies":[{"name":"wp","href":"https:\/\/api.w.org\/{rel}","templated":true}]}}